{"id":875,"date":"2019-12-21T12:04:25","date_gmt":"2019-12-21T11:04:25","guid":{"rendered":"http:\/\/www.kampfsport-dagersheim.de\/KSD\/?page_id=875"},"modified":"2026-04-06T15:01:47","modified_gmt":"2026-04-06T13:01:47","slug":"lehrgaenge-ju-jitsu-ju-jutsu-kobudo-kickboxen","status":"publish","type":"page","link":"https:\/\/www.kampfsport-dagersheim.de\/?page_id=875","title":{"rendered":"Lehrg\u00e4nge Ju Jitsu &#8211; Ju Jutsu &#8211; Kobudo &#8211; Kickboxen"},"content":{"rendered":"\t\t<div data-elementor-type=\"wp-page\" data-elementor-id=\"875\" class=\"elementor elementor-875\">\n\t\t\t\t\t\t<section class=\"elementor-section elementor-top-section elementor-element elementor-element-ed68ad8 elementor-section-boxed elementor-section-height-default elementor-section-height-default\" data-id=\"ed68ad8\" data-element_type=\"section\" data-e-type=\"section\">\n\t\t\t\t\t\t<div class=\"elementor-container elementor-column-gap-default\">\n\t\t\t\t\t<div class=\"elementor-column elementor-col-20 elementor-top-column elementor-element elementor-element-97270c2\" data-id=\"97270c2\" data-element_type=\"column\" data-e-type=\"column\">\n\t\t\t<div class=\"elementor-widget-wrap elementor-element-populated\">\n\t\t\t\t\t\t<div class=\"elementor-element elementor-element-1b2af0c elementor-widget__width-initial elementor-widget elementor-widget-text-editor\" data-id=\"1b2af0c\" data-element_type=\"widget\" data-e-type=\"widget\" data-widget_type=\"text-editor.default\">\n\t\t\t\t<div class=\"elementor-widget-container\">\n\t\t\t\t\t\t\t\t\t<p style=\"text-align: center;\">Sa, 18. April 2026<br \/>Dagersheimer Kampfsport-Lehrgang<br \/>Ju Jitsu &#8211; Hanbo Jitsu &#8211; Kobudo<br \/>mit Hanshi Matthias Weiss, <br \/>Hanshi Istv\u00e1n M\u00e9z\u00e1ros und <br \/>Renshi Cedric Weiss<br \/><strong style=\"font-size: 1rem;\"><br \/>\u00a0\u00a0<\/strong><a style=\"background-color: #ffffff; font-size: 1rem;\" href=\"https:\/\/www.kampfsport-dagersheim.de\/Download\/2026-04-18 Lehrgang Dagersheim 2026.pdf\" target=\"_blank\" rel=\"noopener\" data-wplink-url-error=\"true\"><span style=\"color: #800000;\">Ausschreibung und Infos<\/span><\/a><\/p>\t\t\t\t\t\t\t\t<\/div>\n\t\t\t\t<\/div>\n\t\t\t\t<div class=\"elementor-element elementor-element-ccf9702 elementor-widget-divider--view-line elementor-widget elementor-widget-divider\" data-id=\"ccf9702\" data-element_type=\"widget\" data-e-type=\"widget\" data-widget_type=\"divider.default\">\n\t\t\t\t<div class=\"elementor-widget-container\">\n\t\t\t\t\t\t\t<div class=\"elementor-divider\">\n\t\t\t<span class=\"elementor-divider-separator\">\n\t\t\t\t\t\t<\/span>\n\t\t<\/div>\n\t\t\t\t\t\t<\/div>\n\t\t\t\t<\/div>\n\t\t\t\t<div class=\"elementor-element elementor-element-8c27643 elementor-widget elementor-widget-image\" data-id=\"8c27643\" data-element_type=\"widget\" data-e-type=\"widget\" data-widget_type=\"image.default\">\n\t\t\t\t<div class=\"elementor-widget-container\">\n\t\t\t\t\t\t\t\t\t\t\t\t\t\t\t\t<a href=\"https:\/\/www.kampfsport-dagersheim.de\/Download\/2026-04-18%20Lehrgang%20Dagersheim%202026.pdf\" target=\"_blank\">\n\t\t\t\t\t\t\t<img fetchpriority=\"high\" decoding=\"async\" width=\"729\" height=\"1024\" src=\"https:\/\/www.kampfsport-dagersheim.de\/wp-content\/uploads\/2025\/12\/2026-04-18-Lehrgang-Dagersheim-2026-729x1024.jpg\" class=\"attachment-large size-large wp-image-4920\" alt=\"\" srcset=\"https:\/\/www.kampfsport-dagersheim.de\/wp-content\/uploads\/2025\/12\/2026-04-18-Lehrgang-Dagersheim-2026-729x1024.jpg 729w, https:\/\/www.kampfsport-dagersheim.de\/wp-content\/uploads\/2025\/12\/2026-04-18-Lehrgang-Dagersheim-2026-214x300.jpg 214w, https:\/\/www.kampfsport-dagersheim.de\/wp-content\/uploads\/2025\/12\/2026-04-18-Lehrgang-Dagersheim-2026.jpg 756w\" sizes=\"100vw\" \/>\t\t\t\t\t\t\t\t<\/a>\n\t\t\t\t\t\t\t\t\t\t\t\t\t\t\t<\/div>\n\t\t\t\t<\/div>\n\t\t\t\t\t<\/div>\n\t\t<\/div>\n\t\t\t\t<div class=\"elementor-column elementor-col-20 elementor-top-column elementor-element elementor-element-8e969e7\" data-id=\"8e969e7\" data-element_type=\"column\" data-e-type=\"column\">\n\t\t\t<div class=\"elementor-widget-wrap\">\n\t\t\t\t\t\t\t<\/div>\n\t\t<\/div>\n\t\t\t\t<div class=\"elementor-column elementor-col-20 elementor-top-column elementor-element elementor-element-8e2225a\" data-id=\"8e2225a\" data-element_type=\"column\" data-e-type=\"column\">\n\t\t\t<div class=\"elementor-widget-wrap elementor-element-populated\">\n\t\t\t\t\t\t<div class=\"elementor-element elementor-element-d278077 elementor-widget__width-initial elementor-widget elementor-widget-text-editor\" data-id=\"d278077\" data-element_type=\"widget\" data-e-type=\"widget\" data-widget_type=\"text-editor.default\">\n\t\t\t\t<div class=\"elementor-widget-container\">\n\t\t\t\t\t\t\t\t\t<p style=\"text-align: center;\">Sa, 25. Mai 2026<br \/>Ju-Jutsu Dan-Vorbereitungs-Lehrgang<br \/>mit Danimir Cerkez<br \/>in Stuttgart \/ Rohr<br \/><br \/><\/p><p style=\"text-align: center;\"><strong style=\"font-size: 1rem;\"><br \/>\u00a0\u00a0<\/strong><a style=\"background-color: #ffffff; font-size: 1rem;\" href=\"https:\/\/www.kampfsport-dagersheim.de\/Download\/Ju-Jutsu_DAN Vorberietungs-Lehrgang_25-04-2026.pdf\" target=\"_blank\" rel=\"noopener\" data-wplink-url-error=\"true\"><span style=\"color: #800000;\">Ausschreibung und Infos<\/span><\/a><\/p>\t\t\t\t\t\t\t\t<\/div>\n\t\t\t\t<\/div>\n\t\t\t\t<div class=\"elementor-element elementor-element-def50dc elementor-widget-divider--view-line elementor-widget elementor-widget-divider\" data-id=\"def50dc\" data-element_type=\"widget\" data-e-type=\"widget\" data-widget_type=\"divider.default\">\n\t\t\t\t<div class=\"elementor-widget-container\">\n\t\t\t\t\t\t\t<div class=\"elementor-divider\">\n\t\t\t<span class=\"elementor-divider-separator\">\n\t\t\t\t\t\t<\/span>\n\t\t<\/div>\n\t\t\t\t\t\t<\/div>\n\t\t\t\t<\/div>\n\t\t\t\t<div class=\"elementor-element elementor-element-a7e4aae elementor-widget elementor-widget-image\" data-id=\"a7e4aae\" data-element_type=\"widget\" data-e-type=\"widget\" data-widget_type=\"image.default\">\n\t\t\t\t<div class=\"elementor-widget-container\">\n\t\t\t\t\t\t\t\t\t\t\t\t\t\t\t\t<a href=\"https:\/\/www.kampfsport-dagersheim.de\/Download\/Ju-Jutsu_DAN%20Vorberietungs-Lehrgang_25-04-2026.pdf\" target=\"_blank\">\n\t\t\t\t\t\t\t<img decoding=\"async\" width=\"563\" height=\"797\" src=\"https:\/\/www.kampfsport-dagersheim.de\/wp-content\/uploads\/2026\/04\/Ju-Jutsu_DAN-Vorberietungs-Lehrgang_25-04-2026.jpg\" class=\"attachment-large size-large wp-image-5079\" alt=\"\" srcset=\"https:\/\/www.kampfsport-dagersheim.de\/wp-content\/uploads\/2026\/04\/Ju-Jutsu_DAN-Vorberietungs-Lehrgang_25-04-2026.jpg 563w, https:\/\/www.kampfsport-dagersheim.de\/wp-content\/uploads\/2026\/04\/Ju-Jutsu_DAN-Vorberietungs-Lehrgang_25-04-2026-212x300.jpg 212w\" sizes=\"100vw\" \/>\t\t\t\t\t\t\t\t<\/a>\n\t\t\t\t\t\t\t\t\t\t\t\t\t\t\t<\/div>\n\t\t\t\t<\/div>\n\t\t\t\t\t<\/div>\n\t\t<\/div>\n\t\t\t\t<div class=\"elementor-column elementor-col-20 elementor-top-column elementor-element elementor-element-f5d5274\" data-id=\"f5d5274\" data-element_type=\"column\" data-e-type=\"column\">\n\t\t\t<div class=\"elementor-widget-wrap\">\n\t\t\t\t\t\t\t<\/div>\n\t\t<\/div>\n\t\t\t\t<div class=\"elementor-column elementor-col-20 elementor-top-column elementor-element elementor-element-23dbd50\" data-id=\"23dbd50\" data-element_type=\"column\" data-e-type=\"column\">\n\t\t\t<div class=\"elementor-widget-wrap elementor-element-populated\">\n\t\t\t\t\t\t<div class=\"elementor-element elementor-element-91c4443 elementor-widget__width-initial elementor-widget elementor-widget-text-editor\" data-id=\"91c4443\" data-element_type=\"widget\" data-e-type=\"widget\" data-widget_type=\"text-editor.default\">\n\t\t\t\t<div class=\"elementor-widget-container\">\n\t\t\t\t\t\t\t\t\t<p style=\"text-align: center;\">Sa, 9. Mai 2026<br \/>Ju Jitsu und Hanbo Jitsu Lehrgang<br \/>mit Hanshi Matthias Weiss, Hanshi Hans D\u00f6ring, Hanshi Istv\u00e1n M\u00e9z\u00e1ros, Shihan Mojmir Marton und Renshi Cedric Weiss in Kosice\/Slowakei<br \/><strong style=\"font-size: 1rem;\"><br \/>\u00a0\u00a0<\/strong><a style=\"background-color: #ffffff; font-size: 1rem;\" href=\"https:\/\/www.kampfsport-dagersheim.de\/Download\/Seminar_2026-05-09-Kosice-MMK.pdf\" target=\"_blank\" rel=\"noopener\"><span style=\"color: #800000;\">Ausschreibung und Infos<\/span><\/a><\/p>\t\t\t\t\t\t\t\t<\/div>\n\t\t\t\t<\/div>\n\t\t\t\t<div class=\"elementor-element elementor-element-9043c33 elementor-widget-divider--view-line elementor-widget elementor-widget-divider\" data-id=\"9043c33\" data-element_type=\"widget\" data-e-type=\"widget\" data-widget_type=\"divider.default\">\n\t\t\t\t<div class=\"elementor-widget-container\">\n\t\t\t\t\t\t\t<div class=\"elementor-divider\">\n\t\t\t<span class=\"elementor-divider-separator\">\n\t\t\t\t\t\t<\/span>\n\t\t<\/div>\n\t\t\t\t\t\t<\/div>\n\t\t\t\t<\/div>\n\t\t\t\t<div class=\"elementor-element elementor-element-2f71797 elementor-widget elementor-widget-image\" data-id=\"2f71797\" data-element_type=\"widget\" data-e-type=\"widget\" data-widget_type=\"image.default\">\n\t\t\t\t<div class=\"elementor-widget-container\">\n\t\t\t\t\t\t\t\t\t\t\t\t\t\t\t\t<a href=\"https:\/\/www.kampfsport-dagersheim.de\/Download\/Seminar_2026-05-09-Kosice-MMK.pdf\" target=\"_blank\">\n\t\t\t\t\t\t\t<img decoding=\"async\" width=\"720\" height=\"1024\" src=\"https:\/\/www.kampfsport-dagersheim.de\/wp-content\/uploads\/2025\/12\/Seminar_2026-05-09-Kosice-MMK-720x1024.jpg\" class=\"attachment-large size-large wp-image-4921\" alt=\"\" srcset=\"https:\/\/www.kampfsport-dagersheim.de\/wp-content\/uploads\/2025\/12\/Seminar_2026-05-09-Kosice-MMK-720x1024.jpg 720w, https:\/\/www.kampfsport-dagersheim.de\/wp-content\/uploads\/2025\/12\/Seminar_2026-05-09-Kosice-MMK-211x300.jpg 211w, https:\/\/www.kampfsport-dagersheim.de\/wp-content\/uploads\/2025\/12\/Seminar_2026-05-09-Kosice-MMK.jpg 747w\" sizes=\"100vw\" \/>\t\t\t\t\t\t\t\t<\/a>\n\t\t\t\t\t\t\t\t\t\t\t\t\t\t\t<\/div>\n\t\t\t\t<\/div>\n\t\t\t\t\t<\/div>\n\t\t<\/div>\n\t\t\t\t\t<\/div>\n\t\t<\/section>\n\t\t\t\t<section class=\"elementor-section elementor-top-section elementor-element elementor-element-a62f793 elementor-section-boxed elementor-section-height-default elementor-section-height-default\" data-id=\"a62f793\" data-element_type=\"section\" data-e-type=\"section\">\n\t\t\t\t\t\t<div class=\"elementor-container elementor-column-gap-default\">\n\t\t\t\t\t<div class=\"elementor-column elementor-col-100 elementor-top-column elementor-element elementor-element-2873032\" data-id=\"2873032\" data-element_type=\"column\" data-e-type=\"column\">\n\t\t\t<div class=\"elementor-widget-wrap elementor-element-populated\">\n\t\t\t\t\t\t\t<\/div>\n\t\t<\/div>\n\t\t\t\t\t<\/div>\n\t\t<\/section>\n\t\t\t\t<section class=\"elementor-section elementor-top-section elementor-element elementor-element-f9961b4 elementor-section-boxed elementor-section-height-default elementor-section-height-default\" data-id=\"f9961b4\" data-element_type=\"section\" data-e-type=\"section\">\n\t\t\t\t\t\t<div class=\"elementor-container elementor-column-gap-default\">\n\t\t\t\t\t<div class=\"elementor-column elementor-col-20 elementor-top-column elementor-element elementor-element-95289d6\" data-id=\"95289d6\" data-element_type=\"column\" data-e-type=\"column\">\n\t\t\t<div class=\"elementor-widget-wrap\">\n\t\t\t\t\t\t\t<\/div>\n\t\t<\/div>\n\t\t\t\t<div class=\"elementor-column elementor-col-20 elementor-top-column elementor-element elementor-element-db066f6\" data-id=\"db066f6\" data-element_type=\"column\" data-e-type=\"column\">\n\t\t\t<div class=\"elementor-widget-wrap\">\n\t\t\t\t\t\t\t<\/div>\n\t\t<\/div>\n\t\t\t\t<div class=\"elementor-column elementor-col-20 elementor-top-column elementor-element elementor-element-bf9d4f9\" data-id=\"bf9d4f9\" data-element_type=\"column\" data-e-type=\"column\">\n\t\t\t<div class=\"elementor-widget-wrap\">\n\t\t\t\t\t\t\t<\/div>\n\t\t<\/div>\n\t\t\t\t<div class=\"elementor-column elementor-col-20 elementor-top-column elementor-element elementor-element-c612210\" data-id=\"c612210\" data-element_type=\"column\" data-e-type=\"column\">\n\t\t\t<div class=\"elementor-widget-wrap\">\n\t\t\t\t\t\t\t<\/div>\n\t\t<\/div>\n\t\t\t\t<div class=\"elementor-column elementor-col-20 elementor-top-column elementor-element elementor-element-24644e8\" data-id=\"24644e8\" data-element_type=\"column\" data-e-type=\"column\">\n\t\t\t<div class=\"elementor-widget-wrap\">\n\t\t\t\t\t\t\t<\/div>\n\t\t<\/div>\n\t\t\t\t\t<\/div>\n\t\t<\/section>\n\t\t\t\t<section class=\"elementor-section elementor-top-section elementor-element elementor-element-ef63138 elementor-section-boxed elementor-section-height-default elementor-section-height-default\" data-id=\"ef63138\" data-element_type=\"section\" data-e-type=\"section\">\n\t\t\t\t\t\t<div class=\"elementor-container elementor-column-gap-default\">\n\t\t\t\t\t<div class=\"elementor-column elementor-col-100 elementor-top-column elementor-element elementor-element-9b6b06c\" data-id=\"9b6b06c\" data-element_type=\"column\" data-e-type=\"column\">\n\t\t\t<div class=\"elementor-widget-wrap\">\n\t\t\t\t\t\t\t<\/div>\n\t\t<\/div>\n\t\t\t\t\t<\/div>\n\t\t<\/section>\n\t\t\t\t<section class=\"elementor-section elementor-top-section elementor-element elementor-element-9051f9e elementor-section-boxed elementor-section-height-default elementor-section-height-default\" data-id=\"9051f9e\" data-element_type=\"section\" data-e-type=\"section\">\n\t\t\t\t\t\t<div class=\"elementor-container elementor-column-gap-default\">\n\t\t\t\t\t<div class=\"elementor-column elementor-col-14 elementor-top-column elementor-element elementor-element-06320d8\" data-id=\"06320d8\" data-element_type=\"column\" data-e-type=\"column\">\n\t\t\t<div class=\"elementor-widget-wrap\">\n\t\t\t\t\t\t\t<\/div>\n\t\t<\/div>\n\t\t\t\t<div class=\"elementor-column elementor-col-14 elementor-top-column elementor-element elementor-element-274fc36\" data-id=\"274fc36\" data-element_type=\"column\" data-e-type=\"column\">\n\t\t\t<div class=\"elementor-widget-wrap\">\n\t\t\t\t\t\t\t<\/div>\n\t\t<\/div>\n\t\t\t\t<div class=\"elementor-column elementor-col-14 elementor-top-column elementor-element elementor-element-e6767d8\" data-id=\"e6767d8\" data-element_type=\"column\" data-e-type=\"column\">\n\t\t\t<div class=\"elementor-widget-wrap\">\n\t\t\t\t\t\t\t<\/div>\n\t\t<\/div>\n\t\t\t\t<div class=\"elementor-column elementor-col-14 elementor-top-column elementor-element elementor-element-eb155c5\" data-id=\"eb155c5\" data-element_type=\"column\" data-e-type=\"column\">\n\t\t\t<div class=\"elementor-widget-wrap\">\n\t\t\t\t\t\t\t<\/div>\n\t\t<\/div>\n\t\t\t\t<div class=\"elementor-column elementor-col-14 elementor-top-column elementor-element elementor-element-06f9cd4\" data-id=\"06f9cd4\" data-element_type=\"column\" data-e-type=\"column\">\n\t\t\t<div class=\"elementor-widget-wrap\">\n\t\t\t\t\t\t\t<\/div>\n\t\t<\/div>\n\t\t\t\t<div class=\"elementor-column elementor-col-14 elementor-top-column elementor-element elementor-element-3cc71fe\" data-id=\"3cc71fe\" data-element_type=\"column\" data-e-type=\"column\">\n\t\t\t<div class=\"elementor-widget-wrap\">\n\t\t\t\t\t\t\t<\/div>\n\t\t<\/div>\n\t\t\t\t<div class=\"elementor-column elementor-col-14 elementor-top-column elementor-element elementor-element-a242795\" data-id=\"a242795\" data-element_type=\"column\" data-e-type=\"column\">\n\t\t\t<div class=\"elementor-widget-wrap\">\n\t\t\t\t\t\t\t<\/div>\n\t\t<\/div>\n\t\t\t\t\t<\/div>\n\t\t<\/section>\n\t\t\t\t<section class=\"elementor-section elementor-top-section elementor-element elementor-element-16c710e elementor-section-boxed elementor-section-height-default elementor-section-height-default\" data-id=\"16c710e\" data-element_type=\"section\" data-e-type=\"section\">\n\t\t\t\t\t\t<div class=\"elementor-container elementor-column-gap-default\">\n\t\t\t\t\t<div class=\"elementor-column elementor-col-100 elementor-top-column elementor-element elementor-element-14583c2\" data-id=\"14583c2\" data-element_type=\"column\" data-e-type=\"column\">\n\t\t\t<div class=\"elementor-widget-wrap\">\n\t\t\t\t\t\t\t<\/div>\n\t\t<\/div>\n\t\t\t\t\t<\/div>\n\t\t<\/section>\n\t\t\t\t<section class=\"elementor-section elementor-top-section elementor-element elementor-element-a554cf9 elementor-section-boxed elementor-section-height-default elementor-section-height-default\" data-id=\"a554cf9\" data-element_type=\"section\" data-e-type=\"section\">\n\t\t\t\t\t\t<div class=\"elementor-container elementor-column-gap-default\">\n\t\t\t\t\t<div class=\"elementor-column elementor-col-14 elementor-top-column elementor-element elementor-element-8c3d286\" data-id=\"8c3d286\" data-element_type=\"column\" data-e-type=\"column\">\n\t\t\t<div class=\"elementor-widget-wrap\">\n\t\t\t\t\t\t\t<\/div>\n\t\t<\/div>\n\t\t\t\t<div class=\"elementor-column elementor-col-14 elementor-top-column elementor-element elementor-element-0a476f9\" data-id=\"0a476f9\" data-element_type=\"column\" data-e-type=\"column\">\n\t\t\t<div class=\"elementor-widget-wrap\">\n\t\t\t\t\t\t\t<\/div>\n\t\t<\/div>\n\t\t\t\t<div class=\"elementor-column elementor-col-14 elementor-top-column elementor-element elementor-element-1d69fae\" data-id=\"1d69fae\" data-element_type=\"column\" data-e-type=\"column\">\n\t\t\t<div class=\"elementor-widget-wrap\">\n\t\t\t\t\t\t\t<\/div>\n\t\t<\/div>\n\t\t\t\t<div class=\"elementor-column elementor-col-14 elementor-top-column elementor-element elementor-element-122aca1\" data-id=\"122aca1\" data-element_type=\"column\" data-e-type=\"column\">\n\t\t\t<div class=\"elementor-widget-wrap\">\n\t\t\t\t\t\t\t<\/div>\n\t\t<\/div>\n\t\t\t\t<div class=\"elementor-column elementor-col-14 elementor-top-column elementor-element elementor-element-3fa0591\" data-id=\"3fa0591\" data-element_type=\"column\" data-e-type=\"column\">\n\t\t\t<div class=\"elementor-widget-wrap\">\n\t\t\t\t\t\t\t<\/div>\n\t\t<\/div>\n\t\t\t\t<div class=\"elementor-column elementor-col-14 elementor-top-column elementor-element elementor-element-46d5ce0\" data-id=\"46d5ce0\" data-element_type=\"column\" data-e-type=\"column\">\n\t\t\t<div class=\"elementor-widget-wrap\">\n\t\t\t\t\t\t\t<\/div>\n\t\t<\/div>\n\t\t\t\t<div class=\"elementor-column elementor-col-14 elementor-top-column elementor-element elementor-element-00cc203\" data-id=\"00cc203\" data-element_type=\"column\" data-e-type=\"column\">\n\t\t\t<div class=\"elementor-widget-wrap\">\n\t\t\t\t\t\t\t<\/div>\n\t\t<\/div>\n\t\t\t\t\t<\/div>\n\t\t<\/section>\n\t\t\t\t<\/div>\n\t\t","protected":false},"excerpt":{"rendered":"<p>Sa, 18. April 2026Dagersheimer Kampfsport-LehrgangJu Jitsu &#8211; Hanbo Jitsu &#8211; Kobudomit Hanshi Matthias Weiss, Hanshi Istv\u00e1n M\u00e9z\u00e1ros und Renshi Cedric Weiss\u00a0\u00a0Ausschreibung und Infos Sa, 25. Mai 2026Ju-Jutsu Dan-Vorbereitungs-Lehrgangmit Danimir Cerkezin Stuttgart \/ Rohr \u00a0\u00a0Ausschreibung und Infos Sa, 9. Mai 2026Ju Jitsu und Hanbo Jitsu Lehrgangmit Hanshi Matthias Weiss, Hanshi Hans D\u00f6ring, Hanshi Istv\u00e1n M\u00e9z\u00e1ros, Shihan &hellip; <\/p>\n<p class=\"link-more\"><a href=\"https:\/\/www.kampfsport-dagersheim.de\/?page_id=875\" class=\"more-link\"><span class=\"screen-reader-text\">\u201eLehrg\u00e4nge Ju Jitsu &#8211; Ju Jutsu &#8211; Kobudo &#8211; Kickboxen\u201c <\/span>weiterlesen<\/a><\/p>\n","protected":false},"author":1,"featured_media":0,"parent":0,"menu_order":0,"comment_status":"closed","ping_status":"closed","template":"","meta":{"footnotes":""},"class_list":["post-875","page","type-page","status-publish","hentry"],"_links":{"self":[{"href":"https:\/\/www.kampfsport-dagersheim.de\/index.php?rest_route=\/wp\/v2\/pages\/875","targetHints":{"allow":["GET"]}}],"collection":[{"href":"https:\/\/www.kampfsport-dagersheim.de\/index.php?rest_route=\/wp\/v2\/pages"}],"about":[{"href":"https:\/\/www.kampfsport-dagersheim.de\/index.php?rest_route=\/wp\/v2\/types\/page"}],"author":[{"embeddable":true,"href":"https:\/\/www.kampfsport-dagersheim.de\/index.php?rest_route=\/wp\/v2\/users\/1"}],"replies":[{"embeddable":true,"href":"https:\/\/www.kampfsport-dagersheim.de\/index.php?rest_route=%2Fwp%2Fv2%2Fcomments&post=875"}],"version-history":[{"count":269,"href":"https:\/\/www.kampfsport-dagersheim.de\/index.php?rest_route=\/wp\/v2\/pages\/875\/revisions"}],"predecessor-version":[{"id":5083,"href":"https:\/\/www.kampfsport-dagersheim.de\/index.php?rest_route=\/wp\/v2\/pages\/875\/revisions\/5083"}],"wp:attachment":[{"href":"https:\/\/www.kampfsport-dagersheim.de\/index.php?rest_route=%2Fwp%2Fv2%2Fmedia&parent=875"}],"curies":[{"name":"wp","href":"https:\/\/api.w.org\/{rel}","templated":true}]}}