{"id":739,"date":"2019-12-17T01:11:25","date_gmt":"2019-12-17T00:11:25","guid":{"rendered":"http:\/\/www.kampfsport-dagersheim.de\/KSD\/?page_id=739"},"modified":"2019-12-17T01:24:57","modified_gmt":"2019-12-17T00:24:57","slug":"dojo-etikette","status":"publish","type":"page","link":"https:\/\/www.kampfsport-dagersheim.de\/?page_id=739","title":{"rendered":"Dojo-Etikette"},"content":{"rendered":"\t\t<div data-elementor-type=\"wp-page\" data-elementor-id=\"739\" class=\"elementor elementor-739\">\n\t\t\t\t\t\t<section class=\"elementor-section elementor-top-section elementor-element elementor-element-c3b9461 elementor-section-boxed elementor-section-height-default elementor-section-height-default\" data-id=\"c3b9461\" data-element_type=\"section\" data-e-type=\"section\">\n\t\t\t\t\t\t<div class=\"elementor-container elementor-column-gap-default\">\n\t\t\t\t\t<div class=\"elementor-column elementor-col-50 elementor-top-column elementor-element elementor-element-b1499fe\" data-id=\"b1499fe\" data-element_type=\"column\" data-e-type=\"column\">\n\t\t\t<div class=\"elementor-widget-wrap elementor-element-populated\">\n\t\t\t\t\t\t<div class=\"elementor-element elementor-element-a2b051b elementor-widget elementor-widget-text-editor\" data-id=\"a2b051b\" data-element_type=\"widget\" data-e-type=\"widget\" data-widget_type=\"text-editor.default\">\n\t\t\t\t<div class=\"elementor-widget-container\">\n\t\t\t\t\t\t\t\t\t<p><strong><span style=\"color: #3366ff;\">K<\/span>\u00a0 \u00a0Konzentration<br \/><\/strong><strong><span style=\"color: #3366ff;\">A<\/span>\u00a0 \u00a0Ausdauer<br \/><\/strong><strong><span style=\"color: #3366ff;\">R<\/span>\u00a0 \u00a0Reaktionsverm\u00f6gen\u00a0 \u00a0 \u00a0 \u00a0 \u00a0<br \/><\/strong><strong><span style=\"color: #3366ff;\">A<\/span>\u00a0 \u00a0Ausgeglichenheit<br \/><\/strong><strong><span style=\"color: #3366ff;\">T<\/span>\u00a0 \u00a0Toleranz<br \/><\/strong><strong><span style=\"color: #3366ff;\">E<\/span>\u00a0 \u00a0Erfolg<\/strong><\/p>\t\t\t\t\t\t\t\t<\/div>\n\t\t\t\t<\/div>\n\t\t\t\t\t<\/div>\n\t\t<\/div>\n\t\t\t\t<div class=\"elementor-column elementor-col-50 elementor-top-column elementor-element elementor-element-995569d\" data-id=\"995569d\" data-element_type=\"column\" data-e-type=\"column\">\n\t\t\t<div class=\"elementor-widget-wrap elementor-element-populated\">\n\t\t\t\t\t\t<div class=\"elementor-element elementor-element-b041997 elementor-widget elementor-widget-image\" data-id=\"b041997\" data-element_type=\"widget\" data-e-type=\"widget\" data-widget_type=\"image.default\">\n\t\t\t\t<div class=\"elementor-widget-container\">\n\t\t\t\t\t\t\t\t\t\t\t\t\t\t\t<img decoding=\"async\" width=\"291\" height=\"62\" src=\"https:\/\/www.kampfsport-dagersheim.de\/wp-content\/uploads\/2019\/12\/Dojo-Etikette.jpg\" class=\"attachment-large size-large wp-image-749\" alt=\"\" sizes=\"100vw\" \/>\t\t\t\t\t\t\t\t\t\t\t\t\t\t\t<\/div>\n\t\t\t\t<\/div>\n\t\t\t\t\t<\/div>\n\t\t<\/div>\n\t\t\t\t\t<\/div>\n\t\t<\/section>\n\t\t\t\t<section class=\"elementor-section elementor-top-section elementor-element elementor-element-49d2ac96 elementor-section-boxed elementor-section-height-default elementor-section-height-default\" data-id=\"49d2ac96\" data-element_type=\"section\" data-e-type=\"section\">\n\t\t\t\t\t\t<div class=\"elementor-container elementor-column-gap-default\">\n\t\t\t\t\t<div class=\"elementor-column elementor-col-100 elementor-top-column elementor-element elementor-element-73c7392a\" data-id=\"73c7392a\" data-element_type=\"column\" data-e-type=\"column\">\n\t\t\t<div class=\"elementor-widget-wrap elementor-element-populated\">\n\t\t\t\t\t\t<div class=\"elementor-element elementor-element-334a54b3 elementor-widget elementor-widget-text-editor\" data-id=\"334a54b3\" data-element_type=\"widget\" data-e-type=\"widget\" data-widget_type=\"text-editor.default\">\n\t\t\t\t<div class=\"elementor-widget-container\">\n\t\t\t\t\t\t\t\t\t<p><strong>Die Dojo Etikette dient dem reibungslosen, verletzungsfreien und disziplinierten Ablauf des Trainings und unterstreicht das Wesen des Karate-Do.<\/strong><\/p><ul><li style=\"list-style-type: none;\"><ul><li style=\"list-style-type: none;\"><ul><li>Sei strebsam und engagiert<\/li><li>Bei Betreten und Verlassen des Dojo wird gegr\u00fc\u00dft (sich verbeugt)<\/li><li>Im Dojo werden keine Schuhe getragen<\/li><li>Der richtige Gru\u00df zum passenden Zeitpunkt, im Stehen oder Knien<\/li><li>Der richtige Umgang miteinander<br \/>(Geduld, Respekt, Wertsch\u00e4tzung, R\u00fccksichtnahme)<\/li><li>Die Kleidung soll gepflegt und ordentlich sein<\/li><li>Der eigene K\u00f6rper soll sauber und gepflegt sein<\/li><li>Nicht ungefragt aus \u201cder Reihe tanzen\u201d oder sich einfach dazu stellen<br \/>(z. B. bei Versp\u00e4tung)<\/li><li>Das Dojo w\u00e4hrend des Trainings nur nach R\u00fcckfrage verlassen<\/li><li>W\u00e4hrend des Trainings wird nicht gesprochen<\/li><li>Essen und Trinken sind im Dojo nicht erlaubt<\/li><li>Schmuck und Uhren sind beim Training nicht erlaubt<\/li><li>Das \u00fcben, was der Trainer vorgegeben hat, nicht das was einem gef\u00e4llt<\/li><\/ul><\/li><\/ul><\/li><\/ul><p><strong>\u201cOhne H\u00f6flichkeit geht die Essenz des Karate-Do verloren\u201d\u00a0<em>Gichin Funakoshi<\/em><\/strong><\/p>\t\t\t\t\t\t\t\t<\/div>\n\t\t\t\t<\/div>\n\t\t\t\t\t<\/div>\n\t\t<\/div>\n\t\t\t\t\t<\/div>\n\t\t<\/section>\n\t\t\t\t<section class=\"elementor-section elementor-top-section elementor-element elementor-element-f440782 elementor-section-boxed elementor-section-height-default elementor-section-height-default\" data-id=\"f440782\" data-element_type=\"section\" data-e-type=\"section\">\n\t\t\t\t\t\t<div class=\"elementor-container elementor-column-gap-default\">\n\t\t\t\t\t<div class=\"elementor-column elementor-col-25 elementor-top-column elementor-element elementor-element-b27bdbc\" data-id=\"b27bdbc\" data-element_type=\"column\" data-e-type=\"column\">\n\t\t\t<div class=\"elementor-widget-wrap elementor-element-populated\">\n\t\t\t\t\t\t<div class=\"elementor-element elementor-element-c9a2293 elementor-widget elementor-widget-image\" data-id=\"c9a2293\" data-element_type=\"widget\" data-e-type=\"widget\" data-widget_type=\"image.default\">\n\t\t\t\t<div class=\"elementor-widget-container\">\n\t\t\t\t\t\t\t\t\t\t\t\t\t\t\t<img decoding=\"async\" src=\"https:\/\/www.kampfsport-dagersheim.de\/wp-content\/uploads\/elementor\/thumbs\/http-www-karate-do-de-bilder-funakoshi-jpg-oia0466c5v7ivrumrdueq5itmp0r25xpk8yw4f94w0.jpeg\" title=\"http-www-karate-do-de-bilder-funakoshi-jpg\" alt=\"http:\/\/www.karate-do.de\/bilder\/funakoshi.jpg\" loading=\"lazy\" \/>\t\t\t\t\t\t\t\t\t\t\t\t\t\t\t<\/div>\n\t\t\t\t<\/div>\n\t\t\t\t\t<\/div>\n\t\t<\/div>\n\t\t\t\t<div class=\"elementor-column elementor-col-50 elementor-top-column elementor-element elementor-element-d907253\" data-id=\"d907253\" data-element_type=\"column\" data-e-type=\"column\">\n\t\t\t<div class=\"elementor-widget-wrap elementor-element-populated\">\n\t\t\t\t\t\t<div class=\"elementor-element elementor-element-584814c elementor-widget elementor-widget-text-editor\" data-id=\"584814c\" data-element_type=\"widget\" data-e-type=\"widget\" data-widget_type=\"text-editor.default\">\n\t\t\t\t<div class=\"elementor-widget-container\">\n\t\t\t\t\t\t\t\t\t<p>\u00a0<\/p><p style=\"text-align: center;\"><span style=\"color: #c60001;\"><strong><em>\u201dDas h\u00f6chste Ziel im Karate-Do ist nicht der Sieg oder<br \/><\/em><\/strong><\/span><span style=\"color: #c60001;\"><strong><em>die Niederlage, sondern die Perfektion des menschlichen Charakters\u201d<\/em><\/strong><\/span><\/p><p style=\"text-align: center;\"><span style=\"color: #c60001;\"><strong>(Leitsatz von Gichin Funakoshi, Begr\u00fcnder des Shotokan)<\/strong><\/span><\/p><p style=\"text-align: center;\"><strong>TSV Dagersheim<br \/><\/strong><strong>Abteilung Kampfsport<br \/><\/strong><strong>Gruppe Shotokan Karate<\/strong><\/p>\t\t\t\t\t\t\t\t<\/div>\n\t\t\t\t<\/div>\n\t\t\t\t\t<\/div>\n\t\t<\/div>\n\t\t\t\t<div class=\"elementor-column elementor-col-25 elementor-top-column elementor-element elementor-element-8f7b9bc\" data-id=\"8f7b9bc\" data-element_type=\"column\" data-e-type=\"column\">\n\t\t\t<div class=\"elementor-widget-wrap elementor-element-populated\">\n\t\t\t\t\t\t<div class=\"elementor-element elementor-element-8b11f52 elementor-widget elementor-widget-image\" data-id=\"8b11f52\" data-element_type=\"widget\" data-e-type=\"widget\" data-widget_type=\"image.default\">\n\t\t\t\t<div class=\"elementor-widget-container\">\n\t\t\t\t\t\t\t\t\t\t\t\t\t\t\t<img decoding=\"async\" width=\"90\" height=\"179\" src=\"https:\/\/www.kampfsport-dagersheim.de\/wp-content\/uploads\/2019\/12\/DKV-KVBW.jpg\" class=\"attachment-large size-large wp-image-737\" alt=\"\" sizes=\"100vw\" \/>\t\t\t\t\t\t\t\t\t\t\t\t\t\t\t<\/div>\n\t\t\t\t<\/div>\n\t\t\t\t\t<\/div>\n\t\t<\/div>\n\t\t\t\t\t<\/div>\n\t\t<\/section>\n\t\t\t\t<\/div>\n\t\t","protected":false},"excerpt":{"rendered":"<p>K\u00a0 \u00a0KonzentrationA\u00a0 \u00a0AusdauerR\u00a0 \u00a0Reaktionsverm\u00f6gen\u00a0 \u00a0 \u00a0 \u00a0 \u00a0A\u00a0 \u00a0AusgeglichenheitT\u00a0 \u00a0ToleranzE\u00a0 \u00a0Erfolg Die Dojo Etikette dient dem reibungslosen, verletzungsfreien und disziplinierten Ablauf des Trainings und unterstreicht das Wesen des Karate-Do. Sei strebsam und engagiert Bei Betreten und Verlassen des Dojo wird gegr\u00fc\u00dft (sich verbeugt) Im Dojo werden keine Schuhe getragen Der richtige Gru\u00df zum passenden Zeitpunkt, &hellip; <\/p>\n<p class=\"link-more\"><a href=\"https:\/\/www.kampfsport-dagersheim.de\/?page_id=739\" class=\"more-link\"><span class=\"screen-reader-text\">\u201eDojo-Etikette\u201c <\/span>weiterlesen<\/a><\/p>\n","protected":false},"author":1,"featured_media":0,"parent":0,"menu_order":0,"comment_status":"closed","ping_status":"closed","template":"","meta":{"footnotes":""},"class_list":["post-739","page","type-page","status-publish","hentry"],"_links":{"self":[{"href":"https:\/\/www.kampfsport-dagersheim.de\/index.php?rest_route=\/wp\/v2\/pages\/739","targetHints":{"allow":["GET"]}}],"collection":[{"href":"https:\/\/www.kampfsport-dagersheim.de\/index.php?rest_route=\/wp\/v2\/pages"}],"about":[{"href":"https:\/\/www.kampfsport-dagersheim.de\/index.php?rest_route=\/wp\/v2\/types\/page"}],"author":[{"embeddable":true,"href":"https:\/\/www.kampfsport-dagersheim.de\/index.php?rest_route=\/wp\/v2\/users\/1"}],"replies":[{"embeddable":true,"href":"https:\/\/www.kampfsport-dagersheim.de\/index.php?rest_route=%2Fwp%2Fv2%2Fcomments&post=739"}],"version-history":[{"count":3,"href":"https:\/\/www.kampfsport-dagersheim.de\/index.php?rest_route=\/wp\/v2\/pages\/739\/revisions"}],"predecessor-version":[{"id":750,"href":"https:\/\/www.kampfsport-dagersheim.de\/index.php?rest_route=\/wp\/v2\/pages\/739\/revisions\/750"}],"wp:attachment":[{"href":"https:\/\/www.kampfsport-dagersheim.de\/index.php?rest_route=%2Fwp%2Fv2%2Fmedia&parent=739"}],"curies":[{"name":"wp","href":"https:\/\/api.w.org\/{rel}","templated":true}]}}