{"id":725,"date":"2019-12-17T00:22:07","date_gmt":"2019-12-16T23:22:07","guid":{"rendered":"http:\/\/www.kampfsport-dagersheim.de\/KSD\/?page_id=725"},"modified":"2019-12-17T01:11:04","modified_gmt":"2019-12-17T00:11:04","slug":"dojo-kun","status":"publish","type":"page","link":"https:\/\/www.kampfsport-dagersheim.de\/?page_id=725","title":{"rendered":"Dojo-Kun"},"content":{"rendered":"\t\t<div data-elementor-type=\"wp-page\" data-elementor-id=\"725\" class=\"elementor elementor-725\">\n\t\t\t\t\t\t<section class=\"elementor-section elementor-top-section elementor-element elementor-element-ec15bf7 elementor-section-boxed elementor-section-height-default elementor-section-height-default\" data-id=\"ec15bf7\" data-element_type=\"section\" data-e-type=\"section\">\n\t\t\t\t\t\t<div class=\"elementor-container elementor-column-gap-default\">\n\t\t\t\t\t<div class=\"elementor-column elementor-col-50 elementor-top-column elementor-element elementor-element-d4af2f5\" data-id=\"d4af2f5\" data-element_type=\"column\" data-e-type=\"column\">\n\t\t\t<div class=\"elementor-widget-wrap elementor-element-populated\">\n\t\t\t\t\t\t<div class=\"elementor-element elementor-element-c0243a0 elementor-widget elementor-widget-text-editor\" data-id=\"c0243a0\" data-element_type=\"widget\" data-e-type=\"widget\" data-widget_type=\"text-editor.default\">\n\t\t\t\t<div class=\"elementor-widget-container\">\n\t\t\t\t\t\t\t\t\t<p><strong><span style=\"color: #3366ff;\">K<\/span>\u00a0 \u00a0Konzentration<br \/><\/strong><strong><span style=\"color: #3366ff;\">A<\/span>\u00a0 \u00a0Ausdauer<br \/><\/strong><strong><span style=\"color: #3366ff;\">R<\/span>\u00a0 \u00a0Reaktionsverm\u00f6gen\u00a0 \u00a0 \u00a0 \u00a0 \u00a0<br \/><\/strong><strong><span style=\"color: #3366ff;\">A<\/span>\u00a0 \u00a0Ausgeglichenheit<br \/><\/strong><strong><span style=\"color: #3366ff;\">T<\/span>\u00a0 \u00a0Toleranz<br \/><\/strong><strong><span style=\"color: #3366ff;\">E<\/span>\u00a0 \u00a0Erfolg<\/strong><\/p>\t\t\t\t\t\t\t\t<\/div>\n\t\t\t\t<\/div>\n\t\t\t\t\t<\/div>\n\t\t<\/div>\n\t\t\t\t<div class=\"elementor-column elementor-col-50 elementor-top-column elementor-element elementor-element-58b334c\" data-id=\"58b334c\" data-element_type=\"column\" data-e-type=\"column\">\n\t\t\t<div class=\"elementor-widget-wrap elementor-element-populated\">\n\t\t\t\t\t\t<div class=\"elementor-element elementor-element-c5ff91b elementor-widget elementor-widget-image\" data-id=\"c5ff91b\" data-element_type=\"widget\" data-e-type=\"widget\" data-widget_type=\"image.default\">\n\t\t\t\t<div class=\"elementor-widget-container\">\n\t\t\t\t\t\t\t\t\t\t\t\t\t\t\t<img decoding=\"async\" width=\"199\" height=\"60\" src=\"https:\/\/www.kampfsport-dagersheim.de\/wp-content\/uploads\/2019\/12\/Dojo-Kun200.jpg\" class=\"attachment-large size-large wp-image-735\" alt=\"\" sizes=\"100vw\" \/>\t\t\t\t\t\t\t\t\t\t\t\t\t\t\t<\/div>\n\t\t\t\t<\/div>\n\t\t\t\t\t<\/div>\n\t\t<\/div>\n\t\t\t\t\t<\/div>\n\t\t<\/section>\n\t\t\t\t<section class=\"elementor-section elementor-top-section elementor-element elementor-element-13534eab elementor-section-boxed elementor-section-height-default elementor-section-height-default\" data-id=\"13534eab\" data-element_type=\"section\" data-e-type=\"section\">\n\t\t\t\t\t\t<div class=\"elementor-container elementor-column-gap-default\">\n\t\t\t\t\t<div class=\"elementor-column elementor-col-100 elementor-top-column elementor-element elementor-element-379ada02\" data-id=\"379ada02\" data-element_type=\"column\" data-e-type=\"column\">\n\t\t\t<div class=\"elementor-widget-wrap elementor-element-populated\">\n\t\t\t\t\t\t<div class=\"elementor-element elementor-element-60287e15 elementor-widget elementor-widget-text-editor\" data-id=\"60287e15\" data-element_type=\"widget\" data-e-type=\"widget\" data-widget_type=\"text-editor.default\">\n\t\t\t\t<div class=\"elementor-widget-container\">\n\t\t\t\t\t\t\t\t\t<p><strong>Drei wichtige Regelwerke im Shotokan Karate bzw. einem Dojo sind<br \/><\/strong><strong style=\"font-size: 1rem;\">Dojo-Kun, Shoto-Niju-Kun und die Dojo Etikette<\/strong><\/p><p>W\u00e4hrend die Dojo-Kun f\u00fcnf Leits\u00e4tze enth\u00e4lt, die als Dojo Regel bzw. Verhaltensregeln gelten und deren Ursprung weiter in die Vergangenheit reichen, geben die S\u00e4tze aus der Shoto-Niju-Kun 20 Regeln wieder, die Gichin Funakoshi aufgestellt hat, um die Grundprinzipien und das Wesen des Shotokan Karate zu verdeutlichen.<\/p><p><strong>Dojo-Kun<\/strong><\/p><ol><li style=\"list-style-type: none;\"><ol><li>Vervollkommne Deinen Charakter.<\/li><li>Folge dem Ideal der Wahrheit.<\/li><li>M\u00fche Dich, Deinen Geist zu kultivieren.<\/li><li>Achte die Regeln der Etikette.<\/li><li>H\u00fcte Dich vor ungest\u00fcmem \u00dcbermut.<\/li><\/ol><\/li><\/ol><p><strong>Shoto-Niju-Kun<\/strong><\/p><ol><li style=\"list-style-type: none;\"><ol><li>Karate Do beginnt mit Respekt und endet mit Respekt<\/li><li>Im Karate gibt es keinen ersten Angriff<\/li><li>Karate ist ein Helfer der Gerechtigkeit<\/li><li>Erkenne zuerst dich selbst, dann den anderen<\/li><li>Die Kunst des Geistes kommt vor der Kunst der Technik<\/li><li>Lerne deinen Geist zu kontrollieren und befreie ihn dann<\/li><li>Ungl\u00fcck geschieht immer durch Unachtsamkeit<\/li><li>Denke nicht, das Karate nur im <a href=\"http:\/\/www.karate-do.de\/htdocs\/ger\/allgemeines\/begriffe.html#B_DOJO\">Dojo<\/a>\u00a0stattfindet<\/li><li>Karate \u00fcben hei\u00dft, ein Leben lang arbeiten. Darin gibt es keine Grenzen<\/li><li>Verbinde dein allt\u00e4gliches Leben mit Karate, dann wirst du geistige Reife erlangen<\/li><li>Karate ist wie hei\u00dfes Wasser, das abk\u00fchlt, wenn du es nicht st\u00e4ndig warm h\u00e4ltst<\/li><li>Denke nicht an das Gewinnen, doch denke dar\u00fcber nach, wie man nicht verliert<\/li><li>Wandle dich abh\u00e4ngig vom Gegner<\/li><li>Der Kampf h\u00e4ngt von der Handhabung des Treffens und des Nicht-Treffens ab<\/li><li>Stelle dir deine Hand und deinen Fu\u00df als Schwert vor<\/li><li>Wenn man das Tor zur Jugend verl\u00e4\u00dft, hat man viele Gegner<\/li><li>Die Haltung des Anf\u00e4ngers mu\u00df frei sein von eigenen Urteilen, damit er sp\u00e4ter ein nat\u00fcrliches Verst\u00e4ndnis gewinnt<\/li><li>Die <a style=\"font-size: 1rem;\" href=\"http:\/\/www.karate-do.de\/htdocs\/ger\/allgemeines\/begriffe.html#B_KATA\">Kata<\/a><span style=\"font-size: 1rem;\"> darf nicht ver\u00e4ndert werden, im Kampf jedoch gilt das Gegenteil<\/span><\/li><li>Hart und weich, Spannung und Entspannung, langsam und schnell, alles in Verbindung mit der richtigen Atmung<\/li><li>Denke immer nach, und versuche dich st\u00e4ndig an Neuem<\/li><\/ol><\/li><\/ol><p style=\"text-align: center;\"><strong><img decoding=\"async\" class=\"size-full wp-image-737 alignright\" src=\"https:\/\/www.kampfsport-dagersheim.de\/KSD\/wp-content\/uploads\/2019\/12\/DKV-KVBW.jpg\" alt=\"\" width=\"90\" height=\"179\" \/>TSV Dagersheim<br \/><\/strong><strong>Abteilung Kampfsport<br \/><\/strong><strong>Gruppe Shotokan Karate<\/strong><\/p>\t\t\t\t\t\t\t\t<\/div>\n\t\t\t\t<\/div>\n\t\t\t\t\t<\/div>\n\t\t<\/div>\n\t\t\t\t\t<\/div>\n\t\t<\/section>\n\t\t\t\t<\/div>\n\t\t","protected":false},"excerpt":{"rendered":"<p>K\u00a0 \u00a0KonzentrationA\u00a0 \u00a0AusdauerR\u00a0 \u00a0Reaktionsverm\u00f6gen\u00a0 \u00a0 \u00a0 \u00a0 \u00a0A\u00a0 \u00a0AusgeglichenheitT\u00a0 \u00a0ToleranzE\u00a0 \u00a0Erfolg Drei wichtige Regelwerke im Shotokan Karate bzw. einem Dojo sindDojo-Kun, Shoto-Niju-Kun und die Dojo Etikette W\u00e4hrend die Dojo-Kun f\u00fcnf Leits\u00e4tze enth\u00e4lt, die als Dojo Regel bzw. Verhaltensregeln gelten und deren Ursprung weiter in die Vergangenheit reichen, geben die S\u00e4tze aus der Shoto-Niju-Kun 20 Regeln &hellip; <\/p>\n<p class=\"link-more\"><a href=\"https:\/\/www.kampfsport-dagersheim.de\/?page_id=725\" class=\"more-link\"><span class=\"screen-reader-text\">\u201eDojo-Kun\u201c <\/span>weiterlesen<\/a><\/p>\n","protected":false},"author":1,"featured_media":0,"parent":0,"menu_order":0,"comment_status":"closed","ping_status":"closed","template":"","meta":{"footnotes":""},"class_list":["post-725","page","type-page","status-publish","hentry"],"_links":{"self":[{"href":"https:\/\/www.kampfsport-dagersheim.de\/index.php?rest_route=\/wp\/v2\/pages\/725","targetHints":{"allow":["GET"]}}],"collection":[{"href":"https:\/\/www.kampfsport-dagersheim.de\/index.php?rest_route=\/wp\/v2\/pages"}],"about":[{"href":"https:\/\/www.kampfsport-dagersheim.de\/index.php?rest_route=\/wp\/v2\/types\/page"}],"author":[{"embeddable":true,"href":"https:\/\/www.kampfsport-dagersheim.de\/index.php?rest_route=\/wp\/v2\/users\/1"}],"replies":[{"embeddable":true,"href":"https:\/\/www.kampfsport-dagersheim.de\/index.php?rest_route=%2Fwp%2Fv2%2Fcomments&post=725"}],"version-history":[{"count":3,"href":"https:\/\/www.kampfsport-dagersheim.de\/index.php?rest_route=\/wp\/v2\/pages\/725\/revisions"}],"predecessor-version":[{"id":738,"href":"https:\/\/www.kampfsport-dagersheim.de\/index.php?rest_route=\/wp\/v2\/pages\/725\/revisions\/738"}],"wp:attachment":[{"href":"https:\/\/www.kampfsport-dagersheim.de\/index.php?rest_route=%2Fwp%2Fv2%2Fmedia&parent=725"}],"curies":[{"name":"wp","href":"https:\/\/api.w.org\/{rel}","templated":true}]}}