{"id":7,"date":"2019-12-08T17:34:10","date_gmt":"2019-12-08T16:34:10","guid":{"rendered":"http:\/\/www.kampfsport-dagersheim.de\/KSD\/?page_id=7"},"modified":"2021-11-20T15:50:10","modified_gmt":"2021-11-20T14:50:10","slug":"jiu-jitsu-ju-jitsu","status":"publish","type":"page","link":"https:\/\/www.kampfsport-dagersheim.de\/?page_id=7","title":{"rendered":"Ju Jitsu \/ Selbstverteidigung"},"content":{"rendered":"\t\t<div data-elementor-type=\"wp-page\" data-elementor-id=\"7\" class=\"elementor elementor-7\">\n\t\t\t\t\t\t<section class=\"elementor-section elementor-top-section elementor-element elementor-element-a5e824b elementor-section-boxed elementor-section-height-default elementor-section-height-default\" data-id=\"a5e824b\" data-element_type=\"section\" data-e-type=\"section\">\n\t\t\t\t\t\t<div class=\"elementor-container elementor-column-gap-default\">\n\t\t\t\t\t<div class=\"elementor-column elementor-col-100 elementor-top-column elementor-element elementor-element-3c02740\" data-id=\"3c02740\" data-element_type=\"column\" data-e-type=\"column\">\n\t\t\t<div class=\"elementor-widget-wrap elementor-element-populated\">\n\t\t\t\t\t\t<div class=\"elementor-element elementor-element-3e372b4 elementor-widget elementor-widget-text-editor\" data-id=\"3e372b4\" data-element_type=\"widget\" data-e-type=\"widget\" data-widget_type=\"text-editor.default\">\n\t\t\t\t<div class=\"elementor-widget-container\">\n\t\t\t\t\t\t\t\t\t<p><strong><img decoding=\"async\" class=\"alignright wp-image-1302\" src=\"https:\/\/www.kampfsport-dagersheim.de\/wp-content\/uploads\/2020\/01\/Ju-Jutsu-279x300.jpg\" alt=\"\" width=\"150\" height=\"161\" srcset=\"https:\/\/www.kampfsport-dagersheim.de\/wp-content\/uploads\/2020\/01\/Ju-Jutsu-279x300.jpg 279w, https:\/\/www.kampfsport-dagersheim.de\/wp-content\/uploads\/2020\/01\/Ju-Jutsu.jpg 372w\" sizes=\"(max-width: 150px) 100vw, 150px\" \/>J<\/strong><strong>u Jitsu \/ Jiu-Jitsu \/ Selbstverteidiung<\/strong><\/p><p><strong><img decoding=\"async\" class=\"wp-image-1353 alignleft\" src=\"https:\/\/www.kampfsport-dagersheim.de\/wp-content\/uploads\/2020\/01\/SchriftzeichenJuJitsu-133x300.jpg\" alt=\"\" width=\"50\" height=\"113\" srcset=\"https:\/\/www.kampfsport-dagersheim.de\/wp-content\/uploads\/2020\/01\/SchriftzeichenJuJitsu-133x300.jpg 133w, https:\/\/www.kampfsport-dagersheim.de\/wp-content\/uploads\/2020\/01\/SchriftzeichenJuJitsu.jpg 220w\" sizes=\"(max-width: 50px) 100vw, 50px\" \/><\/strong>Ju-Jitsu oder auch Jiu Jitsu bedeutet &#8222;Die sanfte Kunst&#8220;. &#8222;Ju&#8220; bzw. &#8222;Jiu&#8220; bedeutet sanft, geschmeidig oder auch nachgeben. &#8222;Jitsu&#8220; ist die japanische Bezeichnung f\u00fcr Kunst. So steht Ju Jitsu f\u00fcr &#8222;Siegen durch nachgeben&#8220;.<\/p><p><span style=\"font-size: 1rem;\">Ju\/Jiu: weich, sanft, nachgebend<\/span><span style=\"font-size: 1rem;\"><br \/>Jutsu\/Jitsu: Kunst<\/span><\/p><p><img decoding=\"async\" class=\"alignleft wp-image-1305\" src=\"https:\/\/www.kampfsport-dagersheim.de\/wp-content\/uploads\/2020\/01\/JuJutsu263.gif\" alt=\"\" width=\"180\" height=\"159\" \/>Ju-Jitsu ist ein Sport, der haupts\u00e4chlich die Selbstverteidigung in Form von W\u00fcrfen, Schl\u00e4gen, W\u00fcrgegriffen oder Hebeltechniken lehrt. Wie bei allen Kampfsport-\/Kampfkunstarten ist neben dem k\u00f6rperlichen Training und den Techniken zur Selbstverteidigung auch der erzieherische Aspekt, das Erlernen der Selbstbeherrschung sowie die Disziplin hervorzuheben, ohne die ein solcher Sport nicht ausgef\u00fchrt werden kann.<\/p><p><span style=\"font-size: 1rem;\">Ju-Jitsu ist eine moderne, waffenlose Selbstverteidigung, die aus der waffenlosen Selbstverteidigung der Samurai entstanden ist. Sie beinhaltet heute auch die wirkungsvollsten Techniken aus Judo, Karate, Aikido und einigen anderen Kampfsportarten. Ju-Jitsu ist in Europa weiterentwickelt worden, um sich wirkungsvoll gegen Angriffe auf der Stra\u00dfe verteidigen zu k\u00f6nnen.<\/span><\/p>\t\t\t\t\t\t\t\t<\/div>\n\t\t\t\t<\/div>\n\t\t\t\t\t<\/div>\n\t\t<\/div>\n\t\t\t\t\t<\/div>\n\t\t<\/section>\n\t\t\t\t<\/div>\n\t\t","protected":false},"excerpt":{"rendered":"<p>Ju Jitsu \/ Jiu-Jitsu \/ Selbstverteidiung Ju-Jitsu oder auch Jiu Jitsu bedeutet &#8222;Die sanfte Kunst&#8220;. &#8222;Ju&#8220; bzw. &#8222;Jiu&#8220; bedeutet sanft, geschmeidig oder auch nachgeben. &#8222;Jitsu&#8220; ist die japanische Bezeichnung f\u00fcr Kunst. So steht Ju Jitsu f\u00fcr &#8222;Siegen durch nachgeben&#8220;. Ju\/Jiu: weich, sanft, nachgebendJutsu\/Jitsu: Kunst Ju-Jitsu ist ein Sport, der haupts\u00e4chlich die Selbstverteidigung in Form von &hellip; <\/p>\n<p class=\"link-more\"><a href=\"https:\/\/www.kampfsport-dagersheim.de\/?page_id=7\" class=\"more-link\"><span class=\"screen-reader-text\">\u201eJu Jitsu \/ Selbstverteidigung\u201c <\/span>weiterlesen<\/a><\/p>\n","protected":false},"author":1,"featured_media":0,"parent":0,"menu_order":0,"comment_status":"closed","ping_status":"closed","template":"","meta":{"footnotes":""},"class_list":["post-7","page","type-page","status-publish","hentry"],"_links":{"self":[{"href":"https:\/\/www.kampfsport-dagersheim.de\/index.php?rest_route=\/wp\/v2\/pages\/7","targetHints":{"allow":["GET"]}}],"collection":[{"href":"https:\/\/www.kampfsport-dagersheim.de\/index.php?rest_route=\/wp\/v2\/pages"}],"about":[{"href":"https:\/\/www.kampfsport-dagersheim.de\/index.php?rest_route=\/wp\/v2\/types\/page"}],"author":[{"embeddable":true,"href":"https:\/\/www.kampfsport-dagersheim.de\/index.php?rest_route=\/wp\/v2\/users\/1"}],"replies":[{"embeddable":true,"href":"https:\/\/www.kampfsport-dagersheim.de\/index.php?rest_route=%2Fwp%2Fv2%2Fcomments&post=7"}],"version-history":[{"count":17,"href":"https:\/\/www.kampfsport-dagersheim.de\/index.php?rest_route=\/wp\/v2\/pages\/7\/revisions"}],"predecessor-version":[{"id":1997,"href":"https:\/\/www.kampfsport-dagersheim.de\/index.php?rest_route=\/wp\/v2\/pages\/7\/revisions\/1997"}],"wp:attachment":[{"href":"https:\/\/www.kampfsport-dagersheim.de\/index.php?rest_route=%2Fwp%2Fv2%2Fmedia&parent=7"}],"curies":[{"name":"wp","href":"https:\/\/api.w.org\/{rel}","templated":true}]}}