{"id":642,"date":"2019-12-15T22:56:08","date_gmt":"2019-12-15T21:56:08","guid":{"rendered":"http:\/\/www.kampfsport-dagersheim.de\/KSD\/?page_id=642"},"modified":"2020-01-06T18:59:56","modified_gmt":"2020-01-06T17:59:56","slug":"allgemeine-begriffe","status":"publish","type":"page","link":"https:\/\/www.kampfsport-dagersheim.de\/?page_id=642","title":{"rendered":"Allgemeine Begriffe und Kommandos"},"content":{"rendered":"\t\t<div data-elementor-type=\"wp-page\" data-elementor-id=\"642\" class=\"elementor elementor-642\">\n\t\t\t\t\t\t<section class=\"elementor-section elementor-top-section elementor-element elementor-element-20f0fee elementor-section-boxed elementor-section-height-default elementor-section-height-default\" data-id=\"20f0fee\" data-element_type=\"section\" data-e-type=\"section\">\n\t\t\t\t\t\t<div class=\"elementor-container elementor-column-gap-default\">\n\t\t\t\t\t<div class=\"elementor-column elementor-col-100 elementor-top-column elementor-element elementor-element-d35849d\" data-id=\"d35849d\" data-element_type=\"column\" data-e-type=\"column\">\n\t\t\t<div class=\"elementor-widget-wrap elementor-element-populated\">\n\t\t\t\t\t\t<div class=\"elementor-element elementor-element-52a87ed elementor-widget elementor-widget-wp-widget-nav_menu\" data-id=\"52a87ed\" data-element_type=\"widget\" data-e-type=\"widget\" data-widget_type=\"wp-widget-nav_menu.default\">\n\t\t\t\t<div class=\"elementor-widget-container\">\n\t\t\t\t\t<nav class=\"menu-budo-lexikon-container\" aria-label=\"Men\u00fc\"><ul id=\"menu-budo-lexikon\" class=\"menu\"><li id=\"menu-item-664\" class=\"menu-item menu-item-type-post_type menu-item-object-page menu-item-664\"><a href=\"https:\/\/www.kampfsport-dagersheim.de\/?page_id=642\">Allgemeine Begriffe und Kommandos<\/a><\/li>\n<li id=\"menu-item-660\" class=\"menu-item menu-item-type-post_type menu-item-object-page menu-item-660\"><a href=\"https:\/\/www.kampfsport-dagersheim.de\/?page_id=658\">Trainingsformen, Angriffsstufen und Stellungen<\/a><\/li>\n<li id=\"menu-item-661\" class=\"menu-item menu-item-type-post_type menu-item-object-page menu-item-661\"><a href=\"https:\/\/www.kampfsport-dagersheim.de\/?page_id=656\">Block- und Fu\u00dftechniken<\/a><\/li>\n<li id=\"menu-item-662\" class=\"menu-item menu-item-type-post_type menu-item-object-page menu-item-662\"><a href=\"https:\/\/www.kampfsport-dagersheim.de\/?page_id=654\">Schlag- und Sto\u00dftechniken<\/a><\/li>\n<li id=\"menu-item-663\" class=\"menu-item menu-item-type-post_type menu-item-object-page menu-item-663\"><a href=\"https:\/\/www.kampfsport-dagersheim.de\/?page_id=648\">Z\u00e4hlen auf japanisch<\/a><\/li>\n<\/ul><\/nav>\t\t\t\t<\/div>\n\t\t\t\t<\/div>\n\t\t\t\t\t<\/div>\n\t\t<\/div>\n\t\t\t\t\t<\/div>\n\t\t<\/section>\n\t\t\t\t<section class=\"elementor-section elementor-top-section elementor-element elementor-element-83f448f elementor-section-boxed elementor-section-height-default elementor-section-height-default\" data-id=\"83f448f\" data-element_type=\"section\" data-e-type=\"section\">\n\t\t\t\t\t\t<div class=\"elementor-container elementor-column-gap-default\">\n\t\t\t\t\t<div class=\"elementor-column elementor-col-33 elementor-top-column elementor-element elementor-element-a0b7557\" data-id=\"a0b7557\" data-element_type=\"column\" data-e-type=\"column\" data-settings=\"{&quot;background_background&quot;:&quot;classic&quot;}\">\n\t\t\t<div class=\"elementor-widget-wrap elementor-element-populated\">\n\t\t\t\t\t\t<div class=\"elementor-element elementor-element-bffa9fa elementor-widget elementor-widget-text-editor\" data-id=\"bffa9fa\" data-element_type=\"widget\" data-e-type=\"widget\" data-widget_type=\"text-editor.default\">\n\t\t\t\t<div class=\"elementor-widget-container\">\n\t\t\t\t\t\t\t\t\t<p><strong>Allgemeine Begriffe<\/strong><\/p><table><tbody><tr><td>Budo<\/td><td>\u00dcberbegriff der asiatischen Kampfk\u00fcnste<\/td><\/tr><tr><td>Bushi<\/td><td>Krieger<\/td><\/tr><tr><td>Do<\/td><td>Weg<\/td><\/tr><tr><td>Dan<\/td><td>Meistergrad<\/td><\/tr><tr><td>Kyu<\/td><td>Sch\u00fclergrad<\/td><\/tr><tr><td>Ryu<\/td><td>Stil, Schule<\/td><\/tr><tr><td>Dojo<\/td><td>\u00dcbungsraum, Verein<\/td><\/tr><tr><td>Gi<\/td><td>SV-Anzug\/Karate-Anzug<\/td><\/tr><tr><td>Hara<\/td><td>Bauch, Schwerzentrum<\/td><\/tr><tr><td>Kiai<\/td><td>Kampfschrei (Ki=Energie, Ai=zusammenkommen)<\/td><\/tr><tr><td>Kime<\/td><td>\u00e4u\u00dferster Einsatz mit voller Spannung<\/td><\/tr><tr><td>Sensei<\/td><td>Lehrer<\/td><\/tr><tr><td>Senshi<\/td><td>K\u00e4mpfer<\/td><\/tr><tr><td>Shihan<\/td><td>Gro\u00dfmeister<\/td><\/tr><\/tbody><\/table>\t\t\t\t\t\t\t\t<\/div>\n\t\t\t\t<\/div>\n\t\t\t\t\t<\/div>\n\t\t<\/div>\n\t\t\t\t<div class=\"elementor-column elementor-col-33 elementor-top-column elementor-element elementor-element-736d9ca\" data-id=\"736d9ca\" data-element_type=\"column\" data-e-type=\"column\">\n\t\t\t<div class=\"elementor-widget-wrap\">\n\t\t\t\t\t\t\t<\/div>\n\t\t<\/div>\n\t\t\t\t<div class=\"elementor-column elementor-col-33 elementor-top-column elementor-element elementor-element-f852145\" data-id=\"f852145\" data-element_type=\"column\" data-e-type=\"column\" data-settings=\"{&quot;background_background&quot;:&quot;classic&quot;}\">\n\t\t\t<div class=\"elementor-widget-wrap elementor-element-populated\">\n\t\t\t\t\t\t<div class=\"elementor-element elementor-element-c634319 elementor-widget elementor-widget-text-editor\" data-id=\"c634319\" data-element_type=\"widget\" data-e-type=\"widget\" data-widget_type=\"text-editor.default\">\n\t\t\t\t<div class=\"elementor-widget-container\">\n\t\t\t\t\t\t\t\t\t<p><strong>Kommandos<\/strong><\/p><table><tbody><tr><td>Seiza<\/td><td>Kniesitz<\/td><\/tr><tr><td>Mokuso<\/td><td>Meditation<\/td><\/tr><tr><td>Rei<\/td><td>Gru\u00df<\/td><\/tr><tr><td>Yoi<\/td><td>Achtung<\/td><\/tr><tr><td>Hajime<\/td><td>Anfangen, los<\/td><\/tr><tr><td>Yame<\/td><td>Aufh\u00f6ren, stop<\/td><\/tr><tr><td>Mawate<\/td><td>Wendung<\/td><\/tr><\/tbody><\/table>\t\t\t\t\t\t\t\t<\/div>\n\t\t\t\t<\/div>\n\t\t\t\t\t<\/div>\n\t\t<\/div>\n\t\t\t\t\t<\/div>\n\t\t<\/section>\n\t\t\t\t<\/div>\n\t\t","protected":false},"excerpt":{"rendered":"<p>Allgemeine Begriffe Budo \u00dcberbegriff der asiatischen Kampfk\u00fcnste Bushi Krieger Do Weg Dan Meistergrad Kyu Sch\u00fclergrad Ryu Stil, Schule Dojo \u00dcbungsraum, Verein Gi SV-Anzug\/Karate-Anzug Hara Bauch, Schwerzentrum Kiai Kampfschrei (Ki=Energie, Ai=zusammenkommen) Kime \u00e4u\u00dferster Einsatz mit voller Spannung Sensei Lehrer Senshi K\u00e4mpfer Shihan Gro\u00dfmeister Kommandos Seiza Kniesitz Mokuso Meditation Rei Gru\u00df Yoi Achtung Hajime Anfangen, los Yame &hellip; <\/p>\n<p class=\"link-more\"><a href=\"https:\/\/www.kampfsport-dagersheim.de\/?page_id=642\" class=\"more-link\"><span class=\"screen-reader-text\">\u201eAllgemeine Begriffe und Kommandos\u201c <\/span>weiterlesen<\/a><\/p>\n","protected":false},"author":1,"featured_media":0,"parent":0,"menu_order":0,"comment_status":"closed","ping_status":"closed","template":"","meta":{"footnotes":""},"class_list":["post-642","page","type-page","status-publish","hentry"],"_links":{"self":[{"href":"https:\/\/www.kampfsport-dagersheim.de\/index.php?rest_route=\/wp\/v2\/pages\/642","targetHints":{"allow":["GET"]}}],"collection":[{"href":"https:\/\/www.kampfsport-dagersheim.de\/index.php?rest_route=\/wp\/v2\/pages"}],"about":[{"href":"https:\/\/www.kampfsport-dagersheim.de\/index.php?rest_route=\/wp\/v2\/types\/page"}],"author":[{"embeddable":true,"href":"https:\/\/www.kampfsport-dagersheim.de\/index.php?rest_route=\/wp\/v2\/users\/1"}],"replies":[{"embeddable":true,"href":"https:\/\/www.kampfsport-dagersheim.de\/index.php?rest_route=%2Fwp%2Fv2%2Fcomments&post=642"}],"version-history":[{"count":9,"href":"https:\/\/www.kampfsport-dagersheim.de\/index.php?rest_route=\/wp\/v2\/pages\/642\/revisions"}],"predecessor-version":[{"id":1204,"href":"https:\/\/www.kampfsport-dagersheim.de\/index.php?rest_route=\/wp\/v2\/pages\/642\/revisions\/1204"}],"wp:attachment":[{"href":"https:\/\/www.kampfsport-dagersheim.de\/index.php?rest_route=%2Fwp%2Fv2%2Fmedia&parent=642"}],"curies":[{"name":"wp","href":"https:\/\/api.w.org\/{rel}","templated":true}]}}