{"id":61,"date":"2019-12-08T17:43:54","date_gmt":"2019-12-08T16:43:54","guid":{"rendered":"http:\/\/www.kampfsport-dagersheim.de\/KSD\/?page_id=61"},"modified":"2025-11-30T12:00:33","modified_gmt":"2025-11-30T11:00:33","slug":"verbaende","status":"publish","type":"page","link":"https:\/\/www.kampfsport-dagersheim.de\/?page_id=61","title":{"rendered":"Unsere Verb\u00e4nde"},"content":{"rendered":"\t\t<div data-elementor-type=\"wp-page\" data-elementor-id=\"61\" class=\"elementor elementor-61\">\n\t\t\t\t\t\t<section class=\"elementor-section elementor-top-section elementor-element elementor-element-2f6b9ad elementor-section-boxed elementor-section-height-default elementor-section-height-default\" data-id=\"2f6b9ad\" data-element_type=\"section\" data-e-type=\"section\">\n\t\t\t\t\t\t<div class=\"elementor-container elementor-column-gap-default\">\n\t\t\t\t\t<div class=\"elementor-column elementor-col-33 elementor-top-column elementor-element elementor-element-e357cfc\" data-id=\"e357cfc\" data-element_type=\"column\" data-e-type=\"column\">\n\t\t\t<div class=\"elementor-widget-wrap elementor-element-populated\">\n\t\t\t\t\t\t<div class=\"elementor-element elementor-element-9a0c68c elementor-widget elementor-widget-text-editor\" data-id=\"9a0c68c\" data-element_type=\"widget\" data-e-type=\"widget\" data-widget_type=\"text-editor.default\">\n\t\t\t\t<div class=\"elementor-widget-container\">\n\t\t\t\t\t\t\t\t\t<p style=\"text-align: center;\"><strong>F\u00fcr<\/strong><br \/><strong>Ju Jitsu, Hanbo Jitsu und Kickboxen<\/strong><\/p>\t\t\t\t\t\t\t\t<\/div>\n\t\t\t\t<\/div>\n\t\t\t\t<div class=\"elementor-element elementor-element-bae31a1 elementor-widget elementor-widget-image\" data-id=\"bae31a1\" data-element_type=\"widget\" data-e-type=\"widget\" data-widget_type=\"image.default\">\n\t\t\t\t<div class=\"elementor-widget-container\">\n\t\t\t\t\t\t\t\t\t\t\t\t<figure class=\"wp-caption\">\n\t\t\t\t\t\t\t\t\t\t\t<a href=\"http:\/\/www.siegfried-lory.de\" target=\"_blank\">\n\t\t\t\t\t\t\t<img decoding=\"async\" width=\"200\" height=\"198\" src=\"https:\/\/www.kampfsport-dagersheim.de\/wp-content\/uploads\/2019\/12\/IFAK2018-200b.jpg\" class=\"attachment-full size-full wp-image-426\" alt=\"\" srcset=\"https:\/\/www.kampfsport-dagersheim.de\/wp-content\/uploads\/2019\/12\/IFAK2018-200b.jpg 200w, https:\/\/www.kampfsport-dagersheim.de\/wp-content\/uploads\/2019\/12\/IFAK2018-200b-150x150.jpg 150w, https:\/\/www.kampfsport-dagersheim.de\/wp-content\/uploads\/2019\/12\/IFAK2018-200b-100x100.jpg 100w\" sizes=\"100vw\" \/>\t\t\t\t\t\t\t\t<\/a>\n\t\t\t\t\t\t\t\t\t\t\t<figcaption class=\"widget-image-caption wp-caption-text\">Internationaler Fachverband f\u00fcr asiatische Kampfsportarten IFAK<\/figcaption>\n\t\t\t\t\t\t\t\t\t\t<\/figure>\n\t\t\t\t\t\t\t\t\t<\/div>\n\t\t\t\t<\/div>\n\t\t\t\t\t<\/div>\n\t\t<\/div>\n\t\t\t\t<div class=\"elementor-column elementor-col-33 elementor-top-column elementor-element elementor-element-917f689\" data-id=\"917f689\" data-element_type=\"column\" data-e-type=\"column\">\n\t\t\t<div class=\"elementor-widget-wrap elementor-element-populated\">\n\t\t\t\t\t\t<div class=\"elementor-element elementor-element-782505e elementor-widget elementor-widget-text-editor\" data-id=\"782505e\" data-element_type=\"widget\" data-e-type=\"widget\" data-widget_type=\"text-editor.default\">\n\t\t\t\t<div class=\"elementor-widget-container\">\n\t\t\t\t\t\t\t\t\t<p style=\"text-align: center;\"><strong>F\u00fcr <br \/>Kobukai Kobudo und Bojutsu<\/strong><\/p>\t\t\t\t\t\t\t\t<\/div>\n\t\t\t\t<\/div>\n\t\t\t\t<div class=\"elementor-element elementor-element-9d315b5 elementor-widget elementor-widget-image\" data-id=\"9d315b5\" data-element_type=\"widget\" data-e-type=\"widget\" data-widget_type=\"image.default\">\n\t\t\t\t<div class=\"elementor-widget-container\">\n\t\t\t\t\t\t\t\t\t\t\t\t<figure class=\"wp-caption\">\n\t\t\t\t\t\t\t\t\t\t\t<a href=\"http:\/\/www.ikf-kobudo.org\" target=\"_blank\">\n\t\t\t\t\t\t\t<img fetchpriority=\"high\" decoding=\"async\" width=\"233\" height=\"301\" src=\"https:\/\/www.kampfsport-dagersheim.de\/wp-content\/uploads\/2019\/12\/IKF-Logo-300.jpg\" class=\"attachment-full size-full wp-image-425\" alt=\"\" sizes=\"100vw\" \/>\t\t\t\t\t\t\t\t<\/a>\n\t\t\t\t\t\t\t\t\t\t\t<figcaption class=\"widget-image-caption wp-caption-text\">International Kobudo Federation<\/figcaption>\n\t\t\t\t\t\t\t\t\t\t<\/figure>\n\t\t\t\t\t\t\t\t\t<\/div>\n\t\t\t\t<\/div>\n\t\t\t\t\t<\/div>\n\t\t<\/div>\n\t\t\t\t<div class=\"elementor-column elementor-col-33 elementor-top-column elementor-element elementor-element-d5d4014\" data-id=\"d5d4014\" data-element_type=\"column\" data-e-type=\"column\">\n\t\t\t<div class=\"elementor-widget-wrap elementor-element-populated\">\n\t\t\t\t\t\t<div class=\"elementor-element elementor-element-8cb496e elementor-widget elementor-widget-text-editor\" data-id=\"8cb496e\" data-element_type=\"widget\" data-e-type=\"widget\" data-widget_type=\"text-editor.default\">\n\t\t\t\t<div class=\"elementor-widget-container\">\n\t\t\t\t\t\t\t\t\t<p style=\"text-align: center;\"><strong>F\u00fcr <\/strong><br \/><strong>Shotokan Karate<\/strong><\/p>\t\t\t\t\t\t\t\t<\/div>\n\t\t\t\t<\/div>\n\t\t\t\t<div class=\"elementor-element elementor-element-ac90854 elementor-widget elementor-widget-image\" data-id=\"ac90854\" data-element_type=\"widget\" data-e-type=\"widget\" data-widget_type=\"image.default\">\n\t\t\t\t<div class=\"elementor-widget-container\">\n\t\t\t\t\t\t\t\t\t\t\t\t<figure class=\"wp-caption\">\n\t\t\t\t\t\t\t\t\t\t\t<a href=\"http:\/\/www.karate-kvbw.de\" target=\"_blank\">\n\t\t\t\t\t\t\t<img decoding=\"async\" width=\"150\" height=\"126\" src=\"https:\/\/www.kampfsport-dagersheim.de\/wp-content\/uploads\/2019\/12\/Logo-KVBW-2013.jpg\" class=\"attachment-medium size-medium wp-image-421\" alt=\"\" sizes=\"100vw\" \/>\t\t\t\t\t\t\t\t<\/a>\n\t\t\t\t\t\t\t\t\t\t\t<figcaption class=\"widget-image-caption wp-caption-text\">Karateverband Baden-W\u00fcrttemberg<\/figcaption>\n\t\t\t\t\t\t\t\t\t\t<\/figure>\n\t\t\t\t\t\t\t\t\t<\/div>\n\t\t\t\t<\/div>\n\t\t\t\t<div class=\"elementor-element elementor-element-6ca187d elementor-widget elementor-widget-image\" data-id=\"6ca187d\" data-element_type=\"widget\" data-e-type=\"widget\" data-widget_type=\"image.default\">\n\t\t\t\t<div class=\"elementor-widget-container\">\n\t\t\t\t\t\t\t\t\t\t\t\t<figure class=\"wp-caption\">\n\t\t\t\t\t\t\t\t\t\t\t<a href=\"http:\/\/www.karate.de\" target=\"_blank\">\n\t\t\t\t\t\t\t<img loading=\"lazy\" decoding=\"async\" width=\"150\" height=\"95\" src=\"https:\/\/www.kampfsport-dagersheim.de\/wp-content\/uploads\/2019\/12\/DKV-Logo-2010-NEU-150.jpg\" class=\"attachment-full size-full wp-image-871\" alt=\"\" sizes=\"100vw\" \/>\t\t\t\t\t\t\t\t<\/a>\n\t\t\t\t\t\t\t\t\t\t\t<figcaption class=\"widget-image-caption wp-caption-text\">Deutscher Karateverband<\/figcaption>\n\t\t\t\t\t\t\t\t\t\t<\/figure>\n\t\t\t\t\t\t\t\t\t<\/div>\n\t\t\t\t<\/div>\n\t\t\t\t\t<\/div>\n\t\t<\/div>\n\t\t\t\t\t<\/div>\n\t\t<\/section>\n\t\t\t\t<\/div>\n\t\t","protected":false},"excerpt":{"rendered":"<p>F\u00fcrJu Jitsu, Hanbo Jitsu und Kickboxen Internationaler Fachverband f\u00fcr asiatische Kampfsportarten IFAK F\u00fcr Kobukai Kobudo und Bojutsu International Kobudo Federation F\u00fcr Shotokan Karate Karateverband Baden-W\u00fcrttemberg Deutscher Karateverband<\/p>\n","protected":false},"author":1,"featured_media":0,"parent":0,"menu_order":0,"comment_status":"closed","ping_status":"closed","template":"","meta":{"footnotes":""},"class_list":["post-61","page","type-page","status-publish","hentry"],"_links":{"self":[{"href":"https:\/\/www.kampfsport-dagersheim.de\/index.php?rest_route=\/wp\/v2\/pages\/61","targetHints":{"allow":["GET"]}}],"collection":[{"href":"https:\/\/www.kampfsport-dagersheim.de\/index.php?rest_route=\/wp\/v2\/pages"}],"about":[{"href":"https:\/\/www.kampfsport-dagersheim.de\/index.php?rest_route=\/wp\/v2\/types\/page"}],"author":[{"embeddable":true,"href":"https:\/\/www.kampfsport-dagersheim.de\/index.php?rest_route=\/wp\/v2\/users\/1"}],"replies":[{"embeddable":true,"href":"https:\/\/www.kampfsport-dagersheim.de\/index.php?rest_route=%2Fwp%2Fv2%2Fcomments&post=61"}],"version-history":[{"count":20,"href":"https:\/\/www.kampfsport-dagersheim.de\/index.php?rest_route=\/wp\/v2\/pages\/61\/revisions"}],"predecessor-version":[{"id":4906,"href":"https:\/\/www.kampfsport-dagersheim.de\/index.php?rest_route=\/wp\/v2\/pages\/61\/revisions\/4906"}],"wp:attachment":[{"href":"https:\/\/www.kampfsport-dagersheim.de\/index.php?rest_route=%2Fwp%2Fv2%2Fmedia&parent=61"}],"curies":[{"name":"wp","href":"https:\/\/api.w.org\/{rel}","templated":true}]}}