{"id":59,"date":"2019-12-08T17:43:36","date_gmt":"2019-12-08T16:43:36","guid":{"rendered":"http:\/\/www.kampfsport-dagersheim.de\/KSD\/?page_id=59"},"modified":"2025-01-06T10:32:23","modified_gmt":"2025-01-06T09:32:23","slug":"vorstand","status":"publish","type":"page","link":"https:\/\/www.kampfsport-dagersheim.de\/?page_id=59","title":{"rendered":"Vorstand"},"content":{"rendered":"\t\t<div data-elementor-type=\"wp-page\" data-elementor-id=\"59\" class=\"elementor elementor-59\">\n\t\t\t\t\t\t<section class=\"elementor-section elementor-top-section elementor-element elementor-element-d716dd6 elementor-section-boxed elementor-section-height-default elementor-section-height-default\" data-id=\"d716dd6\" data-element_type=\"section\" data-e-type=\"section\">\n\t\t\t\t\t\t<div class=\"elementor-container elementor-column-gap-default\">\n\t\t\t\t\t<div class=\"elementor-column elementor-col-25 elementor-top-column elementor-element elementor-element-703eb4a\" data-id=\"703eb4a\" data-element_type=\"column\" data-e-type=\"column\">\n\t\t\t<div class=\"elementor-widget-wrap elementor-element-populated\">\n\t\t\t\t\t\t<div class=\"elementor-element elementor-element-84e974a elementor-widget elementor-widget-image\" data-id=\"84e974a\" data-element_type=\"widget\" data-e-type=\"widget\" data-widget_type=\"image.default\">\n\t\t\t\t<div class=\"elementor-widget-container\">\n\t\t\t\t\t\t\t\t\t\t\t\t\t\t\t<img decoding=\"async\" width=\"95\" height=\"129\" src=\"https:\/\/www.kampfsport-dagersheim.de\/wp-content\/uploads\/2019\/12\/Matthias-95-130-2019-w2.jpg\" class=\"attachment-full size-full wp-image-1141\" alt=\"\" sizes=\"100vw\" \/>\t\t\t\t\t\t\t\t\t\t\t\t\t\t\t<\/div>\n\t\t\t\t<\/div>\n\t\t\t\t\t<\/div>\n\t\t<\/div>\n\t\t\t\t<div class=\"elementor-column elementor-col-25 elementor-top-column elementor-element elementor-element-3525dc4\" data-id=\"3525dc4\" data-element_type=\"column\" data-e-type=\"column\">\n\t\t\t<div class=\"elementor-widget-wrap elementor-element-populated\">\n\t\t\t\t\t\t<div class=\"elementor-element elementor-element-5bf1c61 elementor-widget elementor-widget-text-editor\" data-id=\"5bf1c61\" data-element_type=\"widget\" data-e-type=\"widget\" data-widget_type=\"text-editor.default\">\n\t\t\t\t<div class=\"elementor-widget-container\">\n\t\t\t\t\t\t\t\t\t<p><strong>Abteilungsleiter<\/strong><br \/>Matthias Weiss, 10. Dan<br \/>Steinm\u00e4uerlweg 18<br \/>71034 B\u00f6blingen<br \/><span style=\"font-size: 1rem;\"><img decoding=\"async\" class=\"alignnone size-full wp-image-687\" src=\"https:\/\/www.kampfsport-dagersheim.de\/wp-content\/uploads\/2019\/12\/Icon-Phone.png\" alt=\"\" width=\"17\" height=\"13\" \/> 0173\/3036639<br \/><\/span><span style=\"font-size: 1rem;\"><img decoding=\"async\" class=\"alignnone size-full wp-image-686\" src=\"https:\/\/www.kampfsport-dagersheim.de\/wp-content\/uploads\/2019\/12\/Icon-Mail.png\" alt=\"\" width=\"17\" height=\"13\" \/> m.weiss@kampfsport-dagersheim.de<\/span><\/p>\t\t\t\t\t\t\t\t<\/div>\n\t\t\t\t<\/div>\n\t\t\t\t\t<\/div>\n\t\t<\/div>\n\t\t\t\t<div class=\"elementor-column elementor-col-25 elementor-top-column elementor-element elementor-element-6329824\" data-id=\"6329824\" data-element_type=\"column\" data-e-type=\"column\">\n\t\t\t<div class=\"elementor-widget-wrap elementor-element-populated\">\n\t\t\t\t\t\t<div class=\"elementor-element elementor-element-69bf846 elementor-widget elementor-widget-image\" data-id=\"69bf846\" data-element_type=\"widget\" data-e-type=\"widget\" data-widget_type=\"image.default\">\n\t\t\t\t<div class=\"elementor-widget-container\">\n\t\t\t\t\t\t\t\t\t\t\t\t\t\t\t<img loading=\"lazy\" decoding=\"async\" width=\"95\" height=\"129\" src=\"https:\/\/www.kampfsport-dagersheim.de\/wp-content\/uploads\/2019\/12\/Dieter-2019-95-130-w.jpg\" class=\"attachment-large size-large wp-image-237\" alt=\"\" sizes=\"100vw\" \/>\t\t\t\t\t\t\t\t\t\t\t\t\t\t\t<\/div>\n\t\t\t\t<\/div>\n\t\t\t\t\t<\/div>\n\t\t<\/div>\n\t\t\t\t<div class=\"elementor-column elementor-col-25 elementor-top-column elementor-element elementor-element-054334a\" data-id=\"054334a\" data-element_type=\"column\" data-e-type=\"column\">\n\t\t\t<div class=\"elementor-widget-wrap elementor-element-populated\">\n\t\t\t\t\t\t<div class=\"elementor-element elementor-element-0b85e80 elementor-widget elementor-widget-text-editor\" data-id=\"0b85e80\" data-element_type=\"widget\" data-e-type=\"widget\" data-widget_type=\"text-editor.default\">\n\t\t\t\t<div class=\"elementor-widget-container\">\n\t\t\t\t\t\t\t\t\t<p><strong>Stellv. Abteilungleiter<\/strong><br \/>Dieter Kustos<br \/>M\u00fchlstr. 21<br \/>72119 Ammerbuch<br \/><img decoding=\"async\" class=\"alignnone size-full wp-image-687\" src=\"https:\/\/www.kampfsport-dagersheim.de\/wp-content\/uploads\/2019\/12\/Icon-Phone.png\" alt=\"\" width=\"17\" height=\"13\" \/> 07032\/76621<br \/><img decoding=\"async\" class=\"alignnone size-full wp-image-687\" src=\"https:\/\/www.kampfsport-dagersheim.de\/wp-content\/uploads\/2019\/12\/Icon-Phone.png\" alt=\"\" width=\"17\" height=\"13\" \/> 0160\/90564310<\/p>\t\t\t\t\t\t\t\t<\/div>\n\t\t\t\t<\/div>\n\t\t\t\t\t<\/div>\n\t\t<\/div>\n\t\t\t\t\t<\/div>\n\t\t<\/section>\n\t\t\t\t<section class=\"elementor-section elementor-top-section elementor-element elementor-element-f8b0861 elementor-section-boxed elementor-section-height-default elementor-section-height-default\" data-id=\"f8b0861\" data-element_type=\"section\" data-e-type=\"section\">\n\t\t\t\t\t\t<div class=\"elementor-container elementor-column-gap-default\">\n\t\t\t\t\t<div class=\"elementor-column elementor-col-25 elementor-top-column elementor-element elementor-element-8baece4\" data-id=\"8baece4\" data-element_type=\"column\" data-e-type=\"column\">\n\t\t\t<div class=\"elementor-widget-wrap elementor-element-populated\">\n\t\t\t\t\t\t<div class=\"elementor-element elementor-element-ef54046 elementor-widget elementor-widget-image\" data-id=\"ef54046\" data-element_type=\"widget\" data-e-type=\"widget\" data-widget_type=\"image.default\">\n\t\t\t\t<div class=\"elementor-widget-container\">\n\t\t\t\t\t\t\t\t\t\t\t\t\t\t\t<img loading=\"lazy\" decoding=\"async\" width=\"97\" height=\"132\" src=\"https:\/\/www.kampfsport-dagersheim.de\/wp-content\/uploads\/2019\/12\/Michael-Klengel10-w.jpg\" class=\"attachment-large size-large wp-image-236\" alt=\"\" sizes=\"100vw\" \/>\t\t\t\t\t\t\t\t\t\t\t\t\t\t\t<\/div>\n\t\t\t\t<\/div>\n\t\t\t\t\t<\/div>\n\t\t<\/div>\n\t\t\t\t<div class=\"elementor-column elementor-col-25 elementor-top-column elementor-element elementor-element-458aaf8\" data-id=\"458aaf8\" data-element_type=\"column\" data-e-type=\"column\">\n\t\t\t<div class=\"elementor-widget-wrap elementor-element-populated\">\n\t\t\t\t\t\t<div class=\"elementor-element elementor-element-daef9f4 elementor-widget elementor-widget-text-editor\" data-id=\"daef9f4\" data-element_type=\"widget\" data-e-type=\"widget\" data-widget_type=\"text-editor.default\">\n\t\t\t\t<div class=\"elementor-widget-container\">\n\t\t\t\t\t\t\t\t\t<p><strong>Kassier<\/strong><br \/>Michael Klengel, 4. Dan<br \/>Auf der Stelle 29<br \/>71067 Sindelfingen<br \/><img decoding=\"async\" class=\"alignnone size-full wp-image-687\" src=\"https:\/\/www.kampfsport-dagersheim.de\/wp-content\/uploads\/2019\/12\/Icon-Phone.png\" alt=\"\" width=\"17\" height=\"13\" \/> 07031\/806019<br \/><img decoding=\"async\" class=\"alignnone size-full wp-image-687\" src=\"https:\/\/www.kampfsport-dagersheim.de\/wp-content\/uploads\/2019\/12\/Icon-Phone.png\" alt=\"\" width=\"17\" height=\"13\" \/> 0172\/7863446<br \/><img decoding=\"async\" class=\"alignnone size-full wp-image-686\" src=\"https:\/\/www.kampfsport-dagersheim.de\/wp-content\/uploads\/2019\/12\/Icon-Mail.png\" alt=\"\" width=\"17\" height=\"13\" \/> m.klengel@kampfsport-dagersheim.de<\/p>\t\t\t\t\t\t\t\t<\/div>\n\t\t\t\t<\/div>\n\t\t\t\t\t<\/div>\n\t\t<\/div>\n\t\t\t\t<div class=\"elementor-column elementor-col-25 elementor-top-column elementor-element elementor-element-57c81f3\" data-id=\"57c81f3\" data-element_type=\"column\" data-e-type=\"column\">\n\t\t\t<div class=\"elementor-widget-wrap elementor-element-populated\">\n\t\t\t\t\t\t<div class=\"elementor-element elementor-element-2bb340f elementor-widget elementor-widget-image\" data-id=\"2bb340f\" data-element_type=\"widget\" data-e-type=\"widget\" data-widget_type=\"image.default\">\n\t\t\t\t<div class=\"elementor-widget-container\">\n\t\t\t\t\t\t\t\t\t\t\t\t\t\t\t<img loading=\"lazy\" decoding=\"async\" width=\"95\" height=\"130\" src=\"https:\/\/www.kampfsport-dagersheim.de\/wp-content\/uploads\/2019\/12\/Jens-2019-95-130-w.jpg\" class=\"attachment-large size-large wp-image-234\" alt=\"\" sizes=\"100vw\" \/>\t\t\t\t\t\t\t\t\t\t\t\t\t\t\t<\/div>\n\t\t\t\t<\/div>\n\t\t\t\t\t<\/div>\n\t\t<\/div>\n\t\t\t\t<div class=\"elementor-column elementor-col-25 elementor-top-column elementor-element elementor-element-a3aa896\" data-id=\"a3aa896\" data-element_type=\"column\" data-e-type=\"column\">\n\t\t\t<div class=\"elementor-widget-wrap elementor-element-populated\">\n\t\t\t\t\t\t<div class=\"elementor-element elementor-element-fbfa4ab elementor-widget elementor-widget-text-editor\" data-id=\"fbfa4ab\" data-element_type=\"widget\" data-e-type=\"widget\" data-widget_type=\"text-editor.default\">\n\t\t\t\t<div class=\"elementor-widget-container\">\n\t\t\t\t\t\t\t\t\t<p><strong>Schriftf\u00fchrer<\/strong><br \/>Jens H\u00e4cker, 1. Dan<br \/>Blumenstr. 14<br \/>71034 B\u00f6blingen<br \/><img decoding=\"async\" class=\"alignnone size-full wp-image-687\" src=\"https:\/\/www.kampfsport-dagersheim.de\/wp-content\/uploads\/2019\/12\/Icon-Phone.png\" alt=\"\" width=\"17\" height=\"13\" \/> 0176\/38980556<\/p>\t\t\t\t\t\t\t\t<\/div>\n\t\t\t\t<\/div>\n\t\t\t\t\t<\/div>\n\t\t<\/div>\n\t\t\t\t\t<\/div>\n\t\t<\/section>\n\t\t\t\t<\/div>\n\t\t","protected":false},"excerpt":{"rendered":"<p>AbteilungsleiterMatthias Weiss, 10. DanSteinm\u00e4uerlweg 1871034 B\u00f6blingen 0173\/3036639 m.weiss@kampfsport-dagersheim.de Stellv. AbteilungleiterDieter KustosM\u00fchlstr. 2172119 Ammerbuch 07032\/76621 0160\/90564310 KassierMichael Klengel, 4. DanAuf der Stelle 2971067 Sindelfingen 07031\/806019 0172\/7863446 m.klengel@kampfsport-dagersheim.de Schriftf\u00fchrerJens H\u00e4cker, 1. DanBlumenstr. 1471034 B\u00f6blingen 0176\/38980556<\/p>\n","protected":false},"author":1,"featured_media":0,"parent":0,"menu_order":0,"comment_status":"closed","ping_status":"closed","template":"","meta":{"footnotes":""},"class_list":["post-59","page","type-page","status-publish","hentry"],"_links":{"self":[{"href":"https:\/\/www.kampfsport-dagersheim.de\/index.php?rest_route=\/wp\/v2\/pages\/59","targetHints":{"allow":["GET"]}}],"collection":[{"href":"https:\/\/www.kampfsport-dagersheim.de\/index.php?rest_route=\/wp\/v2\/pages"}],"about":[{"href":"https:\/\/www.kampfsport-dagersheim.de\/index.php?rest_route=\/wp\/v2\/types\/page"}],"author":[{"embeddable":true,"href":"https:\/\/www.kampfsport-dagersheim.de\/index.php?rest_route=\/wp\/v2\/users\/1"}],"replies":[{"embeddable":true,"href":"https:\/\/www.kampfsport-dagersheim.de\/index.php?rest_route=%2Fwp%2Fv2%2Fcomments&post=59"}],"version-history":[{"count":27,"href":"https:\/\/www.kampfsport-dagersheim.de\/index.php?rest_route=\/wp\/v2\/pages\/59\/revisions"}],"predecessor-version":[{"id":4274,"href":"https:\/\/www.kampfsport-dagersheim.de\/index.php?rest_route=\/wp\/v2\/pages\/59\/revisions\/4274"}],"wp:attachment":[{"href":"https:\/\/www.kampfsport-dagersheim.de\/index.php?rest_route=%2Fwp%2Fv2%2Fmedia&parent=59"}],"curies":[{"name":"wp","href":"https:\/\/api.w.org\/{rel}","templated":true}]}}