{"id":5190,"date":"2026-05-12T19:24:05","date_gmt":"2026-05-12T17:24:05","guid":{"rendered":"https:\/\/www.kampfsport-dagersheim.de\/?page_id=5190"},"modified":"2026-05-12T20:28:24","modified_gmt":"2026-05-12T18:28:24","slug":"seminar-ju-jitsu-und-hanbo-jitsu-in-kosice-slowakei-mai-2026","status":"publish","type":"page","link":"https:\/\/www.kampfsport-dagersheim.de\/?page_id=5190","title":{"rendered":"Seminar Ju-Jitsu &#038; Hanbo-Jitsu in Kosice\/Slowakei, Mai 2026"},"content":{"rendered":"\t\t<div data-elementor-type=\"wp-page\" data-elementor-id=\"5190\" class=\"elementor elementor-5190\">\n\t\t\t\t\t\t<section class=\"elementor-section elementor-top-section elementor-element elementor-element-4c576f1c elementor-section-boxed elementor-section-height-default elementor-section-height-default\" data-id=\"4c576f1c\" data-element_type=\"section\" data-e-type=\"section\">\n\t\t\t\t\t\t<div class=\"elementor-container elementor-column-gap-default\">\n\t\t\t\t\t<div class=\"elementor-column elementor-col-100 elementor-top-column elementor-element elementor-element-6ad87f9\" data-id=\"6ad87f9\" data-element_type=\"column\" data-e-type=\"column\">\n\t\t\t<div class=\"elementor-widget-wrap elementor-element-populated\">\n\t\t\t\t\t\t<div class=\"elementor-element elementor-element-308c39cb elementor-widget elementor-widget-text-editor\" data-id=\"308c39cb\" data-element_type=\"widget\" data-e-type=\"widget\" data-widget_type=\"text-editor.default\">\n\t\t\t\t<div class=\"elementor-widget-container\">\n\t\t\t\t\t\t\t\t\t<p><strong><img decoding=\"async\" class=\"alignright wp-image-423\" src=\"https:\/\/www.kampfsport-dagersheim.de\/wp-content\/uploads\/2019\/12\/IFAK2018-200.jpg\" alt=\"\" width=\"170\" height=\"168\" srcset=\"https:\/\/www.kampfsport-dagersheim.de\/wp-content\/uploads\/2019\/12\/IFAK2018-200.jpg 200w, https:\/\/www.kampfsport-dagersheim.de\/wp-content\/uploads\/2019\/12\/IFAK2018-200-100x100.jpg 100w\" sizes=\"(max-width: 170px) 100vw, 170px\" \/><img decoding=\"async\" class=\"alignright wp-image-5193\" src=\"https:\/\/www.kampfsport-dagersheim.de\/wp-content\/uploads\/2026\/05\/Logo_01-1-e1670266348720.png\" alt=\"\" width=\"160\" height=\"160\" srcset=\"https:\/\/www.kampfsport-dagersheim.de\/wp-content\/uploads\/2026\/05\/Logo_01-1-e1670266348720.png 173w, https:\/\/www.kampfsport-dagersheim.de\/wp-content\/uploads\/2026\/05\/Logo_01-1-e1670266348720-150x150.png 150w, https:\/\/www.kampfsport-dagersheim.de\/wp-content\/uploads\/2026\/05\/Logo_01-1-e1670266348720-100x100.png 100w\" sizes=\"(max-width: 160px) 100vw, 160px\" \/>Internationales Ju-Jitsu und Hanbo-Jitsu Seminar in Ko\u0161ice \/ Slowakei<\/strong>\u00a0 \u00a0<\/p><p><span style=\"font-size: 1rem;\">Am Samstag, den 09.05.2026, fand beim MMK Ju Jitsu Ko\u0161ice ein Ju-Jitsu und Hanbo-Jitsu Seminar statt. Bei diesem Seminar war auch IFAK Pr\u00e4sident Soke Siegfried Lory 10. Dan mit dabei. Vor dem Lehrgang fanden unter seiner Leitung Dan- und Kyu-Pr\u00fcfungen im Hanbo-Jitsu statt, die er gemeinsam mit Hanshi Matthias Weiss 10. Dan und Renshi Cedric Weiss 5. Dan abnahm. Alle sechs Teilnehmer hatten ihre jeweilige Pr\u00fcfung erfolgreich bestanden.<br \/><br \/><\/span><img fetchpriority=\"high\" decoding=\"async\" class=\"size-medium wp-image-5196 alignleft\" src=\"https:\/\/www.kampfsport-dagersheim.de\/wp-content\/uploads\/2026\/05\/Referenten-300x169.jpg\" alt=\"\" width=\"300\" height=\"169\" srcset=\"https:\/\/www.kampfsport-dagersheim.de\/wp-content\/uploads\/2026\/05\/Referenten-300x169.jpg 300w, https:\/\/www.kampfsport-dagersheim.de\/wp-content\/uploads\/2026\/05\/Referenten-1024x576.jpg 1024w, https:\/\/www.kampfsport-dagersheim.de\/wp-content\/uploads\/2026\/05\/Referenten-768x432.jpg 768w, https:\/\/www.kampfsport-dagersheim.de\/wp-content\/uploads\/2026\/05\/Referenten-1536x864.jpg 1536w, https:\/\/www.kampfsport-dagersheim.de\/wp-content\/uploads\/2026\/05\/Referenten-2048x1152.jpg 2048w\" sizes=\"(max-width: 300px) 100vw, 300px\" \/>Das hochkar\u00e4tige Referenten-Team des Seminars am Nachmittag bestand aus Hanshi Matthias Weiss 10. Dan (1. Vorstand im IFAK und IFAK Landestrainer Hanbo-Jitsu), Hanshi Hans D\u00f6ring 10. Dan (2. Vorstand im IFAK), Hanshi Istv\u00e1n M\u00e9szc\u00e1ros 10. Dan (IFAK Landestrainer Ungarn), Shihan Mojmir Marton (MMK Ju Jitsu Ko\u0161ice) und Renshi Cedric Weiss 5. Dan (Pressewart und IFAK Landestrainer Hanbo-Jitsu).<\/p><p>Die Teilnehmer wurden nach Graduierung aufgeteilt und es konnte parallel auf zwei Trainingsfl\u00e4chen trainiert werden. Die ersten Trainingseinheiten waren Hanbo-Jitsu mit Hanshi Matthias Weiss und Renshi Cedric Weiss sowie Ju-Jitsu mit Hanshi Hans D\u00f6ring. Hanbo-Jitsu ist eine Kampfkunst, bei der Stockwaffen (gr\u00f6\u00dftenteils ein ca. 70cm langer Stock) zur Verteidigung eingesetzt werden. Hanshi Matthias Weiss zeigte den Teilnehmern unterschiedliche Einsatzm\u00f6glichkeiten der Stockwaffe bei Kontakt-, Distanz- und Waffenangriffen. Das Ju-Jitsu ist die waffenlose Selbstverteidigung. Hanshi Hans D\u00f6ring unterrichtete hier situationsbezogene Verteidigungen mit den Prinzipien aus dem Ju-Jitsu.<\/p><p><img loading=\"lazy\" decoding=\"async\" class=\" wp-image-5197 alignright\" src=\"https:\/\/www.kampfsport-dagersheim.de\/wp-content\/uploads\/2026\/05\/CedricSigiMattthias-02-203x300.jpg\" alt=\"\" width=\"185\" height=\"273\" srcset=\"https:\/\/www.kampfsport-dagersheim.de\/wp-content\/uploads\/2026\/05\/CedricSigiMattthias-02-203x300.jpg 203w, https:\/\/www.kampfsport-dagersheim.de\/wp-content\/uploads\/2026\/05\/CedricSigiMattthias-02-691x1024.jpg 691w, https:\/\/www.kampfsport-dagersheim.de\/wp-content\/uploads\/2026\/05\/CedricSigiMattthias-02-768x1138.jpg 768w, https:\/\/www.kampfsport-dagersheim.de\/wp-content\/uploads\/2026\/05\/CedricSigiMattthias-02-1037x1536.jpg 1037w, https:\/\/www.kampfsport-dagersheim.de\/wp-content\/uploads\/2026\/05\/CedricSigiMattthias-02-1383x2048.jpg 1383w, https:\/\/www.kampfsport-dagersheim.de\/wp-content\/uploads\/2026\/05\/CedricSigiMattthias-02-scaled.jpg 1728w\" sizes=\"(max-width: 185px) 100vw, 185px\" \/>Danach folgten die Ju-Jitsu-Einheiten mit Hanshi Istv\u00e1n Mesz\u00e1ros aus Ungarn und Seminarausrichter Shihan Mojmir Marton. Bei den Ju-Jitsu-Einheiten wurden jeweils unterschiedliche Ans\u00e4tze unterrichtet. Hanshi Istv\u00e1n M\u00e9sz\u00e1ros mit eher kurzen, aber sehr effektiven Techniken und Shihan Mojmir Marton mit l\u00e4ngeren Kombinationen aus Hebel-, Wurf- und Festlegetechniken aus dem Ju-Jitsu.<\/p><p>Zum Seminarende \u00fcberreichte IFAK Pr\u00e4sident Soke Siegfried Lory noch die Urkunden der Hanbo-Jitsu-Pr\u00fcfung vom Vormittag und noch einige Ehrungen und Verleihungen f\u00fcr verdiente Mitglieder im IFAK.<\/p><p>Vielen Dank an den Ausrichter Mojmir Marton und sein Team f\u00fcr die gute Organisation und Gastfreundschaft, an die Referenten, die Dolmetscher und nat\u00fcrlich an alle Seminarteilnehmer. Es hat uns sehr viel Spa\u00df gemacht und wir waren gerne als Referenten bei diesem Seminar dabei.<\/p>\t\t\t\t\t\t\t\t<\/div>\n\t\t\t\t<\/div>\n\t\t\t\t\t<\/div>\n\t\t<\/div>\n\t\t\t\t\t<\/div>\n\t\t<\/section>\n\t\t\t\t<section class=\"elementor-section elementor-top-section elementor-element elementor-element-edae595 elementor-section-boxed elementor-section-height-default elementor-section-height-default\" data-id=\"edae595\" data-element_type=\"section\" data-e-type=\"section\">\n\t\t\t\t\t\t<div class=\"elementor-container elementor-column-gap-default\">\n\t\t\t\t\t<div class=\"elementor-column elementor-col-50 elementor-top-column elementor-element elementor-element-734d15c\" data-id=\"734d15c\" data-element_type=\"column\" data-e-type=\"column\">\n\t\t\t<div class=\"elementor-widget-wrap elementor-element-populated\">\n\t\t\t\t\t\t<div class=\"elementor-element elementor-element-c18d2ee elementor-widget elementor-widget-image\" data-id=\"c18d2ee\" data-element_type=\"widget\" data-e-type=\"widget\" data-widget_type=\"image.default\">\n\t\t\t\t<div class=\"elementor-widget-container\">\n\t\t\t\t\t\t\t\t\t\t\t\t<figure class=\"wp-caption\">\n\t\t\t\t\t\t\t\t\t\t\t<a href=\"https:\/\/www.kampfsport-dagersheim.de\/wp-content\/uploads\/2026\/05\/Gruppenbild09052026-scaled.jpg\" data-elementor-open-lightbox=\"yes\" data-elementor-lightbox-title=\"Gruppenbild09052026\" data-e-action-hash=\"#elementor-action%3Aaction%3Dlightbox%26settings%3DeyJpZCI6NTE5OCwidXJsIjoiaHR0cHM6XC9cL3d3dy5rYW1wZnNwb3J0LWRhZ2Vyc2hlaW0uZGVcL3dwLWNvbnRlbnRcL3VwbG9hZHNcLzIwMjZcLzA1XC9HcnVwcGVuYmlsZDA5MDUyMDI2LXNjYWxlZC5qcGcifQ%3D%3D\">\n\t\t\t\t\t\t\t<img loading=\"lazy\" decoding=\"async\" width=\"740\" height=\"377\" src=\"https:\/\/www.kampfsport-dagersheim.de\/wp-content\/uploads\/2026\/05\/Gruppenbild09052026-1024x521.jpg\" class=\"attachment-large size-large wp-image-5198\" alt=\"\" srcset=\"https:\/\/www.kampfsport-dagersheim.de\/wp-content\/uploads\/2026\/05\/Gruppenbild09052026-1024x521.jpg 1024w, https:\/\/www.kampfsport-dagersheim.de\/wp-content\/uploads\/2026\/05\/Gruppenbild09052026-300x153.jpg 300w, https:\/\/www.kampfsport-dagersheim.de\/wp-content\/uploads\/2026\/05\/Gruppenbild09052026-768x391.jpg 768w, https:\/\/www.kampfsport-dagersheim.de\/wp-content\/uploads\/2026\/05\/Gruppenbild09052026-1536x782.jpg 1536w, https:\/\/www.kampfsport-dagersheim.de\/wp-content\/uploads\/2026\/05\/Gruppenbild09052026-2048x1042.jpg 2048w\" sizes=\"100vw\" \/>\t\t\t\t\t\t\t\t<\/a>\n\t\t\t\t\t\t\t\t\t\t\t<figcaption class=\"widget-image-caption wp-caption-text\">Gruppenbild der Teilnehmer, Ju-Jitsu &amp; Hanbo-Jitsu Seminar beim MMK Kosice, 09.05.2026<\/figcaption>\n\t\t\t\t\t\t\t\t\t\t<\/figure>\n\t\t\t\t\t\t\t\t\t<\/div>\n\t\t\t\t<\/div>\n\t\t\t\t\t<\/div>\n\t\t<\/div>\n\t\t\t\t<div class=\"elementor-column elementor-col-50 elementor-top-column elementor-element elementor-element-c1a357e\" data-id=\"c1a357e\" data-element_type=\"column\" data-e-type=\"column\">\n\t\t\t<div class=\"elementor-widget-wrap elementor-element-populated\">\n\t\t\t\t\t\t<div class=\"elementor-element elementor-element-3ab3649 elementor-widget elementor-widget-image\" data-id=\"3ab3649\" data-element_type=\"widget\" data-e-type=\"widget\" data-widget_type=\"image.default\">\n\t\t\t\t<div class=\"elementor-widget-container\">\n\t\t\t\t\t\t\t\t\t\t\t\t\t\t\t\t<a href=\"https:\/\/www.kampfsport-dagersheim.de\/wp-content\/uploads\/2026\/05\/Referenten-01T.jpg\" data-elementor-open-lightbox=\"yes\" data-elementor-lightbox-title=\"Referenten-01T\" data-e-action-hash=\"#elementor-action%3Aaction%3Dlightbox%26settings%3DeyJpZCI6NTE5OSwidXJsIjoiaHR0cHM6XC9cL3d3dy5rYW1wZnNwb3J0LWRhZ2Vyc2hlaW0uZGVcL3dwLWNvbnRlbnRcL3VwbG9hZHNcLzIwMjZcLzA1XC9SZWZlcmVudGVuLTAxVC5qcGcifQ%3D%3D\">\n\t\t\t\t\t\t\t<img loading=\"lazy\" decoding=\"async\" width=\"740\" height=\"500\" src=\"https:\/\/www.kampfsport-dagersheim.de\/wp-content\/uploads\/2026\/05\/Referenten-01T-1024x692.jpg\" class=\"attachment-large size-large wp-image-5199\" alt=\"\" srcset=\"https:\/\/www.kampfsport-dagersheim.de\/wp-content\/uploads\/2026\/05\/Referenten-01T-1024x692.jpg 1024w, https:\/\/www.kampfsport-dagersheim.de\/wp-content\/uploads\/2026\/05\/Referenten-01T-300x203.jpg 300w, https:\/\/www.kampfsport-dagersheim.de\/wp-content\/uploads\/2026\/05\/Referenten-01T-768x519.jpg 768w, https:\/\/www.kampfsport-dagersheim.de\/wp-content\/uploads\/2026\/05\/Referenten-01T-1536x1038.jpg 1536w, https:\/\/www.kampfsport-dagersheim.de\/wp-content\/uploads\/2026\/05\/Referenten-01T.jpg 1600w\" sizes=\"100vw\" \/>\t\t\t\t\t\t\t\t<\/a>\n\t\t\t\t\t\t\t\t\t\t\t\t\t\t\t<\/div>\n\t\t\t\t<\/div>\n\t\t\t\t\t<\/div>\n\t\t<\/div>\n\t\t\t\t\t<\/div>\n\t\t<\/section>\n\t\t\t\t<\/div>\n\t\t","protected":false},"excerpt":{"rendered":"<p>Internationales Ju-Jitsu und Hanbo-Jitsu Seminar in Ko\u0161ice \/ Slowakei\u00a0 \u00a0 Am Samstag, den 09.05.2026, fand beim MMK Ju Jitsu Ko\u0161ice ein Ju-Jitsu und Hanbo-Jitsu Seminar statt. Bei diesem Seminar war auch IFAK Pr\u00e4sident Soke Siegfried Lory 10. Dan mit dabei. Vor dem Lehrgang fanden unter seiner Leitung Dan- und Kyu-Pr\u00fcfungen im Hanbo-Jitsu statt, die er &hellip; <\/p>\n<p class=\"link-more\"><a href=\"https:\/\/www.kampfsport-dagersheim.de\/?page_id=5190\" class=\"more-link\"><span class=\"screen-reader-text\">\u201eSeminar Ju-Jitsu &#038; Hanbo-Jitsu in Kosice\/Slowakei, Mai 2026\u201c <\/span>weiterlesen<\/a><\/p>\n","protected":false},"author":1,"featured_media":0,"parent":0,"menu_order":0,"comment_status":"closed","ping_status":"closed","template":"","meta":{"footnotes":""},"class_list":["post-5190","page","type-page","status-publish","hentry"],"_links":{"self":[{"href":"https:\/\/www.kampfsport-dagersheim.de\/index.php?rest_route=\/wp\/v2\/pages\/5190","targetHints":{"allow":["GET"]}}],"collection":[{"href":"https:\/\/www.kampfsport-dagersheim.de\/index.php?rest_route=\/wp\/v2\/pages"}],"about":[{"href":"https:\/\/www.kampfsport-dagersheim.de\/index.php?rest_route=\/wp\/v2\/types\/page"}],"author":[{"embeddable":true,"href":"https:\/\/www.kampfsport-dagersheim.de\/index.php?rest_route=\/wp\/v2\/users\/1"}],"replies":[{"embeddable":true,"href":"https:\/\/www.kampfsport-dagersheim.de\/index.php?rest_route=%2Fwp%2Fv2%2Fcomments&post=5190"}],"version-history":[{"count":15,"href":"https:\/\/www.kampfsport-dagersheim.de\/index.php?rest_route=\/wp\/v2\/pages\/5190\/revisions"}],"predecessor-version":[{"id":5222,"href":"https:\/\/www.kampfsport-dagersheim.de\/index.php?rest_route=\/wp\/v2\/pages\/5190\/revisions\/5222"}],"wp:attachment":[{"href":"https:\/\/www.kampfsport-dagersheim.de\/index.php?rest_route=%2Fwp%2Fv2%2Fmedia&parent=5190"}],"curies":[{"name":"wp","href":"https:\/\/api.w.org\/{rel}","templated":true}]}}