{"id":5088,"date":"2026-04-28T00:08:06","date_gmt":"2026-04-27T22:08:06","guid":{"rendered":"https:\/\/www.kampfsport-dagersheim.de\/?page_id=5088"},"modified":"2026-04-28T00:14:26","modified_gmt":"2026-04-27T22:14:26","slug":"guertelpruefungen-ju-jitsu-hanbo-jitsu-und-goshin-jitsu-april-2026","status":"publish","type":"page","link":"https:\/\/www.kampfsport-dagersheim.de\/?page_id=5088","title":{"rendered":"G\u00fcrtelpr\u00fcfungen Ju Jitsu, Hanbo Jitsu und Goshin Jitsu, April 2026"},"content":{"rendered":"\t\t<div data-elementor-type=\"wp-page\" data-elementor-id=\"5088\" class=\"elementor elementor-5088\">\n\t\t\t\t\t\t<section class=\"elementor-section elementor-top-section elementor-element elementor-element-3d280bf elementor-section-boxed elementor-section-height-default elementor-section-height-default\" data-id=\"3d280bf\" data-element_type=\"section\" data-e-type=\"section\">\n\t\t\t\t\t\t<div class=\"elementor-container elementor-column-gap-default\">\n\t\t\t\t\t<div class=\"elementor-column elementor-col-100 elementor-top-column elementor-element elementor-element-37adb067\" data-id=\"37adb067\" data-element_type=\"column\" data-e-type=\"column\">\n\t\t\t<div class=\"elementor-widget-wrap elementor-element-populated\">\n\t\t\t\t\t\t<div class=\"elementor-element elementor-element-28394df4 elementor-widget elementor-widget-text-editor\" data-id=\"28394df4\" data-element_type=\"widget\" data-e-type=\"widget\" data-widget_type=\"text-editor.default\">\n\t\t\t\t<div class=\"elementor-widget-container\">\n\t\t\t\t\t\t\t\t\t<p><strong><img decoding=\"async\" class=\"size-medium wp-image-3254 alignright\" src=\"https:\/\/www.kampfsport-dagersheim.de\/wp-content\/uploads\/2023\/08\/newlogo2011-12CM-JuJitsu-IFAK-150-157x300.jpg\" alt=\"\" width=\"157\" height=\"300\" srcset=\"https:\/\/www.kampfsport-dagersheim.de\/wp-content\/uploads\/2023\/08\/newlogo2011-12CM-JuJitsu-IFAK-150-157x300.jpg 157w, https:\/\/www.kampfsport-dagersheim.de\/wp-content\/uploads\/2023\/08\/newlogo2011-12CM-JuJitsu-IFAK-150.jpg 159w\" sizes=\"(max-width: 157px) 100vw, 157px\" \/>G\u00fcrtelpr\u00fcfungen im Ju Jitsu, Hanbo Jitsu und Goshin Jitsu beim TSV Dagersheim mit Erfolg absolviert<\/strong><\/p><p>Am Samstag, den 18. April 2026, fanden beim TSV Dagersheim G\u00fcrtelpr\u00fcfungen statt. Im Ju Jitsu trat eine Teilnehmerin zur Blaugurt-Pr\u00fcfung an. Im Bereich Hanbo Jitsu bzw. Goshin Jitsu waren es drei Teilnehmer zur Schwarzgurtpr\u00fcfung zum 1. Dan.<\/p><p>Ju Jitsu ist die japanische Kampfkunst der waffenlosen Selbstverteidigung. Das Hanbo Jitsu im IFAK ist ein Stockkampf-System, bei dem haupts\u00e4chlich ein 70cm langer Stock zur Verteidigung eingesetzt wird. Bei den Techniken l\u00e4sst sich der Stock im Alltag auch durch einen Regenschirm, einen Spazierstock oder eine zusammengerollte Zeitung ersetzen. Dies macht das System noch alltagstauglicher und realit\u00e4tsnaher f\u00fcr die Selbstverteidigung. Das Goshin Jitsu im IFAK umfasst alle Bereiche der Selbstverteidigung, sowohl die waffenlose Selbstverteidigung wie auch die Verteidigung mit dem Stock.<\/p><p>In allen Disziplinen besteht der Hauptteil der Pr\u00fcfung in der Demonstration von effektiven Selbstverteidigungs-, Transport- und Festlegetechniken. Pr\u00fcfungsrelevant ist der jeweilige Technik- und Angriffskatalog der einzelnen Kampfsportart, der durch weitere Pr\u00fcfungsbestandteile erg\u00e4nzt wird.<\/p><p>Trainer und Kampfsport-Abteilungsleiter des TSV Dagersheim Hanshi Matthias Weiss 10. Dan und Renshi Cedric Weiss 5. Dan waren mit den gezeigten Leistungen sehr zufrieden. Alle Teilnehmer haben ihre G\u00fcrtelpr\u00fcfung erfolgreich abgelegt.<\/p><p>Pia Laier bestand die Pr\u00fcfung zum 2. Kyu, dem Blaugurt im Ju Jitsu. Die Schwarzgurt-Pr\u00fcfung zum 1. Dan im Hanbo Jitsu und 1. Dan Goshin Jitsu absolvierten mit Erfolg L\u00e9on H\u00e4rtkorn und Markus M\u00fcller von der Kampfsportabteilung Dagersheim sowie Wolfgang Staiger vom TV Bronnweiler. Herzlichen Gl\u00fcckwunsch.<\/p><p>\u00a0<\/p>\t\t\t\t\t\t\t\t<\/div>\n\t\t\t\t<\/div>\n\t\t\t\t\t<\/div>\n\t\t<\/div>\n\t\t\t\t\t<\/div>\n\t\t<\/section>\n\t\t\t\t<section class=\"elementor-section elementor-top-section elementor-element elementor-element-cc36287 elementor-section-boxed elementor-section-height-default elementor-section-height-default\" data-id=\"cc36287\" data-element_type=\"section\" data-e-type=\"section\">\n\t\t\t\t\t\t<div class=\"elementor-container elementor-column-gap-default\">\n\t\t\t\t\t<div class=\"elementor-column elementor-col-100 elementor-top-column elementor-element elementor-element-5bea457\" data-id=\"5bea457\" data-element_type=\"column\" data-e-type=\"column\">\n\t\t\t<div class=\"elementor-widget-wrap elementor-element-populated\">\n\t\t\t\t\t\t<div class=\"elementor-element elementor-element-ac7f9b3 elementor-widget elementor-widget-image\" data-id=\"ac7f9b3\" data-element_type=\"widget\" data-e-type=\"widget\" data-widget_type=\"image.default\">\n\t\t\t\t<div class=\"elementor-widget-container\">\n\t\t\t\t\t\t\t\t\t\t\t\t<figure class=\"wp-caption\">\n\t\t\t\t\t\t\t\t\t\t\t<a href=\"https:\/\/www.kampfsport-dagersheim.de\/wp-content\/uploads\/2026\/04\/Pruefungen_18042026-scaled.jpg\" data-elementor-open-lightbox=\"yes\" data-elementor-lightbox-title=\"Pruefungen_18042026\" data-e-action-hash=\"#elementor-action%3Aaction%3Dlightbox%26settings%3DeyJpZCI6NTA5MiwidXJsIjoiaHR0cHM6XC9cL3d3dy5rYW1wZnNwb3J0LWRhZ2Vyc2hlaW0uZGVcL3dwLWNvbnRlbnRcL3VwbG9hZHNcLzIwMjZcLzA0XC9QcnVlZnVuZ2VuXzE4MDQyMDI2LXNjYWxlZC5qcGcifQ%3D%3D\">\n\t\t\t\t\t\t\t<img fetchpriority=\"high\" decoding=\"async\" width=\"740\" height=\"509\" src=\"https:\/\/www.kampfsport-dagersheim.de\/wp-content\/uploads\/2026\/04\/Pruefungen_18042026-1024x704.jpg\" class=\"attachment-large size-large wp-image-5092\" alt=\"\" srcset=\"https:\/\/www.kampfsport-dagersheim.de\/wp-content\/uploads\/2026\/04\/Pruefungen_18042026-1024x704.jpg 1024w, https:\/\/www.kampfsport-dagersheim.de\/wp-content\/uploads\/2026\/04\/Pruefungen_18042026-300x206.jpg 300w, https:\/\/www.kampfsport-dagersheim.de\/wp-content\/uploads\/2026\/04\/Pruefungen_18042026-768x528.jpg 768w, https:\/\/www.kampfsport-dagersheim.de\/wp-content\/uploads\/2026\/04\/Pruefungen_18042026-1536x1056.jpg 1536w, https:\/\/www.kampfsport-dagersheim.de\/wp-content\/uploads\/2026\/04\/Pruefungen_18042026-2048x1408.jpg 2048w\" sizes=\"100vw\" \/>\t\t\t\t\t\t\t\t<\/a>\n\t\t\t\t\t\t\t\t\t\t\t<figcaption class=\"widget-image-caption wp-caption-text\">V.l.: Pr\u00fcfer Matthias Weiss, Pr\u00fcfungspartner Bernd Sp\u00e4th, Wolfgang Staiger, L\u00e9on H\u00e4rtkorn, Markus M\u00fcller, Pia Laier, Pr\u00fcfer Cedric Weiss<\/figcaption>\n\t\t\t\t\t\t\t\t\t\t<\/figure>\n\t\t\t\t\t\t\t\t\t<\/div>\n\t\t\t\t<\/div>\n\t\t\t\t\t<\/div>\n\t\t<\/div>\n\t\t\t\t\t<\/div>\n\t\t<\/section>\n\t\t\t\t<\/div>\n\t\t","protected":false},"excerpt":{"rendered":"<p>G\u00fcrtelpr\u00fcfungen im Ju Jitsu, Hanbo Jitsu und Goshin Jitsu beim TSV Dagersheim mit Erfolg absolviert Am Samstag, den 18. April 2026, fanden beim TSV Dagersheim G\u00fcrtelpr\u00fcfungen statt. Im Ju Jitsu trat eine Teilnehmerin zur Blaugurt-Pr\u00fcfung an. Im Bereich Hanbo Jitsu bzw. Goshin Jitsu waren es drei Teilnehmer zur Schwarzgurtpr\u00fcfung zum 1. Dan. Ju Jitsu ist &hellip; <\/p>\n<p class=\"link-more\"><a href=\"https:\/\/www.kampfsport-dagersheim.de\/?page_id=5088\" class=\"more-link\"><span class=\"screen-reader-text\">\u201eG\u00fcrtelpr\u00fcfungen Ju Jitsu, Hanbo Jitsu und Goshin Jitsu, April 2026\u201c <\/span>weiterlesen<\/a><\/p>\n","protected":false},"author":1,"featured_media":0,"parent":0,"menu_order":0,"comment_status":"closed","ping_status":"closed","template":"","meta":{"footnotes":""},"class_list":["post-5088","page","type-page","status-publish","hentry"],"_links":{"self":[{"href":"https:\/\/www.kampfsport-dagersheim.de\/index.php?rest_route=\/wp\/v2\/pages\/5088","targetHints":{"allow":["GET"]}}],"collection":[{"href":"https:\/\/www.kampfsport-dagersheim.de\/index.php?rest_route=\/wp\/v2\/pages"}],"about":[{"href":"https:\/\/www.kampfsport-dagersheim.de\/index.php?rest_route=\/wp\/v2\/types\/page"}],"author":[{"embeddable":true,"href":"https:\/\/www.kampfsport-dagersheim.de\/index.php?rest_route=\/wp\/v2\/users\/1"}],"replies":[{"embeddable":true,"href":"https:\/\/www.kampfsport-dagersheim.de\/index.php?rest_route=%2Fwp%2Fv2%2Fcomments&post=5088"}],"version-history":[{"count":5,"href":"https:\/\/www.kampfsport-dagersheim.de\/index.php?rest_route=\/wp\/v2\/pages\/5088\/revisions"}],"predecessor-version":[{"id":5096,"href":"https:\/\/www.kampfsport-dagersheim.de\/index.php?rest_route=\/wp\/v2\/pages\/5088\/revisions\/5096"}],"wp:attachment":[{"href":"https:\/\/www.kampfsport-dagersheim.de\/index.php?rest_route=%2Fwp%2Fv2%2Fmedia&parent=5088"}],"curies":[{"name":"wp","href":"https:\/\/api.w.org\/{rel}","templated":true}]}}