{"id":4938,"date":"2025-12-07T22:20:25","date_gmt":"2025-12-07T21:20:25","guid":{"rendered":"https:\/\/www.kampfsport-dagersheim.de\/?page_id=4938"},"modified":"2025-12-07T22:41:09","modified_gmt":"2025-12-07T21:41:09","slug":"ju-jitsu-dan-pruefungen-erfolgreich-abgelegt-06-12-2025","status":"publish","type":"page","link":"https:\/\/www.kampfsport-dagersheim.de\/?page_id=4938","title":{"rendered":"Ju Jitsu Dan-Pr\u00fcfungen erfolgreich abgelegt, 06.12.2025"},"content":{"rendered":"\t\t<div data-elementor-type=\"wp-page\" data-elementor-id=\"4938\" class=\"elementor elementor-4938\">\n\t\t\t\t\t\t<section class=\"elementor-section elementor-top-section elementor-element elementor-element-571fcbb5 elementor-section-boxed elementor-section-height-default elementor-section-height-default\" data-id=\"571fcbb5\" data-element_type=\"section\" data-e-type=\"section\">\n\t\t\t\t\t\t<div class=\"elementor-container elementor-column-gap-default\">\n\t\t\t\t\t<div class=\"elementor-column elementor-col-100 elementor-top-column elementor-element elementor-element-564d2e8\" data-id=\"564d2e8\" data-element_type=\"column\" data-e-type=\"column\">\n\t\t\t<div class=\"elementor-widget-wrap elementor-element-populated\">\n\t\t\t\t\t\t<div class=\"elementor-element elementor-element-1ede7d5c elementor-widget elementor-widget-text-editor\" data-id=\"1ede7d5c\" data-element_type=\"widget\" data-e-type=\"widget\" data-widget_type=\"text-editor.default\">\n\t\t\t\t<div class=\"elementor-widget-container\">\n\t\t\t\t\t\t\t\t\t<p><strong><img decoding=\"async\" class=\"size-full wp-image-505 alignright\" src=\"https:\/\/www.kampfsport-dagersheim.de\/wp-content\/uploads\/2019\/12\/newlogo2011-12CM-JuJitsu-150.jpg\" alt=\"\" width=\"150\" height=\"150\" srcset=\"https:\/\/www.kampfsport-dagersheim.de\/wp-content\/uploads\/2019\/12\/newlogo2011-12CM-JuJitsu-150.jpg 150w, https:\/\/www.kampfsport-dagersheim.de\/wp-content\/uploads\/2019\/12\/newlogo2011-12CM-JuJitsu-150-100x100.jpg 100w\" sizes=\"(max-width: 150px) 100vw, 150px\" \/><img decoding=\"async\" class=\" wp-image-3515 alignright\" src=\"https:\/\/www.kampfsport-dagersheim.de\/wp-content\/uploads\/2023\/12\/IFAK-01-400-2018-schwarzgurt-300x300.jpg\" alt=\"\" width=\"158\" height=\"158\" srcset=\"https:\/\/www.kampfsport-dagersheim.de\/wp-content\/uploads\/2023\/12\/IFAK-01-400-2018-schwarzgurt-300x300.jpg 300w, https:\/\/www.kampfsport-dagersheim.de\/wp-content\/uploads\/2023\/12\/IFAK-01-400-2018-schwarzgurt-150x150.jpg 150w, https:\/\/www.kampfsport-dagersheim.de\/wp-content\/uploads\/2023\/12\/IFAK-01-400-2018-schwarzgurt-100x100.jpg 100w, https:\/\/www.kampfsport-dagersheim.de\/wp-content\/uploads\/2023\/12\/IFAK-01-400-2018-schwarzgurt.jpg 400w\" sizes=\"(max-width: 158px) 100vw, 158px\" \/>Erfolgreiche Schwarzgurtpr\u00fcfung im Ju Jitsu beim TSV Dagersheim<\/strong><\/p><p>Bei der Kampfsportabteilung des TSV Dagersheim fand am 06.12.2025 eine gro\u00dfe Schwarzgurtpr\u00fcfung statt. Zwei Teilnehmer traten zur Pr\u00fcfung zum 1. Dan und 5 Teilnehmer zum 2. Dan an. Dan ist japanisch und bedeutet der Meistergrad. Ab dieser Graduierung darf man den schwarzen G\u00fcrtel tragen. Das Erreichen des schwarzen G\u00fcrtels ist aber nicht das Ende der Entwicklung eines Kampfk\u00fcnstlers, sondern der Beginn der Entwicklung als Kampfkunstmeister.<\/p><p>Die Teilnehmer wurden von ihren Trainern Matthias und Cedric Weiss sehr gut auf die Pr\u00fcfung vorbereitet. In den letzten Monaten hatten sie, im Hinblick auf diesen Termin, ihr Training zus\u00e4tzlich intensiviert und auch verschiedene Lehrg\u00e4nge zur Vorbereitung besucht.<\/p><p>Der Pr\u00fcfungstag startete mit dem gemeinsamen Aufw\u00e4rmen, bei dem jeder einen Teil \u00fcbernehmen durfte. Danach folgte die Demonstration von Block-,Tritt- und Schlagtechniken nach Ansage und der Fallschule. Die Vorkenntnisse wurden durch Stichproben aus dem Technikprogramm der Sch\u00fclergrade von Gelb- bis Braungurt abgefragt und mussten mit Partner gezeigt werden. Der Hauptteil der Schwarzgurtpr\u00fcfung besteht aus der Verteidigung gegen eine Vielzahl verschiedener Angriffe, bei dem die Kampfsportler ihr K\u00f6nnen und ihr komplettes Repertoire an Techniken demonstrieren. Der vorgegebene Angriffskatalog geht von Kontaktangriffen wie Umklammerung, Fass- und W\u00fcrgeangriffen \u00fcber Distanzangriffe, wie Faustschl\u00e4ge, Schwinger und Fu\u00dftritte bis zu Waffenangriffen, wie Strangulation, Messer- und Stockangriffe. Hinzu kommt dann noch die Verteidigung in der Bodenlage. Alle Anw\u00e4rter hatten ihre Pr\u00fcfung zum angestrebten Meistergrad mit Bravour bestanden. Trainer und Pr\u00fcfer, Hanshi Matthias Weiss 10. Dan, Abteilungsleiter Kampfsport des TSV Dagersheim und 1. Vorstand im Internationalen Fachverband f\u00fcr asiatische Kampfsportarten IFAK und Renshi Cedric Weiss 5. Dan, Trainer der Kampfsportabteilung und Pressewart im IFAK, waren mit den Leistungen sehr zufrieden.<\/p><p>Herzlichen Gl\u00fcckwunsch an die neu graduierten Schwarzgurte.<\/p><p>\u00a0<\/p>\t\t\t\t\t\t\t\t<\/div>\n\t\t\t\t<\/div>\n\t\t\t\t<section class=\"elementor-section elementor-inner-section elementor-element elementor-element-7bf5334 elementor-section-boxed elementor-section-height-default elementor-section-height-default\" data-id=\"7bf5334\" data-element_type=\"section\" data-e-type=\"section\">\n\t\t\t\t\t\t<div class=\"elementor-container elementor-column-gap-default\">\n\t\t\t\t\t<div class=\"elementor-column elementor-col-50 elementor-inner-column elementor-element elementor-element-0136dfa\" data-id=\"0136dfa\" data-element_type=\"column\" data-e-type=\"column\">\n\t\t\t<div class=\"elementor-widget-wrap elementor-element-populated\">\n\t\t\t\t\t\t<div class=\"elementor-element elementor-element-fc0abf5 elementor-widget elementor-widget-text-editor\" data-id=\"fc0abf5\" data-element_type=\"widget\" data-e-type=\"widget\" data-widget_type=\"text-editor.default\">\n\t\t\t\t<div class=\"elementor-widget-container\">\n\t\t\t\t\t\t\t\t\t<p>Die Pr\u00fcfung zum 1. Dan Ju Jitsu bestanden:<br \/><img decoding=\"async\" class=\"alignnone size-full wp-image-352\" src=\"https:\/\/www.kampfsport-dagersheim.de\/wp-content\/uploads\/2019\/12\/0Schwarz50.jpg\" alt=\"\" width=\"87\" height=\"35\" \/><br \/>Fabian Epple<br \/>L\u00e9on H\u00e4rtkorn<\/p>\t\t\t\t\t\t\t\t<\/div>\n\t\t\t\t<\/div>\n\t\t\t\t\t<\/div>\n\t\t<\/div>\n\t\t\t\t<div class=\"elementor-column elementor-col-50 elementor-inner-column elementor-element elementor-element-74fb8a8\" data-id=\"74fb8a8\" data-element_type=\"column\" data-e-type=\"column\">\n\t\t\t<div class=\"elementor-widget-wrap elementor-element-populated\">\n\t\t\t\t\t\t<div class=\"elementor-element elementor-element-d9c746e elementor-widget elementor-widget-text-editor\" data-id=\"d9c746e\" data-element_type=\"widget\" data-e-type=\"widget\" data-widget_type=\"text-editor.default\">\n\t\t\t\t<div class=\"elementor-widget-container\">\n\t\t\t\t\t\t\t\t\t<p>Die Pr\u00fcfung zum 2. Dan Ju Jitsu bestanden:<br \/><img loading=\"lazy\" decoding=\"async\" class=\"alignnone size-full wp-image-354\" src=\"https:\/\/www.kampfsport-dagersheim.de\/wp-content\/uploads\/2019\/12\/0Schwarz-2-50.jpg\" alt=\"\" width=\"87\" height=\"35\" \/><br \/>Sophie Ebersohn<br \/>Florian Klein<br \/>Markus M\u00fcller<br \/>Fynn Straub<br \/>Tim Strommer.<\/p>\t\t\t\t\t\t\t\t<\/div>\n\t\t\t\t<\/div>\n\t\t\t\t\t<\/div>\n\t\t<\/div>\n\t\t\t\t\t<\/div>\n\t\t<\/section>\n\t\t\t\t\t<\/div>\n\t\t<\/div>\n\t\t\t\t\t<\/div>\n\t\t<\/section>\n\t\t\t\t<section class=\"elementor-section elementor-top-section elementor-element elementor-element-433e993 elementor-section-boxed elementor-section-height-default elementor-section-height-default\" data-id=\"433e993\" data-element_type=\"section\" data-e-type=\"section\">\n\t\t\t\t\t\t<div class=\"elementor-container elementor-column-gap-default\">\n\t\t\t\t\t<div class=\"elementor-column elementor-col-50 elementor-top-column elementor-element elementor-element-5731570\" data-id=\"5731570\" data-element_type=\"column\" data-e-type=\"column\">\n\t\t\t<div class=\"elementor-widget-wrap elementor-element-populated\">\n\t\t\t\t\t\t<div class=\"elementor-element elementor-element-eeca153 elementor-widget elementor-widget-image\" data-id=\"eeca153\" data-element_type=\"widget\" data-e-type=\"widget\" data-widget_type=\"image.default\">\n\t\t\t\t<div class=\"elementor-widget-container\">\n\t\t\t\t\t\t\t\t\t\t\t\t\t\t\t\t<a href=\"https:\/\/www.kampfsport-dagersheim.de\/wp-content\/uploads\/2025\/12\/Gruppenbild-1.jpg\" data-elementor-open-lightbox=\"yes\" data-elementor-lightbox-title=\"Gruppenbild-1\" data-e-action-hash=\"#elementor-action%3Aaction%3Dlightbox%26settings%3DeyJpZCI6NDk0MSwidXJsIjoiaHR0cHM6XC9cL3d3dy5rYW1wZnNwb3J0LWRhZ2Vyc2hlaW0uZGVcL3dwLWNvbnRlbnRcL3VwbG9hZHNcLzIwMjVcLzEyXC9HcnVwcGVuYmlsZC0xLmpwZyJ9\">\n\t\t\t\t\t\t\t<img loading=\"lazy\" decoding=\"async\" width=\"740\" height=\"500\" src=\"https:\/\/www.kampfsport-dagersheim.de\/wp-content\/uploads\/2025\/12\/Gruppenbild-1-1024x692.jpg\" class=\"attachment-large size-large wp-image-4941\" alt=\"\" srcset=\"https:\/\/www.kampfsport-dagersheim.de\/wp-content\/uploads\/2025\/12\/Gruppenbild-1-1024x692.jpg 1024w, https:\/\/www.kampfsport-dagersheim.de\/wp-content\/uploads\/2025\/12\/Gruppenbild-1-300x203.jpg 300w, https:\/\/www.kampfsport-dagersheim.de\/wp-content\/uploads\/2025\/12\/Gruppenbild-1-768x519.jpg 768w, https:\/\/www.kampfsport-dagersheim.de\/wp-content\/uploads\/2025\/12\/Gruppenbild-1-1536x1038.jpg 1536w, https:\/\/www.kampfsport-dagersheim.de\/wp-content\/uploads\/2025\/12\/Gruppenbild-1-2048x1384.jpg 2048w\" sizes=\"100vw\" \/>\t\t\t\t\t\t\t\t<\/a>\n\t\t\t\t\t\t\t\t\t\t\t\t\t\t\t<\/div>\n\t\t\t\t<\/div>\n\t\t\t\t\t<\/div>\n\t\t<\/div>\n\t\t\t\t<div class=\"elementor-column elementor-col-50 elementor-top-column elementor-element elementor-element-fced3a4\" data-id=\"fced3a4\" data-element_type=\"column\" data-e-type=\"column\">\n\t\t\t<div class=\"elementor-widget-wrap elementor-element-populated\">\n\t\t\t\t\t\t<div class=\"elementor-element elementor-element-807a268 elementor-widget elementor-widget-image\" data-id=\"807a268\" data-element_type=\"widget\" data-e-type=\"widget\" data-widget_type=\"image.default\">\n\t\t\t\t<div class=\"elementor-widget-container\">\n\t\t\t\t\t\t\t\t\t\t\t\t\t\t\t\t<a href=\"https:\/\/www.kampfsport-dagersheim.de\/wp-content\/uploads\/2025\/12\/Gruppenbild-2.jpg\" data-elementor-open-lightbox=\"yes\" data-elementor-lightbox-title=\"Gruppenbild-2\" data-e-action-hash=\"#elementor-action%3Aaction%3Dlightbox%26settings%3DeyJpZCI6NDk0MywidXJsIjoiaHR0cHM6XC9cL3d3dy5rYW1wZnNwb3J0LWRhZ2Vyc2hlaW0uZGVcL3dwLWNvbnRlbnRcL3VwbG9hZHNcLzIwMjVcLzEyXC9HcnVwcGVuYmlsZC0yLmpwZyJ9\">\n\t\t\t\t\t\t\t<img loading=\"lazy\" decoding=\"async\" width=\"740\" height=\"538\" src=\"https:\/\/www.kampfsport-dagersheim.de\/wp-content\/uploads\/2025\/12\/Gruppenbild-2-1024x744.jpg\" class=\"attachment-large size-large wp-image-4943\" alt=\"\" srcset=\"https:\/\/www.kampfsport-dagersheim.de\/wp-content\/uploads\/2025\/12\/Gruppenbild-2-1024x744.jpg 1024w, https:\/\/www.kampfsport-dagersheim.de\/wp-content\/uploads\/2025\/12\/Gruppenbild-2-300x218.jpg 300w, https:\/\/www.kampfsport-dagersheim.de\/wp-content\/uploads\/2025\/12\/Gruppenbild-2-768x558.jpg 768w, https:\/\/www.kampfsport-dagersheim.de\/wp-content\/uploads\/2025\/12\/Gruppenbild-2-1536x1117.jpg 1536w, https:\/\/www.kampfsport-dagersheim.de\/wp-content\/uploads\/2025\/12\/Gruppenbild-2-2048x1489.jpg 2048w\" sizes=\"100vw\" \/>\t\t\t\t\t\t\t\t<\/a>\n\t\t\t\t\t\t\t\t\t\t\t\t\t\t\t<\/div>\n\t\t\t\t<\/div>\n\t\t\t\t\t<\/div>\n\t\t<\/div>\n\t\t\t\t\t<\/div>\n\t\t<\/section>\n\t\t\t\t<section class=\"elementor-section elementor-top-section elementor-element elementor-element-cb4348b elementor-section-boxed elementor-section-height-default elementor-section-height-default\" data-id=\"cb4348b\" data-element_type=\"section\" data-e-type=\"section\">\n\t\t\t\t\t\t<div class=\"elementor-container elementor-column-gap-default\">\n\t\t\t\t\t<div class=\"elementor-column elementor-col-100 elementor-top-column elementor-element elementor-element-72085a7\" data-id=\"72085a7\" data-element_type=\"column\" data-e-type=\"column\">\n\t\t\t<div class=\"elementor-widget-wrap\">\n\t\t\t\t\t\t\t<\/div>\n\t\t<\/div>\n\t\t\t\t\t<\/div>\n\t\t<\/section>\n\t\t\t\t<\/div>\n\t\t","protected":false},"excerpt":{"rendered":"<p>Erfolgreiche Schwarzgurtpr\u00fcfung im Ju Jitsu beim TSV Dagersheim Bei der Kampfsportabteilung des TSV Dagersheim fand am 06.12.2025 eine gro\u00dfe Schwarzgurtpr\u00fcfung statt. Zwei Teilnehmer traten zur Pr\u00fcfung zum 1. Dan und 5 Teilnehmer zum 2. Dan an. Dan ist japanisch und bedeutet der Meistergrad. Ab dieser Graduierung darf man den schwarzen G\u00fcrtel tragen. Das Erreichen des &hellip; <\/p>\n<p class=\"link-more\"><a href=\"https:\/\/www.kampfsport-dagersheim.de\/?page_id=4938\" class=\"more-link\"><span class=\"screen-reader-text\">\u201eJu Jitsu Dan-Pr\u00fcfungen erfolgreich abgelegt, 06.12.2025\u201c <\/span>weiterlesen<\/a><\/p>\n","protected":false},"author":1,"featured_media":0,"parent":0,"menu_order":0,"comment_status":"closed","ping_status":"closed","template":"","meta":{"footnotes":""},"class_list":["post-4938","page","type-page","status-publish","hentry"],"_links":{"self":[{"href":"https:\/\/www.kampfsport-dagersheim.de\/index.php?rest_route=\/wp\/v2\/pages\/4938","targetHints":{"allow":["GET"]}}],"collection":[{"href":"https:\/\/www.kampfsport-dagersheim.de\/index.php?rest_route=\/wp\/v2\/pages"}],"about":[{"href":"https:\/\/www.kampfsport-dagersheim.de\/index.php?rest_route=\/wp\/v2\/types\/page"}],"author":[{"embeddable":true,"href":"https:\/\/www.kampfsport-dagersheim.de\/index.php?rest_route=\/wp\/v2\/users\/1"}],"replies":[{"embeddable":true,"href":"https:\/\/www.kampfsport-dagersheim.de\/index.php?rest_route=%2Fwp%2Fv2%2Fcomments&post=4938"}],"version-history":[{"count":5,"href":"https:\/\/www.kampfsport-dagersheim.de\/index.php?rest_route=\/wp\/v2\/pages\/4938\/revisions"}],"predecessor-version":[{"id":4947,"href":"https:\/\/www.kampfsport-dagersheim.de\/index.php?rest_route=\/wp\/v2\/pages\/4938\/revisions\/4947"}],"wp:attachment":[{"href":"https:\/\/www.kampfsport-dagersheim.de\/index.php?rest_route=%2Fwp%2Fv2%2Fmedia&parent=4938"}],"curies":[{"name":"wp","href":"https:\/\/api.w.org\/{rel}","templated":true}]}}