{"id":4845,"date":"2025-11-23T23:14:13","date_gmt":"2025-11-23T22:14:13","guid":{"rendered":"https:\/\/www.kampfsport-dagersheim.de\/?page_id=4845"},"modified":"2025-11-23T23:50:40","modified_gmt":"2025-11-23T22:50:40","slug":"ifak-selbstverteidigungs-lehrgang-in-diespeck","status":"publish","type":"page","link":"https:\/\/www.kampfsport-dagersheim.de\/?page_id=4845","title":{"rendered":"IFAK Selbstverteidigungs-Lehrgang in Diespeck, 15.11.2025"},"content":{"rendered":"\t\t<div data-elementor-type=\"wp-page\" data-elementor-id=\"4845\" class=\"elementor elementor-4845\">\n\t\t\t\t\t\t<section class=\"elementor-section elementor-top-section elementor-element elementor-element-6c66e884 elementor-section-boxed elementor-section-height-default elementor-section-height-default\" data-id=\"6c66e884\" data-element_type=\"section\" data-e-type=\"section\">\n\t\t\t\t\t\t<div class=\"elementor-container elementor-column-gap-default\">\n\t\t\t\t\t<div class=\"elementor-column elementor-col-100 elementor-top-column elementor-element elementor-element-5c54e115\" data-id=\"5c54e115\" data-element_type=\"column\" data-e-type=\"column\">\n\t\t\t<div class=\"elementor-widget-wrap elementor-element-populated\">\n\t\t\t\t\t\t<div class=\"elementor-element elementor-element-2da31ec0 elementor-widget elementor-widget-text-editor\" data-id=\"2da31ec0\" data-element_type=\"widget\" data-e-type=\"widget\" data-widget_type=\"text-editor.default\">\n\t\t\t\t<div class=\"elementor-widget-container\">\n\t\t\t\t\t\t\t\t\t<p><strong><img decoding=\"async\" class=\"size-full wp-image-423 alignright\" src=\"https:\/\/www.kampfsport-dagersheim.de\/wp-content\/uploads\/2019\/12\/IFAK2018-200.jpg\" alt=\"\" width=\"200\" height=\"198\" srcset=\"https:\/\/www.kampfsport-dagersheim.de\/wp-content\/uploads\/2019\/12\/IFAK2018-200.jpg 200w, https:\/\/www.kampfsport-dagersheim.de\/wp-content\/uploads\/2019\/12\/IFAK2018-200-150x150.jpg 150w, https:\/\/www.kampfsport-dagersheim.de\/wp-content\/uploads\/2019\/12\/IFAK2018-200-100x100.jpg 100w\" sizes=\"(max-width: 200px) 100vw, 200px\" \/>I<\/strong><img fetchpriority=\"high\" decoding=\"async\" class=\"size-medium wp-image-4848 alignright\" src=\"https:\/\/www.kampfsport-dagersheim.de\/wp-content\/uploads\/2025\/11\/Referenten-300x217.jpg\" alt=\"\" width=\"300\" height=\"217\" srcset=\"https:\/\/www.kampfsport-dagersheim.de\/wp-content\/uploads\/2025\/11\/Referenten-300x217.jpg 300w, https:\/\/www.kampfsport-dagersheim.de\/wp-content\/uploads\/2025\/11\/Referenten.jpg 615w\" sizes=\"(max-width: 300px) 100vw, 300px\" \/><strong style=\"font-size: 1rem;\">FAK Selbstverteidigungs-Lehrgang in Diespeck<\/strong><\/p><p>Am Samstag, den 15.11.2025, fand beim DTV Diespeck der letzte IFAK Lehrgang f\u00fcr 2025 statt. Es wurden mit Ju Jitsu, Hanbo Jitsu und Brazilian Ju Jitsu drei Disziplinen angeboten. Das internationale Referenten-Team bestand an diesem Lehrgang aus dem 1. Vorstand des IFAK Hanshi Matthias Weiss 10. Dan, dem IFAK Landestrainer f\u00fcr Ungarn Hanshi Istv\u00e1n M\u00e9sz\u00e1ros 10. Dan und Lehrgangsausrichter Shihan Holger Tanzberger 9.Dan.<\/p><p>Am Vormittag gab es f\u00fcr die Kinder eine Ju Jitsu Trainingseinheit mit Hanshi Matthias Weiss 10. Dan und Renshi Cedric Weiss 5. Dan. Hier wurden verschiedene einfache aber effektive Verteidigungs- und Abwehrtechniken gegen verschiedene Angriffe trainiert und die Kids haben motiviert und begeistert mitgemacht.<\/p><p><img decoding=\"async\" class=\"size-medium wp-image-4849 alignright\" src=\"https:\/\/www.kampfsport-dagersheim.de\/wp-content\/uploads\/2025\/11\/MatthCed02-273x300.jpg\" alt=\"\" width=\"273\" height=\"300\" srcset=\"https:\/\/www.kampfsport-dagersheim.de\/wp-content\/uploads\/2025\/11\/MatthCed02-273x300.jpg 273w, https:\/\/www.kampfsport-dagersheim.de\/wp-content\/uploads\/2025\/11\/MatthCed02-768x843.jpg 768w, https:\/\/www.kampfsport-dagersheim.de\/wp-content\/uploads\/2025\/11\/MatthCed02.jpg 906w\" sizes=\"(max-width: 273px) 100vw, 273px\" \/>Am Nachmittag starteten dann die Trainingseinheiten f\u00fcr die Erwachsenen und \u00e4ltere Jugendliche. Die erste Einheit \u00fcbernahm Hanshi Istv\u00e1n M\u00e9sz\u00e1ros und unterrichtete verschiedene Ju Jitsu Techniken. Bei der zweiten Einheit stand Hanbo Jitsu mit Hanshi Matthias Weiss und Renshi Cedric Weiss auf dem Programm. Hier kam vor allem der Tambo, ein ca. 70cm langer Stock, zum Einsatz. Die dritte Einheit mit Brazilian Ju Jitsu rundete den Lehrgangstag ab. Hier unterrichtete Hanshi Holger Tanzberger Ju Jitsu Techniken aus der Sicht der Selbstverteidigung. Der Lehrgang hat allen sehr viel Spa\u00df gemacht und es konnte jeder etwas f\u00fcr sich mitnehmen.<\/p><p>Der Lehrgangsausklang fand in der nahe gelegenen Vereinsgastst\u00e4tte statt, bevor die Teilnehmer und Referenten wieder den Heimweg antraten. Vielen Dank an den Ausrichter, die Referenten und nat\u00fcrlich auch an die Teilnehmer f\u00fcr einen rundum gelungenen und vielseitigen Lehrgang.<\/p><p>\u00a0<\/p>\t\t\t\t\t\t\t\t<\/div>\n\t\t\t\t<\/div>\n\t\t\t\t\t<\/div>\n\t\t<\/div>\n\t\t\t\t\t<\/div>\n\t\t<\/section>\n\t\t\t\t<section class=\"elementor-section elementor-top-section elementor-element elementor-element-c3bcfc2 elementor-section-boxed elementor-section-height-default elementor-section-height-default\" data-id=\"c3bcfc2\" data-element_type=\"section\" data-e-type=\"section\">\n\t\t\t\t\t\t<div class=\"elementor-container elementor-column-gap-default\">\n\t\t\t\t\t<div class=\"elementor-column elementor-col-100 elementor-top-column elementor-element elementor-element-72c1bc3\" data-id=\"72c1bc3\" data-element_type=\"column\" data-e-type=\"column\">\n\t\t\t<div class=\"elementor-widget-wrap elementor-element-populated\">\n\t\t\t\t\t\t<div class=\"elementor-element elementor-element-f1995f4 elementor-widget elementor-widget-image\" data-id=\"f1995f4\" data-element_type=\"widget\" data-e-type=\"widget\" data-widget_type=\"image.default\">\n\t\t\t\t<div class=\"elementor-widget-container\">\n\t\t\t\t\t\t\t\t\t\t\t\t\t\t\t\t<a href=\"https:\/\/www.kampfsport-dagersheim.de\/wp-content\/uploads\/2025\/11\/251115_Gruppenfoto-ERwKids1_.jpg\" data-elementor-open-lightbox=\"yes\" data-elementor-lightbox-title=\"251115_Gruppenfoto ERw+Kids1_\" data-e-action-hash=\"#elementor-action%3Aaction%3Dlightbox%26settings%3DeyJpZCI6NDg1MCwidXJsIjoiaHR0cHM6XC9cL3d3dy5rYW1wZnNwb3J0LWRhZ2Vyc2hlaW0uZGVcL3dwLWNvbnRlbnRcL3VwbG9hZHNcLzIwMjVcLzExXC8yNTExMTVfR3J1cHBlbmZvdG8tRVJ3S2lkczFfLmpwZyJ9\">\n\t\t\t\t\t\t\t<img loading=\"lazy\" decoding=\"async\" width=\"740\" height=\"418\" src=\"https:\/\/www.kampfsport-dagersheim.de\/wp-content\/uploads\/2025\/11\/251115_Gruppenfoto-ERwKids1_-1024x579.jpg\" class=\"attachment-large size-large wp-image-4850\" alt=\"\" srcset=\"https:\/\/www.kampfsport-dagersheim.de\/wp-content\/uploads\/2025\/11\/251115_Gruppenfoto-ERwKids1_-1024x579.jpg 1024w, https:\/\/www.kampfsport-dagersheim.de\/wp-content\/uploads\/2025\/11\/251115_Gruppenfoto-ERwKids1_-300x170.jpg 300w, https:\/\/www.kampfsport-dagersheim.de\/wp-content\/uploads\/2025\/11\/251115_Gruppenfoto-ERwKids1_-768x434.jpg 768w, https:\/\/www.kampfsport-dagersheim.de\/wp-content\/uploads\/2025\/11\/251115_Gruppenfoto-ERwKids1_-1536x869.jpg 1536w, https:\/\/www.kampfsport-dagersheim.de\/wp-content\/uploads\/2025\/11\/251115_Gruppenfoto-ERwKids1_.jpg 1600w\" sizes=\"100vw\" \/>\t\t\t\t\t\t\t\t<\/a>\n\t\t\t\t\t\t\t\t\t\t\t\t\t\t\t<\/div>\n\t\t\t\t<\/div>\n\t\t\t\t\t<\/div>\n\t\t<\/div>\n\t\t\t\t\t<\/div>\n\t\t<\/section>\n\t\t\t\t<section class=\"elementor-section elementor-top-section elementor-element elementor-element-dc7338f elementor-section-boxed elementor-section-height-default elementor-section-height-default\" data-id=\"dc7338f\" data-element_type=\"section\" data-e-type=\"section\">\n\t\t\t\t\t\t<div class=\"elementor-container elementor-column-gap-default\">\n\t\t\t\t\t<div class=\"elementor-column elementor-col-100 elementor-top-column elementor-element elementor-element-14728dc\" data-id=\"14728dc\" data-element_type=\"column\" data-e-type=\"column\">\n\t\t\t<div class=\"elementor-widget-wrap elementor-element-populated\">\n\t\t\t\t\t\t<div class=\"elementor-element elementor-element-c03d14e elementor-arrows-position-inside elementor-pagination-position-outside elementor-widget elementor-widget-image-carousel\" data-id=\"c03d14e\" data-element_type=\"widget\" data-e-type=\"widget\" data-settings=\"{&quot;navigation&quot;:&quot;both&quot;,&quot;autoplay&quot;:&quot;yes&quot;,&quot;pause_on_hover&quot;:&quot;yes&quot;,&quot;pause_on_interaction&quot;:&quot;yes&quot;,&quot;autoplay_speed&quot;:5000,&quot;infinite&quot;:&quot;yes&quot;,&quot;speed&quot;:500}\" data-widget_type=\"image-carousel.default\">\n\t\t\t\t<div class=\"elementor-widget-container\">\n\t\t\t\t\t\t\t<div class=\"elementor-image-carousel-wrapper swiper\" role=\"region\" aria-roledescription=\"carousel\" aria-label=\"Bild Karussell\" dir=\"ltr\">\n\t\t\t<div class=\"elementor-image-carousel swiper-wrapper\" aria-live=\"off\">\n\t\t\t\t\t\t\t\t<div class=\"swiper-slide\" role=\"group\" aria-roledescription=\"slide\" aria-label=\"1 von 10\"><a data-elementor-open-lightbox=\"yes\" data-elementor-lightbox-slideshow=\"c03d14e\" data-elementor-lightbox-title=\"GruppenbildUngarn02\" data-e-action-hash=\"#elementor-action%3Aaction%3Dlightbox%26settings%3DeyJpZCI6NDg1MiwidXJsIjoiaHR0cHM6XC9cL3d3dy5rYW1wZnNwb3J0LWRhZ2Vyc2hlaW0uZGVcL3dwLWNvbnRlbnRcL3VwbG9hZHNcLzIwMjVcLzExXC9HcnVwcGVuYmlsZFVuZ2FybjAyLmpwZyIsInNsaWRlc2hvdyI6ImMwM2QxNGUifQ%3D%3D\" href=\"https:\/\/www.kampfsport-dagersheim.de\/wp-content\/uploads\/2025\/11\/GruppenbildUngarn02.jpg\"><figure class=\"swiper-slide-inner\"><img decoding=\"async\" class=\"swiper-slide-image\" src=\"https:\/\/www.kampfsport-dagersheim.de\/wp-content\/uploads\/2025\/11\/GruppenbildUngarn02-150x150.jpg\" alt=\"GruppenbildUngarn02\" \/><\/figure><\/a><\/div><div class=\"swiper-slide\" role=\"group\" aria-roledescription=\"slide\" aria-label=\"2 von 10\"><a data-elementor-open-lightbox=\"yes\" data-elementor-lightbox-slideshow=\"c03d14e\" data-elementor-lightbox-title=\"MatthCed02\" data-e-action-hash=\"#elementor-action%3Aaction%3Dlightbox%26settings%3DeyJpZCI6NDg1NCwidXJsIjoiaHR0cHM6XC9cL3d3dy5rYW1wZnNwb3J0LWRhZ2Vyc2hlaW0uZGVcL3dwLWNvbnRlbnRcL3VwbG9hZHNcLzIwMjVcLzExXC9NYXR0aENlZDAyLTEuanBnIiwic2xpZGVzaG93IjoiYzAzZDE0ZSJ9\" href=\"https:\/\/www.kampfsport-dagersheim.de\/wp-content\/uploads\/2025\/11\/MatthCed02-1.jpg\"><figure class=\"swiper-slide-inner\"><img decoding=\"async\" class=\"swiper-slide-image\" src=\"https:\/\/www.kampfsport-dagersheim.de\/wp-content\/uploads\/2025\/11\/MatthCed02-1-150x150.jpg\" alt=\"MatthCed02\" \/><\/figure><\/a><\/div><div class=\"swiper-slide\" role=\"group\" aria-roledescription=\"slide\" aria-label=\"3 von 10\"><a data-elementor-open-lightbox=\"yes\" data-elementor-lightbox-slideshow=\"c03d14e\" data-elementor-lightbox-title=\"MatthCed03\" data-e-action-hash=\"#elementor-action%3Aaction%3Dlightbox%26settings%3DeyJpZCI6NDg1NSwidXJsIjoiaHR0cHM6XC9cL3d3dy5rYW1wZnNwb3J0LWRhZ2Vyc2hlaW0uZGVcL3dwLWNvbnRlbnRcL3VwbG9hZHNcLzIwMjVcLzExXC9NYXR0aENlZDAzLmpwZyIsInNsaWRlc2hvdyI6ImMwM2QxNGUifQ%3D%3D\" href=\"https:\/\/www.kampfsport-dagersheim.de\/wp-content\/uploads\/2025\/11\/MatthCed03.jpg\"><figure class=\"swiper-slide-inner\"><img decoding=\"async\" class=\"swiper-slide-image\" src=\"https:\/\/www.kampfsport-dagersheim.de\/wp-content\/uploads\/2025\/11\/MatthCed03-150x150.jpg\" alt=\"MatthCed03\" \/><\/figure><\/a><\/div><div class=\"swiper-slide\" role=\"group\" aria-roledescription=\"slide\" aria-label=\"4 von 10\"><a data-elementor-open-lightbox=\"yes\" data-elementor-lightbox-slideshow=\"c03d14e\" data-elementor-lightbox-title=\"MatthCed04\" data-e-action-hash=\"#elementor-action%3Aaction%3Dlightbox%26settings%3DeyJpZCI6NDg1NiwidXJsIjoiaHR0cHM6XC9cL3d3dy5rYW1wZnNwb3J0LWRhZ2Vyc2hlaW0uZGVcL3dwLWNvbnRlbnRcL3VwbG9hZHNcLzIwMjVcLzExXC9NYXR0aENlZDA0LmpwZyIsInNsaWRlc2hvdyI6ImMwM2QxNGUifQ%3D%3D\" href=\"https:\/\/www.kampfsport-dagersheim.de\/wp-content\/uploads\/2025\/11\/MatthCed04.jpg\"><figure class=\"swiper-slide-inner\"><img decoding=\"async\" class=\"swiper-slide-image\" src=\"https:\/\/www.kampfsport-dagersheim.de\/wp-content\/uploads\/2025\/11\/MatthCed04-150x150.jpg\" alt=\"MatthCed04\" \/><\/figure><\/a><\/div><div class=\"swiper-slide\" role=\"group\" aria-roledescription=\"slide\" aria-label=\"5 von 10\"><a data-elementor-open-lightbox=\"yes\" data-elementor-lightbox-slideshow=\"c03d14e\" data-elementor-lightbox-title=\"MatthCed05\" data-e-action-hash=\"#elementor-action%3Aaction%3Dlightbox%26settings%3DeyJpZCI6NDg1NywidXJsIjoiaHR0cHM6XC9cL3d3dy5rYW1wZnNwb3J0LWRhZ2Vyc2hlaW0uZGVcL3dwLWNvbnRlbnRcL3VwbG9hZHNcLzIwMjVcLzExXC9NYXR0aENlZDA1LmpwZyIsInNsaWRlc2hvdyI6ImMwM2QxNGUifQ%3D%3D\" href=\"https:\/\/www.kampfsport-dagersheim.de\/wp-content\/uploads\/2025\/11\/MatthCed05.jpg\"><figure class=\"swiper-slide-inner\"><img decoding=\"async\" class=\"swiper-slide-image\" src=\"https:\/\/www.kampfsport-dagersheim.de\/wp-content\/uploads\/2025\/11\/MatthCed05-150x150.jpg\" alt=\"MatthCed05\" \/><\/figure><\/a><\/div><div class=\"swiper-slide\" role=\"group\" aria-roledescription=\"slide\" aria-label=\"6 von 10\"><a data-elementor-open-lightbox=\"yes\" data-elementor-lightbox-slideshow=\"c03d14e\" data-elementor-lightbox-title=\"MatthCed06\" data-e-action-hash=\"#elementor-action%3Aaction%3Dlightbox%26settings%3DeyJpZCI6NDg1OCwidXJsIjoiaHR0cHM6XC9cL3d3dy5rYW1wZnNwb3J0LWRhZ2Vyc2hlaW0uZGVcL3dwLWNvbnRlbnRcL3VwbG9hZHNcLzIwMjVcLzExXC9NYXR0aENlZDA2LmpwZyIsInNsaWRlc2hvdyI6ImMwM2QxNGUifQ%3D%3D\" href=\"https:\/\/www.kampfsport-dagersheim.de\/wp-content\/uploads\/2025\/11\/MatthCed06.jpg\"><figure class=\"swiper-slide-inner\"><img decoding=\"async\" class=\"swiper-slide-image\" src=\"https:\/\/www.kampfsport-dagersheim.de\/wp-content\/uploads\/2025\/11\/MatthCed06-150x150.jpg\" alt=\"MatthCed06\" \/><\/figure><\/a><\/div><div class=\"swiper-slide\" role=\"group\" aria-roledescription=\"slide\" aria-label=\"7 von 10\"><a data-elementor-open-lightbox=\"yes\" data-elementor-lightbox-slideshow=\"c03d14e\" data-elementor-lightbox-title=\"Istvan\" data-e-action-hash=\"#elementor-action%3Aaction%3Dlightbox%26settings%3DeyJpZCI6NDg3MiwidXJsIjoiaHR0cHM6XC9cL3d3dy5rYW1wZnNwb3J0LWRhZ2Vyc2hlaW0uZGVcL3dwLWNvbnRlbnRcL3VwbG9hZHNcLzIwMjVcLzExXC9Jc3R2YW4uanBnIiwic2xpZGVzaG93IjoiYzAzZDE0ZSJ9\" href=\"https:\/\/www.kampfsport-dagersheim.de\/wp-content\/uploads\/2025\/11\/Istvan.jpg\"><figure class=\"swiper-slide-inner\"><img decoding=\"async\" class=\"swiper-slide-image\" src=\"https:\/\/www.kampfsport-dagersheim.de\/wp-content\/uploads\/2025\/11\/Istvan-150x150.jpg\" alt=\"Istvan\" \/><\/figure><\/a><\/div><div class=\"swiper-slide\" role=\"group\" aria-roledescription=\"slide\" aria-label=\"8 von 10\"><a data-elementor-open-lightbox=\"yes\" data-elementor-lightbox-slideshow=\"c03d14e\" data-elementor-lightbox-title=\"Istvan02\" data-e-action-hash=\"#elementor-action%3Aaction%3Dlightbox%26settings%3DeyJpZCI6NDg3MywidXJsIjoiaHR0cHM6XC9cL3d3dy5rYW1wZnNwb3J0LWRhZ2Vyc2hlaW0uZGVcL3dwLWNvbnRlbnRcL3VwbG9hZHNcLzIwMjVcLzExXC9Jc3R2YW4wMi5qcGciLCJzbGlkZXNob3ciOiJjMDNkMTRlIn0%3D\" href=\"https:\/\/www.kampfsport-dagersheim.de\/wp-content\/uploads\/2025\/11\/Istvan02.jpg\"><figure class=\"swiper-slide-inner\"><img decoding=\"async\" class=\"swiper-slide-image\" src=\"https:\/\/www.kampfsport-dagersheim.de\/wp-content\/uploads\/2025\/11\/Istvan02-150x150.jpg\" alt=\"Istvan02\" \/><\/figure><\/a><\/div><div class=\"swiper-slide\" role=\"group\" aria-roledescription=\"slide\" aria-label=\"9 von 10\"><a data-elementor-open-lightbox=\"yes\" data-elementor-lightbox-slideshow=\"c03d14e\" data-elementor-lightbox-title=\"MatthiasCedricKids\" data-e-action-hash=\"#elementor-action%3Aaction%3Dlightbox%26settings%3DeyJpZCI6NDg1OSwidXJsIjoiaHR0cHM6XC9cL3d3dy5rYW1wZnNwb3J0LWRhZ2Vyc2hlaW0uZGVcL3dwLWNvbnRlbnRcL3VwbG9hZHNcLzIwMjVcLzExXC9NYXR0aGlhc0NlZHJpY0tpZHMtc2NhbGVkLmpwZyIsInNsaWRlc2hvdyI6ImMwM2QxNGUifQ%3D%3D\" href=\"https:\/\/www.kampfsport-dagersheim.de\/wp-content\/uploads\/2025\/11\/MatthiasCedricKids-scaled.jpg\"><figure class=\"swiper-slide-inner\"><img decoding=\"async\" class=\"swiper-slide-image\" src=\"https:\/\/www.kampfsport-dagersheim.de\/wp-content\/uploads\/2025\/11\/MatthiasCedricKids-150x150.jpg\" alt=\"MatthiasCedricKids\" \/><\/figure><\/a><\/div><div class=\"swiper-slide\" role=\"group\" aria-roledescription=\"slide\" aria-label=\"10 von 10\"><a data-elementor-open-lightbox=\"yes\" data-elementor-lightbox-slideshow=\"c03d14e\" data-elementor-lightbox-title=\"MatthiasCedricKidsGruppe\" data-e-action-hash=\"#elementor-action%3Aaction%3Dlightbox%26settings%3DeyJpZCI6NDg2MCwidXJsIjoiaHR0cHM6XC9cL3d3dy5rYW1wZnNwb3J0LWRhZ2Vyc2hlaW0uZGVcL3dwLWNvbnRlbnRcL3VwbG9hZHNcLzIwMjVcLzExXC9NYXR0aGlhc0NlZHJpY0tpZHNHcnVwcGUtc2NhbGVkLmpwZyIsInNsaWRlc2hvdyI6ImMwM2QxNGUifQ%3D%3D\" href=\"https:\/\/www.kampfsport-dagersheim.de\/wp-content\/uploads\/2025\/11\/MatthiasCedricKidsGruppe-scaled.jpg\"><figure class=\"swiper-slide-inner\"><img decoding=\"async\" class=\"swiper-slide-image\" src=\"https:\/\/www.kampfsport-dagersheim.de\/wp-content\/uploads\/2025\/11\/MatthiasCedricKidsGruppe-150x150.jpg\" alt=\"MatthiasCedricKidsGruppe\" \/><\/figure><\/a><\/div>\t\t\t<\/div>\n\t\t\t\t\t\t\t\t\t\t\t\t<div class=\"elementor-swiper-button elementor-swiper-button-prev\" role=\"button\" tabindex=\"0\">\n\t\t\t\t\t\t<i aria-hidden=\"true\" class=\"eicon-chevron-left\"><\/i>\t\t\t\t\t<\/div>\n\t\t\t\t\t<div class=\"elementor-swiper-button elementor-swiper-button-next\" role=\"button\" tabindex=\"0\">\n\t\t\t\t\t\t<i aria-hidden=\"true\" class=\"eicon-chevron-right\"><\/i>\t\t\t\t\t<\/div>\n\t\t\t\t\n\t\t\t\t\t\t\t\t\t<div class=\"swiper-pagination\"><\/div>\n\t\t\t\t\t\t\t\t\t<\/div>\n\t\t\t\t\t\t<\/div>\n\t\t\t\t<\/div>\n\t\t\t\t\t<\/div>\n\t\t<\/div>\n\t\t\t\t\t<\/div>\n\t\t<\/section>\n\t\t\t\t<\/div>\n\t\t","protected":false},"excerpt":{"rendered":"<p>IFAK Selbstverteidigungs-Lehrgang in Diespeck Am Samstag, den 15.11.2025, fand beim DTV Diespeck der letzte IFAK Lehrgang f\u00fcr 2025 statt. Es wurden mit Ju Jitsu, Hanbo Jitsu und Brazilian Ju Jitsu drei Disziplinen angeboten. Das internationale Referenten-Team bestand an diesem Lehrgang aus dem 1. Vorstand des IFAK Hanshi Matthias Weiss 10. Dan, dem IFAK Landestrainer f\u00fcr &hellip; <\/p>\n<p class=\"link-more\"><a href=\"https:\/\/www.kampfsport-dagersheim.de\/?page_id=4845\" class=\"more-link\"><span class=\"screen-reader-text\">\u201eIFAK Selbstverteidigungs-Lehrgang in Diespeck, 15.11.2025\u201c <\/span>weiterlesen<\/a><\/p>\n","protected":false},"author":1,"featured_media":0,"parent":0,"menu_order":0,"comment_status":"closed","ping_status":"closed","template":"","meta":{"footnotes":""},"class_list":["post-4845","page","type-page","status-publish","hentry"],"_links":{"self":[{"href":"https:\/\/www.kampfsport-dagersheim.de\/index.php?rest_route=\/wp\/v2\/pages\/4845","targetHints":{"allow":["GET"]}}],"collection":[{"href":"https:\/\/www.kampfsport-dagersheim.de\/index.php?rest_route=\/wp\/v2\/pages"}],"about":[{"href":"https:\/\/www.kampfsport-dagersheim.de\/index.php?rest_route=\/wp\/v2\/types\/page"}],"author":[{"embeddable":true,"href":"https:\/\/www.kampfsport-dagersheim.de\/index.php?rest_route=\/wp\/v2\/users\/1"}],"replies":[{"embeddable":true,"href":"https:\/\/www.kampfsport-dagersheim.de\/index.php?rest_route=%2Fwp%2Fv2%2Fcomments&post=4845"}],"version-history":[{"count":10,"href":"https:\/\/www.kampfsport-dagersheim.de\/index.php?rest_route=\/wp\/v2\/pages\/4845\/revisions"}],"predecessor-version":[{"id":4890,"href":"https:\/\/www.kampfsport-dagersheim.de\/index.php?rest_route=\/wp\/v2\/pages\/4845\/revisions\/4890"}],"wp:attachment":[{"href":"https:\/\/www.kampfsport-dagersheim.de\/index.php?rest_route=%2Fwp%2Fv2%2Fmedia&parent=4845"}],"curies":[{"name":"wp","href":"https:\/\/api.w.org\/{rel}","templated":true}]}}