{"id":4775,"date":"2025-10-13T17:53:56","date_gmt":"2025-10-13T15:53:56","guid":{"rendered":"https:\/\/www.kampfsport-dagersheim.de\/?page_id=4775"},"modified":"2025-10-13T18:41:06","modified_gmt":"2025-10-13T16:41:06","slug":"ifak-lehrgang-in-feldkirchen-oktober-2026","status":"publish","type":"page","link":"https:\/\/www.kampfsport-dagersheim.de\/?page_id=4775","title":{"rendered":"IFAK Lehrgang in Feldkirchen, Oktober 2025"},"content":{"rendered":"\t\t<div data-elementor-type=\"wp-page\" data-elementor-id=\"4775\" class=\"elementor elementor-4775\">\n\t\t\t\t\t\t<section class=\"elementor-section elementor-top-section elementor-element elementor-element-26b78eb elementor-section-boxed elementor-section-height-default elementor-section-height-default\" data-id=\"26b78eb\" data-element_type=\"section\" data-e-type=\"section\">\n\t\t\t\t\t\t<div class=\"elementor-container elementor-column-gap-default\">\n\t\t\t\t\t<div class=\"elementor-column elementor-col-100 elementor-top-column elementor-element elementor-element-3f923517\" data-id=\"3f923517\" data-element_type=\"column\" data-e-type=\"column\">\n\t\t\t<div class=\"elementor-widget-wrap elementor-element-populated\">\n\t\t\t\t\t\t<div class=\"elementor-element elementor-element-5403d55b elementor-widget elementor-widget-text-editor\" data-id=\"5403d55b\" data-element_type=\"widget\" data-e-type=\"widget\" data-widget_type=\"text-editor.default\">\n\t\t\t\t<div class=\"elementor-widget-container\">\n\t\t\t\t\t\t\t\t\t<p><strong> <img decoding=\"async\" class=\"size-medium wp-image-4778 alignright\" src=\"https:\/\/www.kampfsport-dagersheim.de\/wp-content\/uploads\/2025\/10\/IFAK-TSVFeldk-150.jpg\" alt=\"\" width=\"280\" height=\"150\" \/>IFAK Lehrgang Judo und Ju Jitsu in Feldkirchen bei M\u00fcnchen<\/strong><\/p><p>Am Samstag, den 11. Oktober 2025, fand bei Hanshi Hans D\u00f6ring 2. Vorstand des IFAK, ein Judo- und Ju Jitsu-Lehrgang statt. Referenten f\u00fcr Ju Jitsu waren Shihan Mojmir Marton aus der Slowakei sowie Hanshi Hans D\u00f6ring und Sensei Christoph Neeb vom TSV Feldkirchen. Die Judoeinheit \u00fcbernahm Sensei Heinz Schmidt vom TSV Feldkirchen.<\/p><p>Nach dem Lehrgang lie\u00dfen die Teilnehmer den Tag bei einem gemeinsamen Essen ausklingen. Vielen Dank an Hans D\u00f6ring und das Team vom TSV Feldkirchen.<\/p><p>\u00a0<\/p><p>\u00a0<\/p>\t\t\t\t\t\t\t\t<\/div>\n\t\t\t\t<\/div>\n\t\t\t\t\t<\/div>\n\t\t<\/div>\n\t\t\t\t\t<\/div>\n\t\t<\/section>\n\t\t\t\t<section class=\"elementor-section elementor-top-section elementor-element elementor-element-3aa1365 elementor-section-boxed elementor-section-height-default elementor-section-height-default\" data-id=\"3aa1365\" data-element_type=\"section\" data-e-type=\"section\">\n\t\t\t\t\t\t<div class=\"elementor-container elementor-column-gap-default\">\n\t\t\t\t\t<div class=\"elementor-column elementor-col-50 elementor-top-column elementor-element elementor-element-417277b\" data-id=\"417277b\" data-element_type=\"column\" data-e-type=\"column\">\n\t\t\t<div class=\"elementor-widget-wrap elementor-element-populated\">\n\t\t\t\t\t\t<div class=\"elementor-element elementor-element-850c09b elementor-widget elementor-widget-image\" data-id=\"850c09b\" data-element_type=\"widget\" data-e-type=\"widget\" data-widget_type=\"image.default\">\n\t\t\t\t<div class=\"elementor-widget-container\">\n\t\t\t\t\t\t\t\t\t\t\t\t\t\t\t\t<a href=\"https:\/\/www.kampfsport-dagersheim.de\/wp-content\/uploads\/2025\/10\/251011_Gruppenbild.jpg\" data-elementor-open-lightbox=\"yes\" data-elementor-lightbox-title=\"251011_Gruppenbild\" data-e-action-hash=\"#elementor-action%3Aaction%3Dlightbox%26settings%3DeyJpZCI6NDc3OSwidXJsIjoiaHR0cHM6XC9cL3d3dy5rYW1wZnNwb3J0LWRhZ2Vyc2hlaW0uZGVcL3dwLWNvbnRlbnRcL3VwbG9hZHNcLzIwMjVcLzEwXC8yNTEwMTFfR3J1cHBlbmJpbGQuanBnIn0%3D\">\n\t\t\t\t\t\t\t<img fetchpriority=\"high\" decoding=\"async\" width=\"740\" height=\"395\" src=\"https:\/\/www.kampfsport-dagersheim.de\/wp-content\/uploads\/2025\/10\/251011_Gruppenbild-1024x546.jpg\" class=\"attachment-large size-large wp-image-4779\" alt=\"\" srcset=\"https:\/\/www.kampfsport-dagersheim.de\/wp-content\/uploads\/2025\/10\/251011_Gruppenbild-1024x546.jpg 1024w, https:\/\/www.kampfsport-dagersheim.de\/wp-content\/uploads\/2025\/10\/251011_Gruppenbild-300x160.jpg 300w, https:\/\/www.kampfsport-dagersheim.de\/wp-content\/uploads\/2025\/10\/251011_Gruppenbild-768x409.jpg 768w, https:\/\/www.kampfsport-dagersheim.de\/wp-content\/uploads\/2025\/10\/251011_Gruppenbild-1536x819.jpg 1536w, https:\/\/www.kampfsport-dagersheim.de\/wp-content\/uploads\/2025\/10\/251011_Gruppenbild.jpg 1782w\" sizes=\"100vw\" \/>\t\t\t\t\t\t\t\t<\/a>\n\t\t\t\t\t\t\t\t\t\t\t\t\t\t\t<\/div>\n\t\t\t\t<\/div>\n\t\t\t\t\t<\/div>\n\t\t<\/div>\n\t\t\t\t<div class=\"elementor-column elementor-col-50 elementor-top-column elementor-element elementor-element-6cc82be\" data-id=\"6cc82be\" data-element_type=\"column\" data-e-type=\"column\">\n\t\t\t<div class=\"elementor-widget-wrap elementor-element-populated\">\n\t\t\t\t\t\t<div class=\"elementor-element elementor-element-9329496 elementor-widget elementor-widget-image\" data-id=\"9329496\" data-element_type=\"widget\" data-e-type=\"widget\" data-widget_type=\"image.default\">\n\t\t\t\t<div class=\"elementor-widget-container\">\n\t\t\t\t\t\t\t\t\t\t\t\t\t\t\t\t<a href=\"https:\/\/www.kampfsport-dagersheim.de\/wp-content\/uploads\/2025\/10\/2025-10-11_MMK_MatthiasCedric-scaled-e1760372615948.jpg\" data-elementor-open-lightbox=\"yes\" data-elementor-lightbox-title=\"2025-10-11_MMK_MatthiasCedric\" data-e-action-hash=\"#elementor-action%3Aaction%3Dlightbox%26settings%3DeyJpZCI6NDc4MCwidXJsIjoiaHR0cHM6XC9cL3d3dy5rYW1wZnNwb3J0LWRhZ2Vyc2hlaW0uZGVcL3dwLWNvbnRlbnRcL3VwbG9hZHNcLzIwMjVcLzEwXC8yMDI1LTEwLTExX01NS19NYXR0aGlhc0NlZHJpYy1zY2FsZWQtZTE3NjAzNzI2MTU5NDguanBnIn0%3D\">\n\t\t\t\t\t\t\t<img decoding=\"async\" width=\"740\" height=\"458\" src=\"https:\/\/www.kampfsport-dagersheim.de\/wp-content\/uploads\/2025\/10\/2025-10-11_MMK_MatthiasCedric-scaled-e1760372615948-1024x634.jpg\" class=\"attachment-large size-large wp-image-4780\" alt=\"\" srcset=\"https:\/\/www.kampfsport-dagersheim.de\/wp-content\/uploads\/2025\/10\/2025-10-11_MMK_MatthiasCedric-scaled-e1760372615948-1024x634.jpg 1024w, https:\/\/www.kampfsport-dagersheim.de\/wp-content\/uploads\/2025\/10\/2025-10-11_MMK_MatthiasCedric-scaled-e1760372615948-300x186.jpg 300w, https:\/\/www.kampfsport-dagersheim.de\/wp-content\/uploads\/2025\/10\/2025-10-11_MMK_MatthiasCedric-scaled-e1760372615948-768x476.jpg 768w, https:\/\/www.kampfsport-dagersheim.de\/wp-content\/uploads\/2025\/10\/2025-10-11_MMK_MatthiasCedric-scaled-e1760372615948-1536x952.jpg 1536w, https:\/\/www.kampfsport-dagersheim.de\/wp-content\/uploads\/2025\/10\/2025-10-11_MMK_MatthiasCedric-scaled-e1760372615948-2048x1269.jpg 2048w\" sizes=\"100vw\" \/>\t\t\t\t\t\t\t\t<\/a>\n\t\t\t\t\t\t\t\t\t\t\t\t\t\t\t<\/div>\n\t\t\t\t<\/div>\n\t\t\t\t\t<\/div>\n\t\t<\/div>\n\t\t\t\t\t<\/div>\n\t\t<\/section>\n\t\t\t\t<\/div>\n\t\t","protected":false},"excerpt":{"rendered":"<p>IFAK Lehrgang Judo und Ju Jitsu in Feldkirchen bei M\u00fcnchen Am Samstag, den 11. Oktober 2025, fand bei Hanshi Hans D\u00f6ring 2. Vorstand des IFAK, ein Judo- und Ju Jitsu-Lehrgang statt. Referenten f\u00fcr Ju Jitsu waren Shihan Mojmir Marton aus der Slowakei sowie Hanshi Hans D\u00f6ring und Sensei Christoph Neeb vom TSV Feldkirchen. Die Judoeinheit &hellip; <\/p>\n<p class=\"link-more\"><a href=\"https:\/\/www.kampfsport-dagersheim.de\/?page_id=4775\" class=\"more-link\"><span class=\"screen-reader-text\">\u201eIFAK Lehrgang in Feldkirchen, Oktober 2025\u201c <\/span>weiterlesen<\/a><\/p>\n","protected":false},"author":1,"featured_media":0,"parent":0,"menu_order":0,"comment_status":"closed","ping_status":"closed","template":"","meta":{"footnotes":""},"class_list":["post-4775","page","type-page","status-publish","hentry"],"_links":{"self":[{"href":"https:\/\/www.kampfsport-dagersheim.de\/index.php?rest_route=\/wp\/v2\/pages\/4775","targetHints":{"allow":["GET"]}}],"collection":[{"href":"https:\/\/www.kampfsport-dagersheim.de\/index.php?rest_route=\/wp\/v2\/pages"}],"about":[{"href":"https:\/\/www.kampfsport-dagersheim.de\/index.php?rest_route=\/wp\/v2\/types\/page"}],"author":[{"embeddable":true,"href":"https:\/\/www.kampfsport-dagersheim.de\/index.php?rest_route=\/wp\/v2\/users\/1"}],"replies":[{"embeddable":true,"href":"https:\/\/www.kampfsport-dagersheim.de\/index.php?rest_route=%2Fwp%2Fv2%2Fcomments&post=4775"}],"version-history":[{"count":5,"href":"https:\/\/www.kampfsport-dagersheim.de\/index.php?rest_route=\/wp\/v2\/pages\/4775\/revisions"}],"predecessor-version":[{"id":4790,"href":"https:\/\/www.kampfsport-dagersheim.de\/index.php?rest_route=\/wp\/v2\/pages\/4775\/revisions\/4790"}],"wp:attachment":[{"href":"https:\/\/www.kampfsport-dagersheim.de\/index.php?rest_route=%2Fwp%2Fv2%2Fmedia&parent=4775"}],"curies":[{"name":"wp","href":"https:\/\/api.w.org\/{rel}","templated":true}]}}