{"id":4765,"date":"2025-10-13T17:43:32","date_gmt":"2025-10-13T15:43:32","guid":{"rendered":"https:\/\/www.kampfsport-dagersheim.de\/?page_id=4765"},"modified":"2025-10-13T17:52:25","modified_gmt":"2025-10-13T15:52:25","slug":"wjjv-ikf-lehrgang-oktober-2025-hildrizhausen","status":"publish","type":"page","link":"https:\/\/www.kampfsport-dagersheim.de\/?page_id=4765","title":{"rendered":"WJJV\/IKF Lehrgang, Oktober 2025, Hildrizhausen"},"content":{"rendered":"\t\t<div data-elementor-type=\"wp-page\" data-elementor-id=\"4765\" class=\"elementor elementor-4765\">\n\t\t\t\t\t\t<section class=\"elementor-section elementor-top-section elementor-element elementor-element-c2078d9 elementor-section-boxed elementor-section-height-default elementor-section-height-default\" data-id=\"c2078d9\" data-element_type=\"section\" data-e-type=\"section\">\n\t\t\t\t\t\t<div class=\"elementor-container elementor-column-gap-default\">\n\t\t\t\t\t<div class=\"elementor-column elementor-col-100 elementor-top-column elementor-element elementor-element-28010cd0\" data-id=\"28010cd0\" data-element_type=\"column\" data-e-type=\"column\">\n\t\t\t<div class=\"elementor-widget-wrap elementor-element-populated\">\n\t\t\t\t\t\t<div class=\"elementor-element elementor-element-517c1008 elementor-widget elementor-widget-text-editor\" data-id=\"517c1008\" data-element_type=\"widget\" data-e-type=\"widget\" data-widget_type=\"text-editor.default\">\n\t\t\t\t<div class=\"elementor-widget-container\">\n\t\t\t\t\t\t\t\t\t<p><strong><img fetchpriority=\"high\" decoding=\"async\" class=\"size-medium wp-image-3245 alignright\" src=\"https:\/\/www.kampfsport-dagersheim.de\/wp-content\/uploads\/2023\/08\/WJJV-IKF-300x185.jpg\" alt=\"\" width=\"300\" height=\"185\" srcset=\"https:\/\/www.kampfsport-dagersheim.de\/wp-content\/uploads\/2023\/08\/WJJV-IKF-300x185.jpg 300w, https:\/\/www.kampfsport-dagersheim.de\/wp-content\/uploads\/2023\/08\/WJJV-IKF.jpg 468w\" sizes=\"(max-width: 300px) 100vw, 300px\" \/>WJJV\/IKF Lehrgang Kobudo, Ju-Jutsu und Brazilian Ju-Jutsu BJJ<\/strong><\/p><p>Am Wochenende 04.\/05. Oktober 2025 fand in Hildrizhausen ein internationaler Lehrgang des W\u00fcrttembergischen Ju-Jutsu Verbandes e V. in Zusammenarbeit mit der Internationalen Kobudo Federation statt. Zudem gab es noch ein Jubil\u00e4um \u201e40 Jahre Ju-Jutsu Hildrizhausen\u201c.<\/p><p>Auf dem Programm standen Ko-Budo, Ju-Jutsu und Brazilian Ju-Jutsu. Insgesamt f\u00fcnf Referenten standen an den beiden Lehrgangstagen auf der Matte: Soke G\u00fcnter Painter 9. Dan Kobukai Kobudo aus \u00d6sterreich, Shihan Dr. Danimir Cerkez 8. Dan Ju-Jutsu aus Deutschland, O-Sensei Peter Nowotny 6. Dan Ju-Jutsu und Blue Belt BJJ aus \u00d6sterreich, Shihan Thilo Sch\u00fcle 7. Dan Ju-Jutsu aus Deutschland und Shihan Kari Lehtonen 6. Dan Hokutoryu Ju-Jutsu aus Finnland.<\/p><p>Der Lehrgang war an beiden Tagen sehr gut besucht und wir freuen uns schon auf den n\u00e4chsten Lehrgang des WJJV in Zusammenarbeit mit der IKF in 2026.<\/p><p>\u00a0<\/p>\t\t\t\t\t\t\t\t<\/div>\n\t\t\t\t<\/div>\n\t\t\t\t\t<\/div>\n\t\t<\/div>\n\t\t\t\t\t<\/div>\n\t\t<\/section>\n\t\t\t\t<section class=\"elementor-section elementor-top-section elementor-element elementor-element-1aa0822 elementor-section-boxed elementor-section-height-default elementor-section-height-default\" data-id=\"1aa0822\" data-element_type=\"section\" data-e-type=\"section\">\n\t\t\t\t\t\t<div class=\"elementor-container elementor-column-gap-default\">\n\t\t\t\t\t<div class=\"elementor-column elementor-col-50 elementor-top-column elementor-element elementor-element-3825a3c\" data-id=\"3825a3c\" data-element_type=\"column\" data-e-type=\"column\">\n\t\t\t<div class=\"elementor-widget-wrap elementor-element-populated\">\n\t\t\t\t\t\t<div class=\"elementor-element elementor-element-5fa926f elementor-widget elementor-widget-image\" data-id=\"5fa926f\" data-element_type=\"widget\" data-e-type=\"widget\" data-widget_type=\"image.default\">\n\t\t\t\t<div class=\"elementor-widget-container\">\n\t\t\t\t\t\t\t\t\t\t\t\t\t\t\t\t<a href=\"https:\/\/www.kampfsport-dagersheim.de\/wp-content\/uploads\/2025\/10\/Gruppenbild-Samstag.jpg\" data-elementor-open-lightbox=\"yes\" data-elementor-lightbox-title=\"Gruppenbild-Samstag\" data-e-action-hash=\"#elementor-action%3Aaction%3Dlightbox%26settings%3DeyJpZCI6NDc3MCwidXJsIjoiaHR0cHM6XC9cL3d3dy5rYW1wZnNwb3J0LWRhZ2Vyc2hlaW0uZGVcL3dwLWNvbnRlbnRcL3VwbG9hZHNcLzIwMjVcLzEwXC9HcnVwcGVuYmlsZC1TYW1zdGFnLmpwZyJ9\">\n\t\t\t\t\t\t\t<img decoding=\"async\" width=\"740\" height=\"416\" src=\"https:\/\/www.kampfsport-dagersheim.de\/wp-content\/uploads\/2025\/10\/Gruppenbild-Samstag-1024x576.jpg\" class=\"attachment-large size-large wp-image-4770\" alt=\"\" srcset=\"https:\/\/www.kampfsport-dagersheim.de\/wp-content\/uploads\/2025\/10\/Gruppenbild-Samstag-1024x576.jpg 1024w, https:\/\/www.kampfsport-dagersheim.de\/wp-content\/uploads\/2025\/10\/Gruppenbild-Samstag-300x169.jpg 300w, https:\/\/www.kampfsport-dagersheim.de\/wp-content\/uploads\/2025\/10\/Gruppenbild-Samstag-768x432.jpg 768w, https:\/\/www.kampfsport-dagersheim.de\/wp-content\/uploads\/2025\/10\/Gruppenbild-Samstag-1536x864.jpg 1536w, https:\/\/www.kampfsport-dagersheim.de\/wp-content\/uploads\/2025\/10\/Gruppenbild-Samstag.jpg 1600w\" sizes=\"100vw\" \/>\t\t\t\t\t\t\t\t<\/a>\n\t\t\t\t\t\t\t\t\t\t\t\t\t\t\t<\/div>\n\t\t\t\t<\/div>\n\t\t\t\t\t<\/div>\n\t\t<\/div>\n\t\t\t\t<div class=\"elementor-column elementor-col-50 elementor-top-column elementor-element elementor-element-6f8a605\" data-id=\"6f8a605\" data-element_type=\"column\" data-e-type=\"column\">\n\t\t\t<div class=\"elementor-widget-wrap elementor-element-populated\">\n\t\t\t\t\t\t<div class=\"elementor-element elementor-element-2ae8cfb elementor-widget elementor-widget-image\" data-id=\"2ae8cfb\" data-element_type=\"widget\" data-e-type=\"widget\" data-widget_type=\"image.default\">\n\t\t\t\t<div class=\"elementor-widget-container\">\n\t\t\t\t\t\t\t\t\t\t\t\t\t\t\t\t<a href=\"https:\/\/www.kampfsport-dagersheim.de\/wp-content\/uploads\/2025\/10\/Dagersheim-Samstag-scaled.jpg\" data-elementor-open-lightbox=\"yes\" data-elementor-lightbox-title=\"Dagersheim-Samstag\" data-e-action-hash=\"#elementor-action%3Aaction%3Dlightbox%26settings%3DeyJpZCI6NDc2OCwidXJsIjoiaHR0cHM6XC9cL3d3dy5rYW1wZnNwb3J0LWRhZ2Vyc2hlaW0uZGVcL3dwLWNvbnRlbnRcL3VwbG9hZHNcLzIwMjVcLzEwXC9EYWdlcnNoZWltLVNhbXN0YWctc2NhbGVkLmpwZyJ9\">\n\t\t\t\t\t\t\t<img decoding=\"async\" width=\"740\" height=\"513\" src=\"https:\/\/www.kampfsport-dagersheim.de\/wp-content\/uploads\/2025\/10\/Dagersheim-Samstag-1024x710.jpg\" class=\"attachment-large size-large wp-image-4768\" alt=\"\" srcset=\"https:\/\/www.kampfsport-dagersheim.de\/wp-content\/uploads\/2025\/10\/Dagersheim-Samstag-1024x710.jpg 1024w, https:\/\/www.kampfsport-dagersheim.de\/wp-content\/uploads\/2025\/10\/Dagersheim-Samstag-300x208.jpg 300w, https:\/\/www.kampfsport-dagersheim.de\/wp-content\/uploads\/2025\/10\/Dagersheim-Samstag-768x532.jpg 768w, https:\/\/www.kampfsport-dagersheim.de\/wp-content\/uploads\/2025\/10\/Dagersheim-Samstag-1536x1064.jpg 1536w, https:\/\/www.kampfsport-dagersheim.de\/wp-content\/uploads\/2025\/10\/Dagersheim-Samstag-2048x1419.jpg 2048w\" sizes=\"100vw\" \/>\t\t\t\t\t\t\t\t<\/a>\n\t\t\t\t\t\t\t\t\t\t\t\t\t\t\t<\/div>\n\t\t\t\t<\/div>\n\t\t\t\t\t<\/div>\n\t\t<\/div>\n\t\t\t\t\t<\/div>\n\t\t<\/section>\n\t\t\t\t<section class=\"elementor-section elementor-top-section elementor-element elementor-element-6839181 elementor-section-boxed elementor-section-height-default elementor-section-height-default\" data-id=\"6839181\" data-element_type=\"section\" data-e-type=\"section\">\n\t\t\t\t\t\t<div class=\"elementor-container elementor-column-gap-default\">\n\t\t\t\t\t<div class=\"elementor-column elementor-col-50 elementor-top-column elementor-element elementor-element-60a5610\" data-id=\"60a5610\" data-element_type=\"column\" data-e-type=\"column\">\n\t\t\t<div class=\"elementor-widget-wrap elementor-element-populated\">\n\t\t\t\t\t\t<div class=\"elementor-element elementor-element-0940b6d elementor-widget elementor-widget-image\" data-id=\"0940b6d\" data-element_type=\"widget\" data-e-type=\"widget\" data-widget_type=\"image.default\">\n\t\t\t\t<div class=\"elementor-widget-container\">\n\t\t\t\t\t\t\t\t\t\t\t\t\t\t\t\t<a href=\"https:\/\/www.kampfsport-dagersheim.de\/wp-content\/uploads\/2025\/10\/Gruppenbild-Sonntag-scaled.jpg\" data-elementor-open-lightbox=\"yes\" data-elementor-lightbox-title=\"Gruppenbild-Sonntag\" data-e-action-hash=\"#elementor-action%3Aaction%3Dlightbox%26settings%3DeyJpZCI6NDc3MSwidXJsIjoiaHR0cHM6XC9cL3d3dy5rYW1wZnNwb3J0LWRhZ2Vyc2hlaW0uZGVcL3dwLWNvbnRlbnRcL3VwbG9hZHNcLzIwMjVcLzEwXC9HcnVwcGVuYmlsZC1Tb25udGFnLXNjYWxlZC5qcGcifQ%3D%3D\">\n\t\t\t\t\t\t\t<img loading=\"lazy\" decoding=\"async\" width=\"740\" height=\"403\" src=\"https:\/\/www.kampfsport-dagersheim.de\/wp-content\/uploads\/2025\/10\/Gruppenbild-Sonntag-1024x558.jpg\" class=\"attachment-large size-large wp-image-4771\" alt=\"\" srcset=\"https:\/\/www.kampfsport-dagersheim.de\/wp-content\/uploads\/2025\/10\/Gruppenbild-Sonntag-1024x558.jpg 1024w, https:\/\/www.kampfsport-dagersheim.de\/wp-content\/uploads\/2025\/10\/Gruppenbild-Sonntag-300x163.jpg 300w, https:\/\/www.kampfsport-dagersheim.de\/wp-content\/uploads\/2025\/10\/Gruppenbild-Sonntag-768x419.jpg 768w, https:\/\/www.kampfsport-dagersheim.de\/wp-content\/uploads\/2025\/10\/Gruppenbild-Sonntag-1536x837.jpg 1536w, https:\/\/www.kampfsport-dagersheim.de\/wp-content\/uploads\/2025\/10\/Gruppenbild-Sonntag-2048x1116.jpg 2048w\" sizes=\"100vw\" \/>\t\t\t\t\t\t\t\t<\/a>\n\t\t\t\t\t\t\t\t\t\t\t\t\t\t\t<\/div>\n\t\t\t\t<\/div>\n\t\t\t\t\t<\/div>\n\t\t<\/div>\n\t\t\t\t<div class=\"elementor-column elementor-col-50 elementor-top-column elementor-element elementor-element-c59f291\" data-id=\"c59f291\" data-element_type=\"column\" data-e-type=\"column\">\n\t\t\t<div class=\"elementor-widget-wrap elementor-element-populated\">\n\t\t\t\t\t\t<div class=\"elementor-element elementor-element-1de3194 elementor-widget elementor-widget-image\" data-id=\"1de3194\" data-element_type=\"widget\" data-e-type=\"widget\" data-widget_type=\"image.default\">\n\t\t\t\t<div class=\"elementor-widget-container\">\n\t\t\t\t\t\t\t\t\t\t\t\t\t\t\t\t<a href=\"https:\/\/www.kampfsport-dagersheim.de\/wp-content\/uploads\/2025\/10\/Dagersheim-Sonntag-scaled.jpg\" data-elementor-open-lightbox=\"yes\" data-elementor-lightbox-title=\"Dagersheim-Sonntag\" data-e-action-hash=\"#elementor-action%3Aaction%3Dlightbox%26settings%3DeyJpZCI6NDc2OSwidXJsIjoiaHR0cHM6XC9cL3d3dy5rYW1wZnNwb3J0LWRhZ2Vyc2hlaW0uZGVcL3dwLWNvbnRlbnRcL3VwbG9hZHNcLzIwMjVcLzEwXC9EYWdlcnNoZWltLVNvbm50YWctc2NhbGVkLmpwZyJ9\">\n\t\t\t\t\t\t\t<img loading=\"lazy\" decoding=\"async\" width=\"740\" height=\"443\" src=\"https:\/\/www.kampfsport-dagersheim.de\/wp-content\/uploads\/2025\/10\/Dagersheim-Sonntag-1024x613.jpg\" class=\"attachment-large size-large wp-image-4769\" alt=\"\" srcset=\"https:\/\/www.kampfsport-dagersheim.de\/wp-content\/uploads\/2025\/10\/Dagersheim-Sonntag-1024x613.jpg 1024w, https:\/\/www.kampfsport-dagersheim.de\/wp-content\/uploads\/2025\/10\/Dagersheim-Sonntag-300x180.jpg 300w, https:\/\/www.kampfsport-dagersheim.de\/wp-content\/uploads\/2025\/10\/Dagersheim-Sonntag-768x460.jpg 768w, https:\/\/www.kampfsport-dagersheim.de\/wp-content\/uploads\/2025\/10\/Dagersheim-Sonntag-1536x920.jpg 1536w, https:\/\/www.kampfsport-dagersheim.de\/wp-content\/uploads\/2025\/10\/Dagersheim-Sonntag-2048x1226.jpg 2048w, https:\/\/www.kampfsport-dagersheim.de\/wp-content\/uploads\/2025\/10\/Dagersheim-Sonntag-2000x1200.jpg 2000w\" sizes=\"100vw\" \/>\t\t\t\t\t\t\t\t<\/a>\n\t\t\t\t\t\t\t\t\t\t\t\t\t\t\t<\/div>\n\t\t\t\t<\/div>\n\t\t\t\t\t<\/div>\n\t\t<\/div>\n\t\t\t\t\t<\/div>\n\t\t<\/section>\n\t\t\t\t<\/div>\n\t\t","protected":false},"excerpt":{"rendered":"<p>WJJV\/IKF Lehrgang Kobudo, Ju-Jutsu und Brazilian Ju-Jutsu BJJ Am Wochenende 04.\/05. Oktober 2025 fand in Hildrizhausen ein internationaler Lehrgang des W\u00fcrttembergischen Ju-Jutsu Verbandes e V. in Zusammenarbeit mit der Internationalen Kobudo Federation statt. Zudem gab es noch ein Jubil\u00e4um \u201e40 Jahre Ju-Jutsu Hildrizhausen\u201c. Auf dem Programm standen Ko-Budo, Ju-Jutsu und Brazilian Ju-Jutsu. Insgesamt f\u00fcnf Referenten &hellip; <\/p>\n<p class=\"link-more\"><a href=\"https:\/\/www.kampfsport-dagersheim.de\/?page_id=4765\" class=\"more-link\"><span class=\"screen-reader-text\">\u201eWJJV\/IKF Lehrgang, Oktober 2025, Hildrizhausen\u201c <\/span>weiterlesen<\/a><\/p>\n","protected":false},"author":1,"featured_media":0,"parent":0,"menu_order":0,"comment_status":"closed","ping_status":"closed","template":"","meta":{"footnotes":""},"class_list":["post-4765","page","type-page","status-publish","hentry"],"_links":{"self":[{"href":"https:\/\/www.kampfsport-dagersheim.de\/index.php?rest_route=\/wp\/v2\/pages\/4765","targetHints":{"allow":["GET"]}}],"collection":[{"href":"https:\/\/www.kampfsport-dagersheim.de\/index.php?rest_route=\/wp\/v2\/pages"}],"about":[{"href":"https:\/\/www.kampfsport-dagersheim.de\/index.php?rest_route=\/wp\/v2\/types\/page"}],"author":[{"embeddable":true,"href":"https:\/\/www.kampfsport-dagersheim.de\/index.php?rest_route=\/wp\/v2\/users\/1"}],"replies":[{"embeddable":true,"href":"https:\/\/www.kampfsport-dagersheim.de\/index.php?rest_route=%2Fwp%2Fv2%2Fcomments&post=4765"}],"version-history":[{"count":4,"href":"https:\/\/www.kampfsport-dagersheim.de\/index.php?rest_route=\/wp\/v2\/pages\/4765\/revisions"}],"predecessor-version":[{"id":4774,"href":"https:\/\/www.kampfsport-dagersheim.de\/index.php?rest_route=\/wp\/v2\/pages\/4765\/revisions\/4774"}],"wp:attachment":[{"href":"https:\/\/www.kampfsport-dagersheim.de\/index.php?rest_route=%2Fwp%2Fv2%2Fmedia&parent=4765"}],"curies":[{"name":"wp","href":"https:\/\/api.w.org\/{rel}","templated":true}]}}