{"id":47,"date":"2019-12-08T17:41:50","date_gmt":"2019-12-08T16:41:50","guid":{"rendered":"http:\/\/www.kampfsport-dagersheim.de\/KSD\/?page_id=47"},"modified":"2025-11-30T11:59:24","modified_gmt":"2025-11-30T10:59:24","slug":"pruefungsordnung-jiu-jitsu-ju-jitsu","status":"publish","type":"page","link":"https:\/\/www.kampfsport-dagersheim.de\/?page_id=47","title":{"rendered":"Pr\u00fcfungsordnung Ju Jitsu"},"content":{"rendered":"\t\t<div data-elementor-type=\"wp-page\" data-elementor-id=\"47\" class=\"elementor elementor-47\">\n\t\t\t\t\t\t<section class=\"elementor-section elementor-top-section elementor-element elementor-element-6cf6daa elementor-section-boxed elementor-section-height-default elementor-section-height-default\" data-id=\"6cf6daa\" data-element_type=\"section\" data-e-type=\"section\">\n\t\t\t\t\t\t<div class=\"elementor-container elementor-column-gap-default\">\n\t\t\t\t\t<div class=\"elementor-column elementor-col-33 elementor-top-column elementor-element elementor-element-dfcee47\" data-id=\"dfcee47\" data-element_type=\"column\" data-e-type=\"column\">\n\t\t\t<div class=\"elementor-widget-wrap elementor-element-populated\">\n\t\t\t\t\t\t<div class=\"elementor-element elementor-element-a5f3e5e elementor-widget elementor-widget-text-editor\" data-id=\"a5f3e5e\" data-element_type=\"widget\" data-e-type=\"widget\" data-widget_type=\"text-editor.default\">\n\t\t\t\t<div class=\"elementor-widget-container\">\n\t\t\t\t\t\t\t\t\t<p><b>Das Pr\u00fcfungsprogramm von Gelb- bis Braungurt, der Begleiter auf dem Weg zum Meister<\/b><\/p><p>Unser ausf\u00fchrliches Pr\u00fcfungsprogramm beinhaltet Techniken, Theorie und vieles mehr.\u00a0<\/p><p>Die Version Wei\u00dfgelb- bis Braungurt ist f\u00fcr Pr\u00fcfungen f\u00fcr die Jugend unter 14 J.<\/p><p>Bezug direkt bei Matthias Weiss<br \/><img decoding=\"async\" class=\"alignnone size-full wp-image-687\" src=\"https:\/\/www.kampfsport-dagersheim.de\/wp-content\/uploads\/2019\/12\/Icon-Phone.png\" alt=\"\" width=\"17\" height=\"13\" \/>\u00a00173\/3036639<br \/><img decoding=\"async\" class=\"alignnone size-full wp-image-686\" src=\"https:\/\/www.kampfsport-dagersheim.de\/wp-content\/uploads\/2019\/12\/Icon-Mail.png\" alt=\"\" width=\"17\" height=\"13\" \/>\u00a0m.weiss@kampfsport-dagersheim.de<\/p>\t\t\t\t\t\t\t\t<\/div>\n\t\t\t\t<\/div>\n\t\t\t\t\t<\/div>\n\t\t<\/div>\n\t\t\t\t<div class=\"elementor-column elementor-col-33 elementor-top-column elementor-element elementor-element-862ea66\" data-id=\"862ea66\" data-element_type=\"column\" data-e-type=\"column\">\n\t\t\t<div class=\"elementor-widget-wrap elementor-element-populated\">\n\t\t\t\t\t\t<div class=\"elementor-element elementor-element-6c391ef elementor-widget elementor-widget-image\" data-id=\"6c391ef\" data-element_type=\"widget\" data-e-type=\"widget\" data-widget_type=\"image.default\">\n\t\t\t\t<div class=\"elementor-widget-container\">\n\t\t\t\t\t\t\t\t\t\t\t\t\t\t\t\t<a href=\"https:\/\/www.kampfsport-dagersheim.de\/wp-content\/uploads\/2019\/12\/Cover-Erw1000.jpg\" data-elementor-open-lightbox=\"yes\" data-elementor-lightbox-title=\"Cover-Erw1000\" data-e-action-hash=\"#elementor-action%3Aaction%3Dlightbox%26settings%3DeyJpZCI6NzkxLCJ1cmwiOiJodHRwczpcL1wvd3d3LmthbXBmc3BvcnQtZGFnZXJzaGVpbS5kZVwvd3AtY29udGVudFwvdXBsb2Fkc1wvMjAxOVwvMTJcL0NvdmVyLUVydzEwMDAuanBnIn0%3D\">\n\t\t\t\t\t\t\t<img fetchpriority=\"high\" decoding=\"async\" width=\"740\" height=\"977\" src=\"https:\/\/www.kampfsport-dagersheim.de\/wp-content\/uploads\/2019\/12\/Cover-Erw1000.jpg\" class=\"attachment-large size-large wp-image-791\" alt=\"\" srcset=\"https:\/\/www.kampfsport-dagersheim.de\/wp-content\/uploads\/2019\/12\/Cover-Erw1000.jpg 757w, https:\/\/www.kampfsport-dagersheim.de\/wp-content\/uploads\/2019\/12\/Cover-Erw1000-227x300.jpg 227w\" sizes=\"100vw\" \/>\t\t\t\t\t\t\t\t<\/a>\n\t\t\t\t\t\t\t\t\t\t\t\t\t\t\t<\/div>\n\t\t\t\t<\/div>\n\t\t\t\t\t<\/div>\n\t\t<\/div>\n\t\t\t\t<div class=\"elementor-column elementor-col-33 elementor-top-column elementor-element elementor-element-77f2125\" data-id=\"77f2125\" data-element_type=\"column\" data-e-type=\"column\">\n\t\t\t<div class=\"elementor-widget-wrap elementor-element-populated\">\n\t\t\t\t\t\t<div class=\"elementor-element elementor-element-c3af426 elementor-widget elementor-widget-image\" data-id=\"c3af426\" data-element_type=\"widget\" data-e-type=\"widget\" data-widget_type=\"image.default\">\n\t\t\t\t<div class=\"elementor-widget-container\">\n\t\t\t\t\t\t\t\t\t\t\t\t\t\t\t\t<a href=\"https:\/\/www.kampfsport-dagersheim.de\/wp-content\/uploads\/2019\/12\/Cover-Jug1000.jpg\" data-elementor-open-lightbox=\"yes\" data-elementor-lightbox-title=\"Cover-Jug1000\" data-e-action-hash=\"#elementor-action%3Aaction%3Dlightbox%26settings%3DeyJpZCI6NzkzLCJ1cmwiOiJodHRwczpcL1wvd3d3LmthbXBmc3BvcnQtZGFnZXJzaGVpbS5kZVwvd3AtY29udGVudFwvdXBsb2Fkc1wvMjAxOVwvMTJcL0NvdmVyLUp1ZzEwMDAuanBnIn0%3D\">\n\t\t\t\t\t\t\t<img loading=\"lazy\" decoding=\"async\" width=\"740\" height=\"977\" src=\"https:\/\/www.kampfsport-dagersheim.de\/wp-content\/uploads\/2019\/12\/Cover-Jug1000.jpg\" class=\"attachment-large size-large wp-image-793\" alt=\"\" srcset=\"https:\/\/www.kampfsport-dagersheim.de\/wp-content\/uploads\/2019\/12\/Cover-Jug1000.jpg 757w, https:\/\/www.kampfsport-dagersheim.de\/wp-content\/uploads\/2019\/12\/Cover-Jug1000-227x300.jpg 227w\" sizes=\"100vw\" \/>\t\t\t\t\t\t\t\t<\/a>\n\t\t\t\t\t\t\t\t\t\t\t\t\t\t\t<\/div>\n\t\t\t\t<\/div>\n\t\t\t\t\t<\/div>\n\t\t<\/div>\n\t\t\t\t\t<\/div>\n\t\t<\/section>\n\t\t\t\t<\/div>\n\t\t","protected":false},"excerpt":{"rendered":"<p>Das Pr\u00fcfungsprogramm von Gelb- bis Braungurt, der Begleiter auf dem Weg zum Meister Unser ausf\u00fchrliches Pr\u00fcfungsprogramm beinhaltet Techniken, Theorie und vieles mehr.\u00a0 Die Version Wei\u00dfgelb- bis Braungurt ist f\u00fcr Pr\u00fcfungen f\u00fcr die Jugend unter 14 J. Bezug direkt bei Matthias Weiss\u00a00173\/3036639\u00a0m.weiss@kampfsport-dagersheim.de<\/p>\n","protected":false},"author":1,"featured_media":0,"parent":0,"menu_order":0,"comment_status":"closed","ping_status":"closed","template":"","meta":{"footnotes":""},"class_list":["post-47","page","type-page","status-publish","hentry"],"_links":{"self":[{"href":"https:\/\/www.kampfsport-dagersheim.de\/index.php?rest_route=\/wp\/v2\/pages\/47","targetHints":{"allow":["GET"]}}],"collection":[{"href":"https:\/\/www.kampfsport-dagersheim.de\/index.php?rest_route=\/wp\/v2\/pages"}],"about":[{"href":"https:\/\/www.kampfsport-dagersheim.de\/index.php?rest_route=\/wp\/v2\/types\/page"}],"author":[{"embeddable":true,"href":"https:\/\/www.kampfsport-dagersheim.de\/index.php?rest_route=\/wp\/v2\/users\/1"}],"replies":[{"embeddable":true,"href":"https:\/\/www.kampfsport-dagersheim.de\/index.php?rest_route=%2Fwp%2Fv2%2Fcomments&post=47"}],"version-history":[{"count":12,"href":"https:\/\/www.kampfsport-dagersheim.de\/index.php?rest_route=\/wp\/v2\/pages\/47\/revisions"}],"predecessor-version":[{"id":4903,"href":"https:\/\/www.kampfsport-dagersheim.de\/index.php?rest_route=\/wp\/v2\/pages\/47\/revisions\/4903"}],"wp:attachment":[{"href":"https:\/\/www.kampfsport-dagersheim.de\/index.php?rest_route=%2Fwp%2Fv2%2Fmedia&parent=47"}],"curies":[{"name":"wp","href":"https:\/\/api.w.org\/{rel}","templated":true}]}}