{"id":4640,"date":"2025-07-28T20:54:29","date_gmt":"2025-07-28T18:54:29","guid":{"rendered":"https:\/\/www.kampfsport-dagersheim.de\/?page_id=4640"},"modified":"2025-07-28T20:57:27","modified_gmt":"2025-07-28T18:57:27","slug":"pruefung-im-kobudo-und-bojutsu-juli-2025","status":"publish","type":"page","link":"https:\/\/www.kampfsport-dagersheim.de\/?page_id=4640","title":{"rendered":"Pr\u00fcfung im Kobudo und Bojutsu, Juli 2025"},"content":{"rendered":"\t\t<div data-elementor-type=\"wp-page\" data-elementor-id=\"4640\" class=\"elementor elementor-4640\">\n\t\t\t\t\t\t<section class=\"elementor-section elementor-top-section elementor-element elementor-element-70de567b elementor-section-boxed elementor-section-height-default elementor-section-height-default\" data-id=\"70de567b\" data-element_type=\"section\" data-e-type=\"section\">\n\t\t\t\t\t\t<div class=\"elementor-container elementor-column-gap-default\">\n\t\t\t\t\t<div class=\"elementor-column elementor-col-100 elementor-top-column elementor-element elementor-element-2c74c44f\" data-id=\"2c74c44f\" data-element_type=\"column\" data-e-type=\"column\">\n\t\t\t<div class=\"elementor-widget-wrap elementor-element-populated\">\n\t\t\t\t\t\t<div class=\"elementor-element elementor-element-77721d7c elementor-widget elementor-widget-text-editor\" data-id=\"77721d7c\" data-element_type=\"widget\" data-e-type=\"widget\" data-widget_type=\"text-editor.default\">\n\t\t\t\t<div class=\"elementor-widget-container\">\n\t\t\t\t\t\t\t\t\t<p><strong><img decoding=\"async\" class=\"size-medium wp-image-1418 alignright\" src=\"https:\/\/www.kampfsport-dagersheim.de\/wp-content\/uploads\/2020\/01\/newlogo2011-12CM-JuJitsu-IKF-150-133x300.jpg\" alt=\"\" width=\"133\" height=\"300\" srcset=\"https:\/\/www.kampfsport-dagersheim.de\/wp-content\/uploads\/2020\/01\/newlogo2011-12CM-JuJitsu-IKF-150-133x300.jpg 133w, https:\/\/www.kampfsport-dagersheim.de\/wp-content\/uploads\/2020\/01\/newlogo2011-12CM-JuJitsu-IKF-150.jpg 157w\" sizes=\"(max-width: 133px) 100vw, 133px\" \/>Pr\u00fcfung im Kobudo und Bojutsu<\/strong><\/p><p>Noch vor der Sommerpause fand noch eine Pr\u00fcfung im Kobukai Kobudo und Bojutsu statt. Kobudo ist der Sammelbegriff f\u00fcr verschiedene Waffensysteme, bei dem Stock-, Klingen- und Kombinationswaffen zur Verteidigung eingesetzt werden.<\/p><p>Hier stellte sich Fabian Epple erfolgreich der Pr\u00fcfung zum 4. Kyu, dem Orangegurt, im Kobukai Kobudo und im Bojutsu. Herzlichen Gl\u00fcckwunsch.<\/p><p><img fetchpriority=\"high\" decoding=\"async\" class=\"size-medium wp-image-4643 alignleft\" src=\"https:\/\/www.kampfsport-dagersheim.de\/wp-content\/uploads\/2025\/07\/Pruefungsbild-185x300.jpg\" alt=\"\" width=\"185\" height=\"300\" srcset=\"https:\/\/www.kampfsport-dagersheim.de\/wp-content\/uploads\/2025\/07\/Pruefungsbild-185x300.jpg 185w, https:\/\/www.kampfsport-dagersheim.de\/wp-content\/uploads\/2025\/07\/Pruefungsbild-631x1024.jpg 631w, https:\/\/www.kampfsport-dagersheim.de\/wp-content\/uploads\/2025\/07\/Pruefungsbild-768x1247.jpg 768w, https:\/\/www.kampfsport-dagersheim.de\/wp-content\/uploads\/2025\/07\/Pruefungsbild-946x1536.jpg 946w, https:\/\/www.kampfsport-dagersheim.de\/wp-content\/uploads\/2025\/07\/Pruefungsbild-1261x2048.jpg 1261w, https:\/\/www.kampfsport-dagersheim.de\/wp-content\/uploads\/2025\/07\/Pruefungsbild-scaled.jpg 1577w\" sizes=\"(max-width: 185px) 100vw, 185px\" \/><\/p><p>Das Kobukai Kobudo und das Bojutsu von Soke Vlado Schmidt ist fester Bestandteil des Kampfsportangebotes der Abteilung Kampfsport des TSV Dagersheim. Die Ausbildung im Kobudo und Bojutsu erfolgt an verschiedenen Waffen (Stock-, Klingen- und Kombinationswaffen). Interessierte, mit und ohne Kampfsporterfahrung, sind herzlich willkommen. Wendet Euch einfach an Abteilungsleiter und Trainer Matthias Weiss. E-Mail: m.weiss@kampfsport-dagersheim.de oder telefonisch unter 0173 3036639.<\/p><p>\u00a0<\/p>\t\t\t\t\t\t\t\t<\/div>\n\t\t\t\t<\/div>\n\t\t\t\t\t<\/div>\n\t\t<\/div>\n\t\t\t\t\t<\/div>\n\t\t<\/section>\n\t\t\t\t<\/div>\n\t\t","protected":false},"excerpt":{"rendered":"<p>Pr\u00fcfung im Kobudo und Bojutsu Noch vor der Sommerpause fand noch eine Pr\u00fcfung im Kobukai Kobudo und Bojutsu statt. Kobudo ist der Sammelbegriff f\u00fcr verschiedene Waffensysteme, bei dem Stock-, Klingen- und Kombinationswaffen zur Verteidigung eingesetzt werden. Hier stellte sich Fabian Epple erfolgreich der Pr\u00fcfung zum 4. Kyu, dem Orangegurt, im Kobukai Kobudo und im Bojutsu. &hellip; <\/p>\n<p class=\"link-more\"><a href=\"https:\/\/www.kampfsport-dagersheim.de\/?page_id=4640\" class=\"more-link\"><span class=\"screen-reader-text\">\u201ePr\u00fcfung im Kobudo und Bojutsu, Juli 2025\u201c <\/span>weiterlesen<\/a><\/p>\n","protected":false},"author":1,"featured_media":0,"parent":0,"menu_order":0,"comment_status":"closed","ping_status":"closed","template":"","meta":{"footnotes":""},"class_list":["post-4640","page","type-page","status-publish","hentry"],"_links":{"self":[{"href":"https:\/\/www.kampfsport-dagersheim.de\/index.php?rest_route=\/wp\/v2\/pages\/4640","targetHints":{"allow":["GET"]}}],"collection":[{"href":"https:\/\/www.kampfsport-dagersheim.de\/index.php?rest_route=\/wp\/v2\/pages"}],"about":[{"href":"https:\/\/www.kampfsport-dagersheim.de\/index.php?rest_route=\/wp\/v2\/types\/page"}],"author":[{"embeddable":true,"href":"https:\/\/www.kampfsport-dagersheim.de\/index.php?rest_route=\/wp\/v2\/users\/1"}],"replies":[{"embeddable":true,"href":"https:\/\/www.kampfsport-dagersheim.de\/index.php?rest_route=%2Fwp%2Fv2%2Fcomments&post=4640"}],"version-history":[{"count":6,"href":"https:\/\/www.kampfsport-dagersheim.de\/index.php?rest_route=\/wp\/v2\/pages\/4640\/revisions"}],"predecessor-version":[{"id":4648,"href":"https:\/\/www.kampfsport-dagersheim.de\/index.php?rest_route=\/wp\/v2\/pages\/4640\/revisions\/4648"}],"wp:attachment":[{"href":"https:\/\/www.kampfsport-dagersheim.de\/index.php?rest_route=%2Fwp%2Fv2%2Fmedia&parent=4640"}],"curies":[{"name":"wp","href":"https:\/\/api.w.org\/{rel}","templated":true}]}}