{"id":454,"date":"2019-12-11T18:41:32","date_gmt":"2019-12-11T17:41:32","guid":{"rendered":"http:\/\/www.kampfsport-dagersheim.de\/KSD\/?page_id=454"},"modified":"2025-11-30T12:03:01","modified_gmt":"2025-11-30T11:03:01","slug":"2019-gruppe-shotokan-mit-kvbw-zertifakt-ausgezeichnet","status":"publish","type":"page","link":"https:\/\/www.kampfsport-dagersheim.de\/?page_id=454","title":{"rendered":"2019 Gruppe Shotokan mit KVBW-Zertifakt ausgezeichnet"},"content":{"rendered":"\t\t<div data-elementor-type=\"wp-page\" data-elementor-id=\"454\" class=\"elementor elementor-454\">\n\t\t\t\t\t\t<section class=\"elementor-section elementor-top-section elementor-element elementor-element-f737c36 elementor-section-boxed elementor-section-height-default elementor-section-height-default\" data-id=\"f737c36\" data-element_type=\"section\" data-e-type=\"section\">\n\t\t\t\t\t\t<div class=\"elementor-container elementor-column-gap-default\">\n\t\t\t\t\t<div class=\"elementor-column elementor-col-66 elementor-top-column elementor-element elementor-element-f3642ad\" data-id=\"f3642ad\" data-element_type=\"column\" data-e-type=\"column\">\n\t\t\t<div class=\"elementor-widget-wrap elementor-element-populated\">\n\t\t\t\t\t\t<div class=\"elementor-element elementor-element-7c43a7bd elementor-widget elementor-widget-text-editor\" data-id=\"7c43a7bd\" data-element_type=\"widget\" data-e-type=\"widget\" data-widget_type=\"text-editor.default\">\n\t\t\t\t<div class=\"elementor-widget-container\">\n\t\t\t\t\t\t\t\t\t<p><strong>Gruppe Shotokan in 2019 erneut vom Karateverband Baden-W\u00fcrttemberg mit dem KVBW-Zertifikat ausgezeichnet<\/strong><\/p><p>Dieses Zertifikat zeichnet Vereine f\u00fcr ihr besonderes Engagement im KVBW aus. Vereine, die dieses KVBW-Zertifikat erhalten, werden auf der KVBW-Website ver\u00f6\u00b6ffentlicht.<\/p><p>Dar\u00fcber hinaus wurde der Gruppe Shotokan vom Karateverband Baden-W\u00fcrttemberg auch erneut eine \u20ac\u017eKVBW-Urkunde \u00fcberreicht. Mit dieser Urkunde wird offiziell best\u00e4tigt, dass der TSV Dagersheim mit der Gruppe Shotokan Karate (Abteilung Kampfsport) Mitglied im offiziellen Fachverband f\u00fcr Karate in Baden-W\u00fcrttemberg ist.<\/p><p>Das KWBW-Zertifikat und die KVBW-Urkunde sind bis 31.12.2022 g\u00fcltig. Nach Ablauf dieser Zeit \u00fcberpr\u00fcft der Verband, ob die Kriterien zur Verl\u00e4ngerung noch gegeben sind.<\/p><p>\u00a0<\/p>\t\t\t\t\t\t\t\t<\/div>\n\t\t\t\t<\/div>\n\t\t\t\t\t<\/div>\n\t\t<\/div>\n\t\t\t\t<div class=\"elementor-column elementor-col-33 elementor-top-column elementor-element elementor-element-46a8808\" data-id=\"46a8808\" data-element_type=\"column\" data-e-type=\"column\">\n\t\t\t<div class=\"elementor-widget-wrap elementor-element-populated\">\n\t\t\t\t\t\t<div class=\"elementor-element elementor-element-f184c68 elementor-widget elementor-widget-image\" data-id=\"f184c68\" data-element_type=\"widget\" data-e-type=\"widget\" data-widget_type=\"image.default\">\n\t\t\t\t<div class=\"elementor-widget-container\">\n\t\t\t\t\t\t\t\t\t\t\t\t\t\t\t\t<a href=\"https:\/\/www.kampfsport-dagersheim.de\/wp-content\/uploads\/2019\/12\/Urk-Zert-2019-2022-neu.jpg\" data-elementor-open-lightbox=\"yes\" data-elementor-lightbox-title=\"Urk-Zert-2019-2022-neu\" data-e-action-hash=\"#elementor-action%3Aaction%3Dlightbox%26settings%3DeyJpZCI6NDU5LCJ1cmwiOiJodHRwczpcL1wvd3d3LmthbXBmc3BvcnQtZGFnZXJzaGVpbS5kZVwvd3AtY29udGVudFwvdXBsb2Fkc1wvMjAxOVwvMTJcL1Vyay1aZXJ0LTIwMTktMjAyMi1uZXUuanBnIn0%3D\">\n\t\t\t\t\t\t\t<img fetchpriority=\"high\" decoding=\"async\" width=\"740\" height=\"548\" src=\"https:\/\/www.kampfsport-dagersheim.de\/wp-content\/uploads\/2019\/12\/Urk-Zert-2019-2022-neu-1024x759.jpg\" class=\"attachment-large size-large wp-image-459\" alt=\"\" srcset=\"https:\/\/www.kampfsport-dagersheim.de\/wp-content\/uploads\/2019\/12\/Urk-Zert-2019-2022-neu-1024x759.jpg 1024w, https:\/\/www.kampfsport-dagersheim.de\/wp-content\/uploads\/2019\/12\/Urk-Zert-2019-2022-neu-300x222.jpg 300w, https:\/\/www.kampfsport-dagersheim.de\/wp-content\/uploads\/2019\/12\/Urk-Zert-2019-2022-neu-768x569.jpg 768w, https:\/\/www.kampfsport-dagersheim.de\/wp-content\/uploads\/2019\/12\/Urk-Zert-2019-2022-neu-1536x1138.jpg 1536w, https:\/\/www.kampfsport-dagersheim.de\/wp-content\/uploads\/2019\/12\/Urk-Zert-2019-2022-neu.jpg 1657w\" sizes=\"100vw\" \/>\t\t\t\t\t\t\t\t<\/a>\n\t\t\t\t\t\t\t\t\t\t\t\t\t\t\t<\/div>\n\t\t\t\t<\/div>\n\t\t\t\t\t<\/div>\n\t\t<\/div>\n\t\t\t\t\t<\/div>\n\t\t<\/section>\n\t\t\t\t<\/div>\n\t\t","protected":false},"excerpt":{"rendered":"<p>Gruppe Shotokan in 2019 erneut vom Karateverband Baden-W\u00fcrttemberg mit dem KVBW-Zertifikat ausgezeichnet Dieses Zertifikat zeichnet Vereine f\u00fcr ihr besonderes Engagement im KVBW aus. Vereine, die dieses KVBW-Zertifikat erhalten, werden auf der KVBW-Website ver\u00f6\u00b6ffentlicht. Dar\u00fcber hinaus wurde der Gruppe Shotokan vom Karateverband Baden-W\u00fcrttemberg auch erneut eine \u20ac\u017eKVBW-Urkunde \u00fcberreicht. Mit dieser Urkunde wird offiziell best\u00e4tigt, dass der &hellip; <\/p>\n<p class=\"link-more\"><a href=\"https:\/\/www.kampfsport-dagersheim.de\/?page_id=454\" class=\"more-link\"><span class=\"screen-reader-text\">\u201e2019 Gruppe Shotokan mit KVBW-Zertifakt ausgezeichnet\u201c <\/span>weiterlesen<\/a><\/p>\n","protected":false},"author":1,"featured_media":0,"parent":0,"menu_order":0,"comment_status":"closed","ping_status":"closed","template":"","meta":{"footnotes":""},"class_list":["post-454","page","type-page","status-publish","hentry"],"_links":{"self":[{"href":"https:\/\/www.kampfsport-dagersheim.de\/index.php?rest_route=\/wp\/v2\/pages\/454","targetHints":{"allow":["GET"]}}],"collection":[{"href":"https:\/\/www.kampfsport-dagersheim.de\/index.php?rest_route=\/wp\/v2\/pages"}],"about":[{"href":"https:\/\/www.kampfsport-dagersheim.de\/index.php?rest_route=\/wp\/v2\/types\/page"}],"author":[{"embeddable":true,"href":"https:\/\/www.kampfsport-dagersheim.de\/index.php?rest_route=\/wp\/v2\/users\/1"}],"replies":[{"embeddable":true,"href":"https:\/\/www.kampfsport-dagersheim.de\/index.php?rest_route=%2Fwp%2Fv2%2Fcomments&post=454"}],"version-history":[{"count":7,"href":"https:\/\/www.kampfsport-dagersheim.de\/index.php?rest_route=\/wp\/v2\/pages\/454\/revisions"}],"predecessor-version":[{"id":4909,"href":"https:\/\/www.kampfsport-dagersheim.de\/index.php?rest_route=\/wp\/v2\/pages\/454\/revisions\/4909"}],"wp:attachment":[{"href":"https:\/\/www.kampfsport-dagersheim.de\/index.php?rest_route=%2Fwp%2Fv2%2Fmedia&parent=454"}],"curies":[{"name":"wp","href":"https:\/\/api.w.org\/{rel}","templated":true}]}}