{"id":4526,"date":"2025-07-07T23:24:09","date_gmt":"2025-07-07T21:24:09","guid":{"rendered":"https:\/\/www.kampfsport-dagersheim.de\/?page_id=4526"},"modified":"2025-07-07T23:35:19","modified_gmt":"2025-07-07T21:35:19","slug":"erfolgreiche-ikf-pruefungen-fuer-cedric-weiss-2025","status":"publish","type":"page","link":"https:\/\/www.kampfsport-dagersheim.de\/?page_id=4526","title":{"rendered":"Erfolgreiche IKF Pr\u00fcfungen f\u00fcr Cedric Weiss 2025"},"content":{"rendered":"\t\t<div data-elementor-type=\"wp-page\" data-elementor-id=\"4526\" class=\"elementor elementor-4526\">\n\t\t\t\t\t\t<section class=\"elementor-section elementor-top-section elementor-element elementor-element-17c50d0e elementor-section-boxed elementor-section-height-default elementor-section-height-default\" data-id=\"17c50d0e\" data-element_type=\"section\" data-e-type=\"section\">\n\t\t\t\t\t\t<div class=\"elementor-container elementor-column-gap-default\">\n\t\t\t\t\t<div class=\"elementor-column elementor-col-100 elementor-top-column elementor-element elementor-element-333b14dc\" data-id=\"333b14dc\" data-element_type=\"column\" data-e-type=\"column\">\n\t\t\t<div class=\"elementor-widget-wrap elementor-element-populated\">\n\t\t\t\t\t\t<div class=\"elementor-element elementor-element-784ebfb0 elementor-widget elementor-widget-text-editor\" data-id=\"784ebfb0\" data-element_type=\"widget\" data-e-type=\"widget\" data-widget_type=\"text-editor.default\">\n\t\t\t\t<div class=\"elementor-widget-container\">\n\t\t\t\t\t\t\t\t\t<p><strong><img decoding=\"async\" class=\"size-full wp-image-401 alignright\" src=\"https:\/\/www.kampfsport-dagersheim.de\/wp-content\/uploads\/2019\/12\/ikf_logo.gif\" alt=\"\" width=\"200\" height=\"200\" \/>Lizenzseminar der IKF 2025 \u2013 Erfolgreiche Pr\u00fcfungen in Kobudo, Bojutsu und Ju Jutsu<br \/><\/strong><br \/>Vom 19. bis 22. Juni 2025 fand im \u00f6sterreichischen Feistritz im Rosental das Lizenzseminar der International Kobudo Federation (IKF) statt. Neben den intensiven t\u00e4glichen Trainingseinheiten standen auch zahlreiche G\u00fcrtelpr\u00fcfungen auf dem Programm \u2013 von der Pr\u00fcfung zum 5. Kyu bis hin zum 5. Dan.<\/p><p>Cedric Weiss von der Kampfsportabteilung des TSV Dagerhseim stellte sich den Pr\u00fcfungen zum Braungurt im Kobukai Kobudo und im Bojutsu sowie zum 2. Dan im Ju Jutsu.<\/p><p>Das Pr\u00fcfungskomitee bestand aus Soke G\u00fcnter Painter (10. Dan) und O-Sensei Peter Nowotny. Im Kobudo lag der Fokus auf den Grund- und Verteidigungstechniken mit dem Tonfa (Schlagstock mit Quergriff) sowie den Basistechniken mit dem Tanto (Messer). Im Bojutsu wurde ein umfangreiches Repertoire an Verteidigungs- und Befreiungstechniken verlangt, das erfolgreich demonstriert wurde.<\/p><p>Besonders anspruchsvoll war die Pr\u00fcfung zum 2. Dan im Ju Jutsu. Hier liegt der Fokus auf der pr\u00e4zisen Ausf\u00fchrung der einzelnen Verteidigungstechniken. Ab dem 2. Dan ist zus\u00e4tzlich ein selbst ausgearbeitetes Pr\u00fcfungsprogramm, bestehend aus 15 Gegen- und 15 Weiterf\u00fchrungstechniken, gefordert. Dazu kommt die freie Verteidigung gegen zwei Angreifer \u00fcber mehrere Runden.<\/p><p>Das Pr\u00fcfungskomitee zeigte sich mit den gezeigten Leistungen sehr zufrieden und gratulierte im Anschluss zu den bestandenen Pr\u00fcfungen. Die offiziellen Urkunden wurden beim feierlichen Abschlussbankett am Samstagabend \u00fcberreicht.<\/p><p>\u00a0<\/p>\t\t\t\t\t\t\t\t<\/div>\n\t\t\t\t<\/div>\n\t\t\t\t\t<\/div>\n\t\t<\/div>\n\t\t\t\t\t<\/div>\n\t\t<\/section>\n\t\t\t\t<section class=\"elementor-section elementor-top-section elementor-element elementor-element-e9e749e elementor-section-boxed elementor-section-height-default elementor-section-height-default\" data-id=\"e9e749e\" data-element_type=\"section\" data-e-type=\"section\">\n\t\t\t\t\t\t<div class=\"elementor-container elementor-column-gap-default\">\n\t\t\t\t\t<div class=\"elementor-column elementor-col-25 elementor-top-column elementor-element elementor-element-d5b6281\" data-id=\"d5b6281\" data-element_type=\"column\" data-e-type=\"column\">\n\t\t\t<div class=\"elementor-widget-wrap elementor-element-populated\">\n\t\t\t\t\t\t<div class=\"elementor-element elementor-element-4aa2d27 elementor-widget elementor-widget-image\" data-id=\"4aa2d27\" data-element_type=\"widget\" data-e-type=\"widget\" data-widget_type=\"image.default\">\n\t\t\t\t<div class=\"elementor-widget-container\">\n\t\t\t\t\t\t\t\t\t\t\t\t\t\t\t\t<a href=\"https:\/\/www.kampfsport-dagersheim.de\/wp-content\/uploads\/2025\/07\/2.-Dan-Ju-Jutsu-e1751923841936.jpg\" data-elementor-open-lightbox=\"yes\" data-elementor-lightbox-title=\"2. Dan Ju Jutsu\" data-e-action-hash=\"#elementor-action%3Aaction%3Dlightbox%26settings%3DeyJpZCI6NDUzMCwidXJsIjoiaHR0cHM6XC9cL3d3dy5rYW1wZnNwb3J0LWRhZ2Vyc2hlaW0uZGVcL3dwLWNvbnRlbnRcL3VwbG9hZHNcLzIwMjVcLzA3XC8yLi1EYW4tSnUtSnV0c3UtZTE3NTE5MjM4NDE5MzYuanBnIn0%3D\">\n\t\t\t\t\t\t\t<img fetchpriority=\"high\" decoding=\"async\" width=\"692\" height=\"1024\" src=\"https:\/\/www.kampfsport-dagersheim.de\/wp-content\/uploads\/2025\/07\/2.-Dan-Ju-Jutsu-e1751923841936-692x1024.jpg\" class=\"attachment-large size-large wp-image-4530\" alt=\"\" srcset=\"https:\/\/www.kampfsport-dagersheim.de\/wp-content\/uploads\/2025\/07\/2.-Dan-Ju-Jutsu-e1751923841936-692x1024.jpg 692w, https:\/\/www.kampfsport-dagersheim.de\/wp-content\/uploads\/2025\/07\/2.-Dan-Ju-Jutsu-e1751923841936-203x300.jpg 203w, https:\/\/www.kampfsport-dagersheim.de\/wp-content\/uploads\/2025\/07\/2.-Dan-Ju-Jutsu-e1751923841936-768x1137.jpg 768w, https:\/\/www.kampfsport-dagersheim.de\/wp-content\/uploads\/2025\/07\/2.-Dan-Ju-Jutsu-e1751923841936.jpg 1020w\" sizes=\"100vw\" \/>\t\t\t\t\t\t\t\t<\/a>\n\t\t\t\t\t\t\t\t\t\t\t\t\t\t\t<\/div>\n\t\t\t\t<\/div>\n\t\t\t\t\t<\/div>\n\t\t<\/div>\n\t\t\t\t<div class=\"elementor-column elementor-col-25 elementor-top-column elementor-element elementor-element-a466956\" data-id=\"a466956\" data-element_type=\"column\" data-e-type=\"column\">\n\t\t\t<div class=\"elementor-widget-wrap elementor-element-populated\">\n\t\t\t\t\t\t<div class=\"elementor-element elementor-element-52ac0bf elementor-widget elementor-widget-image\" data-id=\"52ac0bf\" data-element_type=\"widget\" data-e-type=\"widget\" data-widget_type=\"image.default\">\n\t\t\t\t<div class=\"elementor-widget-container\">\n\t\t\t\t\t\t\t\t\t\t\t\t\t\t\t\t<a href=\"https:\/\/www.kampfsport-dagersheim.de\/wp-content\/uploads\/2025\/07\/Urkunde-Ju-Jutsu-scaled.jpg\" data-elementor-open-lightbox=\"yes\" data-elementor-lightbox-title=\"Urkunde Ju Jutsu\" data-e-action-hash=\"#elementor-action%3Aaction%3Dlightbox%26settings%3DeyJpZCI6NDUzMSwidXJsIjoiaHR0cHM6XC9cL3d3dy5rYW1wZnNwb3J0LWRhZ2Vyc2hlaW0uZGVcL3dwLWNvbnRlbnRcL3VwbG9hZHNcLzIwMjVcLzA3XC9Vcmt1bmRlLUp1LUp1dHN1LXNjYWxlZC5qcGcifQ%3D%3D\">\n\t\t\t\t\t\t\t<img decoding=\"async\" width=\"740\" height=\"987\" src=\"https:\/\/www.kampfsport-dagersheim.de\/wp-content\/uploads\/2025\/07\/Urkunde-Ju-Jutsu-768x1024.jpg\" class=\"attachment-large size-large wp-image-4531\" alt=\"\" srcset=\"https:\/\/www.kampfsport-dagersheim.de\/wp-content\/uploads\/2025\/07\/Urkunde-Ju-Jutsu-768x1024.jpg 768w, https:\/\/www.kampfsport-dagersheim.de\/wp-content\/uploads\/2025\/07\/Urkunde-Ju-Jutsu-225x300.jpg 225w, https:\/\/www.kampfsport-dagersheim.de\/wp-content\/uploads\/2025\/07\/Urkunde-Ju-Jutsu-1152x1536.jpg 1152w, https:\/\/www.kampfsport-dagersheim.de\/wp-content\/uploads\/2025\/07\/Urkunde-Ju-Jutsu-1536x2048.jpg 1536w, https:\/\/www.kampfsport-dagersheim.de\/wp-content\/uploads\/2025\/07\/Urkunde-Ju-Jutsu-scaled.jpg 1920w\" sizes=\"100vw\" \/>\t\t\t\t\t\t\t\t<\/a>\n\t\t\t\t\t\t\t\t\t\t\t\t\t\t\t<\/div>\n\t\t\t\t<\/div>\n\t\t\t\t\t<\/div>\n\t\t<\/div>\n\t\t\t\t<div class=\"elementor-column elementor-col-25 elementor-top-column elementor-element elementor-element-62a384c\" data-id=\"62a384c\" data-element_type=\"column\" data-e-type=\"column\">\n\t\t\t<div class=\"elementor-widget-wrap elementor-element-populated\">\n\t\t\t\t\t\t<div class=\"elementor-element elementor-element-ac3cefd elementor-widget elementor-widget-image\" data-id=\"ac3cefd\" data-element_type=\"widget\" data-e-type=\"widget\" data-widget_type=\"image.default\">\n\t\t\t\t<div class=\"elementor-widget-container\">\n\t\t\t\t\t\t\t\t\t\t\t\t\t\t\t\t<a href=\"https:\/\/www.kampfsport-dagersheim.de\/wp-content\/uploads\/2025\/07\/1.-Kyu-Kobudo-und-Bojutsu-e1751923919978.jpg\" data-elementor-open-lightbox=\"yes\" data-elementor-lightbox-title=\"1. Kyu Kobudo und Bojutsu\" data-e-action-hash=\"#elementor-action%3Aaction%3Dlightbox%26settings%3DeyJpZCI6NDUyOSwidXJsIjoiaHR0cHM6XC9cL3d3dy5rYW1wZnNwb3J0LWRhZ2Vyc2hlaW0uZGVcL3dwLWNvbnRlbnRcL3VwbG9hZHNcLzIwMjVcLzA3XC8xLi1LeXUtS29idWRvLXVuZC1Cb2p1dHN1LWUxNzUxOTIzOTE5OTc4LmpwZyJ9\">\n\t\t\t\t\t\t\t<img loading=\"lazy\" decoding=\"async\" width=\"702\" height=\"1024\" src=\"https:\/\/www.kampfsport-dagersheim.de\/wp-content\/uploads\/2025\/07\/1.-Kyu-Kobudo-und-Bojutsu-e1751923919978-702x1024.jpg\" class=\"attachment-large size-large wp-image-4529\" alt=\"\" srcset=\"https:\/\/www.kampfsport-dagersheim.de\/wp-content\/uploads\/2025\/07\/1.-Kyu-Kobudo-und-Bojutsu-e1751923919978-702x1024.jpg 702w, https:\/\/www.kampfsport-dagersheim.de\/wp-content\/uploads\/2025\/07\/1.-Kyu-Kobudo-und-Bojutsu-e1751923919978-206x300.jpg 206w, https:\/\/www.kampfsport-dagersheim.de\/wp-content\/uploads\/2025\/07\/1.-Kyu-Kobudo-und-Bojutsu-e1751923919978-768x1121.jpg 768w, https:\/\/www.kampfsport-dagersheim.de\/wp-content\/uploads\/2025\/07\/1.-Kyu-Kobudo-und-Bojutsu-e1751923919978.jpg 1003w\" sizes=\"100vw\" \/>\t\t\t\t\t\t\t\t<\/a>\n\t\t\t\t\t\t\t\t\t\t\t\t\t\t\t<\/div>\n\t\t\t\t<\/div>\n\t\t\t\t\t<\/div>\n\t\t<\/div>\n\t\t\t\t<div class=\"elementor-column elementor-col-25 elementor-top-column elementor-element elementor-element-249273f\" data-id=\"249273f\" data-element_type=\"column\" data-e-type=\"column\">\n\t\t\t<div class=\"elementor-widget-wrap elementor-element-populated\">\n\t\t\t\t\t\t<div class=\"elementor-element elementor-element-ebb10a5 elementor-widget elementor-widget-image\" data-id=\"ebb10a5\" data-element_type=\"widget\" data-e-type=\"widget\" data-widget_type=\"image.default\">\n\t\t\t\t<div class=\"elementor-widget-container\">\n\t\t\t\t\t\t\t\t\t\t\t\t\t\t\t\t<a href=\"https:\/\/www.kampfsport-dagersheim.de\/wp-content\/uploads\/2025\/07\/Urkunde-Kobudo-Bojutsu-scaled.jpg\" data-elementor-open-lightbox=\"yes\" data-elementor-lightbox-title=\"Urkunde Kobudo Bojutsu\" data-e-action-hash=\"#elementor-action%3Aaction%3Dlightbox%26settings%3DeyJpZCI6NDUzMiwidXJsIjoiaHR0cHM6XC9cL3d3dy5rYW1wZnNwb3J0LWRhZ2Vyc2hlaW0uZGVcL3dwLWNvbnRlbnRcL3VwbG9hZHNcLzIwMjVcLzA3XC9Vcmt1bmRlLUtvYnVkby1Cb2p1dHN1LXNjYWxlZC5qcGcifQ%3D%3D\">\n\t\t\t\t\t\t\t<img loading=\"lazy\" decoding=\"async\" width=\"740\" height=\"987\" src=\"https:\/\/www.kampfsport-dagersheim.de\/wp-content\/uploads\/2025\/07\/Urkunde-Kobudo-Bojutsu-768x1024.jpg\" class=\"attachment-large size-large wp-image-4532\" alt=\"\" srcset=\"https:\/\/www.kampfsport-dagersheim.de\/wp-content\/uploads\/2025\/07\/Urkunde-Kobudo-Bojutsu-768x1024.jpg 768w, https:\/\/www.kampfsport-dagersheim.de\/wp-content\/uploads\/2025\/07\/Urkunde-Kobudo-Bojutsu-225x300.jpg 225w, https:\/\/www.kampfsport-dagersheim.de\/wp-content\/uploads\/2025\/07\/Urkunde-Kobudo-Bojutsu-1152x1536.jpg 1152w, https:\/\/www.kampfsport-dagersheim.de\/wp-content\/uploads\/2025\/07\/Urkunde-Kobudo-Bojutsu-1536x2048.jpg 1536w, https:\/\/www.kampfsport-dagersheim.de\/wp-content\/uploads\/2025\/07\/Urkunde-Kobudo-Bojutsu-scaled.jpg 1920w\" sizes=\"100vw\" \/>\t\t\t\t\t\t\t\t<\/a>\n\t\t\t\t\t\t\t\t\t\t\t\t\t\t\t<\/div>\n\t\t\t\t<\/div>\n\t\t\t\t\t<\/div>\n\t\t<\/div>\n\t\t\t\t\t<\/div>\n\t\t<\/section>\n\t\t\t\t<\/div>\n\t\t","protected":false},"excerpt":{"rendered":"<p>Lizenzseminar der IKF 2025 \u2013 Erfolgreiche Pr\u00fcfungen in Kobudo, Bojutsu und Ju JutsuVom 19. bis 22. Juni 2025 fand im \u00f6sterreichischen Feistritz im Rosental das Lizenzseminar der International Kobudo Federation (IKF) statt. Neben den intensiven t\u00e4glichen Trainingseinheiten standen auch zahlreiche G\u00fcrtelpr\u00fcfungen auf dem Programm \u2013 von der Pr\u00fcfung zum 5. Kyu bis hin zum 5. &hellip; <\/p>\n<p class=\"link-more\"><a href=\"https:\/\/www.kampfsport-dagersheim.de\/?page_id=4526\" class=\"more-link\"><span class=\"screen-reader-text\">\u201eErfolgreiche IKF Pr\u00fcfungen f\u00fcr Cedric Weiss 2025\u201c <\/span>weiterlesen<\/a><\/p>\n","protected":false},"author":1,"featured_media":0,"parent":0,"menu_order":0,"comment_status":"closed","ping_status":"closed","template":"","meta":{"footnotes":""},"class_list":["post-4526","page","type-page","status-publish","hentry"],"_links":{"self":[{"href":"https:\/\/www.kampfsport-dagersheim.de\/index.php?rest_route=\/wp\/v2\/pages\/4526","targetHints":{"allow":["GET"]}}],"collection":[{"href":"https:\/\/www.kampfsport-dagersheim.de\/index.php?rest_route=\/wp\/v2\/pages"}],"about":[{"href":"https:\/\/www.kampfsport-dagersheim.de\/index.php?rest_route=\/wp\/v2\/types\/page"}],"author":[{"embeddable":true,"href":"https:\/\/www.kampfsport-dagersheim.de\/index.php?rest_route=\/wp\/v2\/users\/1"}],"replies":[{"embeddable":true,"href":"https:\/\/www.kampfsport-dagersheim.de\/index.php?rest_route=%2Fwp%2Fv2%2Fcomments&post=4526"}],"version-history":[{"count":5,"href":"https:\/\/www.kampfsport-dagersheim.de\/index.php?rest_route=\/wp\/v2\/pages\/4526\/revisions"}],"predecessor-version":[{"id":4536,"href":"https:\/\/www.kampfsport-dagersheim.de\/index.php?rest_route=\/wp\/v2\/pages\/4526\/revisions\/4536"}],"wp:attachment":[{"href":"https:\/\/www.kampfsport-dagersheim.de\/index.php?rest_route=%2Fwp%2Fv2%2Fmedia&parent=4526"}],"curies":[{"name":"wp","href":"https:\/\/api.w.org\/{rel}","templated":true}]}}