{"id":4517,"date":"2025-07-07T23:17:21","date_gmt":"2025-07-07T21:17:21","guid":{"rendered":"https:\/\/www.kampfsport-dagersheim.de\/?page_id=4517"},"modified":"2025-07-07T23:21:28","modified_gmt":"2025-07-07T21:21:28","slug":"ikf-lizensseminar-2025","status":"publish","type":"page","link":"https:\/\/www.kampfsport-dagersheim.de\/?page_id=4517","title":{"rendered":"IKF Lizenzseminar 2025 in Feistritz i. R. \/ K\u00e4rnten"},"content":{"rendered":"\t\t<div data-elementor-type=\"wp-page\" data-elementor-id=\"4517\" class=\"elementor elementor-4517\">\n\t\t\t\t\t\t<section class=\"elementor-section elementor-top-section elementor-element elementor-element-2ef1ab44 elementor-section-boxed elementor-section-height-default elementor-section-height-default\" data-id=\"2ef1ab44\" data-element_type=\"section\" data-e-type=\"section\">\n\t\t\t\t\t\t<div class=\"elementor-container elementor-column-gap-default\">\n\t\t\t\t\t<div class=\"elementor-column elementor-col-100 elementor-top-column elementor-element elementor-element-6eda88cc\" data-id=\"6eda88cc\" data-element_type=\"column\" data-e-type=\"column\">\n\t\t\t<div class=\"elementor-widget-wrap elementor-element-populated\">\n\t\t\t\t\t\t<div class=\"elementor-element elementor-element-3c061a27 elementor-widget elementor-widget-text-editor\" data-id=\"3c061a27\" data-element_type=\"widget\" data-e-type=\"widget\" data-widget_type=\"text-editor.default\">\n\t\t\t\t<div class=\"elementor-widget-container\">\n\t\t\t\t\t\t\t\t\t<p><strong><img fetchpriority=\"high\" decoding=\"async\" class=\"size-full wp-image-425 alignright\" src=\"https:\/\/www.kampfsport-dagersheim.de\/wp-content\/uploads\/2019\/12\/IKF-Logo-300.jpg\" alt=\"\" width=\"233\" height=\"301\" \/>IKF Lizenzseminar in Feistritz i.R. \/ K\u00e4rnten<\/strong><\/p><p>Vom 19. bis 22. Juni 2025 fand das IKF Lizenzseminar, der 5. Vlado Schmidt Gedenklehrgang, in K\u00e4rnten\/\u00d6sterreich statt. Referenten waren IKF Pr\u00e4sident G\u00fcnter Painter 10. Dan und das IKF Trainerteam. Auch dieses Jahr standen wieder vielseitige Themen auf dem Programm.<\/p><p>Der erste Trainingstag stand unter dem Motto \u201eDer Stock im System der IKF\u201c. Hier wurden der Umgang und Techniken aus dem Kobukai Kobudo mit dem Hanbo trainiert. Am folgenden Tag ging es rund um das Thema \u201eGegen- und Weiterf\u00fchrungstechniken\u201c. Diese sind im IKF Pr\u00fcfungsprogramm fester Bestandteil ab dem 2. Dan Ju Jutsu. Hier m\u00fcssen die Pr\u00fcflinge eine feste Anzahl erarbeiten und demonstrieren. Am Nachmittag stand die Halle f\u00fcr freies Training zur Verf\u00fcgung. Dies wurde haupts\u00e4chlich f\u00fcr letzte Vorbereitungen auf die bevorstehenden Pr\u00fcfungen am Samstag genutzt. Der dritte Trainingstag stand unter dem Aspekt der realen Selbstverteidigung. Hier geht es schwerpunktm\u00e4\u00dfig um die Anwendung von kurzen, effektiven Techniken. Im Ju Jutsu Pr\u00fcfungsprogramm finden sich diese beim Thema \u201eMehrkampf\u201c wieder. Am Nachmittag standen einige Pr\u00fcfungen im Ju Jutsu, Bojutsu und Kobukai Kobudo vom 5. Kyu bis zum 5. Dan an.<\/p><p>Beim gemeinsamen Grillabend wurden den Pr\u00fcflingen die wohlverdienten Urkunden \u00fcberreicht. Ein sch\u00f6ner Tagesabschluss, bevor es am Sonntag zur vierten und letzten Trainingseinheit ging. Dabei standen ausgesuchte Techniken aus dem kompletten Ju Jutsu Pr\u00fcfungsprogramm an. Am Nachmittag traten die Trainingsteilnehmer dann ihre Heimreise an.<\/p><p>Es war ein rundum gelungenes Seminar mit toller Stimmung und internationaler Beteiligung. Vielen Dank an den Ausrichter IKF Pr\u00e4sident G\u00fcnter Painter und das Trainerteam der IKF. Wir sehen uns n\u00e4chstes Jahr wieder in Feistritz im Rosental.<\/p>\t\t\t\t\t\t\t\t<\/div>\n\t\t\t\t<\/div>\n\t\t\t\t\t<\/div>\n\t\t<\/div>\n\t\t\t\t\t<\/div>\n\t\t<\/section>\n\t\t\t\t<section class=\"elementor-section elementor-top-section elementor-element elementor-element-c09553d elementor-section-boxed elementor-section-height-default elementor-section-height-default\" data-id=\"c09553d\" data-element_type=\"section\" data-e-type=\"section\">\n\t\t\t\t\t\t<div class=\"elementor-container elementor-column-gap-default\">\n\t\t\t\t\t<div class=\"elementor-column elementor-col-100 elementor-top-column elementor-element elementor-element-b614a39\" data-id=\"b614a39\" data-element_type=\"column\" data-e-type=\"column\">\n\t\t\t<div class=\"elementor-widget-wrap elementor-element-populated\">\n\t\t\t\t\t\t<div class=\"elementor-element elementor-element-b5cc917 elementor-widget elementor-widget-image\" data-id=\"b5cc917\" data-element_type=\"widget\" data-e-type=\"widget\" data-widget_type=\"image.default\">\n\t\t\t\t<div class=\"elementor-widget-container\">\n\t\t\t\t\t\t\t\t\t\t\t\t\t\t\t\t<a href=\"https:\/\/www.kampfsport-dagersheim.de\/wp-content\/uploads\/2025\/07\/Gruppenbild-scaled.jpg\" data-elementor-open-lightbox=\"yes\" data-elementor-lightbox-title=\"Gruppenbild\" data-e-action-hash=\"#elementor-action%3Aaction%3Dlightbox%26settings%3DeyJpZCI6NDUyMCwidXJsIjoiaHR0cHM6XC9cL3d3dy5rYW1wZnNwb3J0LWRhZ2Vyc2hlaW0uZGVcL3dwLWNvbnRlbnRcL3VwbG9hZHNcLzIwMjVcLzA3XC9HcnVwcGVuYmlsZC1zY2FsZWQuanBnIn0%3D\">\n\t\t\t\t\t\t\t<img decoding=\"async\" width=\"740\" height=\"294\" src=\"https:\/\/www.kampfsport-dagersheim.de\/wp-content\/uploads\/2025\/07\/Gruppenbild-1024x407.jpg\" class=\"attachment-large size-large wp-image-4520\" alt=\"\" srcset=\"https:\/\/www.kampfsport-dagersheim.de\/wp-content\/uploads\/2025\/07\/Gruppenbild-1024x407.jpg 1024w, https:\/\/www.kampfsport-dagersheim.de\/wp-content\/uploads\/2025\/07\/Gruppenbild-300x119.jpg 300w, https:\/\/www.kampfsport-dagersheim.de\/wp-content\/uploads\/2025\/07\/Gruppenbild-768x305.jpg 768w, https:\/\/www.kampfsport-dagersheim.de\/wp-content\/uploads\/2025\/07\/Gruppenbild-1536x611.jpg 1536w, https:\/\/www.kampfsport-dagersheim.de\/wp-content\/uploads\/2025\/07\/Gruppenbild-2048x815.jpg 2048w\" sizes=\"100vw\" \/>\t\t\t\t\t\t\t\t<\/a>\n\t\t\t\t\t\t\t\t\t\t\t\t\t\t\t<\/div>\n\t\t\t\t<\/div>\n\t\t\t\t\t<\/div>\n\t\t<\/div>\n\t\t\t\t\t<\/div>\n\t\t<\/section>\n\t\t\t\t<\/div>\n\t\t","protected":false},"excerpt":{"rendered":"<p>IKF Lizenzseminar in Feistritz i.R. \/ K\u00e4rnten Vom 19. bis 22. Juni 2025 fand das IKF Lizenzseminar, der 5. Vlado Schmidt Gedenklehrgang, in K\u00e4rnten\/\u00d6sterreich statt. Referenten waren IKF Pr\u00e4sident G\u00fcnter Painter 10. Dan und das IKF Trainerteam. Auch dieses Jahr standen wieder vielseitige Themen auf dem Programm. Der erste Trainingstag stand unter dem Motto \u201eDer &hellip; <\/p>\n<p class=\"link-more\"><a href=\"https:\/\/www.kampfsport-dagersheim.de\/?page_id=4517\" class=\"more-link\"><span class=\"screen-reader-text\">\u201eIKF Lizenzseminar 2025 in Feistritz i. R. \/ K\u00e4rnten\u201c <\/span>weiterlesen<\/a><\/p>\n","protected":false},"author":1,"featured_media":0,"parent":0,"menu_order":0,"comment_status":"closed","ping_status":"closed","template":"","meta":{"footnotes":""},"class_list":["post-4517","page","type-page","status-publish","hentry"],"_links":{"self":[{"href":"https:\/\/www.kampfsport-dagersheim.de\/index.php?rest_route=\/wp\/v2\/pages\/4517","targetHints":{"allow":["GET"]}}],"collection":[{"href":"https:\/\/www.kampfsport-dagersheim.de\/index.php?rest_route=\/wp\/v2\/pages"}],"about":[{"href":"https:\/\/www.kampfsport-dagersheim.de\/index.php?rest_route=\/wp\/v2\/types\/page"}],"author":[{"embeddable":true,"href":"https:\/\/www.kampfsport-dagersheim.de\/index.php?rest_route=\/wp\/v2\/users\/1"}],"replies":[{"embeddable":true,"href":"https:\/\/www.kampfsport-dagersheim.de\/index.php?rest_route=%2Fwp%2Fv2%2Fcomments&post=4517"}],"version-history":[{"count":6,"href":"https:\/\/www.kampfsport-dagersheim.de\/index.php?rest_route=\/wp\/v2\/pages\/4517\/revisions"}],"predecessor-version":[{"id":4525,"href":"https:\/\/www.kampfsport-dagersheim.de\/index.php?rest_route=\/wp\/v2\/pages\/4517\/revisions\/4525"}],"wp:attachment":[{"href":"https:\/\/www.kampfsport-dagersheim.de\/index.php?rest_route=%2Fwp%2Fv2%2Fmedia&parent=4517"}],"curies":[{"name":"wp","href":"https:\/\/api.w.org\/{rel}","templated":true}]}}