{"id":4463,"date":"2025-05-13T21:25:53","date_gmt":"2025-05-13T19:25:53","guid":{"rendered":"https:\/\/www.kampfsport-dagersheim.de\/?page_id=4463"},"modified":"2025-05-18T21:50:09","modified_gmt":"2025-05-18T19:50:09","slug":"mitgliederversammlung-05-05-2025","status":"publish","type":"page","link":"https:\/\/www.kampfsport-dagersheim.de\/?page_id=4463","title":{"rendered":"Mitgliederversammlung 2025"},"content":{"rendered":"\t\t<div data-elementor-type=\"wp-page\" data-elementor-id=\"4463\" class=\"elementor elementor-4463\">\n\t\t\t\t\t\t<section class=\"elementor-section elementor-top-section elementor-element elementor-element-28907ea5 elementor-section-boxed elementor-section-height-default elementor-section-height-default\" data-id=\"28907ea5\" data-element_type=\"section\" data-e-type=\"section\">\n\t\t\t\t\t\t<div class=\"elementor-container elementor-column-gap-default\">\n\t\t\t\t\t<div class=\"elementor-column elementor-col-100 elementor-top-column elementor-element elementor-element-74e1f73c\" data-id=\"74e1f73c\" data-element_type=\"column\" data-e-type=\"column\">\n\t\t\t<div class=\"elementor-widget-wrap elementor-element-populated\">\n\t\t\t\t\t\t<div class=\"elementor-element elementor-element-3e78edab elementor-widget elementor-widget-text-editor\" data-id=\"3e78edab\" data-element_type=\"widget\" data-e-type=\"widget\" data-widget_type=\"text-editor.default\">\n\t\t\t\t<div class=\"elementor-widget-container\">\n\t\t\t\t\t\t\t\t\t<p><img decoding=\"async\" class=\" wp-image-150 alignright\" src=\"https:\/\/www.kampfsport-dagersheim.de\/wp-content\/uploads\/2019\/12\/cropped-newlogo2011-12CM-JuJitsu-500.jpg\" alt=\"\" width=\"198\" height=\"198\" srcset=\"https:\/\/www.kampfsport-dagersheim.de\/wp-content\/uploads\/2019\/12\/cropped-newlogo2011-12CM-JuJitsu-500.jpg 250w, https:\/\/www.kampfsport-dagersheim.de\/wp-content\/uploads\/2019\/12\/cropped-newlogo2011-12CM-JuJitsu-500-150x150.jpg 150w, https:\/\/www.kampfsport-dagersheim.de\/wp-content\/uploads\/2019\/12\/cropped-newlogo2011-12CM-JuJitsu-500-100x100.jpg 100w\" sizes=\"(max-width: 198px) 100vw, 198px\" \/><strong>Mitgliederversammlung 05.05.2025<\/strong><\/p><p>Am Montag, den 05.05.2025, fand unsere diesj\u00e4hrige Mitgliederversammlung statt. Dieses Jahr fand die Versammlung wieder virtuell \u00fcber Zoom statt. Die Entwicklung des Mitgliederstandes ist gegen\u00fcber dem Vorjahr insgesamt leicht r\u00fcckl\u00e4ufig. In Sachen Finanzen war das Ergebnis 2024 aufgrund reduzierter Einnahmen und gestiegenen Kosten leider negativ.<\/p><p>Abteilungsleiter Matthias Weiss konnte bei seinem Bericht wieder auf viele Aktivit\u00e4ten und Ereignisse, wie Lehrg\u00e4nge und G\u00fcrtelpr\u00fcfungen in der Abteilung zur\u00fcckblicken.<\/p><p>Bei den Wahlen wurden Dieter Kustos als stellvertretender Abteilungsleiter und Jens H\u00e4cker als Schriftf\u00fchrer f\u00fcr 2 Jahre wiedergew\u00e4hlt. Bei den Kassenpr\u00fcfern wurde Sascha Klengel f\u00fcr 2 weitere Jahre und neu Heidi Rueckmann f\u00fcr 2 Jahre gew\u00e4hlt. Bei den Delegierten wurden Fabian Epple und Michael Erdemann f\u00fcr 2 Jahre gew\u00e4hlt sowie Florian Klein f\u00fcr 2 weitere Jahre als Ersatzdelegierter.<\/p><p>Hier die aktuellen Funktionen der Abteilung Kampfsport:<\/p><table style=\"height: 413px;\" width=\"417\"><tbody><tr><td>Abteilungsleiter<\/td><td>Matthias Weiss<\/td><\/tr><tr><td>Stellvertr. Abteilungsleiter<\/td><td>Dieter Kustos<\/td><\/tr><tr><td>Kassier<\/td><td>Michael Klengel<\/td><\/tr><tr><td>Schriftf\u00fchrer<\/td><td>Jens H\u00e4cker<\/td><\/tr><tr><td>Kassenpr\u00fcfer<\/td><td>Sascha Klengel und Heidi Rueckmann<\/td><\/tr><tr><td>Delegierte<\/td><td>Fabian Epple, Florian Erdemann, Michael Erdemann und Cedric Weiss<\/td><\/tr><tr><td>Ersatzdelegierte<\/td><td>Florian Klein<\/td><\/tr><tr><td>\u00a0<\/td><td>\u00a0<\/td><\/tr><\/tbody><\/table><p>Bei der Mitgliederversammlung wurde die Beitragserh\u00f6hung zum 01.01.2026 wie folgt einstimmig beschlossen:<\/p><p><span style=\"text-decoration: underline;\">Abteilungsbeitr\u00e4ge ab 01.01.2026 (Jahresbeitr\u00e4ge)<\/span><\/p><table><tbody><tr><td width=\"186\"><p>Jugend bis 14 Jahre<\/p><\/td><td width=\"326\"><p>22,00 EUR<span style=\"color: #ffffff;\">____________________________________________________<\/span><\/p><\/td><\/tr><tr><td width=\"186\"><p>Jugend 15-18 Jahre<\/p><\/td><td width=\"326\"><p>27,00 EUR<\/p><\/td><\/tr><tr><td width=\"186\"><p>Erwachsene<\/p><\/td><td width=\"326\"><p>40,00 EUR<\/p><\/td><\/tr><tr><td width=\"186\"><p>Passivmitglieder<\/p><\/td><td width=\"326\"><p>30,00 EUR<\/p><\/td><\/tr><\/tbody><\/table>\t\t\t\t\t\t\t\t<\/div>\n\t\t\t\t<\/div>\n\t\t\t\t\t<\/div>\n\t\t<\/div>\n\t\t\t\t\t<\/div>\n\t\t<\/section>\n\t\t\t\t<\/div>\n\t\t","protected":false},"excerpt":{"rendered":"<p>Mitgliederversammlung 05.05.2025 Am Montag, den 05.05.2025, fand unsere diesj\u00e4hrige Mitgliederversammlung statt. Dieses Jahr fand die Versammlung wieder virtuell \u00fcber Zoom statt. Die Entwicklung des Mitgliederstandes ist gegen\u00fcber dem Vorjahr insgesamt leicht r\u00fcckl\u00e4ufig. In Sachen Finanzen war das Ergebnis 2024 aufgrund reduzierter Einnahmen und gestiegenen Kosten leider negativ. Abteilungsleiter Matthias Weiss konnte bei seinem Bericht wieder &hellip; <\/p>\n<p class=\"link-more\"><a href=\"https:\/\/www.kampfsport-dagersheim.de\/?page_id=4463\" class=\"more-link\"><span class=\"screen-reader-text\">\u201eMitgliederversammlung 2025\u201c <\/span>weiterlesen<\/a><\/p>\n","protected":false},"author":1,"featured_media":0,"parent":0,"menu_order":0,"comment_status":"closed","ping_status":"closed","template":"","meta":{"footnotes":""},"class_list":["post-4463","page","type-page","status-publish","hentry"],"_links":{"self":[{"href":"https:\/\/www.kampfsport-dagersheim.de\/index.php?rest_route=\/wp\/v2\/pages\/4463","targetHints":{"allow":["GET"]}}],"collection":[{"href":"https:\/\/www.kampfsport-dagersheim.de\/index.php?rest_route=\/wp\/v2\/pages"}],"about":[{"href":"https:\/\/www.kampfsport-dagersheim.de\/index.php?rest_route=\/wp\/v2\/types\/page"}],"author":[{"embeddable":true,"href":"https:\/\/www.kampfsport-dagersheim.de\/index.php?rest_route=\/wp\/v2\/users\/1"}],"replies":[{"embeddable":true,"href":"https:\/\/www.kampfsport-dagersheim.de\/index.php?rest_route=%2Fwp%2Fv2%2Fcomments&post=4463"}],"version-history":[{"count":15,"href":"https:\/\/www.kampfsport-dagersheim.de\/index.php?rest_route=\/wp\/v2\/pages\/4463\/revisions"}],"predecessor-version":[{"id":4489,"href":"https:\/\/www.kampfsport-dagersheim.de\/index.php?rest_route=\/wp\/v2\/pages\/4463\/revisions\/4489"}],"wp:attachment":[{"href":"https:\/\/www.kampfsport-dagersheim.de\/index.php?rest_route=%2Fwp%2Fv2%2Fmedia&parent=4463"}],"curies":[{"name":"wp","href":"https:\/\/api.w.org\/{rel}","templated":true}]}}