{"id":4413,"date":"2025-04-20T16:11:48","date_gmt":"2025-04-20T14:11:48","guid":{"rendered":"https:\/\/www.kampfsport-dagersheim.de\/?page_id=4413"},"modified":"2025-04-20T16:17:10","modified_gmt":"2025-04-20T14:17:10","slug":"selbstverteidigungslehrgang-in-kressbronn-april-2025","status":"publish","type":"page","link":"https:\/\/www.kampfsport-dagersheim.de\/?page_id=4413","title":{"rendered":"Selbstverteidigungslehrgang in Kressbronn, April 2025"},"content":{"rendered":"\t\t<div data-elementor-type=\"wp-page\" data-elementor-id=\"4413\" class=\"elementor elementor-4413\">\n\t\t\t\t\t\t<section class=\"elementor-section elementor-top-section elementor-element elementor-element-28e2fc4b elementor-section-boxed elementor-section-height-default elementor-section-height-default\" data-id=\"28e2fc4b\" data-element_type=\"section\" data-e-type=\"section\">\n\t\t\t\t\t\t<div class=\"elementor-container elementor-column-gap-default\">\n\t\t\t\t\t<div class=\"elementor-column elementor-col-100 elementor-top-column elementor-element elementor-element-11f61a2b\" data-id=\"11f61a2b\" data-element_type=\"column\" data-e-type=\"column\">\n\t\t\t<div class=\"elementor-widget-wrap elementor-element-populated\">\n\t\t\t\t\t\t<div class=\"elementor-element elementor-element-7644b13f elementor-widget elementor-widget-text-editor\" data-id=\"7644b13f\" data-element_type=\"widget\" data-e-type=\"widget\" data-widget_type=\"text-editor.default\">\n\t\t\t\t<div class=\"elementor-widget-container\">\n\t\t\t\t\t\t\t\t\t<p><strong><img decoding=\"async\" class=\"size-full wp-image-1466 alignright\" src=\"https:\/\/www.kampfsport-dagersheim.de\/wp-content\/uploads\/2020\/01\/Kressbronn-IFAK.jpg\" alt=\"\" width=\"269\" height=\"149\" \/>Selbstverteidigungslehrgang mit Matthias und Cedric Weiss in Kressbronn am Bodensee<\/strong><\/p><p>Am 12. April 2025 fand in Kressbronn am Bodensee ein spannender Selbstverteidigungslehrgang statt. Der Lehrgang wurde von den erfahrenen Referenten Hanshi Matthias Weiss 10. Dan (1. Vorstand des IFAK) und Renshi Cedric Weiss 4. Dan (Pressewart des IFAK) geleitet und zog Teilnehmer aus verschiedenen Kampfsportbereichen an. Beide Referenten sind Trainer bei der Kampfsportabteilung des TSV Dagersheim.<\/p><p>Nach einer kurzen Einf\u00fchrung ging es direkt in die Praxis. Die Referenten f\u00fchrten die Teilnehmer durch verschiedene Techniken, die sowohl f\u00fcr Anf\u00e4nger als auch f\u00fcr Fortgeschrittene geeignet sind. Die \u00dcbungen umfassten grundlegende Abwehrtechniken. Dabei wurde gro\u00dfer Wert darauf gelegt, dass die Teilnehmer die Techniken sicher und effektiv anwenden k\u00f6nnen. Im ersten Teil stand die Verteidigung gegen Distanz- und Kontaktangriffe auf dem Programm. Im zweiten Teil nach der Pause folgte die Verteidigung gegen bewaffnete Angreifer. Die Teilnehmer hatten viel Spa\u00df und jeder konnte etwas f\u00fcr sich mitnehmen.<\/p><p>Nach dem erfolgreichen Lehrgang konnten die Teilnehmer den Tag bei einem gemeinsamen Essen ausklingen lassen, bevor sie die Heimreise antraten. Vielen Dank an den Ausrichter Shihan Uwe Gischas vom TV Kressbronn.<\/p><p>\u00a0<\/p>\t\t\t\t\t\t\t\t<\/div>\n\t\t\t\t<\/div>\n\t\t\t\t\t<\/div>\n\t\t<\/div>\n\t\t\t\t\t<\/div>\n\t\t<\/section>\n\t\t\t\t<section class=\"elementor-section elementor-top-section elementor-element elementor-element-bfb2d97 elementor-section-boxed elementor-section-height-default elementor-section-height-default\" data-id=\"bfb2d97\" data-element_type=\"section\" data-e-type=\"section\">\n\t\t\t\t\t\t<div class=\"elementor-container elementor-column-gap-default\">\n\t\t\t\t\t<div class=\"elementor-column elementor-col-100 elementor-top-column elementor-element elementor-element-1957bba\" data-id=\"1957bba\" data-element_type=\"column\" data-e-type=\"column\">\n\t\t\t<div class=\"elementor-widget-wrap elementor-element-populated\">\n\t\t\t\t\t\t<div class=\"elementor-element elementor-element-e6ed853 elementor-widget elementor-widget-image\" data-id=\"e6ed853\" data-element_type=\"widget\" data-e-type=\"widget\" data-widget_type=\"image.default\">\n\t\t\t\t<div class=\"elementor-widget-container\">\n\t\t\t\t\t\t\t\t\t\t\t\t\t\t\t\t<a href=\"https:\/\/www.kampfsport-dagersheim.de\/wp-content\/uploads\/2025\/04\/SV-Lehrgang-Kressbronn-12-04-2025-scaled-e1745158549266.jpg\" data-elementor-open-lightbox=\"yes\" data-elementor-lightbox-title=\"SV-Lehrgang Kressbronn 12-04-2025\" data-e-action-hash=\"#elementor-action%3Aaction%3Dlightbox%26settings%3DeyJpZCI6NDQxNiwidXJsIjoiaHR0cHM6XC9cL3d3dy5rYW1wZnNwb3J0LWRhZ2Vyc2hlaW0uZGVcL3dwLWNvbnRlbnRcL3VwbG9hZHNcLzIwMjVcLzA0XC9TVi1MZWhyZ2FuZy1LcmVzc2Jyb25uLTEyLTA0LTIwMjUtc2NhbGVkLWUxNzQ1MTU4NTQ5MjY2LmpwZyJ9\">\n\t\t\t\t\t\t\t<img fetchpriority=\"high\" decoding=\"async\" width=\"740\" height=\"987\" src=\"https:\/\/www.kampfsport-dagersheim.de\/wp-content\/uploads\/2025\/04\/SV-Lehrgang-Kressbronn-12-04-2025-scaled-e1745158549266-768x1024.jpg\" class=\"attachment-large size-large wp-image-4416\" alt=\"\" srcset=\"https:\/\/www.kampfsport-dagersheim.de\/wp-content\/uploads\/2025\/04\/SV-Lehrgang-Kressbronn-12-04-2025-scaled-e1745158549266-768x1024.jpg 768w, https:\/\/www.kampfsport-dagersheim.de\/wp-content\/uploads\/2025\/04\/SV-Lehrgang-Kressbronn-12-04-2025-scaled-e1745158549266-225x300.jpg 225w, https:\/\/www.kampfsport-dagersheim.de\/wp-content\/uploads\/2025\/04\/SV-Lehrgang-Kressbronn-12-04-2025-scaled-e1745158549266-1152x1536.jpg 1152w, https:\/\/www.kampfsport-dagersheim.de\/wp-content\/uploads\/2025\/04\/SV-Lehrgang-Kressbronn-12-04-2025-scaled-e1745158549266-1536x2048.jpg 1536w, https:\/\/www.kampfsport-dagersheim.de\/wp-content\/uploads\/2025\/04\/SV-Lehrgang-Kressbronn-12-04-2025-scaled-e1745158549266.jpg 1920w\" sizes=\"100vw\" \/>\t\t\t\t\t\t\t\t<\/a>\n\t\t\t\t\t\t\t\t\t\t\t\t\t\t\t<\/div>\n\t\t\t\t<\/div>\n\t\t\t\t\t<\/div>\n\t\t<\/div>\n\t\t\t\t\t<\/div>\n\t\t<\/section>\n\t\t\t\t<\/div>\n\t\t","protected":false},"excerpt":{"rendered":"<p>Selbstverteidigungslehrgang mit Matthias und Cedric Weiss in Kressbronn am Bodensee Am 12. April 2025 fand in Kressbronn am Bodensee ein spannender Selbstverteidigungslehrgang statt. Der Lehrgang wurde von den erfahrenen Referenten Hanshi Matthias Weiss 10. Dan (1. Vorstand des IFAK) und Renshi Cedric Weiss 4. Dan (Pressewart des IFAK) geleitet und zog Teilnehmer aus verschiedenen Kampfsportbereichen &hellip; <\/p>\n<p class=\"link-more\"><a href=\"https:\/\/www.kampfsport-dagersheim.de\/?page_id=4413\" class=\"more-link\"><span class=\"screen-reader-text\">\u201eSelbstverteidigungslehrgang in Kressbronn, April 2025\u201c <\/span>weiterlesen<\/a><\/p>\n","protected":false},"author":1,"featured_media":0,"parent":0,"menu_order":0,"comment_status":"closed","ping_status":"closed","template":"","meta":{"footnotes":""},"class_list":["post-4413","page","type-page","status-publish","hentry"],"_links":{"self":[{"href":"https:\/\/www.kampfsport-dagersheim.de\/index.php?rest_route=\/wp\/v2\/pages\/4413","targetHints":{"allow":["GET"]}}],"collection":[{"href":"https:\/\/www.kampfsport-dagersheim.de\/index.php?rest_route=\/wp\/v2\/pages"}],"about":[{"href":"https:\/\/www.kampfsport-dagersheim.de\/index.php?rest_route=\/wp\/v2\/types\/page"}],"author":[{"embeddable":true,"href":"https:\/\/www.kampfsport-dagersheim.de\/index.php?rest_route=\/wp\/v2\/users\/1"}],"replies":[{"embeddable":true,"href":"https:\/\/www.kampfsport-dagersheim.de\/index.php?rest_route=%2Fwp%2Fv2%2Fcomments&post=4413"}],"version-history":[{"count":5,"href":"https:\/\/www.kampfsport-dagersheim.de\/index.php?rest_route=\/wp\/v2\/pages\/4413\/revisions"}],"predecessor-version":[{"id":4420,"href":"https:\/\/www.kampfsport-dagersheim.de\/index.php?rest_route=\/wp\/v2\/pages\/4413\/revisions\/4420"}],"wp:attachment":[{"href":"https:\/\/www.kampfsport-dagersheim.de\/index.php?rest_route=%2Fwp%2Fv2%2Fmedia&parent=4413"}],"curies":[{"name":"wp","href":"https:\/\/api.w.org\/{rel}","templated":true}]}}