{"id":4379,"date":"2025-04-04T23:36:12","date_gmt":"2025-04-04T21:36:12","guid":{"rendered":"https:\/\/www.kampfsport-dagersheim.de\/?page_id=4379"},"modified":"2025-04-04T23:42:41","modified_gmt":"2025-04-04T21:42:41","slug":"ju-jitsu-guertelpruefung-maerz-2025","status":"publish","type":"page","link":"https:\/\/www.kampfsport-dagersheim.de\/?page_id=4379","title":{"rendered":"Ju Jitsu G\u00fcrtelpr\u00fcfung M\u00e4rz 2025"},"content":{"rendered":"\t\t<div data-elementor-type=\"wp-page\" data-elementor-id=\"4379\" class=\"elementor elementor-4379\">\n\t\t\t\t\t\t<section class=\"elementor-section elementor-top-section elementor-element elementor-element-649285fb elementor-section-boxed elementor-section-height-default elementor-section-height-default\" data-id=\"649285fb\" data-element_type=\"section\" data-e-type=\"section\">\n\t\t\t\t\t\t<div class=\"elementor-container elementor-column-gap-default\">\n\t\t\t\t\t<div class=\"elementor-column elementor-col-100 elementor-top-column elementor-element elementor-element-7ec96e0a\" data-id=\"7ec96e0a\" data-element_type=\"column\" data-e-type=\"column\">\n\t\t\t<div class=\"elementor-widget-wrap elementor-element-populated\">\n\t\t\t\t\t\t<div class=\"elementor-element elementor-element-6924fec elementor-widget elementor-widget-text-editor\" data-id=\"6924fec\" data-element_type=\"widget\" data-e-type=\"widget\" data-widget_type=\"text-editor.default\">\n\t\t\t\t<div class=\"elementor-widget-container\">\n\t\t\t\t\t\t\t\t\t<p><strong><img decoding=\"async\" class=\"size-medium wp-image-3749 alignright\" src=\"https:\/\/www.kampfsport-dagersheim.de\/wp-content\/uploads\/2024\/04\/newlogo2011-12CM-JuJitsu-IFAK-150-1-157x300.jpg\" alt=\"\" width=\"157\" height=\"300\" srcset=\"https:\/\/www.kampfsport-dagersheim.de\/wp-content\/uploads\/2024\/04\/newlogo2011-12CM-JuJitsu-IFAK-150-1-157x300.jpg 157w, https:\/\/www.kampfsport-dagersheim.de\/wp-content\/uploads\/2024\/04\/newlogo2011-12CM-JuJitsu-IFAK-150-1.jpg 159w\" sizes=\"(max-width: 157px) 100vw, 157px\" \/>Ju Jitsu G\u00fcrtelpr\u00fcfung bei der Kampfsportabteilung des TSV Dagersheim<\/strong><\/p><p>Am Samstag, den 29.03.2025, fand bei der Kampfsportabteilung des TSV Dagersheim die G\u00fcrtelpr\u00fcfung f\u00fcr 21 Kinder, Jugendliche und Erwachsene statt. Die Pr\u00fcflinge waren aufgeregt und voller Vorfreude, denn sie hatten sich auf diesen Tag lange vorbereitet. Die G\u00fcrtelstufen reichten von Wei\u00dfgelb bis Braun und jeder Teilnehmer war bereit, sein K\u00f6nnen unter Beweis zu stellen.<\/p><p>W\u00e4hrend der Pr\u00fcfung mussten verschiedene Techniken, Fallschule und Selbstverteidigung gegen verschiedene Angriffe demonstriert werden. Dazu geh\u00f6ren unter anderem Wurf- und Haltetechniken sowie Kombinationen aus Angriff und Verteidigung. Die Pr\u00fcfer Matthias und Cedric Weiss beobachteten genau und gaben wertvolles Feedback.<\/p><p>Die G\u00fcrtelpr\u00fcfung war nicht nur ein Test des K\u00f6nnens, sondern auch eine Gelegenheit f\u00fcr die Pr\u00fcflinge, ihre Ziele im Ju Jitsu zu reflektieren. Die n\u00e4chste Herausforderung steht bereits vor der T\u00fcr: der n\u00e4chste G\u00fcrtel!<\/p><p>Herzlichen Gl\u00fcckwunsch an die Pr\u00fcflinge und ein Dankesch\u00f6n an die Trainer.<\/p><p>Die Pr\u00fcfung zum Wei\u00dfgelbgurt bestanden:<br \/><img decoding=\"async\" class=\"alignnone size-full wp-image-366\" src=\"https:\/\/www.kampfsport-dagersheim.de\/wp-content\/uploads\/2019\/12\/9weiss-gelb50.jpg\" alt=\"\" width=\"87\" height=\"35\" \/><br \/><span style=\"color: var( --e-global-color-text ); font-family: var( --e-global-typography-text-font-family ), Sans-serif; font-weight: var( --e-global-typography-text-font-weight ); font-size: 1rem;\">Sila Atasoy, Suna Atasoy, Emily Egner, Johanna Esterle und Mira Kadow<\/span><\/p><p>Die Pr\u00fcfung zum Orangegurt bestanden:<br \/><img decoding=\"async\" class=\"alignnone size-full wp-image-361\" src=\"https:\/\/www.kampfsport-dagersheim.de\/wp-content\/uploads\/2019\/12\/7Orange50.jpg\" alt=\"\" width=\"87\" height=\"35\" \/><br \/>Leon Dreher, Suna Tasci und Umay Tasci<\/p><p>Die Pr\u00fcfung zum Gr\u00fcngurt bestanden:<br \/><img loading=\"lazy\" decoding=\"async\" class=\"alignnone size-full wp-image-360\" src=\"https:\/\/www.kampfsport-dagersheim.de\/wp-content\/uploads\/2019\/12\/6Gruen50.jpg\" alt=\"\" width=\"87\" height=\"35\" \/><br \/>Tim H\u00e4mmerle, Pia Laier und Daniele Trumino,<\/p><p>Die Pr\u00fcfung zum Blaugurt bestanden:<br \/><img loading=\"lazy\" decoding=\"async\" class=\"alignnone size-full wp-image-357\" src=\"https:\/\/www.kampfsport-dagersheim.de\/wp-content\/uploads\/2019\/12\/4Blau50.jpg\" alt=\"\" width=\"87\" height=\"35\" \/><br \/>Alan Alickaj, Matthias Catherine, Jakob Daniels, Sophie Daniels, Jon Elshani, Lukas Kevric und Olivia Kevric<\/p><p>Die Pr\u00fcfung zum Braungurt bestanden:<br \/><img loading=\"lazy\" decoding=\"async\" class=\"alignnone size-full wp-image-355\" src=\"https:\/\/www.kampfsport-dagersheim.de\/wp-content\/uploads\/2019\/12\/2Braun50.jpg\" alt=\"\" width=\"87\" height=\"35\" \/><br \/>Jannes Durban, Jan Ebersohn und Svenja Widmaier<\/p><p>\u00a0<\/p>\t\t\t\t\t\t\t\t<\/div>\n\t\t\t\t<\/div>\n\t\t\t\t\t<\/div>\n\t\t<\/div>\n\t\t\t\t\t<\/div>\n\t\t<\/section>\n\t\t\t\t<section class=\"elementor-section elementor-top-section elementor-element elementor-element-c4e7fa4 elementor-section-boxed elementor-section-height-default elementor-section-height-default\" data-id=\"c4e7fa4\" data-element_type=\"section\" data-e-type=\"section\">\n\t\t\t\t\t\t<div class=\"elementor-container elementor-column-gap-default\">\n\t\t\t\t\t<div class=\"elementor-column elementor-col-50 elementor-top-column elementor-element elementor-element-fe12bc8\" data-id=\"fe12bc8\" data-element_type=\"column\" data-e-type=\"column\">\n\t\t\t<div class=\"elementor-widget-wrap elementor-element-populated\">\n\t\t\t\t\t\t<div class=\"elementor-element elementor-element-eca59b0 elementor-widget elementor-widget-image\" data-id=\"eca59b0\" data-element_type=\"widget\" data-e-type=\"widget\" data-widget_type=\"image.default\">\n\t\t\t\t<div class=\"elementor-widget-container\">\n\t\t\t\t\t\t\t\t\t\t\t\t\t\t\t\t<a href=\"https:\/\/www.kampfsport-dagersheim.de\/wp-content\/uploads\/2025\/04\/Gruppenbild-Weissgelb-Orange-1-scaled.jpg\" data-elementor-open-lightbox=\"yes\" data-elementor-lightbox-title=\"Gruppenbild Weissgelb-Orange 1\" data-e-action-hash=\"#elementor-action%3Aaction%3Dlightbox%26settings%3DeyJpZCI6NDM4MSwidXJsIjoiaHR0cHM6XC9cL3d3dy5rYW1wZnNwb3J0LWRhZ2Vyc2hlaW0uZGVcL3dwLWNvbnRlbnRcL3VwbG9hZHNcLzIwMjVcLzA0XC9HcnVwcGVuYmlsZC1XZWlzc2dlbGItT3JhbmdlLTEtc2NhbGVkLmpwZyJ9\">\n\t\t\t\t\t\t\t<img loading=\"lazy\" decoding=\"async\" width=\"740\" height=\"462\" src=\"https:\/\/www.kampfsport-dagersheim.de\/wp-content\/uploads\/2025\/04\/Gruppenbild-Weissgelb-Orange-1-1024x639.jpg\" class=\"attachment-large size-large wp-image-4381\" alt=\"\" srcset=\"https:\/\/www.kampfsport-dagersheim.de\/wp-content\/uploads\/2025\/04\/Gruppenbild-Weissgelb-Orange-1-1024x639.jpg 1024w, https:\/\/www.kampfsport-dagersheim.de\/wp-content\/uploads\/2025\/04\/Gruppenbild-Weissgelb-Orange-1-300x187.jpg 300w, https:\/\/www.kampfsport-dagersheim.de\/wp-content\/uploads\/2025\/04\/Gruppenbild-Weissgelb-Orange-1-768x479.jpg 768w, https:\/\/www.kampfsport-dagersheim.de\/wp-content\/uploads\/2025\/04\/Gruppenbild-Weissgelb-Orange-1-1536x959.jpg 1536w, https:\/\/www.kampfsport-dagersheim.de\/wp-content\/uploads\/2025\/04\/Gruppenbild-Weissgelb-Orange-1-2048x1278.jpg 2048w\" sizes=\"100vw\" \/>\t\t\t\t\t\t\t\t<\/a>\n\t\t\t\t\t\t\t\t\t\t\t\t\t\t\t<\/div>\n\t\t\t\t<\/div>\n\t\t\t\t\t<\/div>\n\t\t<\/div>\n\t\t\t\t<div class=\"elementor-column elementor-col-50 elementor-top-column elementor-element elementor-element-3014b55\" data-id=\"3014b55\" data-element_type=\"column\" data-e-type=\"column\">\n\t\t\t<div class=\"elementor-widget-wrap elementor-element-populated\">\n\t\t\t\t\t\t<div class=\"elementor-element elementor-element-4aa1c76 elementor-widget elementor-widget-image\" data-id=\"4aa1c76\" data-element_type=\"widget\" data-e-type=\"widget\" data-widget_type=\"image.default\">\n\t\t\t\t<div class=\"elementor-widget-container\">\n\t\t\t\t\t\t\t\t\t\t\t\t\t\t\t\t<a href=\"https:\/\/www.kampfsport-dagersheim.de\/wp-content\/uploads\/2025\/04\/Gruppenbild-Orange-Braun-scaled.jpg\" data-elementor-open-lightbox=\"yes\" data-elementor-lightbox-title=\"Gruppenbild Orange-Braun\" data-e-action-hash=\"#elementor-action%3Aaction%3Dlightbox%26settings%3DeyJpZCI6NDM4MiwidXJsIjoiaHR0cHM6XC9cL3d3dy5rYW1wZnNwb3J0LWRhZ2Vyc2hlaW0uZGVcL3dwLWNvbnRlbnRcL3VwbG9hZHNcLzIwMjVcLzA0XC9HcnVwcGVuYmlsZC1PcmFuZ2UtQnJhdW4tc2NhbGVkLmpwZyJ9\">\n\t\t\t\t\t\t\t<img loading=\"lazy\" decoding=\"async\" width=\"740\" height=\"400\" src=\"https:\/\/www.kampfsport-dagersheim.de\/wp-content\/uploads\/2025\/04\/Gruppenbild-Orange-Braun-1024x553.jpg\" class=\"attachment-large size-large wp-image-4382\" alt=\"\" srcset=\"https:\/\/www.kampfsport-dagersheim.de\/wp-content\/uploads\/2025\/04\/Gruppenbild-Orange-Braun-1024x553.jpg 1024w, https:\/\/www.kampfsport-dagersheim.de\/wp-content\/uploads\/2025\/04\/Gruppenbild-Orange-Braun-300x162.jpg 300w, https:\/\/www.kampfsport-dagersheim.de\/wp-content\/uploads\/2025\/04\/Gruppenbild-Orange-Braun-768x415.jpg 768w, https:\/\/www.kampfsport-dagersheim.de\/wp-content\/uploads\/2025\/04\/Gruppenbild-Orange-Braun-1536x830.jpg 1536w, https:\/\/www.kampfsport-dagersheim.de\/wp-content\/uploads\/2025\/04\/Gruppenbild-Orange-Braun-2048x1106.jpg 2048w\" sizes=\"100vw\" \/>\t\t\t\t\t\t\t\t<\/a>\n\t\t\t\t\t\t\t\t\t\t\t\t\t\t\t<\/div>\n\t\t\t\t<\/div>\n\t\t\t\t\t<\/div>\n\t\t<\/div>\n\t\t\t\t\t<\/div>\n\t\t<\/section>\n\t\t\t\t<\/div>\n\t\t","protected":false},"excerpt":{"rendered":"<p>Ju Jitsu G\u00fcrtelpr\u00fcfung bei der Kampfsportabteilung des TSV Dagersheim Am Samstag, den 29.03.2025, fand bei der Kampfsportabteilung des TSV Dagersheim die G\u00fcrtelpr\u00fcfung f\u00fcr 21 Kinder, Jugendliche und Erwachsene statt. Die Pr\u00fcflinge waren aufgeregt und voller Vorfreude, denn sie hatten sich auf diesen Tag lange vorbereitet. Die G\u00fcrtelstufen reichten von Wei\u00dfgelb bis Braun und jeder Teilnehmer &hellip; <\/p>\n<p class=\"link-more\"><a href=\"https:\/\/www.kampfsport-dagersheim.de\/?page_id=4379\" class=\"more-link\"><span class=\"screen-reader-text\">\u201eJu Jitsu G\u00fcrtelpr\u00fcfung M\u00e4rz 2025\u201c <\/span>weiterlesen<\/a><\/p>\n","protected":false},"author":1,"featured_media":0,"parent":0,"menu_order":0,"comment_status":"closed","ping_status":"closed","template":"","meta":{"footnotes":""},"class_list":["post-4379","page","type-page","status-publish","hentry"],"_links":{"self":[{"href":"https:\/\/www.kampfsport-dagersheim.de\/index.php?rest_route=\/wp\/v2\/pages\/4379","targetHints":{"allow":["GET"]}}],"collection":[{"href":"https:\/\/www.kampfsport-dagersheim.de\/index.php?rest_route=\/wp\/v2\/pages"}],"about":[{"href":"https:\/\/www.kampfsport-dagersheim.de\/index.php?rest_route=\/wp\/v2\/types\/page"}],"author":[{"embeddable":true,"href":"https:\/\/www.kampfsport-dagersheim.de\/index.php?rest_route=\/wp\/v2\/users\/1"}],"replies":[{"embeddable":true,"href":"https:\/\/www.kampfsport-dagersheim.de\/index.php?rest_route=%2Fwp%2Fv2%2Fcomments&post=4379"}],"version-history":[{"count":4,"href":"https:\/\/www.kampfsport-dagersheim.de\/index.php?rest_route=\/wp\/v2\/pages\/4379\/revisions"}],"predecessor-version":[{"id":4386,"href":"https:\/\/www.kampfsport-dagersheim.de\/index.php?rest_route=\/wp\/v2\/pages\/4379\/revisions\/4386"}],"wp:attachment":[{"href":"https:\/\/www.kampfsport-dagersheim.de\/index.php?rest_route=%2Fwp%2Fv2%2Fmedia&parent=4379"}],"curies":[{"name":"wp","href":"https:\/\/api.w.org\/{rel}","templated":true}]}}