{"id":4340,"date":"2025-02-23T16:23:55","date_gmt":"2025-02-23T15:23:55","guid":{"rendered":"https:\/\/www.kampfsport-dagersheim.de\/?page_id=4340"},"modified":"2025-02-23T16:35:15","modified_gmt":"2025-02-23T15:35:15","slug":"pruefungen-kobukai-kobudo-und-bojutsu-feb-2025","status":"publish","type":"page","link":"https:\/\/www.kampfsport-dagersheim.de\/?page_id=4340","title":{"rendered":"Pr\u00fcfungen Kobukai Kobudo und Bojutsu, Feb 2025"},"content":{"rendered":"\t\t<div data-elementor-type=\"wp-page\" data-elementor-id=\"4340\" class=\"elementor elementor-4340\">\n\t\t\t\t\t\t<section class=\"elementor-section elementor-top-section elementor-element elementor-element-87e5c54 elementor-section-boxed elementor-section-height-default elementor-section-height-default\" data-id=\"87e5c54\" data-element_type=\"section\" data-e-type=\"section\">\n\t\t\t\t\t\t<div class=\"elementor-container elementor-column-gap-default\">\n\t\t\t\t\t<div class=\"elementor-column elementor-col-100 elementor-top-column elementor-element elementor-element-12aa709b\" data-id=\"12aa709b\" data-element_type=\"column\" data-e-type=\"column\">\n\t\t\t<div class=\"elementor-widget-wrap elementor-element-populated\">\n\t\t\t\t\t\t<div class=\"elementor-element elementor-element-3fb1c7e8 elementor-widget elementor-widget-text-editor\" data-id=\"3fb1c7e8\" data-element_type=\"widget\" data-e-type=\"widget\" data-widget_type=\"text-editor.default\">\n\t\t\t\t<div class=\"elementor-widget-container\">\n\t\t\t\t\t\t\t\t\t<p><strong><img decoding=\"async\" class=\"size-medium wp-image-1418 alignright\" src=\"https:\/\/www.kampfsport-dagersheim.de\/wp-content\/uploads\/2020\/01\/newlogo2011-12CM-JuJitsu-IKF-150-133x300.jpg\" alt=\"\" width=\"133\" height=\"300\" srcset=\"https:\/\/www.kampfsport-dagersheim.de\/wp-content\/uploads\/2020\/01\/newlogo2011-12CM-JuJitsu-IKF-150-133x300.jpg 133w, https:\/\/www.kampfsport-dagersheim.de\/wp-content\/uploads\/2020\/01\/newlogo2011-12CM-JuJitsu-IKF-150.jpg 157w\" sizes=\"(max-width: 133px) 100vw, 133px\" \/>Erfolgreiche Pr\u00fcfung im Kobudo und Bojutsu<\/strong><\/p><p>Am Samstag, den 22.02.2025, fand bei der Kampfsportabteilung eine Pr\u00fcfung im Kobukai Kobudo und Bojutsu nach den Richtlinien der International Kobudo Federation IKF statt. Kobudo ist ein Sammelbegriff f\u00fcr verschiedene Waffensysteme. Soke Vlado Schmidt modifizierte f\u00fcr sein Kobukai Kobudo die Techniken des traditionellen Kobudo und passte diese an die europ\u00e4ischen Verh\u00e4ltnisse und Bed\u00fcrfnisse an. Das Bojutsu bzw. Sutekki Ryu ist ein Teil des Kobudo. Hier kommt ausschlie\u00dflich der Hanbo (90cm Stock) bzw. die Kr\u00fccke\/Spazierstock zum Einsatz.<\/p><p>Insgesamt 4 Teilnehmer stellten sich der Pr\u00fcfung in beiden Disziplinen. In der Pr\u00fcfung m\u00fcssen in der sogenannten Grundschule s\u00e4mtliche Sto\u00df-, Schlag-, Block- und Fegetechniken mit dem Hanbo bzw. der jeweiligen Waffe demonstriert werden. Diese Techniken sind auch in einer Kata, einem festgelegten Ablauf, zu demonstrieren. Weitere Pr\u00fcfungsteile sind die Fallschule und die festgelegten Verteidigungstechniken gegen unterschiedliche Angriffe.<\/p><p>Trainer und Pr\u00fcfer Matthias Weiss war mit den gezeigten Leistungen der Pr\u00fcflinge in beiden Disziplinen sehr zufrieden und konnte allen Teilnehmern zur erfolgreich bestandenen Pr\u00fcfung gratulieren und die wohlverdienten Urkunden \u00fcberreichen.<\/p><p><img fetchpriority=\"high\" decoding=\"async\" class=\"alignright wp-image-4348\" src=\"https:\/\/www.kampfsport-dagersheim.de\/wp-content\/uploads\/2025\/02\/20250222_Prf_Gruppenbild3-300x160.jpg\" alt=\"\" width=\"450\" height=\"240\" srcset=\"https:\/\/www.kampfsport-dagersheim.de\/wp-content\/uploads\/2025\/02\/20250222_Prf_Gruppenbild3-300x160.jpg 300w, https:\/\/www.kampfsport-dagersheim.de\/wp-content\/uploads\/2025\/02\/20250222_Prf_Gruppenbild3-1024x546.jpg 1024w, https:\/\/www.kampfsport-dagersheim.de\/wp-content\/uploads\/2025\/02\/20250222_Prf_Gruppenbild3-768x410.jpg 768w, https:\/\/www.kampfsport-dagersheim.de\/wp-content\/uploads\/2025\/02\/20250222_Prf_Gruppenbild3-1536x819.jpg 1536w, https:\/\/www.kampfsport-dagersheim.de\/wp-content\/uploads\/2025\/02\/20250222_Prf_Gruppenbild3-2048x1092.jpg 2048w\" sizes=\"(max-width: 450px) 100vw, 450px\" \/>Die Pr\u00fcfung im Kobukai Kobudo und im Bojutsu bestanden: Etienne Pudell und Bernd Schmidt (4. Kyu, Orangegurt) sowie L\u00e9on H\u00e4rtkorn und Markus M\u00fcller (5. Kyu, Gelbgurt)<\/p><p>Das Kobukai Kobudo und das Bojutsu von Soke Vlado Schmidt ist fester Bestandteil des Kampfsportangebotes der Abteilung Kampfsport des TSV Dagersheim. Die Ausbildung im Kobudo und Bojutsu erfolgt an verschiedenen Waffen (Stock-, Klingen- und Kombinationswaffen). Interessierte, mit und ohne Kampfsporterfahrung, sind herzlich willkommen. Wendet Euch einfach an Abteilungsleiter und Trainer Matthias Weiss. E-Mail: m.weiss@kampfsport-dagersheim.de oder telefonisch unter 0173 3036639.<\/p><p>\u00a0<\/p>\t\t\t\t\t\t\t\t<\/div>\n\t\t\t\t<\/div>\n\t\t\t\t\t<\/div>\n\t\t<\/div>\n\t\t\t\t\t<\/div>\n\t\t<\/section>\n\t\t\t\t<section class=\"elementor-section elementor-top-section elementor-element elementor-element-8f28d60 elementor-section-boxed elementor-section-height-default elementor-section-height-default\" data-id=\"8f28d60\" data-element_type=\"section\" data-e-type=\"section\">\n\t\t\t\t\t\t<div class=\"elementor-container elementor-column-gap-default\">\n\t\t\t\t\t<div class=\"elementor-column elementor-col-100 elementor-top-column elementor-element elementor-element-5c0b428\" data-id=\"5c0b428\" data-element_type=\"column\" data-e-type=\"column\">\n\t\t\t<div class=\"elementor-widget-wrap elementor-element-populated\">\n\t\t\t\t\t\t<div class=\"elementor-element elementor-element-ae7263e elementor-widget elementor-widget-image\" data-id=\"ae7263e\" data-element_type=\"widget\" data-e-type=\"widget\" data-widget_type=\"image.default\">\n\t\t\t\t<div class=\"elementor-widget-container\">\n\t\t\t\t\t\t\t\t\t\t\t\t\t\t\t\t<a href=\"https:\/\/www.kampfsport-dagersheim.de\/wp-content\/uploads\/2025\/02\/word-image-4340-1.jpeg\" data-elementor-open-lightbox=\"yes\" data-elementor-lightbox-title=\"word-image-4340-1\" data-e-action-hash=\"#elementor-action%3Aaction%3Dlightbox%26settings%3DeyJpZCI6NDM0MSwidXJsIjoiaHR0cHM6XC9cL3d3dy5rYW1wZnNwb3J0LWRhZ2Vyc2hlaW0uZGVcL3dwLWNvbnRlbnRcL3VwbG9hZHNcLzIwMjVcLzAyXC93b3JkLWltYWdlLTQzNDAtMS5qcGVnIn0%3D\">\n\t\t\t\t\t\t\t<img decoding=\"async\" width=\"740\" height=\"446\" src=\"https:\/\/www.kampfsport-dagersheim.de\/wp-content\/uploads\/2025\/02\/word-image-4340-1-1024x617.jpeg\" class=\"attachment-large size-large wp-image-4341\" alt=\"\" srcset=\"https:\/\/www.kampfsport-dagersheim.de\/wp-content\/uploads\/2025\/02\/word-image-4340-1-1024x617.jpeg 1024w, https:\/\/www.kampfsport-dagersheim.de\/wp-content\/uploads\/2025\/02\/word-image-4340-1-300x181.jpeg 300w, https:\/\/www.kampfsport-dagersheim.de\/wp-content\/uploads\/2025\/02\/word-image-4340-1-768x463.jpeg 768w, https:\/\/www.kampfsport-dagersheim.de\/wp-content\/uploads\/2025\/02\/word-image-4340-1.jpeg 1146w\" sizes=\"100vw\" \/>\t\t\t\t\t\t\t\t<\/a>\n\t\t\t\t\t\t\t\t\t\t\t\t\t\t\t<\/div>\n\t\t\t\t<\/div>\n\t\t\t\t\t<\/div>\n\t\t<\/div>\n\t\t\t\t\t<\/div>\n\t\t<\/section>\n\t\t\t\t<\/div>\n\t\t","protected":false},"excerpt":{"rendered":"<p>Erfolgreiche Pr\u00fcfung im Kobudo und Bojutsu Am Samstag, den 22.02.2025, fand bei der Kampfsportabteilung eine Pr\u00fcfung im Kobukai Kobudo und Bojutsu nach den Richtlinien der International Kobudo Federation IKF statt. Kobudo ist ein Sammelbegriff f\u00fcr verschiedene Waffensysteme. Soke Vlado Schmidt modifizierte f\u00fcr sein Kobukai Kobudo die Techniken des traditionellen Kobudo und passte diese an die &hellip; <\/p>\n<p class=\"link-more\"><a href=\"https:\/\/www.kampfsport-dagersheim.de\/?page_id=4340\" class=\"more-link\"><span class=\"screen-reader-text\">\u201ePr\u00fcfungen Kobukai Kobudo und Bojutsu, Feb 2025\u201c <\/span>weiterlesen<\/a><\/p>\n","protected":false},"author":1,"featured_media":0,"parent":0,"menu_order":0,"comment_status":"closed","ping_status":"closed","template":"","meta":{"footnotes":""},"class_list":["post-4340","page","type-page","status-publish","hentry"],"_links":{"self":[{"href":"https:\/\/www.kampfsport-dagersheim.de\/index.php?rest_route=\/wp\/v2\/pages\/4340","targetHints":{"allow":["GET"]}}],"collection":[{"href":"https:\/\/www.kampfsport-dagersheim.de\/index.php?rest_route=\/wp\/v2\/pages"}],"about":[{"href":"https:\/\/www.kampfsport-dagersheim.de\/index.php?rest_route=\/wp\/v2\/types\/page"}],"author":[{"embeddable":true,"href":"https:\/\/www.kampfsport-dagersheim.de\/index.php?rest_route=\/wp\/v2\/users\/1"}],"replies":[{"embeddable":true,"href":"https:\/\/www.kampfsport-dagersheim.de\/index.php?rest_route=%2Fwp%2Fv2%2Fcomments&post=4340"}],"version-history":[{"count":4,"href":"https:\/\/www.kampfsport-dagersheim.de\/index.php?rest_route=\/wp\/v2\/pages\/4340\/revisions"}],"predecessor-version":[{"id":4351,"href":"https:\/\/www.kampfsport-dagersheim.de\/index.php?rest_route=\/wp\/v2\/pages\/4340\/revisions\/4351"}],"wp:attachment":[{"href":"https:\/\/www.kampfsport-dagersheim.de\/index.php?rest_route=%2Fwp%2Fv2%2Fmedia&parent=4340"}],"curies":[{"name":"wp","href":"https:\/\/api.w.org\/{rel}","templated":true}]}}