{"id":4187,"date":"2024-11-24T11:20:39","date_gmt":"2024-11-24T10:20:39","guid":{"rendered":"https:\/\/www.kampfsport-dagersheim.de\/?page_id=4187"},"modified":"2024-11-24T11:48:32","modified_gmt":"2024-11-24T10:48:32","slug":"int-lehrgang-kobudo-ju-jutsu-kyusho-combative-hokutoryu-november-2024","status":"publish","type":"page","link":"https:\/\/www.kampfsport-dagersheim.de\/?page_id=4187","title":{"rendered":"Int. Lehrgang Kobudo \/ Ju-Jutsu \/ Kyusho Combative \/ Hokutoryu, November 2024"},"content":{"rendered":"\t\t<div data-elementor-type=\"wp-page\" data-elementor-id=\"4187\" class=\"elementor elementor-4187\">\n\t\t\t\t\t\t<section class=\"elementor-section elementor-top-section elementor-element elementor-element-5b33f917 elementor-section-boxed elementor-section-height-default elementor-section-height-default\" data-id=\"5b33f917\" data-element_type=\"section\" data-e-type=\"section\">\n\t\t\t\t\t\t<div class=\"elementor-container elementor-column-gap-default\">\n\t\t\t\t\t<div class=\"elementor-column elementor-col-100 elementor-top-column elementor-element elementor-element-305fde67\" data-id=\"305fde67\" data-element_type=\"column\" data-e-type=\"column\">\n\t\t\t<div class=\"elementor-widget-wrap elementor-element-populated\">\n\t\t\t\t\t\t<div class=\"elementor-element elementor-element-232c832a elementor-widget elementor-widget-text-editor\" data-id=\"232c832a\" data-element_type=\"widget\" data-e-type=\"widget\" data-widget_type=\"text-editor.default\">\n\t\t\t\t<div class=\"elementor-widget-container\">\n\t\t\t\t\t\t\t\t\t<p><strong><img fetchpriority=\"high\" decoding=\"async\" class=\"size-medium wp-image-3245 alignright\" src=\"https:\/\/www.kampfsport-dagersheim.de\/wp-content\/uploads\/2023\/08\/WJJV-IKF-300x185.jpg\" alt=\"\" width=\"300\" height=\"185\" srcset=\"https:\/\/www.kampfsport-dagersheim.de\/wp-content\/uploads\/2023\/08\/WJJV-IKF-300x185.jpg 300w, https:\/\/www.kampfsport-dagersheim.de\/wp-content\/uploads\/2023\/08\/WJJV-IKF.jpg 468w\" sizes=\"(max-width: 300px) 100vw, 300px\" \/>Internationaler Lehrgang des WJJV e.V. in Altdorf<\/strong><\/p><p><span style=\"color: var( --e-global-color-text ); font-family: var( --e-global-typography-text-font-family ), Sans-serif; font-weight: var( --e-global-typography-text-font-weight ); font-size: 1rem;\">Am Wochenende 16.\/17.11.2024 fand in Altdorf ein Lehrgang des W\u00fcrttembergischen Ju-Jutsu Verbandes e.V. in Zusammenarbeit mit der Internationalen Kobudo Federation statt. Auf dem Programm standen dieses Jahr Kobudo, Ju-Jutsu, Kyusho Combative und Hokutoryu Ju-Jutsu. Die Teilnehmer erwartete ein internationales, hochkar\u00e4tiges Referenten-Team:<br \/><\/span><span style=\"color: var( --e-global-color-text ); font-family: var( --e-global-typography-text-font-family ), Sans-serif; font-weight: var( --e-global-typography-text-font-weight ); font-size: 1rem;\">Soke, Shihan G\u00fcnter Painter (9. Dan Kobukai Kobudo), \u00d6sterreich \u00a0<\/span><img decoding=\"async\" width=\"19\" height=\"14\" class=\"wp-image-4189\" style=\"color: var( --e-global-color-text ); font-family: var( --e-global-typography-text-font-family ), Sans-serif; font-weight: var( --e-global-typography-text-font-weight ); font-size: 1rem;\" src=\"https:\/\/www.kampfsport-dagersheim.de\/wp-content\/uploads\/2024\/11\/http-www-kampfsport-dagersheim-de-wp-content-upl.jpeg\" alt=\"https:\/\/www.kampfsport-dagersheim.de\/wp-content\/uploads\/2023\/12\/FlaggeAustria2015.jpg\" \/><br \/><span style=\"color: var( --e-global-color-text ); font-family: var( --e-global-typography-text-font-family ), Sans-serif; font-weight: var( --e-global-typography-text-font-weight ); font-size: 1rem;\">Shihan Dr. Danimir Cerkez (8. Dan Ju-Jutsu), Deutschland\u00a0 <\/span><img decoding=\"async\" width=\"20\" height=\"15\" class=\"wp-image-4190\" style=\"color: var( --e-global-color-text ); font-family: var( --e-global-typography-text-font-family ), Sans-serif; font-weight: var( --e-global-typography-text-font-weight ); font-size: 1rem;\" src=\"https:\/\/www.kampfsport-dagersheim.de\/wp-content\/uploads\/2024\/11\/http-www-kampfsport-dagersheim-de-wp-content-upl-1.jpeg\" alt=\"https:\/\/www.kampfsport-dagersheim.de\/wp-content\/uploads\/2023\/12\/FlaggeGermany2015.jpg\" \/><br \/><span style=\"color: var( --e-global-color-text ); font-family: var( --e-global-typography-text-font-family ), Sans-serif; font-weight: var( --e-global-typography-text-font-weight ); font-size: 1rem;\">Sensei Nils Scheiring (5. Dan Kyusho Combatives), Deutschland\u00a0 <\/span><img loading=\"lazy\" decoding=\"async\" width=\"20\" height=\"15\" class=\"wp-image-4191\" style=\"color: var( --e-global-color-text ); font-family: var( --e-global-typography-text-font-family ), Sans-serif; font-weight: var( --e-global-typography-text-font-weight ); font-size: 1rem;\" src=\"https:\/\/www.kampfsport-dagersheim.de\/wp-content\/uploads\/2024\/11\/http-www-kampfsport-dagersheim-de-wp-content-upl-2.jpeg\" alt=\"https:\/\/www.kampfsport-dagersheim.de\/wp-content\/uploads\/2023\/12\/FlaggeGermany2015.jpg\" \/><br \/><span style=\"color: var( --e-global-color-text ); font-family: var( --e-global-typography-text-font-family ), Sans-serif; font-weight: var( --e-global-typography-text-font-weight ); font-size: 1rem;\">Shihan Kari Lehtonen (6. Dan Hokutoryu Ju-Jutsu), Finnland\u00a0 <\/span><img loading=\"lazy\" decoding=\"async\" width=\"19\" height=\"14\" class=\"wp-image-4192\" style=\"color: var( --e-global-color-text ); font-family: var( --e-global-typography-text-font-family ), Sans-serif; font-weight: var( --e-global-typography-text-font-weight ); font-size: 1rem;\" src=\"https:\/\/www.kampfsport-dagersheim.de\/wp-content\/uploads\/2024\/11\/http-www-kampfsport-dagersheim-de-wp-content-upl-3.jpeg\" alt=\"https:\/\/www.kampfsport-dagersheim.de\/wp-content\/uploads\/2023\/12\/FlaggeFinland2015.jpg\" \/><\/p><p><span style=\"color: var( --e-global-color-text ); font-family: var( --e-global-typography-text-font-family ), Sans-serif; font-weight: var( --e-global-typography-text-font-weight ); font-size: 1rem;\">Auch Teilnehmer aus der Kampfsportabteilung des TSV Dagersheim folgten gerne der Einladung. Am Samstag wurde auf 3 Trainingsfl\u00e4chen, am Sonntag auf 2 Trainingsfl\u00e4chen parallel trainiert. Die Teilnehmer hatten an beiden Tagen viel Spa\u00df beim Training und konnten wieder viel f\u00fcr sich mitnehmen. Durch die Gruppenaufteilung in Sch\u00fcler- und Meistergrade konnten sich die Referenten gut auf die Teilnehmer einstellen.<\/span><\/p><p>Soke G\u00fcnter Painter, Pr\u00e4sident der International Kobudo Federation IKF, unterrichtete Verteidigungstechniken mit dem Hanbo bzw. dem Spazierstock. Shihan Dr. Danimir Cerkez, Leiter des Landesdankollegium LDK e.V., unterrichtete die waffenlose Selbstverteidigung Ju-Jutsu und Nils Scheiring den Einsatz und die M\u00f6glichkeiten von Nervenpunktechniken in der Selbstverteidigung. Am Sonntag brachte Shihan Kari Lehtonen aus Finnland den Teilnehmern Techniken aus dem Hokutoryu Ju-Jutsu n\u00e4her.<\/p><p>Durch die unterschiedlichen Themengebiete war f\u00fcr jeden etwas mit dabei. Es war ein sehr gelungenes und lehrreiches Event. Vielen Dank an die Referenten und den Ausrichter f\u00fcr die Organisation.<\/p><p>Im n\u00e4chsten Jahr wird es im November wieder einen Lehrgang in der Art geben. Wir sind schon sehr gespannt und freuen uns darauf, wenn der WJJV e.V. in Kooperation mit der IKF zum internationalen Lehrgang einl\u00e4dt.<\/p><p>\u00a0<\/p>\t\t\t\t\t\t\t\t<\/div>\n\t\t\t\t<\/div>\n\t\t\t\t\t<\/div>\n\t\t<\/div>\n\t\t\t\t\t<\/div>\n\t\t<\/section>\n\t\t\t\t<section class=\"elementor-section elementor-top-section elementor-element elementor-element-a4c2540 elementor-section-boxed elementor-section-height-default elementor-section-height-default\" data-id=\"a4c2540\" data-element_type=\"section\" data-e-type=\"section\">\n\t\t\t\t\t\t<div class=\"elementor-container elementor-column-gap-default\">\n\t\t\t\t\t<div class=\"elementor-column elementor-col-50 elementor-top-column elementor-element elementor-element-67ba7fa\" data-id=\"67ba7fa\" data-element_type=\"column\" data-e-type=\"column\">\n\t\t\t<div class=\"elementor-widget-wrap elementor-element-populated\">\n\t\t\t\t\t\t<div class=\"elementor-element elementor-element-9da272c elementor-widget elementor-widget-image\" data-id=\"9da272c\" data-element_type=\"widget\" data-e-type=\"widget\" data-widget_type=\"image.default\">\n\t\t\t\t<div class=\"elementor-widget-container\">\n\t\t\t\t\t\t\t\t\t\t\t\t<figure class=\"wp-caption\">\n\t\t\t\t\t\t\t\t\t\t\t<a href=\"https:\/\/www.kampfsport-dagersheim.de\/wp-content\/uploads\/2024\/11\/Gruppe-Samstag-161124.jpeg\" data-elementor-open-lightbox=\"yes\" data-elementor-lightbox-title=\"Gruppe Samstag 161124\" data-e-action-hash=\"#elementor-action%3Aaction%3Dlightbox%26settings%3DeyJpZCI6NDE5NywidXJsIjoiaHR0cHM6XC9cL3d3dy5rYW1wZnNwb3J0LWRhZ2Vyc2hlaW0uZGVcL3dwLWNvbnRlbnRcL3VwbG9hZHNcLzIwMjRcLzExXC9HcnVwcGUtU2Ftc3RhZy0xNjExMjQuanBlZyJ9\">\n\t\t\t\t\t\t\t<img loading=\"lazy\" decoding=\"async\" width=\"740\" height=\"359\" src=\"https:\/\/www.kampfsport-dagersheim.de\/wp-content\/uploads\/2024\/11\/Gruppe-Samstag-161124-1024x497.jpeg\" class=\"attachment-large size-large wp-image-4197\" alt=\"\" srcset=\"https:\/\/www.kampfsport-dagersheim.de\/wp-content\/uploads\/2024\/11\/Gruppe-Samstag-161124-1024x497.jpeg 1024w, https:\/\/www.kampfsport-dagersheim.de\/wp-content\/uploads\/2024\/11\/Gruppe-Samstag-161124-300x146.jpeg 300w, https:\/\/www.kampfsport-dagersheim.de\/wp-content\/uploads\/2024\/11\/Gruppe-Samstag-161124-768x373.jpeg 768w, https:\/\/www.kampfsport-dagersheim.de\/wp-content\/uploads\/2024\/11\/Gruppe-Samstag-161124-1536x745.jpeg 1536w, https:\/\/www.kampfsport-dagersheim.de\/wp-content\/uploads\/2024\/11\/Gruppe-Samstag-161124.jpeg 1546w\" sizes=\"100vw\" \/>\t\t\t\t\t\t\t\t<\/a>\n\t\t\t\t\t\t\t\t\t\t\t<figcaption class=\"widget-image-caption wp-caption-text\">Gruppenbild Samstag<\/figcaption>\n\t\t\t\t\t\t\t\t\t\t<\/figure>\n\t\t\t\t\t\t\t\t\t<\/div>\n\t\t\t\t<\/div>\n\t\t\t\t\t<\/div>\n\t\t<\/div>\n\t\t\t\t<div class=\"elementor-column elementor-col-50 elementor-top-column elementor-element elementor-element-61937a0\" data-id=\"61937a0\" data-element_type=\"column\" data-e-type=\"column\">\n\t\t\t<div class=\"elementor-widget-wrap elementor-element-populated\">\n\t\t\t\t\t\t<div class=\"elementor-element elementor-element-27e7ebf elementor-widget elementor-widget-image\" data-id=\"27e7ebf\" data-element_type=\"widget\" data-e-type=\"widget\" data-widget_type=\"image.default\">\n\t\t\t\t<div class=\"elementor-widget-container\">\n\t\t\t\t\t\t\t\t\t\t\t\t<figure class=\"wp-caption\">\n\t\t\t\t\t\t\t\t\t\t\t<a href=\"https:\/\/www.kampfsport-dagersheim.de\/wp-content\/uploads\/2024\/11\/Gruppe-Sonntag.jpeg\" data-elementor-open-lightbox=\"yes\" data-elementor-lightbox-title=\"Gruppe Sonntag\" data-e-action-hash=\"#elementor-action%3Aaction%3Dlightbox%26settings%3DeyJpZCI6NDE5NiwidXJsIjoiaHR0cHM6XC9cL3d3dy5rYW1wZnNwb3J0LWRhZ2Vyc2hlaW0uZGVcL3dwLWNvbnRlbnRcL3VwbG9hZHNcLzIwMjRcLzExXC9HcnVwcGUtU29ubnRhZy5qcGVnIn0%3D\">\n\t\t\t\t\t\t\t<img loading=\"lazy\" decoding=\"async\" width=\"740\" height=\"358\" src=\"https:\/\/www.kampfsport-dagersheim.de\/wp-content\/uploads\/2024\/11\/Gruppe-Sonntag-1024x495.jpeg\" class=\"attachment-large size-large wp-image-4196\" alt=\"\" srcset=\"https:\/\/www.kampfsport-dagersheim.de\/wp-content\/uploads\/2024\/11\/Gruppe-Sonntag-1024x495.jpeg 1024w, https:\/\/www.kampfsport-dagersheim.de\/wp-content\/uploads\/2024\/11\/Gruppe-Sonntag-300x145.jpeg 300w, https:\/\/www.kampfsport-dagersheim.de\/wp-content\/uploads\/2024\/11\/Gruppe-Sonntag-768x372.jpeg 768w, https:\/\/www.kampfsport-dagersheim.de\/wp-content\/uploads\/2024\/11\/Gruppe-Sonntag-1536x743.jpeg 1536w, https:\/\/www.kampfsport-dagersheim.de\/wp-content\/uploads\/2024\/11\/Gruppe-Sonntag.jpeg 1550w\" sizes=\"100vw\" \/>\t\t\t\t\t\t\t\t<\/a>\n\t\t\t\t\t\t\t\t\t\t\t<figcaption class=\"widget-image-caption wp-caption-text\">Gruppenbild Sonntag<\/figcaption>\n\t\t\t\t\t\t\t\t\t\t<\/figure>\n\t\t\t\t\t\t\t\t\t<\/div>\n\t\t\t\t<\/div>\n\t\t\t\t\t<\/div>\n\t\t<\/div>\n\t\t\t\t\t<\/div>\n\t\t<\/section>\n\t\t\t\t<\/div>\n\t\t","protected":false},"excerpt":{"rendered":"<p>Internationaler Lehrgang des WJJV e.V. in Altdorf Am Wochenende 16.\/17.11.2024 fand in Altdorf ein Lehrgang des W\u00fcrttembergischen Ju-Jutsu Verbandes e.V. in Zusammenarbeit mit der Internationalen Kobudo Federation statt. Auf dem Programm standen dieses Jahr Kobudo, Ju-Jutsu, Kyusho Combative und Hokutoryu Ju-Jutsu. Die Teilnehmer erwartete ein internationales, hochkar\u00e4tiges Referenten-Team:Soke, Shihan G\u00fcnter Painter (9. Dan Kobukai Kobudo), &hellip; <\/p>\n<p class=\"link-more\"><a href=\"https:\/\/www.kampfsport-dagersheim.de\/?page_id=4187\" class=\"more-link\"><span class=\"screen-reader-text\">\u201eInt. Lehrgang Kobudo \/ Ju-Jutsu \/ Kyusho Combative \/ Hokutoryu, November 2024\u201c <\/span>weiterlesen<\/a><\/p>\n","protected":false},"author":1,"featured_media":0,"parent":0,"menu_order":0,"comment_status":"closed","ping_status":"closed","template":"","meta":{"footnotes":""},"class_list":["post-4187","page","type-page","status-publish","hentry"],"_links":{"self":[{"href":"https:\/\/www.kampfsport-dagersheim.de\/index.php?rest_route=\/wp\/v2\/pages\/4187","targetHints":{"allow":["GET"]}}],"collection":[{"href":"https:\/\/www.kampfsport-dagersheim.de\/index.php?rest_route=\/wp\/v2\/pages"}],"about":[{"href":"https:\/\/www.kampfsport-dagersheim.de\/index.php?rest_route=\/wp\/v2\/types\/page"}],"author":[{"embeddable":true,"href":"https:\/\/www.kampfsport-dagersheim.de\/index.php?rest_route=\/wp\/v2\/users\/1"}],"replies":[{"embeddable":true,"href":"https:\/\/www.kampfsport-dagersheim.de\/index.php?rest_route=%2Fwp%2Fv2%2Fcomments&post=4187"}],"version-history":[{"count":5,"href":"https:\/\/www.kampfsport-dagersheim.de\/index.php?rest_route=\/wp\/v2\/pages\/4187\/revisions"}],"predecessor-version":[{"id":4200,"href":"https:\/\/www.kampfsport-dagersheim.de\/index.php?rest_route=\/wp\/v2\/pages\/4187\/revisions\/4200"}],"wp:attachment":[{"href":"https:\/\/www.kampfsport-dagersheim.de\/index.php?rest_route=%2Fwp%2Fv2%2Fmedia&parent=4187"}],"curies":[{"name":"wp","href":"https:\/\/api.w.org\/{rel}","templated":true}]}}