{"id":4132,"date":"2024-11-19T23:13:45","date_gmt":"2024-11-19T22:13:45","guid":{"rendered":"https:\/\/www.kampfsport-dagersheim.de\/?page_id=4132"},"modified":"2024-11-19T23:27:56","modified_gmt":"2024-11-19T22:27:56","slug":"schwarzgurt-pruefung-kickboxen-2024","status":"publish","type":"page","link":"https:\/\/www.kampfsport-dagersheim.de\/?page_id=4132","title":{"rendered":"Schwarzgurt-Pr\u00fcfung Kickboxen 2024"},"content":{"rendered":"\t\t<div data-elementor-type=\"wp-page\" data-elementor-id=\"4132\" class=\"elementor elementor-4132\">\n\t\t\t\t\t\t<section class=\"elementor-section elementor-top-section elementor-element elementor-element-38067772 elementor-section-boxed elementor-section-height-default elementor-section-height-default\" data-id=\"38067772\" data-element_type=\"section\" data-e-type=\"section\">\n\t\t\t\t\t\t<div class=\"elementor-container elementor-column-gap-default\">\n\t\t\t\t\t<div class=\"elementor-column elementor-col-100 elementor-top-column elementor-element elementor-element-4916f115\" data-id=\"4916f115\" data-element_type=\"column\" data-e-type=\"column\">\n\t\t\t<div class=\"elementor-widget-wrap elementor-element-populated\">\n\t\t\t\t\t\t<div class=\"elementor-element elementor-element-3446c356 elementor-widget elementor-widget-text-editor\" data-id=\"3446c356\" data-element_type=\"widget\" data-e-type=\"widget\" data-widget_type=\"text-editor.default\">\n\t\t\t\t<div class=\"elementor-widget-container\">\n\t\t\t\t\t\t\t\t\t<p><strong><img decoding=\"async\" class=\"size-full wp-image-865 alignright\" src=\"https:\/\/www.kampfsport-dagersheim.de\/wp-content\/uploads\/2019\/12\/boxglov01.gif\" alt=\"\" width=\"120\" height=\"170\" \/><img decoding=\"async\" class=\" wp-image-3515 alignright\" src=\"https:\/\/www.kampfsport-dagersheim.de\/wp-content\/uploads\/2023\/12\/IFAK-01-400-2018-schwarzgurt-300x300.jpg\" alt=\"\" width=\"158\" height=\"158\" srcset=\"https:\/\/www.kampfsport-dagersheim.de\/wp-content\/uploads\/2023\/12\/IFAK-01-400-2018-schwarzgurt-300x300.jpg 300w, https:\/\/www.kampfsport-dagersheim.de\/wp-content\/uploads\/2023\/12\/IFAK-01-400-2018-schwarzgurt-150x150.jpg 150w, https:\/\/www.kampfsport-dagersheim.de\/wp-content\/uploads\/2023\/12\/IFAK-01-400-2018-schwarzgurt-100x100.jpg 100w, https:\/\/www.kampfsport-dagersheim.de\/wp-content\/uploads\/2023\/12\/IFAK-01-400-2018-schwarzgurt.jpg 400w\" sizes=\"(max-width: 158px) 100vw, 158px\" \/>Schwarzgurtpr\u00fcfung im Kickboxen in Diespeck<\/strong><\/p><p>Vor dem Abschlusslehrgang von Soke Siegfried Lory fanden am Vormittag Dan-Pr\u00fcfungen im Kickboxen statt. Aus unserer Kampfsportabteilung traten Nico Kugler zur Pr\u00fcfung zum 2. Dan und Fabian Epple zum 1. Dan an.<\/p><p>Bei der Pr\u00fcfung durften die Pr\u00fcflinge auch ihre F\u00e4higkeiten als Trainer zeigen. Alle wurden aktiv ins Aufw\u00e4rmtraining und mit kleinen Unterrichtseinheiten eingebunden. Neben dem Kickboxen durften alle Pr\u00fcflinge auch ihre Selbstverteidigungstechniken mit ihren Partnern zeigen. Nat\u00fcrlich durften auch ausgiebige Runden Sparring mit wechselnden Gegnern bei der Pr\u00fcfung nicht fehlen.<\/p><p>Alle konnten mit ihren Leistungen \u00fcberzeugen und erhielten die Urkunden und G\u00fcrtel von IFAK-Pr\u00e4sident Soke Siegfried Lory und dem Landestrainer f\u00fcr Kickboxen Walter Krieg \u00fcberreicht. Nico Kugler und Fabian Epple werden in die Fu\u00dfstapfen des bisherigen Trainers Tobias Scheible treten und das Training der Kickbox-Gruppe der Kampfsportabteilung des TSV Dagersheim \u00fcbernehmen.<\/p><p>\u00a0<\/p>\t\t\t\t\t\t\t\t<\/div>\n\t\t\t\t<\/div>\n\t\t\t\t\t<\/div>\n\t\t<\/div>\n\t\t\t\t\t<\/div>\n\t\t<\/section>\n\t\t\t\t<section class=\"elementor-section elementor-top-section elementor-element elementor-element-ec2606d elementor-section-boxed elementor-section-height-default elementor-section-height-default\" data-id=\"ec2606d\" data-element_type=\"section\" data-e-type=\"section\">\n\t\t\t\t\t\t<div class=\"elementor-container elementor-column-gap-default\">\n\t\t\t\t\t<div class=\"elementor-column elementor-col-100 elementor-top-column elementor-element elementor-element-a9c4aa4\" data-id=\"a9c4aa4\" data-element_type=\"column\" data-e-type=\"column\">\n\t\t\t<div class=\"elementor-widget-wrap elementor-element-populated\">\n\t\t\t\t\t\t<div class=\"elementor-element elementor-element-1d00248 elementor-widget elementor-widget-image\" data-id=\"1d00248\" data-element_type=\"widget\" data-e-type=\"widget\" data-widget_type=\"image.default\">\n\t\t\t\t<div class=\"elementor-widget-container\">\n\t\t\t\t\t\t\t\t\t\t\t\t\t\t\t\t<a href=\"https:\/\/www.kampfsport-dagersheim.de\/wp-content\/uploads\/2024\/11\/Kickboxpruefung2024.jpg\" data-elementor-open-lightbox=\"yes\" data-elementor-lightbox-title=\"Kickboxpruefung2024\" data-e-action-hash=\"#elementor-action%3Aaction%3Dlightbox%26settings%3DeyJpZCI6NDE0MiwidXJsIjoiaHR0cHM6XC9cL3d3dy5rYW1wZnNwb3J0LWRhZ2Vyc2hlaW0uZGVcL3dwLWNvbnRlbnRcL3VwbG9hZHNcLzIwMjRcLzExXC9LaWNrYm94cHJ1ZWZ1bmcyMDI0LmpwZyJ9\">\n\t\t\t\t\t\t\t<img fetchpriority=\"high\" decoding=\"async\" width=\"740\" height=\"416\" src=\"https:\/\/www.kampfsport-dagersheim.de\/wp-content\/uploads\/2024\/11\/Kickboxpruefung2024-1024x576.jpg\" class=\"attachment-large size-large wp-image-4142\" alt=\"\" srcset=\"https:\/\/www.kampfsport-dagersheim.de\/wp-content\/uploads\/2024\/11\/Kickboxpruefung2024-1024x576.jpg 1024w, https:\/\/www.kampfsport-dagersheim.de\/wp-content\/uploads\/2024\/11\/Kickboxpruefung2024-300x169.jpg 300w, https:\/\/www.kampfsport-dagersheim.de\/wp-content\/uploads\/2024\/11\/Kickboxpruefung2024-768x432.jpg 768w, https:\/\/www.kampfsport-dagersheim.de\/wp-content\/uploads\/2024\/11\/Kickboxpruefung2024-1536x864.jpg 1536w, https:\/\/www.kampfsport-dagersheim.de\/wp-content\/uploads\/2024\/11\/Kickboxpruefung2024.jpg 2048w\" sizes=\"100vw\" \/>\t\t\t\t\t\t\t\t<\/a>\n\t\t\t\t\t\t\t\t\t\t\t\t\t\t\t<\/div>\n\t\t\t\t<\/div>\n\t\t\t\t\t<\/div>\n\t\t<\/div>\n\t\t\t\t\t<\/div>\n\t\t<\/section>\n\t\t\t\t<\/div>\n\t\t","protected":false},"excerpt":{"rendered":"<p>Schwarzgurtpr\u00fcfung im Kickboxen in Diespeck Vor dem Abschlusslehrgang von Soke Siegfried Lory fanden am Vormittag Dan-Pr\u00fcfungen im Kickboxen statt. Aus unserer Kampfsportabteilung traten Nico Kugler zur Pr\u00fcfung zum 2. Dan und Fabian Epple zum 1. Dan an. Bei der Pr\u00fcfung durften die Pr\u00fcflinge auch ihre F\u00e4higkeiten als Trainer zeigen. Alle wurden aktiv ins Aufw\u00e4rmtraining und &hellip; <\/p>\n<p class=\"link-more\"><a href=\"https:\/\/www.kampfsport-dagersheim.de\/?page_id=4132\" class=\"more-link\"><span class=\"screen-reader-text\">\u201eSchwarzgurt-Pr\u00fcfung Kickboxen 2024\u201c <\/span>weiterlesen<\/a><\/p>\n","protected":false},"author":1,"featured_media":0,"parent":0,"menu_order":0,"comment_status":"closed","ping_status":"closed","template":"","meta":{"footnotes":""},"class_list":["post-4132","page","type-page","status-publish","hentry"],"_links":{"self":[{"href":"https:\/\/www.kampfsport-dagersheim.de\/index.php?rest_route=\/wp\/v2\/pages\/4132","targetHints":{"allow":["GET"]}}],"collection":[{"href":"https:\/\/www.kampfsport-dagersheim.de\/index.php?rest_route=\/wp\/v2\/pages"}],"about":[{"href":"https:\/\/www.kampfsport-dagersheim.de\/index.php?rest_route=\/wp\/v2\/types\/page"}],"author":[{"embeddable":true,"href":"https:\/\/www.kampfsport-dagersheim.de\/index.php?rest_route=\/wp\/v2\/users\/1"}],"replies":[{"embeddable":true,"href":"https:\/\/www.kampfsport-dagersheim.de\/index.php?rest_route=%2Fwp%2Fv2%2Fcomments&post=4132"}],"version-history":[{"count":8,"href":"https:\/\/www.kampfsport-dagersheim.de\/index.php?rest_route=\/wp\/v2\/pages\/4132\/revisions"}],"predecessor-version":[{"id":4146,"href":"https:\/\/www.kampfsport-dagersheim.de\/index.php?rest_route=\/wp\/v2\/pages\/4132\/revisions\/4146"}],"wp:attachment":[{"href":"https:\/\/www.kampfsport-dagersheim.de\/index.php?rest_route=%2Fwp%2Fv2%2Fmedia&parent=4132"}],"curies":[{"name":"wp","href":"https:\/\/api.w.org\/{rel}","templated":true}]}}