{"id":4116,"date":"2024-11-19T22:33:39","date_gmt":"2024-11-19T21:33:39","guid":{"rendered":"https:\/\/www.kampfsport-dagersheim.de\/?page_id=4116"},"modified":"2024-11-19T23:12:34","modified_gmt":"2024-11-19T22:12:34","slug":"abschiedslehrgang-von-ifak-praesident-soke-siegfried-lory","status":"publish","type":"page","link":"https:\/\/www.kampfsport-dagersheim.de\/?page_id=4116","title":{"rendered":"Abschiedslehrgang von IFAK Pr\u00e4sident Soke Siegfried Lory"},"content":{"rendered":"\t\t<div data-elementor-type=\"wp-page\" data-elementor-id=\"4116\" class=\"elementor elementor-4116\">\n\t\t\t\t\t\t<section class=\"elementor-section elementor-top-section elementor-element elementor-element-350ed7c0 elementor-section-boxed elementor-section-height-default elementor-section-height-default\" data-id=\"350ed7c0\" data-element_type=\"section\" data-e-type=\"section\">\n\t\t\t\t\t\t<div class=\"elementor-container elementor-column-gap-default\">\n\t\t\t\t\t<div class=\"elementor-column elementor-col-100 elementor-top-column elementor-element elementor-element-568d71b1\" data-id=\"568d71b1\" data-element_type=\"column\" data-e-type=\"column\">\n\t\t\t<div class=\"elementor-widget-wrap elementor-element-populated\">\n\t\t\t\t\t\t<div class=\"elementor-element elementor-element-428b2966 elementor-widget elementor-widget-text-editor\" data-id=\"428b2966\" data-element_type=\"widget\" data-e-type=\"widget\" data-widget_type=\"text-editor.default\">\n\t\t\t\t<div class=\"elementor-widget-container\">\n\t\t\t\t\t\t\t\t\t<p><strong><img decoding=\"async\" class=\"size-full wp-image-423 alignright\" src=\"https:\/\/www.kampfsport-dagersheim.de\/wp-content\/uploads\/2019\/12\/IFAK2018-200.jpg\" alt=\"\" width=\"200\" height=\"198\" srcset=\"https:\/\/www.kampfsport-dagersheim.de\/wp-content\/uploads\/2019\/12\/IFAK2018-200.jpg 200w, https:\/\/www.kampfsport-dagersheim.de\/wp-content\/uploads\/2019\/12\/IFAK2018-200-150x150.jpg 150w, https:\/\/www.kampfsport-dagersheim.de\/wp-content\/uploads\/2019\/12\/IFAK2018-200-100x100.jpg 100w\" sizes=\"(max-width: 200px) 100vw, 200px\" \/>Abschiedslehrgang von IFAK Pr\u00e4sident Soke Siegfried Lory in Diespeck<\/strong><\/p><p><img decoding=\"async\" class=\"size-medium wp-image-4121 alignleft\" src=\"https:\/\/www.kampfsport-dagersheim.de\/wp-content\/uploads\/2024\/11\/Sigi_12-162x300.jpg\" alt=\"\" width=\"162\" height=\"300\" srcset=\"https:\/\/www.kampfsport-dagersheim.de\/wp-content\/uploads\/2024\/11\/Sigi_12-162x300.jpg 162w, https:\/\/www.kampfsport-dagersheim.de\/wp-content\/uploads\/2024\/11\/Sigi_12.jpg 303w\" sizes=\"(max-width: 162px) 100vw, 162px\" \/>Am 16.11.2024 fand in Diespeck ein gro\u00dfer Kampfsportlehrgang mit IFAK Pr\u00e4sident Soke Siegfried Lory statt. Es war der letzte Lehrgang, den er als aktiver Referent leitete. Nach 62 Jahren Referenten-T\u00e4tigkeit im In- und Ausland mit \u00fcber 850 Lehrg\u00e4ngen zieht sich Soke Siegfried Lory, wie schon angek\u00fcndigt, als Referent zur\u00fcck. Er wird weiterhin das Amt des Pr\u00e4sidenten ausf\u00fchren und es wird im IFAK auch weiterhin Kampfsportlehrg\u00e4nge geben. Diese werden zuk\u00fcnftig von hochgraduierten Meistern im IFAK angeboten. Wenn m\u00f6glich, wird Soke Siegfried Lory j\u00e4hrliche Dan-Pr\u00fcfungen in M\u00fcnchen anbieten. Viele nutzten die Chance, am Abschlusslehrgang von Soke Siegfried Lory aktiv teilzunehmen. Hierzu reisten die Teilnehmer aus dem In- und Ausland zum Lehrgang an. Die Taekwondo-Abteilung des DTV Diespeck von Holger Tanzberger ist die mitgliederst\u00e4rkste Schule im IFAK.<\/p><p>Bei der Begr\u00fc\u00dfung und Lehrgangser\u00f6ffnung richtete sich auch der B\u00fcrgermeister von Diespeck mit einem Gru\u00dfwort an den Holger Tanzberger und Yvonne Tausche vom DTV Diespeck und an Soke Siegfried Lory, dem er zum Pr\u00e4sent einen Teller mit dem Wappen von Diespeck \u00fcberreichte.<\/p><p>Im ersten Teil des Lehrgangs stand Hanbo-Jitsu, die Verteidigung mit Stock, auf dem Programm. Hier zeigte und unterrichtete Siegfried Lory neben einer Stock-Kata auch die Verteidigung gegen unterschiedliche Angriffe. Im zweiten Teil widmete er sich der waffenlosen Selbstverteidigung, dem Ju Jitsu. Hier wurden ebenfalls effektive Verteidigungen gegen verschiedene Angriffe sowie eine Hebel-Kata trainiert. Die Hebel-Kata ist eine feste Bewegungsform, bei der verschiedene Hebel- und Transporttechniken aneinander gereiht trainiert werden k\u00f6nnen.<\/p><p><img fetchpriority=\"high\" decoding=\"async\" class=\"size-medium wp-image-4123 alignright\" src=\"https:\/\/www.kampfsport-dagersheim.de\/wp-content\/uploads\/2024\/11\/RSP-Graduierung-Matthias-Cedric-scaled-e1732053783118-281x300.jpg\" alt=\"\" width=\"281\" height=\"300\" srcset=\"https:\/\/www.kampfsport-dagersheim.de\/wp-content\/uploads\/2024\/11\/RSP-Graduierung-Matthias-Cedric-scaled-e1732053783118-281x300.jpg 281w, https:\/\/www.kampfsport-dagersheim.de\/wp-content\/uploads\/2024\/11\/RSP-Graduierung-Matthias-Cedric-scaled-e1732053783118-958x1024.jpg 958w, https:\/\/www.kampfsport-dagersheim.de\/wp-content\/uploads\/2024\/11\/RSP-Graduierung-Matthias-Cedric-scaled-e1732053783118-768x821.jpg 768w, https:\/\/www.kampfsport-dagersheim.de\/wp-content\/uploads\/2024\/11\/RSP-Graduierung-Matthias-Cedric-scaled-e1732053783118-1436x1536.jpg 1436w, https:\/\/www.kampfsport-dagersheim.de\/wp-content\/uploads\/2024\/11\/RSP-Graduierung-Matthias-Cedric-scaled-e1732053783118-1915x2048.jpg 1915w\" sizes=\"(max-width: 281px) 100vw, 281px\" \/>Zum Lehrgangsende standen noch einige Ehrungen und Verleihungen an. Hierbei wurde Matthias Weiss der 3. Dan und Cedric Weiss der 2. Dan in RSP, der Realistischen Selbstverteidigung f\u00fcr die Praxis, verliehen.<\/p><p>Im Anschluss konnten sich die Teilnehmer beim gemeinsamen Abendessen st\u00e4rken und den Tag gem\u00fctlich ausklingen lassen. Wir w\u00fcnschen Soke Siegfried Lory alles Gute. Als aktiver Pr\u00e4sident und mit den j\u00e4hrlichen Dan-Pr\u00fcfungen bleibt er uns nat\u00fcrlich erhalten. Auch wir werden uns weiter aktiv daf\u00fcr einsetzen, die Lehrg\u00e4nge in gewohnter Manier aufrechtzuerhalten und den Verband weiter auszubauen.<\/p><p>Hanshi Matthias Weiss, 10. Dan, 1. Vorstand im IFAK<br \/>Renshi Cedric Weiss, 4. Dan, Pressewart im IFAK<\/p><p>\u00a0<\/p>\t\t\t\t\t\t\t\t<\/div>\n\t\t\t\t<\/div>\n\t\t\t\t\t<\/div>\n\t\t<\/div>\n\t\t\t\t\t<\/div>\n\t\t<\/section>\n\t\t\t\t<section class=\"elementor-section elementor-top-section elementor-element elementor-element-f4f8b16 elementor-section-boxed elementor-section-height-default elementor-section-height-default\" data-id=\"f4f8b16\" data-element_type=\"section\" data-e-type=\"section\">\n\t\t\t\t\t\t<div class=\"elementor-container elementor-column-gap-default\">\n\t\t\t\t\t<div class=\"elementor-column elementor-col-50 elementor-top-column elementor-element elementor-element-1e75e44\" data-id=\"1e75e44\" data-element_type=\"column\" data-e-type=\"column\">\n\t\t\t<div class=\"elementor-widget-wrap elementor-element-populated\">\n\t\t\t\t\t\t<div class=\"elementor-element elementor-element-95d9c3f elementor-widget elementor-widget-image\" data-id=\"95d9c3f\" data-element_type=\"widget\" data-e-type=\"widget\" data-widget_type=\"image.default\">\n\t\t\t\t<div class=\"elementor-widget-container\">\n\t\t\t\t\t\t\t\t\t\t\t\t\t\t\t\t<a href=\"https:\/\/www.kampfsport-dagersheim.de\/wp-content\/uploads\/2024\/11\/Gruppenbild-Lehrgangsteilnehmer-scaled.jpg\" data-elementor-open-lightbox=\"yes\" data-elementor-lightbox-title=\"~Gruppenbild-Lehrgangsteilnehmer\" data-e-action-hash=\"#elementor-action%3Aaction%3Dlightbox%26settings%3DeyJpZCI6NDEyNCwidXJsIjoiaHR0cHM6XC9cL3d3dy5rYW1wZnNwb3J0LWRhZ2Vyc2hlaW0uZGVcL3dwLWNvbnRlbnRcL3VwbG9hZHNcLzIwMjRcLzExXC9HcnVwcGVuYmlsZC1MZWhyZ2FuZ3N0ZWlsbmVobWVyLXNjYWxlZC5qcGcifQ%3D%3D\">\n\t\t\t\t\t\t\t<img loading=\"lazy\" decoding=\"async\" width=\"740\" height=\"376\" src=\"https:\/\/www.kampfsport-dagersheim.de\/wp-content\/uploads\/2024\/11\/Gruppenbild-Lehrgangsteilnehmer-1024x520.jpg\" class=\"attachment-large size-large wp-image-4124\" alt=\"\" srcset=\"https:\/\/www.kampfsport-dagersheim.de\/wp-content\/uploads\/2024\/11\/Gruppenbild-Lehrgangsteilnehmer-1024x520.jpg 1024w, https:\/\/www.kampfsport-dagersheim.de\/wp-content\/uploads\/2024\/11\/Gruppenbild-Lehrgangsteilnehmer-300x152.jpg 300w, https:\/\/www.kampfsport-dagersheim.de\/wp-content\/uploads\/2024\/11\/Gruppenbild-Lehrgangsteilnehmer-768x390.jpg 768w, https:\/\/www.kampfsport-dagersheim.de\/wp-content\/uploads\/2024\/11\/Gruppenbild-Lehrgangsteilnehmer-1536x780.jpg 1536w, https:\/\/www.kampfsport-dagersheim.de\/wp-content\/uploads\/2024\/11\/Gruppenbild-Lehrgangsteilnehmer-2048x1040.jpg 2048w\" sizes=\"100vw\" \/>\t\t\t\t\t\t\t\t<\/a>\n\t\t\t\t\t\t\t\t\t\t\t\t\t\t\t<\/div>\n\t\t\t\t<\/div>\n\t\t\t\t\t<\/div>\n\t\t<\/div>\n\t\t\t\t<div class=\"elementor-column elementor-col-50 elementor-top-column elementor-element elementor-element-8275f51\" data-id=\"8275f51\" data-element_type=\"column\" data-e-type=\"column\">\n\t\t\t<div class=\"elementor-widget-wrap elementor-element-populated\">\n\t\t\t\t\t\t<div class=\"elementor-element elementor-element-00e4c98 elementor-widget elementor-widget-image\" data-id=\"00e4c98\" data-element_type=\"widget\" data-e-type=\"widget\" data-widget_type=\"image.default\">\n\t\t\t\t<div class=\"elementor-widget-container\">\n\t\t\t\t\t\t\t\t\t\t\t\t\t\t\t\t<a href=\"https:\/\/www.kampfsport-dagersheim.de\/wp-content\/uploads\/2024\/11\/Gruppenbild-Meister-scaled.jpg\" data-elementor-open-lightbox=\"yes\" data-elementor-lightbox-title=\"Gruppenbild-Meister\" data-e-action-hash=\"#elementor-action%3Aaction%3Dlightbox%26settings%3DeyJpZCI6NDEyNSwidXJsIjoiaHR0cHM6XC9cL3d3dy5rYW1wZnNwb3J0LWRhZ2Vyc2hlaW0uZGVcL3dwLWNvbnRlbnRcL3VwbG9hZHNcLzIwMjRcLzExXC9HcnVwcGVuYmlsZC1NZWlzdGVyLXNjYWxlZC5qcGcifQ%3D%3D\">\n\t\t\t\t\t\t\t<img loading=\"lazy\" decoding=\"async\" width=\"740\" height=\"389\" src=\"https:\/\/www.kampfsport-dagersheim.de\/wp-content\/uploads\/2024\/11\/Gruppenbild-Meister-1024x538.jpg\" class=\"attachment-large size-large wp-image-4125\" alt=\"\" srcset=\"https:\/\/www.kampfsport-dagersheim.de\/wp-content\/uploads\/2024\/11\/Gruppenbild-Meister-1024x538.jpg 1024w, https:\/\/www.kampfsport-dagersheim.de\/wp-content\/uploads\/2024\/11\/Gruppenbild-Meister-300x158.jpg 300w, https:\/\/www.kampfsport-dagersheim.de\/wp-content\/uploads\/2024\/11\/Gruppenbild-Meister-768x404.jpg 768w, https:\/\/www.kampfsport-dagersheim.de\/wp-content\/uploads\/2024\/11\/Gruppenbild-Meister-1536x807.jpg 1536w, https:\/\/www.kampfsport-dagersheim.de\/wp-content\/uploads\/2024\/11\/Gruppenbild-Meister-2048x1076.jpg 2048w\" sizes=\"100vw\" \/>\t\t\t\t\t\t\t\t<\/a>\n\t\t\t\t\t\t\t\t\t\t\t\t\t\t\t<\/div>\n\t\t\t\t<\/div>\n\t\t\t\t\t<\/div>\n\t\t<\/div>\n\t\t\t\t\t<\/div>\n\t\t<\/section>\n\t\t\t\t<section class=\"elementor-section elementor-top-section elementor-element elementor-element-013857f elementor-section-boxed elementor-section-height-default elementor-section-height-default\" data-id=\"013857f\" data-element_type=\"section\" data-e-type=\"section\">\n\t\t\t\t\t\t<div class=\"elementor-container elementor-column-gap-default\">\n\t\t\t\t\t<div class=\"elementor-column elementor-col-50 elementor-top-column elementor-element elementor-element-e848db8\" data-id=\"e848db8\" data-element_type=\"column\" data-e-type=\"column\">\n\t\t\t<div class=\"elementor-widget-wrap elementor-element-populated\">\n\t\t\t\t\t\t<div class=\"elementor-element elementor-element-df191a1 elementor-widget elementor-widget-image\" data-id=\"df191a1\" data-element_type=\"widget\" data-e-type=\"widget\" data-widget_type=\"image.default\">\n\t\t\t\t<div class=\"elementor-widget-container\">\n\t\t\t\t\t\t\t\t\t\t\t\t\t\t\t\t<a href=\"https:\/\/www.kampfsport-dagersheim.de\/wp-content\/uploads\/2024\/11\/20241116_173058-scaled.jpg\" data-elementor-open-lightbox=\"yes\" data-elementor-lightbox-title=\"20241116_173058\" data-e-action-hash=\"#elementor-action%3Aaction%3Dlightbox%26settings%3DeyJpZCI6NDEyNiwidXJsIjoiaHR0cHM6XC9cL3d3dy5rYW1wZnNwb3J0LWRhZ2Vyc2hlaW0uZGVcL3dwLWNvbnRlbnRcL3VwbG9hZHNcLzIwMjRcLzExXC8yMDI0MTExNl8xNzMwNTgtc2NhbGVkLmpwZyJ9\">\n\t\t\t\t\t\t\t<img loading=\"lazy\" decoding=\"async\" width=\"740\" height=\"987\" src=\"https:\/\/www.kampfsport-dagersheim.de\/wp-content\/uploads\/2024\/11\/20241116_173058-768x1024.jpg\" class=\"attachment-large size-large wp-image-4126\" alt=\"\" srcset=\"https:\/\/www.kampfsport-dagersheim.de\/wp-content\/uploads\/2024\/11\/20241116_173058-768x1024.jpg 768w, https:\/\/www.kampfsport-dagersheim.de\/wp-content\/uploads\/2024\/11\/20241116_173058-225x300.jpg 225w, https:\/\/www.kampfsport-dagersheim.de\/wp-content\/uploads\/2024\/11\/20241116_173058-1152x1536.jpg 1152w, https:\/\/www.kampfsport-dagersheim.de\/wp-content\/uploads\/2024\/11\/20241116_173058-1536x2048.jpg 1536w, https:\/\/www.kampfsport-dagersheim.de\/wp-content\/uploads\/2024\/11\/20241116_173058-scaled.jpg 1920w\" sizes=\"100vw\" \/>\t\t\t\t\t\t\t\t<\/a>\n\t\t\t\t\t\t\t\t\t\t\t\t\t\t\t<\/div>\n\t\t\t\t<\/div>\n\t\t\t\t\t<\/div>\n\t\t<\/div>\n\t\t\t\t<div class=\"elementor-column elementor-col-50 elementor-top-column elementor-element elementor-element-6dadd88\" data-id=\"6dadd88\" data-element_type=\"column\" data-e-type=\"column\">\n\t\t\t<div class=\"elementor-widget-wrap elementor-element-populated\">\n\t\t\t\t\t\t<div class=\"elementor-element elementor-element-5e629aa elementor-widget__width-initial elementor-widget elementor-widget-image\" data-id=\"5e629aa\" data-element_type=\"widget\" data-e-type=\"widget\" data-widget_type=\"image.default\">\n\t\t\t\t<div class=\"elementor-widget-container\">\n\t\t\t\t\t\t\t\t\t\t\t\t\t\t\t\t<a href=\"https:\/\/www.kampfsport-dagersheim.de\/wp-content\/uploads\/2024\/11\/Meszaros-Weiss-scaled.jpg\" data-elementor-open-lightbox=\"yes\" data-elementor-lightbox-title=\"Meszaros-Weiss\" data-e-action-hash=\"#elementor-action%3Aaction%3Dlightbox%26settings%3DeyJpZCI6NDEyOCwidXJsIjoiaHR0cHM6XC9cL3d3dy5rYW1wZnNwb3J0LWRhZ2Vyc2hlaW0uZGVcL3dwLWNvbnRlbnRcL3VwbG9hZHNcLzIwMjRcLzExXC9NZXN6YXJvcy1XZWlzcy1zY2FsZWQuanBnIn0%3D\">\n\t\t\t\t\t\t\t<img loading=\"lazy\" decoding=\"async\" width=\"740\" height=\"499\" src=\"https:\/\/www.kampfsport-dagersheim.de\/wp-content\/uploads\/2024\/11\/Meszaros-Weiss-1024x690.jpg\" class=\"attachment-large size-large wp-image-4128\" alt=\"\" srcset=\"https:\/\/www.kampfsport-dagersheim.de\/wp-content\/uploads\/2024\/11\/Meszaros-Weiss-1024x690.jpg 1024w, https:\/\/www.kampfsport-dagersheim.de\/wp-content\/uploads\/2024\/11\/Meszaros-Weiss-300x202.jpg 300w, https:\/\/www.kampfsport-dagersheim.de\/wp-content\/uploads\/2024\/11\/Meszaros-Weiss-768x518.jpg 768w, https:\/\/www.kampfsport-dagersheim.de\/wp-content\/uploads\/2024\/11\/Meszaros-Weiss-1536x1035.jpg 1536w, https:\/\/www.kampfsport-dagersheim.de\/wp-content\/uploads\/2024\/11\/Meszaros-Weiss-2048x1380.jpg 2048w\" sizes=\"100vw\" \/>\t\t\t\t\t\t\t\t<\/a>\n\t\t\t\t\t\t\t\t\t\t\t\t\t\t\t<\/div>\n\t\t\t\t<\/div>\n\t\t\t\t\t<\/div>\n\t\t<\/div>\n\t\t\t\t\t<\/div>\n\t\t<\/section>\n\t\t\t\t<\/div>\n\t\t","protected":false},"excerpt":{"rendered":"<p>Abschiedslehrgang von IFAK Pr\u00e4sident Soke Siegfried Lory in Diespeck Am 16.11.2024 fand in Diespeck ein gro\u00dfer Kampfsportlehrgang mit IFAK Pr\u00e4sident Soke Siegfried Lory statt. Es war der letzte Lehrgang, den er als aktiver Referent leitete. Nach 62 Jahren Referenten-T\u00e4tigkeit im In- und Ausland mit \u00fcber 850 Lehrg\u00e4ngen zieht sich Soke Siegfried Lory, wie schon angek\u00fcndigt, &hellip; <\/p>\n<p class=\"link-more\"><a href=\"https:\/\/www.kampfsport-dagersheim.de\/?page_id=4116\" class=\"more-link\"><span class=\"screen-reader-text\">\u201eAbschiedslehrgang von IFAK Pr\u00e4sident Soke Siegfried Lory\u201c <\/span>weiterlesen<\/a><\/p>\n","protected":false},"author":1,"featured_media":0,"parent":0,"menu_order":0,"comment_status":"closed","ping_status":"closed","template":"","meta":{"footnotes":""},"class_list":["post-4116","page","type-page","status-publish","hentry"],"_links":{"self":[{"href":"https:\/\/www.kampfsport-dagersheim.de\/index.php?rest_route=\/wp\/v2\/pages\/4116","targetHints":{"allow":["GET"]}}],"collection":[{"href":"https:\/\/www.kampfsport-dagersheim.de\/index.php?rest_route=\/wp\/v2\/pages"}],"about":[{"href":"https:\/\/www.kampfsport-dagersheim.de\/index.php?rest_route=\/wp\/v2\/types\/page"}],"author":[{"embeddable":true,"href":"https:\/\/www.kampfsport-dagersheim.de\/index.php?rest_route=\/wp\/v2\/users\/1"}],"replies":[{"embeddable":true,"href":"https:\/\/www.kampfsport-dagersheim.de\/index.php?rest_route=%2Fwp%2Fv2%2Fcomments&post=4116"}],"version-history":[{"count":5,"href":"https:\/\/www.kampfsport-dagersheim.de\/index.php?rest_route=\/wp\/v2\/pages\/4116\/revisions"}],"predecessor-version":[{"id":4131,"href":"https:\/\/www.kampfsport-dagersheim.de\/index.php?rest_route=\/wp\/v2\/pages\/4116\/revisions\/4131"}],"wp:attachment":[{"href":"https:\/\/www.kampfsport-dagersheim.de\/index.php?rest_route=%2Fwp%2Fv2%2Fmedia&parent=4116"}],"curies":[{"name":"wp","href":"https:\/\/api.w.org\/{rel}","templated":true}]}}