{"id":3877,"date":"2024-07-08T22:19:09","date_gmt":"2024-07-08T20:19:09","guid":{"rendered":"https:\/\/www.kampfsport-dagersheim.de\/?page_id=3877"},"modified":"2024-07-08T22:56:48","modified_gmt":"2024-07-08T20:56:48","slug":"ifak-trainingslager-juni-2024","status":"publish","type":"page","link":"https:\/\/www.kampfsport-dagersheim.de\/?page_id=3877","title":{"rendered":"IFAK Trainingslager, Juni 2024"},"content":{"rendered":"\t\t<div data-elementor-type=\"wp-page\" data-elementor-id=\"3877\" class=\"elementor elementor-3877\">\n\t\t\t\t\t\t<section class=\"elementor-section elementor-top-section elementor-element elementor-element-73435ab5 elementor-section-boxed elementor-section-height-default elementor-section-height-default\" data-id=\"73435ab5\" data-element_type=\"section\" data-e-type=\"section\">\n\t\t\t\t\t\t<div class=\"elementor-container elementor-column-gap-default\">\n\t\t\t\t\t<div class=\"elementor-column elementor-col-100 elementor-top-column elementor-element elementor-element-5a7eebcb\" data-id=\"5a7eebcb\" data-element_type=\"column\" data-e-type=\"column\">\n\t\t\t<div class=\"elementor-widget-wrap elementor-element-populated\">\n\t\t\t\t\t\t<div class=\"elementor-element elementor-element-b5fb3cc elementor-widget elementor-widget-text-editor\" data-id=\"b5fb3cc\" data-element_type=\"widget\" data-e-type=\"widget\" data-widget_type=\"text-editor.default\">\n\t\t\t\t<div class=\"elementor-widget-container\">\n\t\t\t\t\t\t\t\t\t<p><strong> <img decoding=\"async\" class=\"size-full wp-image-426 alignright\" src=\"https:\/\/www.kampfsport-dagersheim.de\/wp-content\/uploads\/2019\/12\/IFAK2018-200b.jpg\" alt=\"\" width=\"200\" height=\"198\" srcset=\"https:\/\/www.kampfsport-dagersheim.de\/wp-content\/uploads\/2019\/12\/IFAK2018-200b.jpg 200w, https:\/\/www.kampfsport-dagersheim.de\/wp-content\/uploads\/2019\/12\/IFAK2018-200b-150x150.jpg 150w, https:\/\/www.kampfsport-dagersheim.de\/wp-content\/uploads\/2019\/12\/IFAK2018-200b-100x100.jpg 100w\" sizes=\"(max-width: 200px) 100vw, 200px\" \/>IFAK Trainingslager in Gussenstadt, Juni 2024<\/strong><\/p><p><img decoding=\"async\" class=\"wp-image-3885 alignleft\" src=\"https:\/\/www.kampfsport-dagersheim.de\/wp-content\/uploads\/2024\/07\/Sigi-01-282x300.jpg\" alt=\"\" width=\"129\" height=\"137\" srcset=\"https:\/\/www.kampfsport-dagersheim.de\/wp-content\/uploads\/2024\/07\/Sigi-01-282x300.jpg 282w, https:\/\/www.kampfsport-dagersheim.de\/wp-content\/uploads\/2024\/07\/Sigi-01-961x1024.jpg 961w, https:\/\/www.kampfsport-dagersheim.de\/wp-content\/uploads\/2024\/07\/Sigi-01-768x818.jpg 768w, https:\/\/www.kampfsport-dagersheim.de\/wp-content\/uploads\/2024\/07\/Sigi-01.jpg 964w\" sizes=\"(max-width: 129px) 100vw, 129px\" \/>Am Wochenende 22.-23.06.2024 fand in Gussenstadt das IFAK Trainingslager mit internationaler Beteiligung statt. Es war f\u00fcr Soke Siegfried Lory 10. Dan der 800. Lehrgang als Referent im In- und Ausland. Leider aber auch einer seiner letzten Lehrg\u00e4nge. Weitere Referenten bei diesem Trainingslager waren Ausrichter Hanshi Alexander Schwarz und Shihan Ilona Graf sowie Hanshi Matthias Weiss und Renshi Cedric Weiss von der Kampfsportabteilung des TSV Dagersheim.<\/p><p><img decoding=\"async\" class=\" wp-image-3886 alignleft\" src=\"https:\/\/www.kampfsport-dagersheim.de\/wp-content\/uploads\/2024\/07\/AlexIlona-01-248x300.jpg\" alt=\"\" width=\"129\" height=\"156\" srcset=\"https:\/\/www.kampfsport-dagersheim.de\/wp-content\/uploads\/2024\/07\/AlexIlona-01-248x300.jpg 248w, https:\/\/www.kampfsport-dagersheim.de\/wp-content\/uploads\/2024\/07\/AlexIlona-01.jpg 467w\" sizes=\"(max-width: 129px) 100vw, 129px\" \/>Am Samstag\u00a0starteten Alex und Ilona mit Chu-Do Streetfight. Hier wurden die Teilnehmer zuerst in den Bewegungsablauf und die Prinzipien des Chu-Do Streetfight eingef\u00fchrt. Anschlie\u00dfend wurden diese Abl\u00e4ufe in verschiedenen Abwehr- und Kontertechniken trainiert. Bei der darauffolgenden Einheit von Matthias und Cedric stand der Stockkampf auf dem Programm. Hier starteten sie mit der Verteidigung bei Stockangriffen und Entwaffnung des Angreifers. Im n\u00e4chsten Schritt dann die Verteidigung mit dem Stock, wobei die abgenommene Waffe direkt zur Verteidigung eingesetzt wurde. Die dritte Einheit \u00fcbernahm Soke Siegfried Lory mit Ju Jitsu. Dabei wurde die Verteidigung bei Kontakt-, Distanz- und Waffenangriffen trainiert.<\/p><p><img loading=\"lazy\" decoding=\"async\" class=\"wp-image-3888 alignleft\" src=\"https:\/\/www.kampfsport-dagersheim.de\/wp-content\/uploads\/2024\/07\/MatthiasCedric-01-182x300.jpg\" alt=\"\" width=\"128\" height=\"211\" srcset=\"https:\/\/www.kampfsport-dagersheim.de\/wp-content\/uploads\/2024\/07\/MatthiasCedric-01-182x300.jpg 182w, https:\/\/www.kampfsport-dagersheim.de\/wp-content\/uploads\/2024\/07\/MatthiasCedric-01-620x1024.jpg 620w, https:\/\/www.kampfsport-dagersheim.de\/wp-content\/uploads\/2024\/07\/MatthiasCedric-01.jpg 678w\" sizes=\"(max-width: 128px) 100vw, 128px\" \/>Im Anschluss an das Training fanden noch Ehrungen und Verleihungen statt. Dabei erhielten Hanshi Alexander Schwarz und Hanshi Matthias Weiss vom IFAK Pr\u00e4sidenten die h\u00f6chste Graduierung, den 10. Dan im Goshin Jitsu.<\/p><p>Danach st\u00e4rkten sich die Teilnehmer beim gemeinsamen Grillen, bevor es zum gem\u00fctlichen Abend mit Livemusik mit Hanse Scheurer \u00fcberging. Hier lie\u00dfen es sich Sigi und Alex nicht nehmen, zwischendurch ebenfalls zur Gitarre zu greifen und gemeinsam mit Hanse zu musizieren.<\/p><p>Der Sonntag startete mit einem gemeinsam Fr\u00fchst\u00fcck. Danach standen drei weitere Einheiten Chu-Do, Stockkampf und Ju Jitsu auf dem Programm. Nachmittags traten die Teilnehmer dann wieder die Heimreise an. Es hat allen Teilnehmern sehr viel Spa\u00df gemacht, wir kommen gerne wieder.<\/p><p>\u00a0<\/p><p>\u00a0<\/p><p>\u00a0<\/p>\t\t\t\t\t\t\t\t<\/div>\n\t\t\t\t<\/div>\n\t\t\t\t\t<\/div>\n\t\t<\/div>\n\t\t\t\t\t<\/div>\n\t\t<\/section>\n\t\t\t\t<section class=\"elementor-section elementor-top-section elementor-element elementor-element-7548625 elementor-section-boxed elementor-section-height-default elementor-section-height-default\" data-id=\"7548625\" data-element_type=\"section\" data-e-type=\"section\">\n\t\t\t\t\t\t<div class=\"elementor-container elementor-column-gap-default\">\n\t\t\t\t\t<div class=\"elementor-column elementor-col-100 elementor-top-column elementor-element elementor-element-95bcbef\" data-id=\"95bcbef\" data-element_type=\"column\" data-e-type=\"column\">\n\t\t\t<div class=\"elementor-widget-wrap elementor-element-populated\">\n\t\t\t\t\t\t<div class=\"elementor-element elementor-element-892ae8f elementor-widget elementor-widget-image\" data-id=\"892ae8f\" data-element_type=\"widget\" data-e-type=\"widget\" data-widget_type=\"image.default\">\n\t\t\t\t<div class=\"elementor-widget-container\">\n\t\t\t\t\t\t\t\t\t\t\t\t<figure class=\"wp-caption\">\n\t\t\t\t\t\t\t\t\t\t\t<a href=\"https:\/\/www.kampfsport-dagersheim.de\/wp-content\/uploads\/2024\/07\/Gruppenbild-02.jpg\" data-elementor-open-lightbox=\"yes\" data-elementor-lightbox-title=\"Gruppenbild-02\" data-e-action-hash=\"#elementor-action%3Aaction%3Dlightbox%26settings%3DeyJpZCI6Mzg5MSwidXJsIjoiaHR0cHM6XC9cL3d3dy5rYW1wZnNwb3J0LWRhZ2Vyc2hlaW0uZGVcL3dwLWNvbnRlbnRcL3VwbG9hZHNcLzIwMjRcLzA3XC9HcnVwcGVuYmlsZC0wMi5qcGcifQ%3D%3D\">\n\t\t\t\t\t\t\t<img loading=\"lazy\" decoding=\"async\" width=\"740\" height=\"422\" src=\"https:\/\/www.kampfsport-dagersheim.de\/wp-content\/uploads\/2024\/07\/Gruppenbild-02.jpg\" class=\"attachment-large size-large wp-image-3891\" alt=\"\" srcset=\"https:\/\/www.kampfsport-dagersheim.de\/wp-content\/uploads\/2024\/07\/Gruppenbild-02.jpg 959w, https:\/\/www.kampfsport-dagersheim.de\/wp-content\/uploads\/2024\/07\/Gruppenbild-02-300x171.jpg 300w, https:\/\/www.kampfsport-dagersheim.de\/wp-content\/uploads\/2024\/07\/Gruppenbild-02-768x438.jpg 768w\" sizes=\"100vw\" \/>\t\t\t\t\t\t\t\t<\/a>\n\t\t\t\t\t\t\t\t\t\t\t<figcaption class=\"widget-image-caption wp-caption-text\">Teilnehmer des IFAK Trainingslagers 2024<\/figcaption>\n\t\t\t\t\t\t\t\t\t\t<\/figure>\n\t\t\t\t\t\t\t\t\t<\/div>\n\t\t\t\t<\/div>\n\t\t\t\t\t<\/div>\n\t\t<\/div>\n\t\t\t\t\t<\/div>\n\t\t<\/section>\n\t\t\t\t<section class=\"elementor-section elementor-top-section elementor-element elementor-element-5d8a743 elementor-section-boxed elementor-section-height-default elementor-section-height-default\" data-id=\"5d8a743\" data-element_type=\"section\" data-e-type=\"section\">\n\t\t\t\t\t\t<div class=\"elementor-container elementor-column-gap-default\">\n\t\t\t\t\t<div class=\"elementor-column elementor-col-50 elementor-top-column elementor-element elementor-element-3b98c42\" data-id=\"3b98c42\" data-element_type=\"column\" data-e-type=\"column\">\n\t\t\t<div class=\"elementor-widget-wrap elementor-element-populated\">\n\t\t\t\t\t\t<div class=\"elementor-element elementor-element-6cd6207 elementor-widget elementor-widget-image\" data-id=\"6cd6207\" data-element_type=\"widget\" data-e-type=\"widget\" data-widget_type=\"image.default\">\n\t\t\t\t<div class=\"elementor-widget-container\">\n\t\t\t\t\t\t\t\t\t\t\t\t<figure class=\"wp-caption\">\n\t\t\t\t\t\t\t\t\t\t\t<a href=\"https:\/\/www.kampfsport-dagersheim.de\/wp-content\/uploads\/2024\/07\/Gruppenbild-Dagersheim-01-scaled.jpg\" data-elementor-open-lightbox=\"yes\" data-elementor-lightbox-title=\"Gruppenbild-Dagersheim-01\" data-e-action-hash=\"#elementor-action%3Aaction%3Dlightbox%26settings%3DeyJpZCI6Mzg5MiwidXJsIjoiaHR0cHM6XC9cL3d3dy5rYW1wZnNwb3J0LWRhZ2Vyc2hlaW0uZGVcL3dwLWNvbnRlbnRcL3VwbG9hZHNcLzIwMjRcLzA3XC9HcnVwcGVuYmlsZC1EYWdlcnNoZWltLTAxLXNjYWxlZC5qcGcifQ%3D%3D\">\n\t\t\t\t\t\t\t<img loading=\"lazy\" decoding=\"async\" width=\"740\" height=\"415\" src=\"https:\/\/www.kampfsport-dagersheim.de\/wp-content\/uploads\/2024\/07\/Gruppenbild-Dagersheim-01-1024x574.jpg\" class=\"attachment-large size-large wp-image-3892\" alt=\"\" srcset=\"https:\/\/www.kampfsport-dagersheim.de\/wp-content\/uploads\/2024\/07\/Gruppenbild-Dagersheim-01-1024x574.jpg 1024w, https:\/\/www.kampfsport-dagersheim.de\/wp-content\/uploads\/2024\/07\/Gruppenbild-Dagersheim-01-300x168.jpg 300w, https:\/\/www.kampfsport-dagersheim.de\/wp-content\/uploads\/2024\/07\/Gruppenbild-Dagersheim-01-768x431.jpg 768w, https:\/\/www.kampfsport-dagersheim.de\/wp-content\/uploads\/2024\/07\/Gruppenbild-Dagersheim-01-1536x861.jpg 1536w, https:\/\/www.kampfsport-dagersheim.de\/wp-content\/uploads\/2024\/07\/Gruppenbild-Dagersheim-01-2048x1149.jpg 2048w\" sizes=\"100vw\" \/>\t\t\t\t\t\t\t\t<\/a>\n\t\t\t\t\t\t\t\t\t\t\t<figcaption class=\"widget-image-caption wp-caption-text\">Dagersheimer Kampfsportler mit Referenten<\/figcaption>\n\t\t\t\t\t\t\t\t\t\t<\/figure>\n\t\t\t\t\t\t\t\t\t<\/div>\n\t\t\t\t<\/div>\n\t\t\t\t\t<\/div>\n\t\t<\/div>\n\t\t\t\t<div class=\"elementor-column elementor-col-50 elementor-top-column elementor-element elementor-element-2e56b2d\" data-id=\"2e56b2d\" data-element_type=\"column\" data-e-type=\"column\">\n\t\t\t<div class=\"elementor-widget-wrap elementor-element-populated\">\n\t\t\t\t\t\t<div class=\"elementor-element elementor-element-c9ba191 elementor-widget elementor-widget-image\" data-id=\"c9ba191\" data-element_type=\"widget\" data-e-type=\"widget\" data-widget_type=\"image.default\">\n\t\t\t\t<div class=\"elementor-widget-container\">\n\t\t\t\t\t\t\t\t\t\t\t\t<figure class=\"wp-caption\">\n\t\t\t\t\t\t\t\t\t\t\t<a href=\"https:\/\/www.kampfsport-dagersheim.de\/wp-content\/uploads\/2024\/07\/Referenten.jpg\" data-elementor-open-lightbox=\"yes\" data-elementor-lightbox-title=\"Referenten\" data-e-action-hash=\"#elementor-action%3Aaction%3Dlightbox%26settings%3DeyJpZCI6Mzg5MywidXJsIjoiaHR0cHM6XC9cL3d3dy5rYW1wZnNwb3J0LWRhZ2Vyc2hlaW0uZGVcL3dwLWNvbnRlbnRcL3VwbG9hZHNcLzIwMjRcLzA3XC9SZWZlcmVudGVuLmpwZyJ9\">\n\t\t\t\t\t\t\t<img loading=\"lazy\" decoding=\"async\" width=\"740\" height=\"609\" src=\"https:\/\/www.kampfsport-dagersheim.de\/wp-content\/uploads\/2024\/07\/Referenten.jpg\" class=\"attachment-large size-large wp-image-3893\" alt=\"\" srcset=\"https:\/\/www.kampfsport-dagersheim.de\/wp-content\/uploads\/2024\/07\/Referenten.jpg 767w, https:\/\/www.kampfsport-dagersheim.de\/wp-content\/uploads\/2024\/07\/Referenten-300x247.jpg 300w\" sizes=\"100vw\" \/>\t\t\t\t\t\t\t\t<\/a>\n\t\t\t\t\t\t\t\t\t\t\t<figcaption class=\"widget-image-caption wp-caption-text\">Die Referenten: Renshi Cedric Weiss, Hanshi Matthias Weiss, Soke Siegfried Lory, Hanshi Alexander Schwarz und Shihan Ilona Graf<\/figcaption>\n\t\t\t\t\t\t\t\t\t\t<\/figure>\n\t\t\t\t\t\t\t\t\t<\/div>\n\t\t\t\t<\/div>\n\t\t\t\t\t<\/div>\n\t\t<\/div>\n\t\t\t\t\t<\/div>\n\t\t<\/section>\n\t\t\t\t<\/div>\n\t\t","protected":false},"excerpt":{"rendered":"<p>IFAK Trainingslager in Gussenstadt, Juni 2024 Am Wochenende 22.-23.06.2024 fand in Gussenstadt das IFAK Trainingslager mit internationaler Beteiligung statt. Es war f\u00fcr Soke Siegfried Lory 10. Dan der 800. Lehrgang als Referent im In- und Ausland. Leider aber auch einer seiner letzten Lehrg\u00e4nge. Weitere Referenten bei diesem Trainingslager waren Ausrichter Hanshi Alexander Schwarz und Shihan &hellip; <\/p>\n<p class=\"link-more\"><a href=\"https:\/\/www.kampfsport-dagersheim.de\/?page_id=3877\" class=\"more-link\"><span class=\"screen-reader-text\">\u201eIFAK Trainingslager, Juni 2024\u201c <\/span>weiterlesen<\/a><\/p>\n","protected":false},"author":1,"featured_media":3883,"parent":0,"menu_order":0,"comment_status":"closed","ping_status":"closed","template":"","meta":{"footnotes":""},"class_list":["post-3877","page","type-page","status-publish","has-post-thumbnail","hentry"],"_links":{"self":[{"href":"https:\/\/www.kampfsport-dagersheim.de\/index.php?rest_route=\/wp\/v2\/pages\/3877","targetHints":{"allow":["GET"]}}],"collection":[{"href":"https:\/\/www.kampfsport-dagersheim.de\/index.php?rest_route=\/wp\/v2\/pages"}],"about":[{"href":"https:\/\/www.kampfsport-dagersheim.de\/index.php?rest_route=\/wp\/v2\/types\/page"}],"author":[{"embeddable":true,"href":"https:\/\/www.kampfsport-dagersheim.de\/index.php?rest_route=\/wp\/v2\/users\/1"}],"replies":[{"embeddable":true,"href":"https:\/\/www.kampfsport-dagersheim.de\/index.php?rest_route=%2Fwp%2Fv2%2Fcomments&post=3877"}],"version-history":[{"count":9,"href":"https:\/\/www.kampfsport-dagersheim.de\/index.php?rest_route=\/wp\/v2\/pages\/3877\/revisions"}],"predecessor-version":[{"id":3897,"href":"https:\/\/www.kampfsport-dagersheim.de\/index.php?rest_route=\/wp\/v2\/pages\/3877\/revisions\/3897"}],"wp:featuredmedia":[{"embeddable":true,"href":"https:\/\/www.kampfsport-dagersheim.de\/index.php?rest_route=\/wp\/v2\/media\/3883"}],"wp:attachment":[{"href":"https:\/\/www.kampfsport-dagersheim.de\/index.php?rest_route=%2Fwp%2Fv2%2Fmedia&parent=3877"}],"curies":[{"name":"wp","href":"https:\/\/api.w.org\/{rel}","templated":true}]}}