{"id":3822,"date":"2024-06-19T19:31:04","date_gmt":"2024-06-19T17:31:04","guid":{"rendered":"https:\/\/www.kampfsport-dagersheim.de\/?page_id=3822"},"modified":"2024-06-19T19:50:27","modified_gmt":"2024-06-19T17:50:27","slug":"4-vlado-schmidt-gedenklehrgang-2024","status":"publish","type":"page","link":"https:\/\/www.kampfsport-dagersheim.de\/?page_id=3822","title":{"rendered":"4. Vlado Schmidt Gedenklehrgang 2024"},"content":{"rendered":"\t\t<div data-elementor-type=\"wp-page\" data-elementor-id=\"3822\" class=\"elementor elementor-3822\">\n\t\t\t\t\t\t<section class=\"elementor-section elementor-top-section elementor-element elementor-element-40db44c2 elementor-section-boxed elementor-section-height-default elementor-section-height-default\" data-id=\"40db44c2\" data-element_type=\"section\" data-e-type=\"section\">\n\t\t\t\t\t\t<div class=\"elementor-container elementor-column-gap-default\">\n\t\t\t\t\t<div class=\"elementor-column elementor-col-100 elementor-top-column elementor-element elementor-element-28708070\" data-id=\"28708070\" data-element_type=\"column\" data-e-type=\"column\">\n\t\t\t<div class=\"elementor-widget-wrap elementor-element-populated\">\n\t\t\t\t\t\t<div class=\"elementor-element elementor-element-57b7a6d2 elementor-widget elementor-widget-text-editor\" data-id=\"57b7a6d2\" data-element_type=\"widget\" data-e-type=\"widget\" data-widget_type=\"text-editor.default\">\n\t\t\t\t<div class=\"elementor-widget-container\">\n\t\t\t\t\t\t\t\t\t<p><strong><img decoding=\"async\" class=\" wp-image-425 alignright\" src=\"https:\/\/www.kampfsport-dagersheim.de\/wp-content\/uploads\/2019\/12\/IKF-Logo-300.jpg\" alt=\"\" width=\"187\" height=\"242\" \/>4. Vlado Schmidt Gedenklehrgang und neue Graduierungen im Kobudo<\/strong><\/p><p>Dieses Jahr fand der 4. Vlado Schmidt Gedenklehrgang vom 30.05. bis 02.06.2024 in Feistritz i.R.\/K\u00e4rnten statt. Die Einheiten leiteten IKF-Pr\u00e4sident Soke Hanshi G\u00fcnter Painter 10. Dan und das Trainerteam der IKF. Mit dabei waren die Technical Directors Michael Brandner, Peter Nowotny und Kari Lehtonen. Bei den zahlreichen Teilnehmern waren von der Kampfsportabteilung des TSV Dagersheim Matthias und Cedric Weiss dabei, die sich hier in Feistritz der Pr\u00fcfung zum n\u00e4chsten G\u00fcrtelgrad im Kobukai Kobudo stellten.<\/p><p>Die vier Trainingstage waren wieder vielseitig und interessant gestaltet. Die Einheiten mit den Themen Stock und Messer, W\u00fcrfe, Block- und Atemitechniken, Hokutoryu Jujutsu, Vielf\u00e4ltigkeits- und Vielseitigkeitsprinzip wurden vormittags unterrichtet und trainiert. Nachmittags standen dann freies Training und am Samstag Pr\u00fcfungen auf dem Programm. Bei den Pr\u00fcfungen traten unter anderem Matthias Weiss zum 2. Dan Kobudo und 2. Dan Bojutsu an und Cedric Weiss zum 2. Kyu Kobudo und 2. Kyu Bojutsu. Beide konnten mit ihren Leistungen \u00fcberzeugen und erhielten am Abend beim Lehrgangsbankett die Urkunden \u00fcberreicht.<\/p><p><img fetchpriority=\"high\" decoding=\"async\" class=\"size-medium wp-image-3830 alignright\" src=\"https:\/\/www.kampfsport-dagersheim.de\/wp-content\/uploads\/2024\/06\/Urkundenuebergabe-300x175.jpg\" alt=\"\" width=\"300\" height=\"175\" srcset=\"https:\/\/www.kampfsport-dagersheim.de\/wp-content\/uploads\/2024\/06\/Urkundenuebergabe-300x175.jpg 300w, https:\/\/www.kampfsport-dagersheim.de\/wp-content\/uploads\/2024\/06\/Urkundenuebergabe-1024x597.jpg 1024w, https:\/\/www.kampfsport-dagersheim.de\/wp-content\/uploads\/2024\/06\/Urkundenuebergabe-768x448.jpg 768w, https:\/\/www.kampfsport-dagersheim.de\/wp-content\/uploads\/2024\/06\/Urkundenuebergabe-1536x896.jpg 1536w, https:\/\/www.kampfsport-dagersheim.de\/wp-content\/uploads\/2024\/06\/Urkundenuebergabe-2048x1194.jpg 2048w\" sizes=\"(max-width: 300px) 100vw, 300px\" \/>Die Techniken des traditionellen Kobudo sind von Soke Vlado Schmidt modifiziert und an die europ\u00e4ischen Verh\u00e4ltnisse und Bed\u00fcrfnisse angepasst worden. Die Ausbildung im Kobukai Kobudo erfolgt an verschiedenen Waffen, die in vier Hauptgruppen zusammengefasst werden: Stockwaffen,<\/p><p>Klingenwaffen, W\u00fcrgewaffen und Kombinationswaffen. Interessierte d\u00fcrfen sich gerne an den Trainer und Abteilungsleiter Matthias Weiss wenden.<\/p>\t\t\t\t\t\t\t\t<\/div>\n\t\t\t\t<\/div>\n\t\t\t\t\t<\/div>\n\t\t<\/div>\n\t\t\t\t\t<\/div>\n\t\t<\/section>\n\t\t\t\t<section class=\"elementor-section elementor-top-section elementor-element elementor-element-1144ff4 elementor-section-boxed elementor-section-height-default elementor-section-height-default\" data-id=\"1144ff4\" data-element_type=\"section\" data-e-type=\"section\">\n\t\t\t\t\t\t<div class=\"elementor-container elementor-column-gap-default\">\n\t\t\t\t\t<div class=\"elementor-column elementor-col-50 elementor-top-column elementor-element elementor-element-3590aa2\" data-id=\"3590aa2\" data-element_type=\"column\" data-e-type=\"column\">\n\t\t\t<div class=\"elementor-widget-wrap elementor-element-populated\">\n\t\t\t\t\t\t<div class=\"elementor-element elementor-element-afc466b elementor-widget elementor-widget-image\" data-id=\"afc466b\" data-element_type=\"widget\" data-e-type=\"widget\" data-widget_type=\"image.default\">\n\t\t\t\t<div class=\"elementor-widget-container\">\n\t\t\t\t\t\t\t\t\t\t\t\t\t\t\t\t<a href=\"https:\/\/www.kampfsport-dagersheim.de\/wp-content\/uploads\/2024\/06\/IMG-20240602-WA0061.jpg\" data-elementor-open-lightbox=\"yes\" data-elementor-lightbox-title=\"IMG-20240602-WA0061\" data-e-action-hash=\"#elementor-action%3Aaction%3Dlightbox%26settings%3DeyJpZCI6MzgyNSwidXJsIjoiaHR0cHM6XC9cL3d3dy5rYW1wZnNwb3J0LWRhZ2Vyc2hlaW0uZGVcL3dwLWNvbnRlbnRcL3VwbG9hZHNcLzIwMjRcLzA2XC9JTUctMjAyNDA2MDItV0EwMDYxLmpwZyJ9\">\n\t\t\t\t\t\t\t<img decoding=\"async\" width=\"740\" height=\"357\" src=\"https:\/\/www.kampfsport-dagersheim.de\/wp-content\/uploads\/2024\/06\/IMG-20240602-WA0061-1024x494.jpg\" class=\"attachment-large size-large wp-image-3825\" alt=\"\" srcset=\"https:\/\/www.kampfsport-dagersheim.de\/wp-content\/uploads\/2024\/06\/IMG-20240602-WA0061-1024x494.jpg 1024w, https:\/\/www.kampfsport-dagersheim.de\/wp-content\/uploads\/2024\/06\/IMG-20240602-WA0061-300x145.jpg 300w, https:\/\/www.kampfsport-dagersheim.de\/wp-content\/uploads\/2024\/06\/IMG-20240602-WA0061-768x371.jpg 768w, https:\/\/www.kampfsport-dagersheim.de\/wp-content\/uploads\/2024\/06\/IMG-20240602-WA0061-1536x741.jpg 1536w, https:\/\/www.kampfsport-dagersheim.de\/wp-content\/uploads\/2024\/06\/IMG-20240602-WA0061.jpg 2048w\" sizes=\"100vw\" \/>\t\t\t\t\t\t\t\t<\/a>\n\t\t\t\t\t\t\t\t\t\t\t\t\t\t\t<\/div>\n\t\t\t\t<\/div>\n\t\t\t\t\t<\/div>\n\t\t<\/div>\n\t\t\t\t<div class=\"elementor-column elementor-col-50 elementor-top-column elementor-element elementor-element-878f6bc\" data-id=\"878f6bc\" data-element_type=\"column\" data-e-type=\"column\">\n\t\t\t<div class=\"elementor-widget-wrap elementor-element-populated\">\n\t\t\t\t\t\t<div class=\"elementor-element elementor-element-59916a3 elementor-widget elementor-widget-image\" data-id=\"59916a3\" data-element_type=\"widget\" data-e-type=\"widget\" data-widget_type=\"image.default\">\n\t\t\t\t<div class=\"elementor-widget-container\">\n\t\t\t\t\t\t\t\t\t\t\t\t\t\t\t\t<a href=\"https:\/\/www.kampfsport-dagersheim.de\/wp-content\/uploads\/2024\/06\/IMG-20240602-WA0050.jpg\" data-elementor-open-lightbox=\"yes\" data-elementor-lightbox-title=\"IMG-20240602-WA0050\" data-e-action-hash=\"#elementor-action%3Aaction%3Dlightbox%26settings%3DeyJpZCI6MzgyNiwidXJsIjoiaHR0cHM6XC9cL3d3dy5rYW1wZnNwb3J0LWRhZ2Vyc2hlaW0uZGVcL3dwLWNvbnRlbnRcL3VwbG9hZHNcLzIwMjRcLzA2XC9JTUctMjAyNDA2MDItV0EwMDUwLmpwZyJ9\">\n\t\t\t\t\t\t\t<img loading=\"lazy\" decoding=\"async\" width=\"740\" height=\"361\" src=\"https:\/\/www.kampfsport-dagersheim.de\/wp-content\/uploads\/2024\/06\/IMG-20240602-WA0050-1024x499.jpg\" class=\"attachment-large size-large wp-image-3826\" alt=\"\" srcset=\"https:\/\/www.kampfsport-dagersheim.de\/wp-content\/uploads\/2024\/06\/IMG-20240602-WA0050-1024x499.jpg 1024w, https:\/\/www.kampfsport-dagersheim.de\/wp-content\/uploads\/2024\/06\/IMG-20240602-WA0050-300x146.jpg 300w, https:\/\/www.kampfsport-dagersheim.de\/wp-content\/uploads\/2024\/06\/IMG-20240602-WA0050-768x374.jpg 768w, https:\/\/www.kampfsport-dagersheim.de\/wp-content\/uploads\/2024\/06\/IMG-20240602-WA0050-1536x749.jpg 1536w, https:\/\/www.kampfsport-dagersheim.de\/wp-content\/uploads\/2024\/06\/IMG-20240602-WA0050.jpg 1791w\" sizes=\"100vw\" \/>\t\t\t\t\t\t\t\t<\/a>\n\t\t\t\t\t\t\t\t\t\t\t\t\t\t\t<\/div>\n\t\t\t\t<\/div>\n\t\t\t\t\t<\/div>\n\t\t<\/div>\n\t\t\t\t\t<\/div>\n\t\t<\/section>\n\t\t\t\t<section class=\"elementor-section elementor-top-section elementor-element elementor-element-774007b elementor-section-boxed elementor-section-height-default elementor-section-height-default\" data-id=\"774007b\" data-element_type=\"section\" data-e-type=\"section\">\n\t\t\t\t\t\t<div class=\"elementor-container elementor-column-gap-default\">\n\t\t\t\t\t<div class=\"elementor-column elementor-col-50 elementor-top-column elementor-element elementor-element-0d264cb\" data-id=\"0d264cb\" data-element_type=\"column\" data-e-type=\"column\">\n\t\t\t<div class=\"elementor-widget-wrap elementor-element-populated\">\n\t\t\t\t\t\t<div class=\"elementor-element elementor-element-8ec3356 elementor-widget elementor-widget-image\" data-id=\"8ec3356\" data-element_type=\"widget\" data-e-type=\"widget\" data-widget_type=\"image.default\">\n\t\t\t\t<div class=\"elementor-widget-container\">\n\t\t\t\t\t\t\t\t\t\t\t\t\t\t\t\t<a href=\"https:\/\/www.kampfsport-dagersheim.de\/wp-content\/uploads\/2024\/06\/20240602_113838-scaled.jpg\" data-elementor-open-lightbox=\"yes\" data-elementor-lightbox-title=\"20240602_113838\" data-e-action-hash=\"#elementor-action%3Aaction%3Dlightbox%26settings%3DeyJpZCI6MzgyNywidXJsIjoiaHR0cHM6XC9cL3d3dy5rYW1wZnNwb3J0LWRhZ2Vyc2hlaW0uZGVcL3dwLWNvbnRlbnRcL3VwbG9hZHNcLzIwMjRcLzA2XC8yMDI0MDYwMl8xMTM4Mzgtc2NhbGVkLmpwZyJ9\">\n\t\t\t\t\t\t\t<img loading=\"lazy\" decoding=\"async\" width=\"740\" height=\"555\" src=\"https:\/\/www.kampfsport-dagersheim.de\/wp-content\/uploads\/2024\/06\/20240602_113838-1024x768.jpg\" class=\"attachment-large size-large wp-image-3827\" alt=\"\" srcset=\"https:\/\/www.kampfsport-dagersheim.de\/wp-content\/uploads\/2024\/06\/20240602_113838-1024x768.jpg 1024w, https:\/\/www.kampfsport-dagersheim.de\/wp-content\/uploads\/2024\/06\/20240602_113838-300x225.jpg 300w, https:\/\/www.kampfsport-dagersheim.de\/wp-content\/uploads\/2024\/06\/20240602_113838-768x576.jpg 768w, https:\/\/www.kampfsport-dagersheim.de\/wp-content\/uploads\/2024\/06\/20240602_113838-1536x1152.jpg 1536w, https:\/\/www.kampfsport-dagersheim.de\/wp-content\/uploads\/2024\/06\/20240602_113838-2048x1536.jpg 2048w\" sizes=\"100vw\" \/>\t\t\t\t\t\t\t\t<\/a>\n\t\t\t\t\t\t\t\t\t\t\t\t\t\t\t<\/div>\n\t\t\t\t<\/div>\n\t\t\t\t\t<\/div>\n\t\t<\/div>\n\t\t\t\t<div class=\"elementor-column elementor-col-50 elementor-top-column elementor-element elementor-element-81757ed\" data-id=\"81757ed\" data-element_type=\"column\" data-e-type=\"column\">\n\t\t\t<div class=\"elementor-widget-wrap elementor-element-populated\">\n\t\t\t\t\t\t<div class=\"elementor-element elementor-element-9be8f13 elementor-widget elementor-widget-image\" data-id=\"9be8f13\" data-element_type=\"widget\" data-e-type=\"widget\" data-widget_type=\"image.default\">\n\t\t\t\t<div class=\"elementor-widget-container\">\n\t\t\t\t\t\t\t\t\t\t\t\t\t\t\t\t<a href=\"https:\/\/www.kampfsport-dagersheim.de\/wp-content\/uploads\/2024\/06\/20240601_161457-scaled.jpg\" data-elementor-open-lightbox=\"yes\" data-elementor-lightbox-title=\"20240601_161457\" data-e-action-hash=\"#elementor-action%3Aaction%3Dlightbox%26settings%3DeyJpZCI6MzgyOSwidXJsIjoiaHR0cHM6XC9cL3d3dy5rYW1wZnNwb3J0LWRhZ2Vyc2hlaW0uZGVcL3dwLWNvbnRlbnRcL3VwbG9hZHNcLzIwMjRcLzA2XC8yMDI0MDYwMV8xNjE0NTctc2NhbGVkLmpwZyJ9\">\n\t\t\t\t\t\t\t<img loading=\"lazy\" decoding=\"async\" width=\"740\" height=\"555\" src=\"https:\/\/www.kampfsport-dagersheim.de\/wp-content\/uploads\/2024\/06\/20240601_161457-1024x768.jpg\" class=\"attachment-large size-large wp-image-3829\" alt=\"\" srcset=\"https:\/\/www.kampfsport-dagersheim.de\/wp-content\/uploads\/2024\/06\/20240601_161457-1024x768.jpg 1024w, https:\/\/www.kampfsport-dagersheim.de\/wp-content\/uploads\/2024\/06\/20240601_161457-300x225.jpg 300w, https:\/\/www.kampfsport-dagersheim.de\/wp-content\/uploads\/2024\/06\/20240601_161457-768x576.jpg 768w, https:\/\/www.kampfsport-dagersheim.de\/wp-content\/uploads\/2024\/06\/20240601_161457-1536x1152.jpg 1536w, https:\/\/www.kampfsport-dagersheim.de\/wp-content\/uploads\/2024\/06\/20240601_161457-2048x1536.jpg 2048w\" sizes=\"100vw\" \/>\t\t\t\t\t\t\t\t<\/a>\n\t\t\t\t\t\t\t\t\t\t\t\t\t\t\t<\/div>\n\t\t\t\t<\/div>\n\t\t\t\t\t<\/div>\n\t\t<\/div>\n\t\t\t\t\t<\/div>\n\t\t<\/section>\n\t\t\t\t<\/div>\n\t\t","protected":false},"excerpt":{"rendered":"<p>4. Vlado Schmidt Gedenklehrgang und neue Graduierungen im Kobudo Dieses Jahr fand der 4. Vlado Schmidt Gedenklehrgang vom 30.05. bis 02.06.2024 in Feistritz i.R.\/K\u00e4rnten statt. Die Einheiten leiteten IKF-Pr\u00e4sident Soke Hanshi G\u00fcnter Painter 10. Dan und das Trainerteam der IKF. Mit dabei waren die Technical Directors Michael Brandner, Peter Nowotny und Kari Lehtonen. Bei den &hellip; <\/p>\n<p class=\"link-more\"><a href=\"https:\/\/www.kampfsport-dagersheim.de\/?page_id=3822\" class=\"more-link\"><span class=\"screen-reader-text\">\u201e4. Vlado Schmidt Gedenklehrgang 2024\u201c <\/span>weiterlesen<\/a><\/p>\n","protected":false},"author":1,"featured_media":0,"parent":0,"menu_order":0,"comment_status":"closed","ping_status":"closed","template":"","meta":{"footnotes":""},"class_list":["post-3822","page","type-page","status-publish","hentry"],"_links":{"self":[{"href":"https:\/\/www.kampfsport-dagersheim.de\/index.php?rest_route=\/wp\/v2\/pages\/3822","targetHints":{"allow":["GET"]}}],"collection":[{"href":"https:\/\/www.kampfsport-dagersheim.de\/index.php?rest_route=\/wp\/v2\/pages"}],"about":[{"href":"https:\/\/www.kampfsport-dagersheim.de\/index.php?rest_route=\/wp\/v2\/types\/page"}],"author":[{"embeddable":true,"href":"https:\/\/www.kampfsport-dagersheim.de\/index.php?rest_route=\/wp\/v2\/users\/1"}],"replies":[{"embeddable":true,"href":"https:\/\/www.kampfsport-dagersheim.de\/index.php?rest_route=%2Fwp%2Fv2%2Fcomments&post=3822"}],"version-history":[{"count":5,"href":"https:\/\/www.kampfsport-dagersheim.de\/index.php?rest_route=\/wp\/v2\/pages\/3822\/revisions"}],"predecessor-version":[{"id":3833,"href":"https:\/\/www.kampfsport-dagersheim.de\/index.php?rest_route=\/wp\/v2\/pages\/3822\/revisions\/3833"}],"wp:attachment":[{"href":"https:\/\/www.kampfsport-dagersheim.de\/index.php?rest_route=%2Fwp%2Fv2%2Fmedia&parent=3822"}],"curies":[{"name":"wp","href":"https:\/\/api.w.org\/{rel}","templated":true}]}}