{"id":3743,"date":"2024-04-22T22:09:16","date_gmt":"2024-04-22T20:09:16","guid":{"rendered":"https:\/\/www.kampfsport-dagersheim.de\/?page_id=3743"},"modified":"2024-04-22T22:27:58","modified_gmt":"2024-04-22T20:27:58","slug":"ju-jitsu-guertelpruefung-april-2024","status":"publish","type":"page","link":"https:\/\/www.kampfsport-dagersheim.de\/?page_id=3743","title":{"rendered":"Ju Jitsu G\u00fcrtelpr\u00fcfung, April 2024"},"content":{"rendered":"\t\t<div data-elementor-type=\"wp-page\" data-elementor-id=\"3743\" class=\"elementor elementor-3743\">\n\t\t\t\t\t\t<section class=\"elementor-section elementor-top-section elementor-element elementor-element-3540081b elementor-section-boxed elementor-section-height-default elementor-section-height-default\" data-id=\"3540081b\" data-element_type=\"section\" data-e-type=\"section\">\n\t\t\t\t\t\t<div class=\"elementor-container elementor-column-gap-default\">\n\t\t\t\t\t<div class=\"elementor-column elementor-col-100 elementor-top-column elementor-element elementor-element-21b1b5db\" data-id=\"21b1b5db\" data-element_type=\"column\" data-e-type=\"column\">\n\t\t\t<div class=\"elementor-widget-wrap elementor-element-populated\">\n\t\t\t\t\t\t<div class=\"elementor-element elementor-element-6de874ae elementor-widget elementor-widget-text-editor\" data-id=\"6de874ae\" data-element_type=\"widget\" data-e-type=\"widget\" data-widget_type=\"text-editor.default\">\n\t\t\t\t<div class=\"elementor-widget-container\">\n\t\t\t\t\t\t\t\t\t<p><strong><img decoding=\"async\" class=\"size-medium wp-image-3749 alignright\" src=\"https:\/\/www.kampfsport-dagersheim.de\/wp-content\/uploads\/2024\/04\/newlogo2011-12CM-JuJitsu-IFAK-150-1-157x300.jpg\" alt=\"\" width=\"157\" height=\"300\" srcset=\"https:\/\/www.kampfsport-dagersheim.de\/wp-content\/uploads\/2024\/04\/newlogo2011-12CM-JuJitsu-IFAK-150-1-157x300.jpg 157w, https:\/\/www.kampfsport-dagersheim.de\/wp-content\/uploads\/2024\/04\/newlogo2011-12CM-JuJitsu-IFAK-150-1.jpg 159w\" sizes=\"(max-width: 157px) 100vw, 157px\" \/>Neue G\u00fcrtel bei der Ju Jitsu Jugend der Kampfsportabteilung <\/strong><\/p><p>Am Samstag, den 20.04.2024, fand bei der Kampfsportabteilung des TSV Dagersheim eine G\u00fcrtelpr\u00fcfung im Ju Jitsu statt. Insgesamt stellten sich 19 Teilnehmer der Pr\u00fcfung zum n\u00e4chsten G\u00fcrtelgrad. Die Pr\u00fcflinge waren auf ihre Aufgabe von ihren Trainern Matthias und Cedric Weiss, Nina Hinkelmann, Florian und Michael Erdemann bestens vorbereitet.<\/p><p>Die Pr\u00fcflinge unserer Ju Jitsu Jugend freuten sich, bei der G\u00fcrtelpr\u00fcfung ihr K\u00f6nnen und die erlernten Techniken zeigen zu d\u00fcrfen. Alle waren auf die Aufgaben des entsprechenden G\u00fcrtelgrades gut vorbereitet. Zu Beginn stand die Demonstration von Block-, Tritt- und Schlagtechniken, die sogenannte Grundschule, nach Ansage der Pr\u00fcfer auf dem Programm. Bei den Partner\u00fcbungen mussten die Pr\u00fcflinge verschiedene W\u00fcrfe, Hebel-, Transport- und Festlegetechniken zeigen. Beim Ju Jitsu, der waffenlosen Selbstverteidigung, m\u00fcssen dabei effektive Verteidigungen in verschiedenen Angriffssituationen demonstriert werden. Hierbei ist neben der Effektivit\u00e4t auch die Verh\u00e4ltnism\u00e4\u00dfigkeit der Verteidigung gefragt.<\/p><p>Alle Pr\u00fcflinge haben mit ihren gezeigten Leistungen \u00fcberzeugt und durften im Anschluss die Urkunden und G\u00fcrtel zur neuen Graduierung von den Pr\u00fcfern Hanshi Matthias Weiss 9. Dan und Renshi Cedric Weiss 4. Dan und den Trainern Florian Erdemann 3. Dan und Michael Erdemann 2. Dan entgegennehmen.<\/p><p>Herzlichen Gl\u00fcckwunsch.<\/p><p><img fetchpriority=\"high\" decoding=\"async\" class=\" wp-image-3753 alignright\" src=\"https:\/\/www.kampfsport-dagersheim.de\/wp-content\/uploads\/2024\/04\/Pruefungsgruppe20042024-02-300x145.jpg\" alt=\"\" width=\"632\" height=\"305\" srcset=\"https:\/\/www.kampfsport-dagersheim.de\/wp-content\/uploads\/2024\/04\/Pruefungsgruppe20042024-02-300x145.jpg 300w, https:\/\/www.kampfsport-dagersheim.de\/wp-content\/uploads\/2024\/04\/Pruefungsgruppe20042024-02-1024x495.jpg 1024w, https:\/\/www.kampfsport-dagersheim.de\/wp-content\/uploads\/2024\/04\/Pruefungsgruppe20042024-02-768x371.jpg 768w, https:\/\/www.kampfsport-dagersheim.de\/wp-content\/uploads\/2024\/04\/Pruefungsgruppe20042024-02-1536x743.jpg 1536w, https:\/\/www.kampfsport-dagersheim.de\/wp-content\/uploads\/2024\/04\/Pruefungsgruppe20042024-02-2048x991.jpg 2048w\" sizes=\"(max-width: 632px) 100vw, 632px\" \/>Die Pr\u00fcfung zum Gelbgurt bestanden:<br \/><img decoding=\"async\" class=\"alignnone size-full wp-image-363\" src=\"https:\/\/www.kampfsport-dagersheim.de\/wp-content\/uploads\/2019\/12\/8Gelb50.jpg\" alt=\"\" width=\"87\" height=\"35\" \/><br \/>Lena Alickaj, Leon Dreher, Rijon Deskaj, Claudius Gazur, Suna Tasci und Umay Tasci<\/p><p>Die Pr\u00fcfung zum Orangegurt bestand:<br \/><img loading=\"lazy\" decoding=\"async\" class=\"alignnone size-full wp-image-361\" src=\"https:\/\/www.kampfsport-dagersheim.de\/wp-content\/uploads\/2019\/12\/7Orange50.jpg\" alt=\"\" width=\"87\" height=\"35\" \/><br \/>Tim H\u00e4mmerle<\/p><p>Die Pr\u00fcfung zum Gr\u00fcngurt bestanden:<br \/><img loading=\"lazy\" decoding=\"async\" class=\"alignnone size-full wp-image-360\" src=\"https:\/\/www.kampfsport-dagersheim.de\/wp-content\/uploads\/2019\/12\/6Gruen50.jpg\" alt=\"\" width=\"87\" height=\"35\" \/><br \/>Alan Alickaj, Matthias Catherine, Jakob Daniels, Sophie Daniels, Jon Elshani, Lukas Kevric, Olivia Kevric und Franka Wei\u00df<\/p><p>Die Pr\u00fcfung zum Blaugurt bestanden:<br \/><img loading=\"lazy\" decoding=\"async\" class=\"alignnone size-full wp-image-357\" src=\"https:\/\/www.kampfsport-dagersheim.de\/wp-content\/uploads\/2019\/12\/4Blau50.jpg\" alt=\"\" width=\"87\" height=\"35\" \/><br \/>Jan Ebersohn, Jannes Durban, Emma Greiner und Celina Hasenclever<\/p><p>\u00a0<\/p><p>\u00a0<\/p>\t\t\t\t\t\t\t\t<\/div>\n\t\t\t\t<\/div>\n\t\t\t\t\t<\/div>\n\t\t<\/div>\n\t\t\t\t\t<\/div>\n\t\t<\/section>\n\t\t\t\t<section class=\"elementor-section elementor-top-section elementor-element elementor-element-c652fb8 elementor-section-boxed elementor-section-height-default elementor-section-height-default\" data-id=\"c652fb8\" data-element_type=\"section\" data-e-type=\"section\">\n\t\t\t\t\t\t<div class=\"elementor-container elementor-column-gap-default\">\n\t\t\t\t\t<div class=\"elementor-column elementor-col-100 elementor-top-column elementor-element elementor-element-7818069\" data-id=\"7818069\" data-element_type=\"column\" data-e-type=\"column\">\n\t\t\t<div class=\"elementor-widget-wrap elementor-element-populated\">\n\t\t\t\t\t\t<div class=\"elementor-element elementor-element-d49f117 elementor-widget elementor-widget-image\" data-id=\"d49f117\" data-element_type=\"widget\" data-e-type=\"widget\" data-widget_type=\"image.default\">\n\t\t\t\t<div class=\"elementor-widget-container\">\n\t\t\t\t\t\t\t\t\t\t\t\t<figure class=\"wp-caption\">\n\t\t\t\t\t\t\t\t\t\t\t<a href=\"https:\/\/www.kampfsport-dagersheim.de\/wp-content\/uploads\/2024\/04\/Pruefungsgruppe20042024-scaled.jpg\" data-elementor-open-lightbox=\"yes\" data-elementor-lightbox-title=\"Pruefungsgruppe20042024\" data-e-action-hash=\"#elementor-action%3Aaction%3Dlightbox%26settings%3DeyJpZCI6Mzc1MCwidXJsIjoiaHR0cHM6XC9cL3d3dy5rYW1wZnNwb3J0LWRhZ2Vyc2hlaW0uZGVcL3dwLWNvbnRlbnRcL3VwbG9hZHNcLzIwMjRcLzA0XC9QcnVlZnVuZ3NncnVwcGUyMDA0MjAyNC1zY2FsZWQuanBnIn0%3D\">\n\t\t\t\t\t\t\t<img loading=\"lazy\" decoding=\"async\" width=\"740\" height=\"441\" src=\"https:\/\/www.kampfsport-dagersheim.de\/wp-content\/uploads\/2024\/04\/Pruefungsgruppe20042024-1024x610.jpg\" class=\"attachment-large size-large wp-image-3750\" alt=\"\" srcset=\"https:\/\/www.kampfsport-dagersheim.de\/wp-content\/uploads\/2024\/04\/Pruefungsgruppe20042024-1024x610.jpg 1024w, https:\/\/www.kampfsport-dagersheim.de\/wp-content\/uploads\/2024\/04\/Pruefungsgruppe20042024-300x179.jpg 300w, https:\/\/www.kampfsport-dagersheim.de\/wp-content\/uploads\/2024\/04\/Pruefungsgruppe20042024-768x457.jpg 768w, https:\/\/www.kampfsport-dagersheim.de\/wp-content\/uploads\/2024\/04\/Pruefungsgruppe20042024-1536x915.jpg 1536w, https:\/\/www.kampfsport-dagersheim.de\/wp-content\/uploads\/2024\/04\/Pruefungsgruppe20042024-2048x1220.jpg 2048w\" sizes=\"100vw\" \/>\t\t\t\t\t\t\t\t<\/a>\n\t\t\t\t\t\t\t\t\t\t\t<figcaption class=\"widget-image-caption wp-caption-text\">Pr\u00fcflnge mit Pr\u00fcfern und Trainern<\/figcaption>\n\t\t\t\t\t\t\t\t\t\t<\/figure>\n\t\t\t\t\t\t\t\t\t<\/div>\n\t\t\t\t<\/div>\n\t\t\t\t\t<\/div>\n\t\t<\/div>\n\t\t\t\t\t<\/div>\n\t\t<\/section>\n\t\t\t\t<\/div>\n\t\t","protected":false},"excerpt":{"rendered":"<p>Neue G\u00fcrtel bei der Ju Jitsu Jugend der Kampfsportabteilung Am Samstag, den 20.04.2024, fand bei der Kampfsportabteilung des TSV Dagersheim eine G\u00fcrtelpr\u00fcfung im Ju Jitsu statt. Insgesamt stellten sich 19 Teilnehmer der Pr\u00fcfung zum n\u00e4chsten G\u00fcrtelgrad. Die Pr\u00fcflinge waren auf ihre Aufgabe von ihren Trainern Matthias und Cedric Weiss, Nina Hinkelmann, Florian und Michael Erdemann &hellip; <\/p>\n<p class=\"link-more\"><a href=\"https:\/\/www.kampfsport-dagersheim.de\/?page_id=3743\" class=\"more-link\"><span class=\"screen-reader-text\">\u201eJu Jitsu G\u00fcrtelpr\u00fcfung, April 2024\u201c <\/span>weiterlesen<\/a><\/p>\n","protected":false},"author":1,"featured_media":0,"parent":0,"menu_order":0,"comment_status":"closed","ping_status":"closed","template":"","meta":{"footnotes":""},"class_list":["post-3743","page","type-page","status-publish","hentry"],"_links":{"self":[{"href":"https:\/\/www.kampfsport-dagersheim.de\/index.php?rest_route=\/wp\/v2\/pages\/3743","targetHints":{"allow":["GET"]}}],"collection":[{"href":"https:\/\/www.kampfsport-dagersheim.de\/index.php?rest_route=\/wp\/v2\/pages"}],"about":[{"href":"https:\/\/www.kampfsport-dagersheim.de\/index.php?rest_route=\/wp\/v2\/types\/page"}],"author":[{"embeddable":true,"href":"https:\/\/www.kampfsport-dagersheim.de\/index.php?rest_route=\/wp\/v2\/users\/1"}],"replies":[{"embeddable":true,"href":"https:\/\/www.kampfsport-dagersheim.de\/index.php?rest_route=%2Fwp%2Fv2%2Fcomments&post=3743"}],"version-history":[{"count":5,"href":"https:\/\/www.kampfsport-dagersheim.de\/index.php?rest_route=\/wp\/v2\/pages\/3743\/revisions"}],"predecessor-version":[{"id":3756,"href":"https:\/\/www.kampfsport-dagersheim.de\/index.php?rest_route=\/wp\/v2\/pages\/3743\/revisions\/3756"}],"wp:attachment":[{"href":"https:\/\/www.kampfsport-dagersheim.de\/index.php?rest_route=%2Fwp%2Fv2%2Fmedia&parent=3743"}],"curies":[{"name":"wp","href":"https:\/\/api.w.org\/{rel}","templated":true}]}}