{"id":3706,"date":"2024-04-15T22:20:10","date_gmt":"2024-04-15T20:20:10","guid":{"rendered":"https:\/\/www.kampfsport-dagersheim.de\/?page_id=3706"},"modified":"2024-04-15T22:37:29","modified_gmt":"2024-04-15T20:37:29","slug":"ifak-jubilaeumslehrgang-april-2024","status":"publish","type":"page","link":"https:\/\/www.kampfsport-dagersheim.de\/?page_id=3706","title":{"rendered":"IFAK Jubil\u00e4umslehrgang April 2024"},"content":{"rendered":"\t\t<div data-elementor-type=\"wp-page\" data-elementor-id=\"3706\" class=\"elementor elementor-3706\">\n\t\t\t\t\t\t<section class=\"elementor-section elementor-top-section elementor-element elementor-element-13a2999 elementor-section-boxed elementor-section-height-default elementor-section-height-default\" data-id=\"13a2999\" data-element_type=\"section\" data-e-type=\"section\">\n\t\t\t\t\t\t<div class=\"elementor-container elementor-column-gap-default\">\n\t\t\t\t\t<div class=\"elementor-column elementor-col-100 elementor-top-column elementor-element elementor-element-770e9907\" data-id=\"770e9907\" data-element_type=\"column\" data-e-type=\"column\">\n\t\t\t<div class=\"elementor-widget-wrap elementor-element-populated\">\n\t\t\t\t\t\t<div class=\"elementor-element elementor-element-7ffac8da elementor-widget elementor-widget-text-editor\" data-id=\"7ffac8da\" data-element_type=\"widget\" data-e-type=\"widget\" data-widget_type=\"text-editor.default\">\n\t\t\t\t<div class=\"elementor-widget-container\">\n\t\t\t\t\t\t\t\t\t<p><strong><img decoding=\"async\" class=\"wp-image-1284 alignright\" src=\"https:\/\/www.kampfsport-dagersheim.de\/wp-content\/uploads\/2020\/01\/RSP-580-300x300.jpg\" alt=\"\" width=\"201\" height=\"201\" srcset=\"https:\/\/www.kampfsport-dagersheim.de\/wp-content\/uploads\/2020\/01\/RSP-580-300x300.jpg 300w, https:\/\/www.kampfsport-dagersheim.de\/wp-content\/uploads\/2020\/01\/RSP-580-150x150.jpg 150w, https:\/\/www.kampfsport-dagersheim.de\/wp-content\/uploads\/2020\/01\/RSP-580-100x100.jpg 100w, https:\/\/www.kampfsport-dagersheim.de\/wp-content\/uploads\/2020\/01\/RSP-580.jpg 580w\" sizes=\"(max-width: 201px) 100vw, 201px\" \/><\/strong><strong><img decoding=\"async\" class=\"size-full wp-image-426 alignright\" src=\"https:\/\/www.kampfsport-dagersheim.de\/wp-content\/uploads\/2019\/12\/IFAK2018-200b.jpg\" alt=\"\" width=\"200\" height=\"198\" srcset=\"https:\/\/www.kampfsport-dagersheim.de\/wp-content\/uploads\/2019\/12\/IFAK2018-200b.jpg 200w, https:\/\/www.kampfsport-dagersheim.de\/wp-content\/uploads\/2019\/12\/IFAK2018-200b-150x150.jpg 150w, https:\/\/www.kampfsport-dagersheim.de\/wp-content\/uploads\/2019\/12\/IFAK2018-200b-100x100.jpg 100w\" sizes=\"(max-width: 200px) 100vw, 200px\" \/><\/strong><strong>Internationaler Jubil\u00e4umslehrgang 45 Jahre BFAK\/IFAK<\/strong><\/p><p>Am 13.04.2024 fand in M\u00fcnchen beim Pr\u00e4sidenten des Internationalen Fachverbandes f\u00fcr asiatische Kampfsportarten IFAK, Soke Siegfried Lory 10. Dan, der gro\u00dfe Jubil\u00e4umslehrgang mit internationaler Beteiligung statt. Seit 62 Jahren ist Soke Siegfried Lory als Referent im In- und Ausland aktiv. Insgesamt 85 Teilnehmer aus ganz Deutschland, Polen und der Slowakei folgten der Einladung zum Jubil\u00e4umslehrgang. Soke Siegfried Lory wird zum Jahresende 2024 seine aktive Referentent\u00e4tigkeit beenden, wird dem IFAK Verband aber als Pr\u00e4sident weiter treu bleiben.<\/p><p><img decoding=\"async\" class=\"wp-image-3718 alignleft\" src=\"https:\/\/www.kampfsport-dagersheim.de\/wp-content\/uploads\/2024\/04\/Sigi-01-289x300.jpg\" alt=\"\" width=\"168\" height=\"174\" srcset=\"https:\/\/www.kampfsport-dagersheim.de\/wp-content\/uploads\/2024\/04\/Sigi-01-289x300.jpg 289w, https:\/\/www.kampfsport-dagersheim.de\/wp-content\/uploads\/2024\/04\/Sigi-01.jpg 599w\" sizes=\"(max-width: 168px) 100vw, 168px\" \/>Schwerpunkt des Lehrgangs war das von Soke Siegfried Lory begr\u00fcndete Selbstverteidigungssystem RSP. RSP steht f\u00fcr realistische Selbstverteidigung f\u00fcr die Praxis und konzentriert sich auf kurze, effektive Techniken zur Abwehr von unterschiedlichen Angriffen. Im ersten Teil zeigte er Techniken gegen Kontakt- und Distanzangriffe. Im zweiten Teil widmete er sich der Verteidigung in der Bodenlage und der Verteidigung gegen bewaffnete Angriffe.<\/p><p>Der Ausklang des gelungenen Jubil\u00e4umslehrgangs fand in der nahe gelegenen Gastst\u00e4tte Linde statt, bevor sich die Wege der Teilnehmer wieder trennten. Vielen Dank an Soke Siegfried Lory und seine Frau Birgit Lory f\u00fcr die gute Organisation und den gelungenen Lehrgang.<\/p>\t\t\t\t\t\t\t\t<\/div>\n\t\t\t\t<\/div>\n\t\t\t\t\t<\/div>\n\t\t<\/div>\n\t\t\t\t\t<\/div>\n\t\t<\/section>\n\t\t\t\t<section class=\"elementor-section elementor-top-section elementor-element elementor-element-9a96442 elementor-section-boxed elementor-section-height-default elementor-section-height-default\" data-id=\"9a96442\" data-element_type=\"section\" data-e-type=\"section\">\n\t\t\t\t\t\t<div class=\"elementor-container elementor-column-gap-default\">\n\t\t\t\t\t<div class=\"elementor-column elementor-col-100 elementor-top-column elementor-element elementor-element-1f3dcc9\" data-id=\"1f3dcc9\" data-element_type=\"column\" data-e-type=\"column\">\n\t\t\t<div class=\"elementor-widget-wrap elementor-element-populated\">\n\t\t\t\t\t\t<div class=\"elementor-element elementor-element-a1ef737 elementor-widget elementor-widget-image\" data-id=\"a1ef737\" data-element_type=\"widget\" data-e-type=\"widget\" data-widget_type=\"image.default\">\n\t\t\t\t<div class=\"elementor-widget-container\">\n\t\t\t\t\t\t\t\t\t\t\t\t\t\t\t\t<a href=\"https:\/\/www.kampfsport-dagersheim.de\/wp-content\/uploads\/2024\/04\/DagersheimerGruppe-scaled.jpg\" data-elementor-open-lightbox=\"yes\" data-elementor-lightbox-title=\"DagersheimerGruppe\" data-e-action-hash=\"#elementor-action%3Aaction%3Dlightbox%26settings%3DeyJpZCI6MzcwOSwidXJsIjoiaHR0cHM6XC9cL3d3dy5rYW1wZnNwb3J0LWRhZ2Vyc2hlaW0uZGVcL3dwLWNvbnRlbnRcL3VwbG9hZHNcLzIwMjRcLzA0XC9EYWdlcnNoZWltZXJHcnVwcGUtc2NhbGVkLmpwZyJ9\">\n\t\t\t\t\t\t\t<img loading=\"lazy\" decoding=\"async\" width=\"525\" height=\"458\" src=\"https:\/\/www.kampfsport-dagersheim.de\/wp-content\/uploads\/2024\/04\/DagersheimerGruppe-1024x894.jpg\" class=\"attachment-large size-large wp-image-3709\" alt=\"\" srcset=\"https:\/\/www.kampfsport-dagersheim.de\/wp-content\/uploads\/2024\/04\/DagersheimerGruppe-1024x894.jpg 1024w, https:\/\/www.kampfsport-dagersheim.de\/wp-content\/uploads\/2024\/04\/DagersheimerGruppe-300x262.jpg 300w, https:\/\/www.kampfsport-dagersheim.de\/wp-content\/uploads\/2024\/04\/DagersheimerGruppe-768x671.jpg 768w, https:\/\/www.kampfsport-dagersheim.de\/wp-content\/uploads\/2024\/04\/DagersheimerGruppe-1536x1341.jpg 1536w, https:\/\/www.kampfsport-dagersheim.de\/wp-content\/uploads\/2024\/04\/DagersheimerGruppe-2048x1788.jpg 2048w\" sizes=\"100vw\" \/>\t\t\t\t\t\t\t\t<\/a>\n\t\t\t\t\t\t\t\t\t\t\t\t\t\t\t<\/div>\n\t\t\t\t<\/div>\n\t\t\t\t\t<\/div>\n\t\t<\/div>\n\t\t\t\t\t<\/div>\n\t\t<\/section>\n\t\t\t\t<section class=\"elementor-section elementor-top-section elementor-element elementor-element-bc5e6d6 elementor-section-boxed elementor-section-height-default elementor-section-height-default\" data-id=\"bc5e6d6\" data-element_type=\"section\" data-e-type=\"section\">\n\t\t\t\t\t\t<div class=\"elementor-container elementor-column-gap-default\">\n\t\t\t\t\t<div class=\"elementor-column elementor-col-100 elementor-top-column elementor-element elementor-element-2016731\" data-id=\"2016731\" data-element_type=\"column\" data-e-type=\"column\">\n\t\t\t<div class=\"elementor-widget-wrap elementor-element-populated\">\n\t\t\t\t\t\t<div class=\"elementor-element elementor-element-9e38647 elementor-widget elementor-widget-image\" data-id=\"9e38647\" data-element_type=\"widget\" data-e-type=\"widget\" data-widget_type=\"image.default\">\n\t\t\t\t<div class=\"elementor-widget-container\">\n\t\t\t\t\t\t\t\t\t\t\t\t\t\t\t\t<a href=\"https:\/\/www.kampfsport-dagersheim.de\/wp-content\/uploads\/2024\/04\/Gruppenbild-45Jahre-IFAK-scaled.jpg\" data-elementor-open-lightbox=\"yes\" data-elementor-lightbox-title=\"Gruppenbild 45Jahre IFAK\" data-e-action-hash=\"#elementor-action%3Aaction%3Dlightbox%26settings%3DeyJpZCI6MzcxMCwidXJsIjoiaHR0cHM6XC9cL3d3dy5rYW1wZnNwb3J0LWRhZ2Vyc2hlaW0uZGVcL3dwLWNvbnRlbnRcL3VwbG9hZHNcLzIwMjRcLzA0XC9HcnVwcGVuYmlsZC00NUphaHJlLUlGQUstc2NhbGVkLmpwZyJ9\">\n\t\t\t\t\t\t\t<img loading=\"lazy\" decoding=\"async\" width=\"525\" height=\"225\" src=\"https:\/\/www.kampfsport-dagersheim.de\/wp-content\/uploads\/2024\/04\/Gruppenbild-45Jahre-IFAK-1024x438.jpg\" class=\"attachment-large size-large wp-image-3710\" alt=\"\" srcset=\"https:\/\/www.kampfsport-dagersheim.de\/wp-content\/uploads\/2024\/04\/Gruppenbild-45Jahre-IFAK-1024x438.jpg 1024w, https:\/\/www.kampfsport-dagersheim.de\/wp-content\/uploads\/2024\/04\/Gruppenbild-45Jahre-IFAK-300x128.jpg 300w, https:\/\/www.kampfsport-dagersheim.de\/wp-content\/uploads\/2024\/04\/Gruppenbild-45Jahre-IFAK-768x329.jpg 768w, https:\/\/www.kampfsport-dagersheim.de\/wp-content\/uploads\/2024\/04\/Gruppenbild-45Jahre-IFAK-1536x657.jpg 1536w, https:\/\/www.kampfsport-dagersheim.de\/wp-content\/uploads\/2024\/04\/Gruppenbild-45Jahre-IFAK-2048x876.jpg 2048w\" sizes=\"100vw\" \/>\t\t\t\t\t\t\t\t<\/a>\n\t\t\t\t\t\t\t\t\t\t\t\t\t\t\t<\/div>\n\t\t\t\t<\/div>\n\t\t\t\t\t<\/div>\n\t\t<\/div>\n\t\t\t\t\t<\/div>\n\t\t<\/section>\n\t\t\t\t<\/div>\n\t\t","protected":false},"excerpt":{"rendered":"<p>Internationaler Jubil\u00e4umslehrgang 45 Jahre BFAK\/IFAK Am 13.04.2024 fand in M\u00fcnchen beim Pr\u00e4sidenten des Internationalen Fachverbandes f\u00fcr asiatische Kampfsportarten IFAK, Soke Siegfried Lory 10. Dan, der gro\u00dfe Jubil\u00e4umslehrgang mit internationaler Beteiligung statt. Seit 62 Jahren ist Soke Siegfried Lory als Referent im In- und Ausland aktiv. Insgesamt 85 Teilnehmer aus ganz Deutschland, Polen und der Slowakei &hellip; <\/p>\n<p class=\"link-more\"><a href=\"https:\/\/www.kampfsport-dagersheim.de\/?page_id=3706\" class=\"more-link\"><span class=\"screen-reader-text\">\u201eIFAK Jubil\u00e4umslehrgang April 2024\u201c <\/span>weiterlesen<\/a><\/p>\n","protected":false},"author":1,"featured_media":3715,"parent":0,"menu_order":0,"comment_status":"closed","ping_status":"closed","template":"","meta":{"footnotes":""},"class_list":["post-3706","page","type-page","status-publish","has-post-thumbnail","hentry"],"_links":{"self":[{"href":"https:\/\/www.kampfsport-dagersheim.de\/index.php?rest_route=\/wp\/v2\/pages\/3706","targetHints":{"allow":["GET"]}}],"collection":[{"href":"https:\/\/www.kampfsport-dagersheim.de\/index.php?rest_route=\/wp\/v2\/pages"}],"about":[{"href":"https:\/\/www.kampfsport-dagersheim.de\/index.php?rest_route=\/wp\/v2\/types\/page"}],"author":[{"embeddable":true,"href":"https:\/\/www.kampfsport-dagersheim.de\/index.php?rest_route=\/wp\/v2\/users\/1"}],"replies":[{"embeddable":true,"href":"https:\/\/www.kampfsport-dagersheim.de\/index.php?rest_route=%2Fwp%2Fv2%2Fcomments&post=3706"}],"version-history":[{"count":9,"href":"https:\/\/www.kampfsport-dagersheim.de\/index.php?rest_route=\/wp\/v2\/pages\/3706\/revisions"}],"predecessor-version":[{"id":3721,"href":"https:\/\/www.kampfsport-dagersheim.de\/index.php?rest_route=\/wp\/v2\/pages\/3706\/revisions\/3721"}],"wp:featuredmedia":[{"embeddable":true,"href":"https:\/\/www.kampfsport-dagersheim.de\/index.php?rest_route=\/wp\/v2\/media\/3715"}],"wp:attachment":[{"href":"https:\/\/www.kampfsport-dagersheim.de\/index.php?rest_route=%2Fwp%2Fv2%2Fmedia&parent=3706"}],"curies":[{"name":"wp","href":"https:\/\/api.w.org\/{rel}","templated":true}]}}