{"id":3632,"date":"2024-03-24T18:28:19","date_gmt":"2024-03-24T17:28:19","guid":{"rendered":"https:\/\/www.kampfsport-dagersheim.de\/?page_id=3632"},"modified":"2024-03-24T18:34:45","modified_gmt":"2024-03-24T17:34:45","slug":"rsp-lehrgang-in-kressbronn-23-maerz-2024","status":"publish","type":"page","link":"https:\/\/www.kampfsport-dagersheim.de\/?page_id=3632","title":{"rendered":"RSP-Lehrgang in Kressbronn, 23. M\u00e4rz 2024"},"content":{"rendered":"\t\t<div data-elementor-type=\"wp-page\" data-elementor-id=\"3632\" class=\"elementor elementor-3632\">\n\t\t\t\t\t\t<section class=\"elementor-section elementor-top-section elementor-element elementor-element-207dcb5b elementor-section-boxed elementor-section-height-default elementor-section-height-default\" data-id=\"207dcb5b\" data-element_type=\"section\" data-e-type=\"section\">\n\t\t\t\t\t\t<div class=\"elementor-container elementor-column-gap-default\">\n\t\t\t\t\t<div class=\"elementor-column elementor-col-100 elementor-top-column elementor-element elementor-element-73cfa22b\" data-id=\"73cfa22b\" data-element_type=\"column\" data-e-type=\"column\">\n\t\t\t<div class=\"elementor-widget-wrap elementor-element-populated\">\n\t\t\t\t\t\t<div class=\"elementor-element elementor-element-20643370 elementor-widget elementor-widget-text-editor\" data-id=\"20643370\" data-element_type=\"widget\" data-e-type=\"widget\" data-widget_type=\"text-editor.default\">\n\t\t\t\t<div class=\"elementor-widget-container\">\n\t\t\t\t\t\t\t\t\t<p><img decoding=\"async\" class=\"wp-image-1284 alignright\" src=\"https:\/\/www.kampfsport-dagersheim.de\/wp-content\/uploads\/2020\/01\/RSP-580-300x300.jpg\" alt=\"\" width=\"181\" height=\"181\" srcset=\"https:\/\/www.kampfsport-dagersheim.de\/wp-content\/uploads\/2020\/01\/RSP-580-300x300.jpg 300w, https:\/\/www.kampfsport-dagersheim.de\/wp-content\/uploads\/2020\/01\/RSP-580-150x150.jpg 150w, https:\/\/www.kampfsport-dagersheim.de\/wp-content\/uploads\/2020\/01\/RSP-580-100x100.jpg 100w, https:\/\/www.kampfsport-dagersheim.de\/wp-content\/uploads\/2020\/01\/RSP-580.jpg 580w\" sizes=\"(max-width: 181px) 100vw, 181px\" \/><strong>RSP Abschluss-Lehrgang mit Soke Siegfried Lory in Kressbronn<\/strong><\/p><p>Am Samstag, den 23.03.2024, fand in Kressbronn ein RSP Lehrgang mit IFAK Pr\u00e4sident Soke Siegfried Lory 10. Dan statt. RSP wurde von Soke Siegfried Lory begr\u00fcndet und steht f\u00fcr Realistische Selbstverteidigung f\u00fcr die Praxis. Viele Teilnehmer sind der Einladung von Uwe Gischas von der Abteilung Taekwondo des TV Kressbronn gefolgt. Es war einer der Abschlusslehrg\u00e4nge des IFAK Pr\u00e4sidenten. Soke Siegfried Lory ist seit 62 Jahren als Referent im In- und Ausland t\u00e4tig und wird dieses Jahr altershalber und aus gesundheitlichen Gr\u00fcnden seine letzten Lehrg\u00e4nge als Referent leiten.<\/p><p>Bei der Realistischen Selbstverteidigung f\u00fcr die Praxis RSP legt Soke Siegfried Lory das Augenmerk auf kurze, effektive Selbstverteidigungstechniken, die f\u00fcr jeden umsetzbar und anwendbar sind. Bei diesem Lehrgang wurde die Verteidigung bei Kontakt- und Distanzangriffen sowie bei Angriffen bewaffneter Gegner trainiert. Unterst\u00fctzt wurde Soke Siegfried Lory von Hanshi Matthias Weiss 9. Dan (1.Vorstand des IFAK) und Renshi Cedric Weiss 4. Dan (IFAK-Pressewart). Es war wieder ein interessanter und kurzweiliger Lehrgang, bei dem die Teilnehmer viel Spa\u00df hatten und viel f\u00fcr sich mitnahmen.<\/p><p>Die n\u00e4chsten Abschlusslehrg\u00e4nge von Soke Siegfried Lory sind das IFAK Verbandsjubil\u00e4um am 13. April in M\u00fcnchen und das IFAK Trainingslager in Gussenstadt am 22.\/23. Juni 2024.<\/p><p>\u00a0<\/p><p>\u00a0<\/p>\t\t\t\t\t\t\t\t<\/div>\n\t\t\t\t<\/div>\n\t\t\t\t\t<\/div>\n\t\t<\/div>\n\t\t\t\t\t<\/div>\n\t\t<\/section>\n\t\t\t\t<section class=\"elementor-section elementor-top-section elementor-element elementor-element-f834842 elementor-section-boxed elementor-section-height-default elementor-section-height-default\" data-id=\"f834842\" data-element_type=\"section\" data-e-type=\"section\">\n\t\t\t\t\t\t<div class=\"elementor-container elementor-column-gap-default\">\n\t\t\t\t\t<div class=\"elementor-column elementor-col-100 elementor-top-column elementor-element elementor-element-d36c81f\" data-id=\"d36c81f\" data-element_type=\"column\" data-e-type=\"column\">\n\t\t\t<div class=\"elementor-widget-wrap elementor-element-populated\">\n\t\t\t\t\t\t<div class=\"elementor-element elementor-element-b830dfb elementor-widget elementor-widget-image\" data-id=\"b830dfb\" data-element_type=\"widget\" data-e-type=\"widget\" data-widget_type=\"image.default\">\n\t\t\t\t<div class=\"elementor-widget-container\">\n\t\t\t\t\t\t\t\t\t\t\t\t<figure class=\"wp-caption\">\n\t\t\t\t\t\t\t\t\t\t\t<a href=\"https:\/\/www.kampfsport-dagersheim.de\/wp-content\/uploads\/2024\/03\/Gruppenbild_TV-Kressbronn-03-2024-scaled.jpg\" data-elementor-open-lightbox=\"yes\" data-elementor-lightbox-title=\"Gruppenbild_TV Kressbronn 03-2024\" data-e-action-hash=\"#elementor-action%3Aaction%3Dlightbox%26settings%3DeyJpZCI6MzYzNSwidXJsIjoiaHR0cHM6XC9cL3d3dy5rYW1wZnNwb3J0LWRhZ2Vyc2hlaW0uZGVcL3dwLWNvbnRlbnRcL3VwbG9hZHNcLzIwMjRcLzAzXC9HcnVwcGVuYmlsZF9UVi1LcmVzc2Jyb25uLTAzLTIwMjQtc2NhbGVkLmpwZyJ9\">\n\t\t\t\t\t\t\t<img fetchpriority=\"high\" decoding=\"async\" width=\"525\" height=\"282\" src=\"https:\/\/www.kampfsport-dagersheim.de\/wp-content\/uploads\/2024\/03\/Gruppenbild_TV-Kressbronn-03-2024-1024x551.jpg\" class=\"attachment-large size-large wp-image-3635\" alt=\"\" srcset=\"https:\/\/www.kampfsport-dagersheim.de\/wp-content\/uploads\/2024\/03\/Gruppenbild_TV-Kressbronn-03-2024-1024x551.jpg 1024w, https:\/\/www.kampfsport-dagersheim.de\/wp-content\/uploads\/2024\/03\/Gruppenbild_TV-Kressbronn-03-2024-300x161.jpg 300w, https:\/\/www.kampfsport-dagersheim.de\/wp-content\/uploads\/2024\/03\/Gruppenbild_TV-Kressbronn-03-2024-768x413.jpg 768w, https:\/\/www.kampfsport-dagersheim.de\/wp-content\/uploads\/2024\/03\/Gruppenbild_TV-Kressbronn-03-2024-1536x826.jpg 1536w, https:\/\/www.kampfsport-dagersheim.de\/wp-content\/uploads\/2024\/03\/Gruppenbild_TV-Kressbronn-03-2024-2048x1102.jpg 2048w\" sizes=\"100vw\" \/>\t\t\t\t\t\t\t\t<\/a>\n\t\t\t\t\t\t\t\t\t\t\t<figcaption class=\"widget-image-caption wp-caption-text\">Lehrgangsteilnehmer 23.03.2024, Kressbronn<\/figcaption>\n\t\t\t\t\t\t\t\t\t\t<\/figure>\n\t\t\t\t\t\t\t\t\t<\/div>\n\t\t\t\t<\/div>\n\t\t\t\t\t<\/div>\n\t\t<\/div>\n\t\t\t\t\t<\/div>\n\t\t<\/section>\n\t\t\t\t<\/div>\n\t\t","protected":false},"excerpt":{"rendered":"<p>RSP Abschluss-Lehrgang mit Soke Siegfried Lory in Kressbronn Am Samstag, den 23.03.2024, fand in Kressbronn ein RSP Lehrgang mit IFAK Pr\u00e4sident Soke Siegfried Lory 10. Dan statt. RSP wurde von Soke Siegfried Lory begr\u00fcndet und steht f\u00fcr Realistische Selbstverteidigung f\u00fcr die Praxis. Viele Teilnehmer sind der Einladung von Uwe Gischas von der Abteilung Taekwondo des &hellip; <\/p>\n<p class=\"link-more\"><a href=\"https:\/\/www.kampfsport-dagersheim.de\/?page_id=3632\" class=\"more-link\"><span class=\"screen-reader-text\">\u201eRSP-Lehrgang in Kressbronn, 23. M\u00e4rz 2024\u201c <\/span>weiterlesen<\/a><\/p>\n","protected":false},"author":1,"featured_media":0,"parent":0,"menu_order":0,"comment_status":"closed","ping_status":"closed","template":"","meta":{"footnotes":""},"class_list":["post-3632","page","type-page","status-publish","hentry"],"_links":{"self":[{"href":"https:\/\/www.kampfsport-dagersheim.de\/index.php?rest_route=\/wp\/v2\/pages\/3632","targetHints":{"allow":["GET"]}}],"collection":[{"href":"https:\/\/www.kampfsport-dagersheim.de\/index.php?rest_route=\/wp\/v2\/pages"}],"about":[{"href":"https:\/\/www.kampfsport-dagersheim.de\/index.php?rest_route=\/wp\/v2\/types\/page"}],"author":[{"embeddable":true,"href":"https:\/\/www.kampfsport-dagersheim.de\/index.php?rest_route=\/wp\/v2\/users\/1"}],"replies":[{"embeddable":true,"href":"https:\/\/www.kampfsport-dagersheim.de\/index.php?rest_route=%2Fwp%2Fv2%2Fcomments&post=3632"}],"version-history":[{"count":5,"href":"https:\/\/www.kampfsport-dagersheim.de\/index.php?rest_route=\/wp\/v2\/pages\/3632\/revisions"}],"predecessor-version":[{"id":3640,"href":"https:\/\/www.kampfsport-dagersheim.de\/index.php?rest_route=\/wp\/v2\/pages\/3632\/revisions\/3640"}],"wp:attachment":[{"href":"https:\/\/www.kampfsport-dagersheim.de\/index.php?rest_route=%2Fwp%2Fv2%2Fmedia&parent=3632"}],"curies":[{"name":"wp","href":"https:\/\/api.w.org\/{rel}","templated":true}]}}