{"id":3499,"date":"2023-12-19T23:43:46","date_gmt":"2023-12-19T22:43:46","guid":{"rendered":"https:\/\/www.kampfsport-dagersheim.de\/?page_id=3499"},"modified":"2023-12-20T00:07:54","modified_gmt":"2023-12-19T23:07:54","slug":"pruefungen-kobukai-kobudo-und-bojutsu-dez-2023","status":"publish","type":"page","link":"https:\/\/www.kampfsport-dagersheim.de\/?page_id=3499","title":{"rendered":"Pr\u00fcfungen Kobukai Kobudo und Bojutsu, Dez 2023"},"content":{"rendered":"\t\t<div data-elementor-type=\"wp-page\" data-elementor-id=\"3499\" class=\"elementor elementor-3499\">\n\t\t\t\t\t\t<section class=\"elementor-section elementor-top-section elementor-element elementor-element-205b5d23 elementor-section-boxed elementor-section-height-default elementor-section-height-default\" data-id=\"205b5d23\" data-element_type=\"section\" data-e-type=\"section\">\n\t\t\t\t\t\t<div class=\"elementor-container elementor-column-gap-default\">\n\t\t\t\t\t<div class=\"elementor-column elementor-col-100 elementor-top-column elementor-element elementor-element-1898c4c9\" data-id=\"1898c4c9\" data-element_type=\"column\" data-e-type=\"column\">\n\t\t\t<div class=\"elementor-widget-wrap elementor-element-populated\">\n\t\t\t\t\t\t<div class=\"elementor-element elementor-element-7f8fcffe elementor-widget elementor-widget-text-editor\" data-id=\"7f8fcffe\" data-element_type=\"widget\" data-e-type=\"widget\" data-widget_type=\"text-editor.default\">\n\t\t\t\t<div class=\"elementor-widget-container\">\n\t\t\t\t\t\t\t\t\t<p><strong><img decoding=\"async\" class=\"size-medium wp-image-1418 alignright\" src=\"https:\/\/www.kampfsport-dagersheim.de\/wp-content\/uploads\/2020\/01\/newlogo2011-12CM-JuJitsu-IKF-150-133x300.jpg\" alt=\"\" width=\"133\" height=\"300\" srcset=\"https:\/\/www.kampfsport-dagersheim.de\/wp-content\/uploads\/2020\/01\/newlogo2011-12CM-JuJitsu-IKF-150-133x300.jpg 133w, https:\/\/www.kampfsport-dagersheim.de\/wp-content\/uploads\/2020\/01\/newlogo2011-12CM-JuJitsu-IKF-150.jpg 157w\" sizes=\"(max-width: 133px) 100vw, 133px\" \/>Erfolgreiche Pr\u00fcfung im Kobudo und Bojutsu<\/strong><\/p><p>Am 09.12.2023 fand bei der Kampfsportabteilung eine Pr\u00fcfung im Kobukai Kobudo und Bojutsu nach den Richtlinien der International Kobudo Federation IKF statt. Kobudo ist ein Sammelbegriff f\u00fcr verschiedene Waffensysteme. Soke Vlado Schmidt modifizierte f\u00fcr sein Kobukai Kobudo die Techniken des traditionellen Kobudo und passte diese an die europ\u00e4ischen Verh\u00e4ltnisse und Bed\u00fcrfnisse an. Das Bojutsu bzw. Sutekki Ryu ist ein Teil des Kobudo. Hier kommt ausschlie\u00dflich der Hanbo (90cm Stock) bzw. die Kr\u00fccke\/Spazierstock zum Einsatz.<\/p><p>Fabian Epple und Etienne Pudell stellten sich den Pr\u00fcfungen in beiden Disziplinen. Gepr\u00fcft wurde ein umfangreiches Programm mit einer ausf\u00fchrlichen Demonstration der Grundschule (s\u00e4mtlicher Sto\u00df-, Schlag-, Block- und Fegetechniken mit dem Hanbo), der Fallschule mit Stock und einer Geschicklichkeits-Kata. Die Grundschule beinhaltet auch die Bewegungslehre. Bei der Pr\u00fcfung im Bojutsu folgte dann noch eine Vielzahl an Verteidigungstechniken, die mit Partner gegen verschiedene Angriffe demonstriert werden mussten.<\/p><p>Trainer und Pr\u00fcfer Matthias Weiss war mit den gezeigten Leistungen der beiden Pr\u00fcflinge in beiden Disziplinen sehr zufrieden und konnte beiden zur erfolgreich bestandenen Pr\u00fcfung gratulieren und die wohlverdienten Urkunden \u00fcberreichen.<\/p><p>Die Pr\u00fcfung zum <b>5. Kyu<\/b>, dem gelben G\u00fcrtel, im <b>Kobukai Kobudo<\/b> und<br \/><img decoding=\"async\" class=\"alignnone size-full wp-image-363\" src=\"https:\/\/www.kampfsport-dagersheim.de\/wp-content\/uploads\/2019\/12\/8Gelb50.jpg\" alt=\"\" width=\"87\" height=\"35\" \/><br \/>die Pr\u00fcfung zum <b>5. Kyu<\/b>, dem gelben G\u00fcrtel, im <b>Bojutsu<\/b> bestanden:<br \/><img decoding=\"async\" class=\"size-full wp-image-363 alignnone\" style=\"color: var( --e-global-color-text ); font-family: var( --e-global-typography-text-font-family ), Sans-serif; font-weight: var( --e-global-typography-text-font-weight ); font-size: 1rem;\" src=\"https:\/\/www.kampfsport-dagersheim.de\/wp-content\/uploads\/2019\/12\/8Gelb50.jpg\" alt=\"\" width=\"87\" height=\"35\" \/><br \/><b>Fabian Epple und Etienne Pudell<\/b><\/p><p>Herzlichen Gl\u00fcckwunsch.<\/p><p>\u00a0<\/p>\t\t\t\t\t\t\t\t<\/div>\n\t\t\t\t<\/div>\n\t\t\t\t\t<\/div>\n\t\t<\/div>\n\t\t\t\t\t<\/div>\n\t\t<\/section>\n\t\t\t\t<section class=\"elementor-section elementor-top-section elementor-element elementor-element-3024ed3 elementor-section-boxed elementor-section-height-default elementor-section-height-default\" data-id=\"3024ed3\" data-element_type=\"section\" data-e-type=\"section\">\n\t\t\t\t\t\t<div class=\"elementor-container elementor-column-gap-default\">\n\t\t\t\t\t<div class=\"elementor-column elementor-col-100 elementor-top-column elementor-element elementor-element-40aeb6f\" data-id=\"40aeb6f\" data-element_type=\"column\" data-e-type=\"column\">\n\t\t\t<div class=\"elementor-widget-wrap elementor-element-populated\">\n\t\t\t\t\t\t<div class=\"elementor-element elementor-element-54d923b elementor-widget elementor-widget-image\" data-id=\"54d923b\" data-element_type=\"widget\" data-e-type=\"widget\" data-widget_type=\"image.default\">\n\t\t\t\t<div class=\"elementor-widget-container\">\n\t\t\t\t\t\t\t\t\t\t\t\t\t\t\t\t<a href=\"https:\/\/www.kampfsport-dagersheim.de\/wp-content\/uploads\/2023\/12\/Pruefer-und-Prueflinge-scaled.jpg\" data-elementor-open-lightbox=\"yes\" data-elementor-lightbox-title=\"Pruefer und Prueflinge\" data-e-action-hash=\"#elementor-action%3Aaction%3Dlightbox%26settings%3DeyJpZCI6MzUwNiwidXJsIjoiaHR0cHM6XC9cL3d3dy5rYW1wZnNwb3J0LWRhZ2Vyc2hlaW0uZGVcL3dwLWNvbnRlbnRcL3VwbG9hZHNcLzIwMjNcLzEyXC9QcnVlZmVyLXVuZC1QcnVlZmxpbmdlLXNjYWxlZC5qcGcifQ%3D%3D\">\n\t\t\t\t\t\t\t<img loading=\"lazy\" decoding=\"async\" width=\"740\" height=\"587\" src=\"https:\/\/www.kampfsport-dagersheim.de\/wp-content\/uploads\/2023\/12\/Pruefer-und-Prueflinge-1024x812.jpg\" class=\"attachment-large size-large wp-image-3506\" alt=\"\" srcset=\"https:\/\/www.kampfsport-dagersheim.de\/wp-content\/uploads\/2023\/12\/Pruefer-und-Prueflinge-1024x812.jpg 1024w, https:\/\/www.kampfsport-dagersheim.de\/wp-content\/uploads\/2023\/12\/Pruefer-und-Prueflinge-300x238.jpg 300w, https:\/\/www.kampfsport-dagersheim.de\/wp-content\/uploads\/2023\/12\/Pruefer-und-Prueflinge-768x609.jpg 768w, https:\/\/www.kampfsport-dagersheim.de\/wp-content\/uploads\/2023\/12\/Pruefer-und-Prueflinge-1536x1217.jpg 1536w, https:\/\/www.kampfsport-dagersheim.de\/wp-content\/uploads\/2023\/12\/Pruefer-und-Prueflinge-2048x1623.jpg 2048w\" sizes=\"100vw\" \/>\t\t\t\t\t\t\t\t<\/a>\n\t\t\t\t\t\t\t\t\t\t\t\t\t\t\t<\/div>\n\t\t\t\t<\/div>\n\t\t\t\t\t<\/div>\n\t\t<\/div>\n\t\t\t\t\t<\/div>\n\t\t<\/section>\n\t\t\t\t<\/div>\n\t\t","protected":false},"excerpt":{"rendered":"<p>Erfolgreiche Pr\u00fcfung im Kobudo und Bojutsu Am 09.12.2023 fand bei der Kampfsportabteilung eine Pr\u00fcfung im Kobukai Kobudo und Bojutsu nach den Richtlinien der International Kobudo Federation IKF statt. Kobudo ist ein Sammelbegriff f\u00fcr verschiedene Waffensysteme. Soke Vlado Schmidt modifizierte f\u00fcr sein Kobukai Kobudo die Techniken des traditionellen Kobudo und passte diese an die europ\u00e4ischen Verh\u00e4ltnisse &hellip; <\/p>\n<p class=\"link-more\"><a href=\"https:\/\/www.kampfsport-dagersheim.de\/?page_id=3499\" class=\"more-link\"><span class=\"screen-reader-text\">\u201ePr\u00fcfungen Kobukai Kobudo und Bojutsu, Dez 2023\u201c <\/span>weiterlesen<\/a><\/p>\n","protected":false},"author":1,"featured_media":0,"parent":0,"menu_order":0,"comment_status":"closed","ping_status":"closed","template":"","meta":{"footnotes":""},"class_list":["post-3499","page","type-page","status-publish","hentry"],"_links":{"self":[{"href":"https:\/\/www.kampfsport-dagersheim.de\/index.php?rest_route=\/wp\/v2\/pages\/3499","targetHints":{"allow":["GET"]}}],"collection":[{"href":"https:\/\/www.kampfsport-dagersheim.de\/index.php?rest_route=\/wp\/v2\/pages"}],"about":[{"href":"https:\/\/www.kampfsport-dagersheim.de\/index.php?rest_route=\/wp\/v2\/types\/page"}],"author":[{"embeddable":true,"href":"https:\/\/www.kampfsport-dagersheim.de\/index.php?rest_route=\/wp\/v2\/users\/1"}],"replies":[{"embeddable":true,"href":"https:\/\/www.kampfsport-dagersheim.de\/index.php?rest_route=%2Fwp%2Fv2%2Fcomments&post=3499"}],"version-history":[{"count":5,"href":"https:\/\/www.kampfsport-dagersheim.de\/index.php?rest_route=\/wp\/v2\/pages\/3499\/revisions"}],"predecessor-version":[{"id":3509,"href":"https:\/\/www.kampfsport-dagersheim.de\/index.php?rest_route=\/wp\/v2\/pages\/3499\/revisions\/3509"}],"wp:attachment":[{"href":"https:\/\/www.kampfsport-dagersheim.de\/index.php?rest_route=%2Fwp%2Fv2%2Fmedia&parent=3499"}],"curies":[{"name":"wp","href":"https:\/\/api.w.org\/{rel}","templated":true}]}}