{"id":3470,"date":"2023-12-17T19:04:18","date_gmt":"2023-12-17T18:04:18","guid":{"rendered":"https:\/\/www.kampfsport-dagersheim.de\/?page_id=3470"},"modified":"2023-12-17T19:43:46","modified_gmt":"2023-12-17T18:43:46","slug":"karate-pruefung-dezember-2023","status":"publish","type":"page","link":"https:\/\/www.kampfsport-dagersheim.de\/?page_id=3470","title":{"rendered":"Karate Pr\u00fcfung Dezember 2023"},"content":{"rendered":"\t\t<div data-elementor-type=\"wp-page\" data-elementor-id=\"3470\" class=\"elementor elementor-3470\">\n\t\t\t\t\t\t<section class=\"elementor-section elementor-top-section elementor-element elementor-element-3cf1c753 elementor-section-boxed elementor-section-height-default elementor-section-height-default\" data-id=\"3cf1c753\" data-element_type=\"section\" data-e-type=\"section\">\n\t\t\t\t\t\t<div class=\"elementor-container elementor-column-gap-default\">\n\t\t\t\t\t<div class=\"elementor-column elementor-col-100 elementor-top-column elementor-element elementor-element-1a7f5e57\" data-id=\"1a7f5e57\" data-element_type=\"column\" data-e-type=\"column\">\n\t\t\t<div class=\"elementor-widget-wrap elementor-element-populated\">\n\t\t\t\t\t\t<div class=\"elementor-element elementor-element-4072e646 elementor-widget elementor-widget-text-editor\" data-id=\"4072e646\" data-element_type=\"widget\" data-e-type=\"widget\" data-widget_type=\"text-editor.default\">\n\t\t\t\t<div class=\"elementor-widget-container\">\n\t\t\t\t\t\t\t\t\t<p><strong><img decoding=\"async\" class=\"size-full wp-image-1419 alignright\" src=\"https:\/\/www.kampfsport-dagersheim.de\/wp-content\/uploads\/2020\/01\/newlogo2011-12CM-JuJitsu-KVBW-150.jpg\" alt=\"\" width=\"150\" height=\"274\" \/>Erfolgreiche Karate-Pr\u00fcfung <\/strong><\/p><p>Am Dienstag, 12.12.2023 fand die 2. grosse Pr\u00fcfung im Jahr 2023 f\u00fcr die Karatekas statt.<\/p><p>Bei den Kids haben sich 15 Teilnehmer der Pr\u00fcfung zum n\u00e4chsten Kyu-Grad gestellt. Diese wurden seit September von ihren Trainern Jens H\u00e4cker und Michael Klengel vorbereitet und konnten jetzt am Ende vom Pr\u00fcfer Michael Klengel die Pr\u00fcfungsurkunden entgegennehmen.<\/p><p><strong>zum 8. Kyu (gelb) haben bestanden:<img decoding=\"async\" class=\"size-full wp-image-363 alignleft\" src=\"https:\/\/www.kampfsport-dagersheim.de\/wp-content\/uploads\/2019\/12\/8Gelb50.jpg\" alt=\"\" width=\"87\" height=\"35\" \/><\/strong><\/p><ul><li style=\"list-style-type: none;\"><ul><li><span style=\"font-size: 1rem;\">Rosario Pergola<\/span><\/li><li>Gioele Isoldi<\/li><li>Samuele Isoldi<\/li><li>Lina Marie Knorr<\/li><li>Anahi Kopecek<\/li><li>Vivien Kretschmann<\/li><li>Elia M\u00fcller<\/li><li>Jenny Nguyen<\/li><\/ul><\/li><\/ul><p><strong><img decoding=\"async\" class=\"size-full wp-image-361 alignleft\" src=\"https:\/\/www.kampfsport-dagersheim.de\/wp-content\/uploads\/2019\/12\/7Orange50.jpg\" alt=\"\" width=\"87\" height=\"35\" \/>zum 7. Kyu (orange) haben bestanden:<\/strong><\/p><ul><li style=\"list-style-type: none;\"><ul><li>Lucija Eres<\/li><li>Paul G\u00fcnther<\/li><li>Luca K\u00f6nig<\/li><li>Sofia Longo<\/li><li>Maya Pranjic<\/li><li>Luisa Schlange<\/li><\/ul><\/li><\/ul><p><img loading=\"lazy\" decoding=\"async\" class=\"size-full wp-image-360 alignleft\" src=\"https:\/\/www.kampfsport-dagersheim.de\/wp-content\/uploads\/2019\/12\/6Gruen50.jpg\" alt=\"\" width=\"87\" height=\"35\" \/><\/p><p><strong>zum 6. Kyu (gr\u00fcn) hat bestanden:<\/strong><\/p><ul><li style=\"list-style-type: none;\"><ul><li>David H\u00e4cker<\/li><\/ul><\/li><\/ul><p>Bei den Erwachsenen waren es 3 Teilnehmer, die sich der Pr\u00fcfung zum n\u00e4chsten Kyu-Grad gestellt haben.<\/p><p><strong><img decoding=\"async\" class=\"size-full wp-image-361 alignleft\" src=\"https:\/\/www.kampfsport-dagersheim.de\/wp-content\/uploads\/2019\/12\/7Orange50.jpg\" alt=\"\" width=\"87\" height=\"35\" \/><img loading=\"lazy\" decoding=\"async\" class=\" wp-image-3476 alignright\" src=\"https:\/\/www.kampfsport-dagersheim.de\/wp-content\/uploads\/2023\/12\/KaratePrf2-207x300.jpg\" alt=\"\" width=\"177\" height=\"256\" srcset=\"https:\/\/www.kampfsport-dagersheim.de\/wp-content\/uploads\/2023\/12\/KaratePrf2-207x300.jpg 207w, https:\/\/www.kampfsport-dagersheim.de\/wp-content\/uploads\/2023\/12\/KaratePrf2.jpg 392w\" sizes=\"(max-width: 177px) 100vw, 177px\" \/><img loading=\"lazy\" decoding=\"async\" class=\" wp-image-3477 alignright\" src=\"https:\/\/www.kampfsport-dagersheim.de\/wp-content\/uploads\/2023\/12\/KaratePrf1-185x300.jpg\" alt=\"\" width=\"159\" height=\"258\" srcset=\"https:\/\/www.kampfsport-dagersheim.de\/wp-content\/uploads\/2023\/12\/KaratePrf1-185x300.jpg 185w, https:\/\/www.kampfsport-dagersheim.de\/wp-content\/uploads\/2023\/12\/KaratePrf1.jpg 352w\" sizes=\"(max-width: 159px) 100vw, 159px\" \/>zum 7. Kyu (orange) hat best<\/strong><strong style=\"font-size: 1rem;\">anden:<\/strong><\/p><ul><li style=\"list-style-type: none;\"><ul><li>Daniele Trumino<\/li><\/ul><\/li><\/ul><p><strong><img loading=\"lazy\" decoding=\"async\" class=\"size-full wp-image-355 alignleft\" src=\"https:\/\/www.kampfsport-dagersheim.de\/wp-content\/uploads\/2019\/12\/2Braun50.jpg\" alt=\"\" width=\"87\" height=\"35\" \/>zum 2. Kyu (2. Brauner G\u00fcrtel) haben bestanden:<\/strong><\/p><ul><li style=\"list-style-type: none;\"><ul><li>\u00a0Paul Oswald<\/li><li>Marc Oswald<\/li><\/ul><\/li><\/ul><p>Anmerkung:<br \/>Nach einer \u00fcber 8-monatigen intensiven Vorbereitung, haben Paul und Marc mit einer sehr guten Leistung die Pr\u00fcfung gemeistert.<\/p><p><em>Dagersheim, 12.12.2023<\/em><br \/><em>Bericht: Michael Klengel<\/em><br \/><em>Bilder: Daniele Trumino, Marc Oswald<\/em><\/p>\t\t\t\t\t\t\t\t<\/div>\n\t\t\t\t<\/div>\n\t\t\t\t\t<\/div>\n\t\t<\/div>\n\t\t\t\t\t<\/div>\n\t\t<\/section>\n\t\t\t\t<section class=\"elementor-section elementor-top-section elementor-element elementor-element-2205f26 elementor-section-boxed elementor-section-height-default elementor-section-height-default\" data-id=\"2205f26\" data-element_type=\"section\" data-e-type=\"section\">\n\t\t\t\t\t\t<div class=\"elementor-container elementor-column-gap-default\">\n\t\t\t\t\t<div class=\"elementor-column elementor-col-50 elementor-top-column elementor-element elementor-element-4e1e73a\" data-id=\"4e1e73a\" data-element_type=\"column\" data-e-type=\"column\">\n\t\t\t<div class=\"elementor-widget-wrap elementor-element-populated\">\n\t\t\t\t\t\t<div class=\"elementor-element elementor-element-89393d4 elementor-widget elementor-widget-image\" data-id=\"89393d4\" data-element_type=\"widget\" data-e-type=\"widget\" data-widget_type=\"image.default\">\n\t\t\t\t<div class=\"elementor-widget-container\">\n\t\t\t\t\t\t\t\t\t\t\t\t\t\t\t\t<a href=\"https:\/\/www.kampfsport-dagersheim.de\/wp-content\/uploads\/2023\/12\/KaratePrf1.jpg\" data-elementor-open-lightbox=\"yes\" data-elementor-lightbox-title=\"KaratePrf1\" data-e-action-hash=\"#elementor-action%3Aaction%3Dlightbox%26settings%3DeyJpZCI6MzQ3NywidXJsIjoiaHR0cHM6XC9cL3d3dy5rYW1wZnNwb3J0LWRhZ2Vyc2hlaW0uZGVcL3dwLWNvbnRlbnRcL3VwbG9hZHNcLzIwMjNcLzEyXC9LYXJhdGVQcmYxLmpwZyJ9\">\n\t\t\t\t\t\t\t<img loading=\"lazy\" decoding=\"async\" width=\"352\" height=\"570\" src=\"https:\/\/www.kampfsport-dagersheim.de\/wp-content\/uploads\/2023\/12\/KaratePrf1.jpg\" class=\"attachment-large size-large wp-image-3477\" alt=\"\" srcset=\"https:\/\/www.kampfsport-dagersheim.de\/wp-content\/uploads\/2023\/12\/KaratePrf1.jpg 352w, https:\/\/www.kampfsport-dagersheim.de\/wp-content\/uploads\/2023\/12\/KaratePrf1-185x300.jpg 185w\" sizes=\"100vw\" \/>\t\t\t\t\t\t\t\t<\/a>\n\t\t\t\t\t\t\t\t\t\t\t\t\t\t\t<\/div>\n\t\t\t\t<\/div>\n\t\t\t\t\t<\/div>\n\t\t<\/div>\n\t\t\t\t<div class=\"elementor-column elementor-col-50 elementor-top-column elementor-element elementor-element-826b4ff\" data-id=\"826b4ff\" data-element_type=\"column\" data-e-type=\"column\">\n\t\t\t<div class=\"elementor-widget-wrap elementor-element-populated\">\n\t\t\t\t\t\t<div class=\"elementor-element elementor-element-4c115ed elementor-widget elementor-widget-image\" data-id=\"4c115ed\" data-element_type=\"widget\" data-e-type=\"widget\" data-widget_type=\"image.default\">\n\t\t\t\t<div class=\"elementor-widget-container\">\n\t\t\t\t\t\t\t\t\t\t\t\t\t\t\t\t<a href=\"https:\/\/www.kampfsport-dagersheim.de\/wp-content\/uploads\/2023\/12\/KaratePrf2.jpg\" data-elementor-open-lightbox=\"yes\" data-elementor-lightbox-title=\"KaratePrf2\" data-e-action-hash=\"#elementor-action%3Aaction%3Dlightbox%26settings%3DeyJpZCI6MzQ3NiwidXJsIjoiaHR0cHM6XC9cL3d3dy5rYW1wZnNwb3J0LWRhZ2Vyc2hlaW0uZGVcL3dwLWNvbnRlbnRcL3VwbG9hZHNcLzIwMjNcLzEyXC9LYXJhdGVQcmYyLmpwZyJ9\">\n\t\t\t\t\t\t\t<img loading=\"lazy\" decoding=\"async\" width=\"392\" height=\"569\" src=\"https:\/\/www.kampfsport-dagersheim.de\/wp-content\/uploads\/2023\/12\/KaratePrf2.jpg\" class=\"attachment-large size-large wp-image-3476\" alt=\"\" srcset=\"https:\/\/www.kampfsport-dagersheim.de\/wp-content\/uploads\/2023\/12\/KaratePrf2.jpg 392w, https:\/\/www.kampfsport-dagersheim.de\/wp-content\/uploads\/2023\/12\/KaratePrf2-207x300.jpg 207w\" sizes=\"100vw\" \/>\t\t\t\t\t\t\t\t<\/a>\n\t\t\t\t\t\t\t\t\t\t\t\t\t\t\t<\/div>\n\t\t\t\t<\/div>\n\t\t\t\t\t<\/div>\n\t\t<\/div>\n\t\t\t\t\t<\/div>\n\t\t<\/section>\n\t\t\t\t<\/div>\n\t\t","protected":false},"excerpt":{"rendered":"<p>Erfolgreiche Karate-Pr\u00fcfung Am Dienstag, 12.12.2023 fand die 2. grosse Pr\u00fcfung im Jahr 2023 f\u00fcr die Karatekas statt. Bei den Kids haben sich 15 Teilnehmer der Pr\u00fcfung zum n\u00e4chsten Kyu-Grad gestellt. Diese wurden seit September von ihren Trainern Jens H\u00e4cker und Michael Klengel vorbereitet und konnten jetzt am Ende vom Pr\u00fcfer Michael Klengel die Pr\u00fcfungsurkunden entgegennehmen. &hellip; <\/p>\n<p class=\"link-more\"><a href=\"https:\/\/www.kampfsport-dagersheim.de\/?page_id=3470\" class=\"more-link\"><span class=\"screen-reader-text\">\u201eKarate Pr\u00fcfung Dezember 2023\u201c <\/span>weiterlesen<\/a><\/p>\n","protected":false},"author":1,"featured_media":0,"parent":0,"menu_order":0,"comment_status":"closed","ping_status":"closed","template":"","meta":{"footnotes":""},"class_list":["post-3470","page","type-page","status-publish","hentry"],"_links":{"self":[{"href":"https:\/\/www.kampfsport-dagersheim.de\/index.php?rest_route=\/wp\/v2\/pages\/3470","targetHints":{"allow":["GET"]}}],"collection":[{"href":"https:\/\/www.kampfsport-dagersheim.de\/index.php?rest_route=\/wp\/v2\/pages"}],"about":[{"href":"https:\/\/www.kampfsport-dagersheim.de\/index.php?rest_route=\/wp\/v2\/types\/page"}],"author":[{"embeddable":true,"href":"https:\/\/www.kampfsport-dagersheim.de\/index.php?rest_route=\/wp\/v2\/users\/1"}],"replies":[{"embeddable":true,"href":"https:\/\/www.kampfsport-dagersheim.de\/index.php?rest_route=%2Fwp%2Fv2%2Fcomments&post=3470"}],"version-history":[{"count":14,"href":"https:\/\/www.kampfsport-dagersheim.de\/index.php?rest_route=\/wp\/v2\/pages\/3470\/revisions"}],"predecessor-version":[{"id":3494,"href":"https:\/\/www.kampfsport-dagersheim.de\/index.php?rest_route=\/wp\/v2\/pages\/3470\/revisions\/3494"}],"wp:attachment":[{"href":"https:\/\/www.kampfsport-dagersheim.de\/index.php?rest_route=%2Fwp%2Fv2%2Fmedia&parent=3470"}],"curies":[{"name":"wp","href":"https:\/\/api.w.org\/{rel}","templated":true}]}}