{"id":3439,"date":"2023-12-03T18:59:33","date_gmt":"2023-12-03T17:59:33","guid":{"rendered":"http:\/\/www.kampfsport-dagersheim.de\/?page_id=3439"},"modified":"2023-12-03T19:46:33","modified_gmt":"2023-12-03T18:46:33","slug":"int-lehrgang-kobudo-ju-jutsu-aikido-hokutoryu-november-2023","status":"publish","type":"page","link":"https:\/\/www.kampfsport-dagersheim.de\/?page_id=3439","title":{"rendered":"Int. Lehrgang Kobudo \/ Ju-Jutsu \/ Aikido \/ Hokutoryu, November 2023"},"content":{"rendered":"\t\t<div data-elementor-type=\"wp-page\" data-elementor-id=\"3439\" class=\"elementor elementor-3439\">\n\t\t\t\t\t\t<section class=\"elementor-section elementor-top-section elementor-element elementor-element-19509b70 elementor-section-boxed elementor-section-height-default elementor-section-height-default\" data-id=\"19509b70\" data-element_type=\"section\" data-e-type=\"section\">\n\t\t\t\t\t\t<div class=\"elementor-container elementor-column-gap-default\">\n\t\t\t\t\t<div class=\"elementor-column elementor-col-100 elementor-top-column elementor-element elementor-element-3cf7c437\" data-id=\"3cf7c437\" data-element_type=\"column\" data-e-type=\"column\">\n\t\t\t<div class=\"elementor-widget-wrap elementor-element-populated\">\n\t\t\t\t\t\t<div class=\"elementor-element elementor-element-48e3318c elementor-widget elementor-widget-text-editor\" data-id=\"48e3318c\" data-element_type=\"widget\" data-e-type=\"widget\" data-widget_type=\"text-editor.default\">\n\t\t\t\t<div class=\"elementor-widget-container\">\n\t\t\t\t\t\t\t\t\t<p><strong><img fetchpriority=\"high\" decoding=\"async\" class=\"size-medium wp-image-3245 alignright\" src=\"https:\/\/www.kampfsport-dagersheim.de\/wp-content\/uploads\/2023\/08\/WJJV-IKF-300x185.jpg\" alt=\"\" width=\"300\" height=\"185\" srcset=\"https:\/\/www.kampfsport-dagersheim.de\/wp-content\/uploads\/2023\/08\/WJJV-IKF-300x185.jpg 300w, https:\/\/www.kampfsport-dagersheim.de\/wp-content\/uploads\/2023\/08\/WJJV-IKF.jpg 468w\" sizes=\"(max-width: 300px) 100vw, 300px\" \/>Internationaler Lehrgang des WJJV e.V. in Hildrizhausen<\/strong><\/p><p>Am letzten Novemberwochenende fand in Hildrizhausen ein Lehrgang des W\u00fcrttembergischen Jujutsu Verbandes e.V. mit den Themen Kobudo, Aikido, Ju-Jutsu und Hokutoryu statt. Die Teilnehmer erwartete ein internationales, hochkar\u00e4tiges Referenten-Team:<br \/><span style=\"font-size: 1rem;\">Soke, Shihan G\u00fcnter Painter (9. Dan Kobukai Kobudo), \u00d6sterreich <img decoding=\"async\" class=\"alignnone size-full wp-image-3445\" src=\"https:\/\/www.kampfsport-dagersheim.de\/wp-content\/uploads\/2023\/12\/FlaggeAustria2015.jpg\" alt=\"\" width=\"19\" height=\"14\" \/><br \/><\/span>Shihan Dr. Danimir Cerkez (7. Dan Ju-Jutsu), Deutschland <img decoding=\"async\" class=\"alignnone size-full wp-image-3447\" src=\"https:\/\/www.kampfsport-dagersheim.de\/wp-content\/uploads\/2023\/12\/FlaggeGermany2015.jpg\" alt=\"\" width=\"20\" height=\"15\" \/><br \/>Shihan Thilo Sch\u00fcle (7. Dan Ju-Jutsu), Deutschland <img decoding=\"async\" class=\"alignnone size-full wp-image-3447\" src=\"https:\/\/www.kampfsport-dagersheim.de\/wp-content\/uploads\/2023\/12\/FlaggeGermany2015.jpg\" alt=\"\" width=\"20\" height=\"15\" \/><br \/>Shihan Kari Lehtonen (6. Dan Hokutoryu Ju-Jutsu), Finnland <img loading=\"lazy\" decoding=\"async\" class=\"alignnone size-full wp-image-3446\" src=\"https:\/\/www.kampfsport-dagersheim.de\/wp-content\/uploads\/2023\/12\/FlaggeFinland2015.jpg\" alt=\"\" width=\"19\" height=\"14\" \/><br \/>Sensei Michael Szabo (3. Dan Jiu-Jitsu, 1. Dan Aikido), \u00d6sterreich <img decoding=\"async\" class=\"alignnone size-full wp-image-3445\" src=\"https:\/\/www.kampfsport-dagersheim.de\/wp-content\/uploads\/2023\/12\/FlaggeAustria2015.jpg\" alt=\"\" width=\"19\" height=\"14\" \/><\/p><p>Zahlreiche Teilnehmer, davon auch 12 aus der Kampfsportabteilung des TSV Dagersheim, folgten gerne der Einladung. Am Samstag wurde auf 3 Trainingsfl\u00e4chen, am Sonntag auf 2 Trainingsfl\u00e4chen parallel unterrichtet. Soke G\u00fcnter Painter, Pr\u00e4sident der International Kobudo Federation IKF ging bei dem Lehrgang auf die Themen Vielf\u00e4ltigkeit und Vielseitigkeit im Ju-Jutsu ein. Shihan Dr. Danimir Cerkez, Leiter des Landesdankollegium LDK e.V. unterrichtete die Verteidigung gegen Messer und mit Messer sowie die Verteidigung mit Ring aus dem Kobukai Kobudo. Shihan Thilo Sch\u00fcle, Pr\u00e4sident des WJJV e.V. hatte Trainingseinheiten unter anderem mit dem Hanbo und Shihan Kari Lehtonen aus Finnland brachte den Teilnehmern Techniken aus dem Hokutoryu Ju-Jutsu n\u00e4her. Das Thema Aikido deckte bei den Trainingseinheiten Sensei Michael Szabo ab. An alle Referenten ein herzliches Dankesch\u00f6n f\u00fcr die vielseitigen und interessanten Trainingseinheiten. Hier war f\u00fcr jeden etwas dabei und die gute Resonanz der Teilnehmer best\u00e4tigte die Auswahl der Themen und Referenten.<\/p><p>Danke auch an das Team der Jujutsu-Abteilung des TSV Hildrizhausen f\u00fcr die gute Organisation und Verpflegung der Teilnehmer. Zwischen den Trainingseinheiten standen Getr\u00e4nke, Kaffee, Kuchen und Brezeln zur St\u00e4rkung bereit.<\/p><p>Am Samstag nach dem Lehrgang lie\u00dfen wir den Tag bei einem gemeinsamen Essen im Sportheim Hildrizhausen ausklingen und st\u00e4rkten uns f\u00fcr den bevorstehenden Trainingstag am Sonntag Vormittag.<\/p><p>Auch uns hat es viel Spa\u00df gemacht und wir sind n\u00e4chstes Jahr gerne wieder dabei, wenn der WJJV e.V. in Kooperation mit der IKF zum internationalen Lehrgang einl\u00e4dt.<\/p><p>\u00a0<\/p>\t\t\t\t\t\t\t\t<\/div>\n\t\t\t\t<\/div>\n\t\t\t\t\t<\/div>\n\t\t<\/div>\n\t\t\t\t\t<\/div>\n\t\t<\/section>\n\t\t\t\t<section class=\"elementor-section elementor-top-section elementor-element elementor-element-fceecf2 elementor-section-boxed elementor-section-height-default elementor-section-height-default\" data-id=\"fceecf2\" data-element_type=\"section\" data-e-type=\"section\">\n\t\t\t\t\t\t<div class=\"elementor-container elementor-column-gap-default\">\n\t\t\t\t\t<div class=\"elementor-column elementor-col-50 elementor-top-column elementor-element elementor-element-9bb36ca\" data-id=\"9bb36ca\" data-element_type=\"column\" data-e-type=\"column\">\n\t\t\t<div class=\"elementor-widget-wrap elementor-element-populated\">\n\t\t\t\t\t\t<div class=\"elementor-element elementor-element-a2f142b elementor-widget elementor-widget-image\" data-id=\"a2f142b\" data-element_type=\"widget\" data-e-type=\"widget\" data-widget_type=\"image.default\">\n\t\t\t\t<div class=\"elementor-widget-container\">\n\t\t\t\t\t\t\t\t\t\t\t\t<figure class=\"wp-caption\">\n\t\t\t\t\t\t\t\t\t\t\t<a href=\"https:\/\/www.kampfsport-dagersheim.de\/wp-content\/uploads\/2023\/12\/Gruppenbild-25112023-mLog-scaled.jpg\" data-elementor-open-lightbox=\"yes\" data-elementor-lightbox-title=\"Gruppenbild-25112023-mLog\" data-e-action-hash=\"#elementor-action%3Aaction%3Dlightbox%26settings%3DeyJpZCI6MzQ1MCwidXJsIjoiaHR0cHM6XC9cL3d3dy5rYW1wZnNwb3J0LWRhZ2Vyc2hlaW0uZGVcL3dwLWNvbnRlbnRcL3VwbG9hZHNcLzIwMjNcLzEyXC9HcnVwcGVuYmlsZC0yNTExMjAyMy1tTG9nLXNjYWxlZC5qcGcifQ%3D%3D\">\n\t\t\t\t\t\t\t<img loading=\"lazy\" decoding=\"async\" width=\"740\" height=\"276\" src=\"https:\/\/www.kampfsport-dagersheim.de\/wp-content\/uploads\/2023\/12\/Gruppenbild-25112023-mLog-1024x382.jpg\" class=\"attachment-large size-large wp-image-3450\" alt=\"\" srcset=\"https:\/\/www.kampfsport-dagersheim.de\/wp-content\/uploads\/2023\/12\/Gruppenbild-25112023-mLog-1024x382.jpg 1024w, https:\/\/www.kampfsport-dagersheim.de\/wp-content\/uploads\/2023\/12\/Gruppenbild-25112023-mLog-300x112.jpg 300w, https:\/\/www.kampfsport-dagersheim.de\/wp-content\/uploads\/2023\/12\/Gruppenbild-25112023-mLog-768x287.jpg 768w, https:\/\/www.kampfsport-dagersheim.de\/wp-content\/uploads\/2023\/12\/Gruppenbild-25112023-mLog-1536x574.jpg 1536w, https:\/\/www.kampfsport-dagersheim.de\/wp-content\/uploads\/2023\/12\/Gruppenbild-25112023-mLog-2048x765.jpg 2048w\" sizes=\"100vw\" \/>\t\t\t\t\t\t\t\t<\/a>\n\t\t\t\t\t\t\t\t\t\t\t<figcaption class=\"widget-image-caption wp-caption-text\">Lehrgangsteilnehmer mit Referenten, Sa 25.11.2023<\/figcaption>\n\t\t\t\t\t\t\t\t\t\t<\/figure>\n\t\t\t\t\t\t\t\t\t<\/div>\n\t\t\t\t<\/div>\n\t\t\t\t\t<\/div>\n\t\t<\/div>\n\t\t\t\t<div class=\"elementor-column elementor-col-50 elementor-top-column elementor-element elementor-element-5156ba8\" data-id=\"5156ba8\" data-element_type=\"column\" data-e-type=\"column\">\n\t\t\t<div class=\"elementor-widget-wrap elementor-element-populated\">\n\t\t\t\t\t\t<div class=\"elementor-element elementor-element-5f98010 elementor-widget elementor-widget-image\" data-id=\"5f98010\" data-element_type=\"widget\" data-e-type=\"widget\" data-widget_type=\"image.default\">\n\t\t\t\t<div class=\"elementor-widget-container\">\n\t\t\t\t\t\t\t\t\t\t\t\t<figure class=\"wp-caption\">\n\t\t\t\t\t\t\t\t\t\t\t<a href=\"https:\/\/www.kampfsport-dagersheim.de\/wp-content\/uploads\/2023\/12\/Dagersheimer-Samstag25112023b-scaled.jpg\" data-elementor-open-lightbox=\"yes\" data-elementor-lightbox-title=\"Dagersheimer-Samstag25112023b\" data-e-action-hash=\"#elementor-action%3Aaction%3Dlightbox%26settings%3DeyJpZCI6MzQ0OCwidXJsIjoiaHR0cHM6XC9cL3d3dy5rYW1wZnNwb3J0LWRhZ2Vyc2hlaW0uZGVcL3dwLWNvbnRlbnRcL3VwbG9hZHNcLzIwMjNcLzEyXC9EYWdlcnNoZWltZXItU2Ftc3RhZzI1MTEyMDIzYi1zY2FsZWQuanBnIn0%3D\">\n\t\t\t\t\t\t\t<img loading=\"lazy\" decoding=\"async\" width=\"740\" height=\"364\" src=\"https:\/\/www.kampfsport-dagersheim.de\/wp-content\/uploads\/2023\/12\/Dagersheimer-Samstag25112023b-1024x504.jpg\" class=\"attachment-large size-large wp-image-3448\" alt=\"\" srcset=\"https:\/\/www.kampfsport-dagersheim.de\/wp-content\/uploads\/2023\/12\/Dagersheimer-Samstag25112023b-1024x504.jpg 1024w, https:\/\/www.kampfsport-dagersheim.de\/wp-content\/uploads\/2023\/12\/Dagersheimer-Samstag25112023b-300x148.jpg 300w, https:\/\/www.kampfsport-dagersheim.de\/wp-content\/uploads\/2023\/12\/Dagersheimer-Samstag25112023b-768x378.jpg 768w, https:\/\/www.kampfsport-dagersheim.de\/wp-content\/uploads\/2023\/12\/Dagersheimer-Samstag25112023b-1536x756.jpg 1536w, https:\/\/www.kampfsport-dagersheim.de\/wp-content\/uploads\/2023\/12\/Dagersheimer-Samstag25112023b-2048x1008.jpg 2048w\" sizes=\"100vw\" \/>\t\t\t\t\t\t\t\t<\/a>\n\t\t\t\t\t\t\t\t\t\t\t<figcaption class=\"widget-image-caption wp-caption-text\">Dagersheimer Kampfsportler mit Referenten, 25.11.2023<\/figcaption>\n\t\t\t\t\t\t\t\t\t\t<\/figure>\n\t\t\t\t\t\t\t\t\t<\/div>\n\t\t\t\t<\/div>\n\t\t\t\t\t<\/div>\n\t\t<\/div>\n\t\t\t\t\t<\/div>\n\t\t<\/section>\n\t\t\t\t<section class=\"elementor-section elementor-top-section elementor-element elementor-element-a3effbd elementor-section-boxed elementor-section-height-default elementor-section-height-default\" data-id=\"a3effbd\" data-element_type=\"section\" data-e-type=\"section\">\n\t\t\t\t\t\t<div class=\"elementor-container elementor-column-gap-default\">\n\t\t\t\t\t<div class=\"elementor-column elementor-col-50 elementor-top-column elementor-element elementor-element-74f32fb\" data-id=\"74f32fb\" data-element_type=\"column\" data-e-type=\"column\">\n\t\t\t<div class=\"elementor-widget-wrap elementor-element-populated\">\n\t\t\t\t\t\t<div class=\"elementor-element elementor-element-b2a0a68 elementor-widget elementor-widget-image\" data-id=\"b2a0a68\" data-element_type=\"widget\" data-e-type=\"widget\" data-widget_type=\"image.default\">\n\t\t\t\t<div class=\"elementor-widget-container\">\n\t\t\t\t\t\t\t\t\t\t\t\t<figure class=\"wp-caption\">\n\t\t\t\t\t\t\t\t\t\t\t<a href=\"https:\/\/www.kampfsport-dagersheim.de\/wp-content\/uploads\/2023\/12\/Gruppenbild-26112023-mLog-scaled.jpg\" data-elementor-open-lightbox=\"yes\" data-elementor-lightbox-title=\"Gruppenbild-26112023-mLog\" data-e-action-hash=\"#elementor-action%3Aaction%3Dlightbox%26settings%3DeyJpZCI6MzQ1MSwidXJsIjoiaHR0cHM6XC9cL3d3dy5rYW1wZnNwb3J0LWRhZ2Vyc2hlaW0uZGVcL3dwLWNvbnRlbnRcL3VwbG9hZHNcLzIwMjNcLzEyXC9HcnVwcGVuYmlsZC0yNjExMjAyMy1tTG9nLXNjYWxlZC5qcGcifQ%3D%3D\">\n\t\t\t\t\t\t\t<img loading=\"lazy\" decoding=\"async\" width=\"740\" height=\"382\" src=\"https:\/\/www.kampfsport-dagersheim.de\/wp-content\/uploads\/2023\/12\/Gruppenbild-26112023-mLog-1024x528.jpg\" class=\"attachment-large size-large wp-image-3451\" alt=\"\" srcset=\"https:\/\/www.kampfsport-dagersheim.de\/wp-content\/uploads\/2023\/12\/Gruppenbild-26112023-mLog-1024x528.jpg 1024w, https:\/\/www.kampfsport-dagersheim.de\/wp-content\/uploads\/2023\/12\/Gruppenbild-26112023-mLog-300x155.jpg 300w, https:\/\/www.kampfsport-dagersheim.de\/wp-content\/uploads\/2023\/12\/Gruppenbild-26112023-mLog-768x396.jpg 768w, https:\/\/www.kampfsport-dagersheim.de\/wp-content\/uploads\/2023\/12\/Gruppenbild-26112023-mLog-1536x792.jpg 1536w, https:\/\/www.kampfsport-dagersheim.de\/wp-content\/uploads\/2023\/12\/Gruppenbild-26112023-mLog-2048x1056.jpg 2048w\" sizes=\"100vw\" \/>\t\t\t\t\t\t\t\t<\/a>\n\t\t\t\t\t\t\t\t\t\t\t<figcaption class=\"widget-image-caption wp-caption-text\">Lehrgangsteilnehmer mit Referenten, So 26.11.2023<\/figcaption>\n\t\t\t\t\t\t\t\t\t\t<\/figure>\n\t\t\t\t\t\t\t\t\t<\/div>\n\t\t\t\t<\/div>\n\t\t\t\t\t<\/div>\n\t\t<\/div>\n\t\t\t\t<div class=\"elementor-column elementor-col-50 elementor-top-column elementor-element elementor-element-04a8f30\" data-id=\"04a8f30\" data-element_type=\"column\" data-e-type=\"column\">\n\t\t\t<div class=\"elementor-widget-wrap elementor-element-populated\">\n\t\t\t\t\t\t<div class=\"elementor-element elementor-element-f9686e7 elementor-widget elementor-widget-image\" data-id=\"f9686e7\" data-element_type=\"widget\" data-e-type=\"widget\" data-widget_type=\"image.default\">\n\t\t\t\t<div class=\"elementor-widget-container\">\n\t\t\t\t\t\t\t\t\t\t\t\t<figure class=\"wp-caption\">\n\t\t\t\t\t\t\t\t\t\t\t<a href=\"https:\/\/www.kampfsport-dagersheim.de\/wp-content\/uploads\/2023\/12\/Dagersheimer-Sonntag26112023-scaled.jpg\" data-elementor-open-lightbox=\"yes\" data-elementor-lightbox-title=\"Dagersheimer-Sonntag26112023\" data-e-action-hash=\"#elementor-action%3Aaction%3Dlightbox%26settings%3DeyJpZCI6MzQ0OSwidXJsIjoiaHR0cHM6XC9cL3d3dy5rYW1wZnNwb3J0LWRhZ2Vyc2hlaW0uZGVcL3dwLWNvbnRlbnRcL3VwbG9hZHNcLzIwMjNcLzEyXC9EYWdlcnNoZWltZXItU29ubnRhZzI2MTEyMDIzLXNjYWxlZC5qcGcifQ%3D%3D\">\n\t\t\t\t\t\t\t<img loading=\"lazy\" decoding=\"async\" width=\"740\" height=\"354\" src=\"https:\/\/www.kampfsport-dagersheim.de\/wp-content\/uploads\/2023\/12\/Dagersheimer-Sonntag26112023-1024x490.jpg\" class=\"attachment-large size-large wp-image-3449\" alt=\"\" srcset=\"https:\/\/www.kampfsport-dagersheim.de\/wp-content\/uploads\/2023\/12\/Dagersheimer-Sonntag26112023-1024x490.jpg 1024w, https:\/\/www.kampfsport-dagersheim.de\/wp-content\/uploads\/2023\/12\/Dagersheimer-Sonntag26112023-300x144.jpg 300w, https:\/\/www.kampfsport-dagersheim.de\/wp-content\/uploads\/2023\/12\/Dagersheimer-Sonntag26112023-768x368.jpg 768w, https:\/\/www.kampfsport-dagersheim.de\/wp-content\/uploads\/2023\/12\/Dagersheimer-Sonntag26112023-1536x735.jpg 1536w, https:\/\/www.kampfsport-dagersheim.de\/wp-content\/uploads\/2023\/12\/Dagersheimer-Sonntag26112023-2048x980.jpg 2048w\" sizes=\"100vw\" \/>\t\t\t\t\t\t\t\t<\/a>\n\t\t\t\t\t\t\t\t\t\t\t<figcaption class=\"widget-image-caption wp-caption-text\">Dagersheimer Kampfsportler mit Referenten, 26.11.2023<\/figcaption>\n\t\t\t\t\t\t\t\t\t\t<\/figure>\n\t\t\t\t\t\t\t\t\t<\/div>\n\t\t\t\t<\/div>\n\t\t\t\t\t<\/div>\n\t\t<\/div>\n\t\t\t\t\t<\/div>\n\t\t<\/section>\n\t\t\t\t<\/div>\n\t\t","protected":false},"excerpt":{"rendered":"<p>Internationaler Lehrgang des WJJV e.V. in Hildrizhausen Am letzten Novemberwochenende fand in Hildrizhausen ein Lehrgang des W\u00fcrttembergischen Jujutsu Verbandes e.V. mit den Themen Kobudo, Aikido, Ju-Jutsu und Hokutoryu statt. Die Teilnehmer erwartete ein internationales, hochkar\u00e4tiges Referenten-Team:Soke, Shihan G\u00fcnter Painter (9. Dan Kobukai Kobudo), \u00d6sterreich Shihan Dr. Danimir Cerkez (7. Dan Ju-Jutsu), Deutschland Shihan Thilo Sch\u00fcle &hellip; <\/p>\n<p class=\"link-more\"><a href=\"https:\/\/www.kampfsport-dagersheim.de\/?page_id=3439\" class=\"more-link\"><span class=\"screen-reader-text\">\u201eInt. Lehrgang Kobudo \/ Ju-Jutsu \/ Aikido \/ Hokutoryu, November 2023\u201c <\/span>weiterlesen<\/a><\/p>\n","protected":false},"author":1,"featured_media":0,"parent":0,"menu_order":0,"comment_status":"closed","ping_status":"closed","template":"","meta":{"footnotes":""},"class_list":["post-3439","page","type-page","status-publish","hentry"],"_links":{"self":[{"href":"https:\/\/www.kampfsport-dagersheim.de\/index.php?rest_route=\/wp\/v2\/pages\/3439","targetHints":{"allow":["GET"]}}],"collection":[{"href":"https:\/\/www.kampfsport-dagersheim.de\/index.php?rest_route=\/wp\/v2\/pages"}],"about":[{"href":"https:\/\/www.kampfsport-dagersheim.de\/index.php?rest_route=\/wp\/v2\/types\/page"}],"author":[{"embeddable":true,"href":"https:\/\/www.kampfsport-dagersheim.de\/index.php?rest_route=\/wp\/v2\/users\/1"}],"replies":[{"embeddable":true,"href":"https:\/\/www.kampfsport-dagersheim.de\/index.php?rest_route=%2Fwp%2Fv2%2Fcomments&post=3439"}],"version-history":[{"count":4,"href":"https:\/\/www.kampfsport-dagersheim.de\/index.php?rest_route=\/wp\/v2\/pages\/3439\/revisions"}],"predecessor-version":[{"id":3454,"href":"https:\/\/www.kampfsport-dagersheim.de\/index.php?rest_route=\/wp\/v2\/pages\/3439\/revisions\/3454"}],"wp:attachment":[{"href":"https:\/\/www.kampfsport-dagersheim.de\/index.php?rest_route=%2Fwp%2Fv2%2Fmedia&parent=3439"}],"curies":[{"name":"wp","href":"https:\/\/api.w.org\/{rel}","templated":true}]}}