{"id":3399,"date":"2023-11-28T21:08:39","date_gmt":"2023-11-28T20:08:39","guid":{"rendered":"http:\/\/www.kampfsport-dagersheim.de\/?page_id=3399"},"modified":"2023-11-28T21:39:20","modified_gmt":"2023-11-28T20:39:20","slug":"jujutsu-dan-pruefung-november-2023","status":"publish","type":"page","link":"https:\/\/www.kampfsport-dagersheim.de\/?page_id=3399","title":{"rendered":"Jujutsu Dan-Pr\u00fcfung, November 2023"},"content":{"rendered":"\t\t<div data-elementor-type=\"wp-page\" data-elementor-id=\"3399\" class=\"elementor elementor-3399\">\n\t\t\t\t\t\t<section class=\"elementor-section elementor-top-section elementor-element elementor-element-38ccfb92 elementor-section-boxed elementor-section-height-default elementor-section-height-default\" data-id=\"38ccfb92\" data-element_type=\"section\" data-e-type=\"section\">\n\t\t\t\t\t\t<div class=\"elementor-container elementor-column-gap-default\">\n\t\t\t\t\t<div class=\"elementor-column elementor-col-100 elementor-top-column elementor-element elementor-element-163d0134\" data-id=\"163d0134\" data-element_type=\"column\" data-e-type=\"column\">\n\t\t\t<div class=\"elementor-widget-wrap elementor-element-populated\">\n\t\t\t\t\t\t<div class=\"elementor-element elementor-element-493b31d0 elementor-widget elementor-widget-text-editor\" data-id=\"493b31d0\" data-element_type=\"widget\" data-e-type=\"widget\" data-widget_type=\"text-editor.default\">\n\t\t\t\t<div class=\"elementor-widget-container\">\n\t\t\t\t\t\t\t\t\t<p><strong><img decoding=\"async\" class=\" wp-image-425 alignright\" src=\"https:\/\/www.kampfsport-dagersheim.de\/wp-content\/uploads\/2019\/12\/IKF-Logo-300.jpg\" alt=\"\" width=\"170\" height=\"219\" \/>Erfolgreiche Dan-Pr\u00fcfung f\u00fcr Abteilungsleiter Matthias Weiss\u00a0 \u00a0 \u00a0 \u00a0 \u00a0 <\/strong><\/p><p>Am 25.11.2023 durfte sich Matthias Weiss seiner Pr\u00fcfung zum 3. Dan Jujutsu \/ Jiujitsu der International Kobudo Federation IKF stellen. Pr\u00fcfer waren IKF-Pr\u00e4sident Soke, Shihan G\u00fcnter Painter 9. Dan (\u00d6sterreich) und WJJV Pr\u00e4sident Shihan Thilo Sch\u00fcle 7. Dan (Deutschland).<\/p><p>Nach der Pr\u00fcfung der Vorkenntnisse vom 5. Kyu Gelbgurt bis zum 1. Dan Schwarzgurt folgte der Hauptteil. Dieser bestand aus der Demonstration von Stocktechniken und Gegen- und Weiterf\u00fchrungstechniken. Danach wurden noch Angriffe und Verteidigungen gepr\u00fcft, die von der Kommission frei gew\u00e4hlt wurden. Den Abschluss bildete der Mehrkampf gegen zwei Angreifer, bei dem der Stresslevel nochmal gesteigert wurde.<\/p><p><img fetchpriority=\"high\" decoding=\"async\" class=\"size-medium wp-image-3407 alignright\" src=\"https:\/\/www.kampfsport-dagersheim.de\/wp-content\/uploads\/2023\/11\/Urkunde-mit-Pruefer-und-Uke-02-260x300.jpg\" alt=\"\" width=\"260\" height=\"300\" srcset=\"https:\/\/www.kampfsport-dagersheim.de\/wp-content\/uploads\/2023\/11\/Urkunde-mit-Pruefer-und-Uke-02-260x300.jpg 260w, https:\/\/www.kampfsport-dagersheim.de\/wp-content\/uploads\/2023\/11\/Urkunde-mit-Pruefer-und-Uke-02-889x1024.jpg 889w, https:\/\/www.kampfsport-dagersheim.de\/wp-content\/uploads\/2023\/11\/Urkunde-mit-Pruefer-und-Uke-02-768x885.jpg 768w, https:\/\/www.kampfsport-dagersheim.de\/wp-content\/uploads\/2023\/11\/Urkunde-mit-Pruefer-und-Uke-02-1333x1536.jpg 1333w, https:\/\/www.kampfsport-dagersheim.de\/wp-content\/uploads\/2023\/11\/Urkunde-mit-Pruefer-und-Uke-02.jpg 1569w\" sizes=\"(max-width: 260px) 100vw, 260px\" \/>Die Pr\u00fcfer waren mit den gezeigten Leistungen sehr zufrieden und gratulierten Matthias Weiss zu seiner sehr guten Pr\u00fcfung zum 3. Dan Jujutsu \/ 3. Dan Jiujitsu. Die Graduierung wird zus\u00e4tzlich vom W\u00fcrttembergischen Jujutsu Verband e.V. anerkannt.<\/p>\t\t\t\t\t\t\t\t<\/div>\n\t\t\t\t<\/div>\n\t\t\t\t\t<\/div>\n\t\t<\/div>\n\t\t\t\t\t<\/div>\n\t\t<\/section>\n\t\t\t\t<section class=\"elementor-section elementor-top-section elementor-element elementor-element-0530075 elementor-section-boxed elementor-section-height-default elementor-section-height-default\" data-id=\"0530075\" data-element_type=\"section\" data-e-type=\"section\">\n\t\t\t\t\t\t<div class=\"elementor-container elementor-column-gap-default\">\n\t\t\t\t\t<div class=\"elementor-column elementor-col-50 elementor-top-column elementor-element elementor-element-2384eeb\" data-id=\"2384eeb\" data-element_type=\"column\" data-e-type=\"column\">\n\t\t\t<div class=\"elementor-widget-wrap\">\n\t\t\t\t\t\t\t<\/div>\n\t\t<\/div>\n\t\t\t\t<div class=\"elementor-column elementor-col-50 elementor-top-column elementor-element elementor-element-7eaface\" data-id=\"7eaface\" data-element_type=\"column\" data-e-type=\"column\">\n\t\t\t<div class=\"elementor-widget-wrap\">\n\t\t\t\t\t\t\t<\/div>\n\t\t<\/div>\n\t\t\t\t\t<\/div>\n\t\t<\/section>\n\t\t\t\t<section class=\"elementor-section elementor-top-section elementor-element elementor-element-6e20459 elementor-section-boxed elementor-section-height-default elementor-section-height-default\" data-id=\"6e20459\" data-element_type=\"section\" data-e-type=\"section\">\n\t\t\t\t\t\t<div class=\"elementor-container elementor-column-gap-default\">\n\t\t\t\t\t<div class=\"elementor-column elementor-col-33 elementor-top-column elementor-element elementor-element-830aa3c\" data-id=\"830aa3c\" data-element_type=\"column\" data-e-type=\"column\">\n\t\t\t<div class=\"elementor-widget-wrap elementor-element-populated\">\n\t\t\t\t\t\t<div class=\"elementor-element elementor-element-48976e7 elementor-widget elementor-widget-image\" data-id=\"48976e7\" data-element_type=\"widget\" data-e-type=\"widget\" data-widget_type=\"image.default\">\n\t\t\t\t<div class=\"elementor-widget-container\">\n\t\t\t\t\t\t\t\t\t\t\t\t<figure class=\"wp-caption\">\n\t\t\t\t\t\t\t\t\t\t\t<a href=\"https:\/\/www.kampfsport-dagersheim.de\/wp-content\/uploads\/2023\/11\/Urkunde-mit-Pruefer-02.jpg\" data-elementor-open-lightbox=\"yes\" data-elementor-lightbox-title=\"Urkunde-mit-Pruefer-02\" data-e-action-hash=\"#elementor-action%3Aaction%3Dlightbox%26settings%3DeyJpZCI6MzQwNSwidXJsIjoiaHR0cHM6XC9cL3d3dy5rYW1wZnNwb3J0LWRhZ2Vyc2hlaW0uZGVcL3dwLWNvbnRlbnRcL3VwbG9hZHNcLzIwMjNcLzExXC9Vcmt1bmRlLW1pdC1QcnVlZmVyLTAyLmpwZyJ9\">\n\t\t\t\t\t\t\t<img decoding=\"async\" width=\"740\" height=\"813\" src=\"https:\/\/www.kampfsport-dagersheim.de\/wp-content\/uploads\/2023\/11\/Urkunde-mit-Pruefer-02-932x1024.jpg\" class=\"attachment-large size-large wp-image-3405\" alt=\"\" srcset=\"https:\/\/www.kampfsport-dagersheim.de\/wp-content\/uploads\/2023\/11\/Urkunde-mit-Pruefer-02-932x1024.jpg 932w, https:\/\/www.kampfsport-dagersheim.de\/wp-content\/uploads\/2023\/11\/Urkunde-mit-Pruefer-02-273x300.jpg 273w, https:\/\/www.kampfsport-dagersheim.de\/wp-content\/uploads\/2023\/11\/Urkunde-mit-Pruefer-02-768x843.jpg 768w, https:\/\/www.kampfsport-dagersheim.de\/wp-content\/uploads\/2023\/11\/Urkunde-mit-Pruefer-02-1399x1536.jpg 1399w, https:\/\/www.kampfsport-dagersheim.de\/wp-content\/uploads\/2023\/11\/Urkunde-mit-Pruefer-02.jpg 1589w\" sizes=\"100vw\" \/>\t\t\t\t\t\t\t\t<\/a>\n\t\t\t\t\t\t\t\t\t\t\t<figcaption class=\"widget-image-caption wp-caption-text\">IKF Pr\u00e4sident Soke, Shihan G\u00fcnter Painter, Matthias Weiss, WJJV Pr\u00e4sident Shihan Thilo Sch\u00fcle<\/figcaption>\n\t\t\t\t\t\t\t\t\t\t<\/figure>\n\t\t\t\t\t\t\t\t\t<\/div>\n\t\t\t\t<\/div>\n\t\t\t\t\t<\/div>\n\t\t<\/div>\n\t\t\t\t<div class=\"elementor-column elementor-col-33 elementor-top-column elementor-element elementor-element-6b141ec\" data-id=\"6b141ec\" data-element_type=\"column\" data-e-type=\"column\">\n\t\t\t<div class=\"elementor-widget-wrap elementor-element-populated\">\n\t\t\t\t\t\t<div class=\"elementor-element elementor-element-03e3758 elementor-widget elementor-widget-image\" data-id=\"03e3758\" data-element_type=\"widget\" data-e-type=\"widget\" data-widget_type=\"image.default\">\n\t\t\t\t<div class=\"elementor-widget-container\">\n\t\t\t\t\t\t\t\t\t\t\t\t\t\t\t<img decoding=\"async\" src=\"https:\/\/www.kampfsport-dagersheim.de\/wp-content\/uploads\/elementor\/thumbs\/Urkunde-JJ3Dan-qg1hxyzpjqxws97c7h75x6v7nhqi5rjs0tm1vfmoe8.jpg\" title=\"Urkunde-JJ3Dan\" alt=\"Urkunde-JJ3Dan\" loading=\"lazy\" \/>\t\t\t\t\t\t\t\t\t\t\t\t\t\t\t<\/div>\n\t\t\t\t<\/div>\n\t\t\t\t\t<\/div>\n\t\t<\/div>\n\t\t\t\t<div class=\"elementor-column elementor-col-33 elementor-top-column elementor-element elementor-element-d1db37b\" data-id=\"d1db37b\" data-element_type=\"column\" data-e-type=\"column\">\n\t\t\t<div class=\"elementor-widget-wrap elementor-element-populated\">\n\t\t\t\t\t\t<div class=\"elementor-element elementor-element-fad0ba1 elementor-widget elementor-widget-image\" data-id=\"fad0ba1\" data-element_type=\"widget\" data-e-type=\"widget\" data-widget_type=\"image.default\">\n\t\t\t\t<div class=\"elementor-widget-container\">\n\t\t\t\t\t\t\t\t\t\t\t\t<figure class=\"wp-caption\">\n\t\t\t\t\t\t\t\t\t\t\t<a href=\"https:\/\/www.kampfsport-dagersheim.de\/wp-content\/uploads\/2023\/11\/Urkundenuebergabe_20231125_104250b.jpg\" data-elementor-open-lightbox=\"yes\" data-elementor-lightbox-title=\"Urkunden\u00fcbergabe_20231125_104250b\" data-e-action-hash=\"#elementor-action%3Aaction%3Dlightbox%26settings%3DeyJpZCI6MzQwNiwidXJsIjoiaHR0cHM6XC9cL3d3dy5rYW1wZnNwb3J0LWRhZ2Vyc2hlaW0uZGVcL3dwLWNvbnRlbnRcL3VwbG9hZHNcLzIwMjNcLzExXC9Vcmt1bmRlbnVlYmVyZ2FiZV8yMDIzMTEyNV8xMDQyNTBiLmpwZyJ9\">\n\t\t\t\t\t\t\t<img loading=\"lazy\" decoding=\"async\" width=\"740\" height=\"626\" src=\"https:\/\/www.kampfsport-dagersheim.de\/wp-content\/uploads\/2023\/11\/Urkundenuebergabe_20231125_104250b-1024x866.jpg\" class=\"attachment-large size-large wp-image-3406\" alt=\"\" srcset=\"https:\/\/www.kampfsport-dagersheim.de\/wp-content\/uploads\/2023\/11\/Urkundenuebergabe_20231125_104250b-1024x866.jpg 1024w, https:\/\/www.kampfsport-dagersheim.de\/wp-content\/uploads\/2023\/11\/Urkundenuebergabe_20231125_104250b-300x254.jpg 300w, https:\/\/www.kampfsport-dagersheim.de\/wp-content\/uploads\/2023\/11\/Urkundenuebergabe_20231125_104250b-768x649.jpg 768w, https:\/\/www.kampfsport-dagersheim.de\/wp-content\/uploads\/2023\/11\/Urkundenuebergabe_20231125_104250b-1536x1298.jpg 1536w, https:\/\/www.kampfsport-dagersheim.de\/wp-content\/uploads\/2023\/11\/Urkundenuebergabe_20231125_104250b.jpg 1667w\" sizes=\"100vw\" \/>\t\t\t\t\t\t\t\t<\/a>\n\t\t\t\t\t\t\t\t\t\t\t<figcaption class=\"widget-image-caption wp-caption-text\">Urkunden\u00fcbergabe<\/figcaption>\n\t\t\t\t\t\t\t\t\t\t<\/figure>\n\t\t\t\t\t\t\t\t\t<\/div>\n\t\t\t\t<\/div>\n\t\t\t\t\t<\/div>\n\t\t<\/div>\n\t\t\t\t\t<\/div>\n\t\t<\/section>\n\t\t\t\t<\/div>\n\t\t","protected":false},"excerpt":{"rendered":"<p>Erfolgreiche Dan-Pr\u00fcfung f\u00fcr Abteilungsleiter Matthias Weiss\u00a0 \u00a0 \u00a0 \u00a0 \u00a0 Am 25.11.2023 durfte sich Matthias Weiss seiner Pr\u00fcfung zum 3. Dan Jujutsu \/ Jiujitsu der International Kobudo Federation IKF stellen. Pr\u00fcfer waren IKF-Pr\u00e4sident Soke, Shihan G\u00fcnter Painter 9. Dan (\u00d6sterreich) und WJJV Pr\u00e4sident Shihan Thilo Sch\u00fcle 7. Dan (Deutschland). Nach der Pr\u00fcfung der Vorkenntnisse vom &hellip; <\/p>\n<p class=\"link-more\"><a href=\"https:\/\/www.kampfsport-dagersheim.de\/?page_id=3399\" class=\"more-link\"><span class=\"screen-reader-text\">\u201eJujutsu Dan-Pr\u00fcfung, November 2023\u201c <\/span>weiterlesen<\/a><\/p>\n","protected":false},"author":1,"featured_media":0,"parent":0,"menu_order":0,"comment_status":"closed","ping_status":"closed","template":"","meta":{"footnotes":""},"class_list":["post-3399","page","type-page","status-publish","hentry"],"_links":{"self":[{"href":"https:\/\/www.kampfsport-dagersheim.de\/index.php?rest_route=\/wp\/v2\/pages\/3399","targetHints":{"allow":["GET"]}}],"collection":[{"href":"https:\/\/www.kampfsport-dagersheim.de\/index.php?rest_route=\/wp\/v2\/pages"}],"about":[{"href":"https:\/\/www.kampfsport-dagersheim.de\/index.php?rest_route=\/wp\/v2\/types\/page"}],"author":[{"embeddable":true,"href":"https:\/\/www.kampfsport-dagersheim.de\/index.php?rest_route=\/wp\/v2\/users\/1"}],"replies":[{"embeddable":true,"href":"https:\/\/www.kampfsport-dagersheim.de\/index.php?rest_route=%2Fwp%2Fv2%2Fcomments&post=3399"}],"version-history":[{"count":8,"href":"https:\/\/www.kampfsport-dagersheim.de\/index.php?rest_route=\/wp\/v2\/pages\/3399\/revisions"}],"predecessor-version":[{"id":3426,"href":"https:\/\/www.kampfsport-dagersheim.de\/index.php?rest_route=\/wp\/v2\/pages\/3399\/revisions\/3426"}],"wp:attachment":[{"href":"https:\/\/www.kampfsport-dagersheim.de\/index.php?rest_route=%2Fwp%2Fv2%2Fmedia&parent=3399"}],"curies":[{"name":"wp","href":"https:\/\/api.w.org\/{rel}","templated":true}]}}