{"id":3362,"date":"2023-11-28T19:49:39","date_gmt":"2023-11-28T18:49:39","guid":{"rendered":"http:\/\/www.kampfsport-dagersheim.de\/?page_id=3362"},"modified":"2023-11-28T20:27:59","modified_gmt":"2023-11-28T19:27:59","slug":"jubilaeumslehrgang-beim-dtv-diespeck-11-11-2023","status":"publish","type":"page","link":"https:\/\/www.kampfsport-dagersheim.de\/?page_id=3362","title":{"rendered":"Jubil\u00e4umslehrgang beim DTV Diespeck 11.11.2023"},"content":{"rendered":"\t\t<div data-elementor-type=\"wp-page\" data-elementor-id=\"3362\" class=\"elementor elementor-3362\">\n\t\t\t\t\t\t<section class=\"elementor-section elementor-top-section elementor-element elementor-element-696d1466 elementor-section-boxed elementor-section-height-default elementor-section-height-default\" data-id=\"696d1466\" data-element_type=\"section\" data-e-type=\"section\">\n\t\t\t\t\t\t<div class=\"elementor-container elementor-column-gap-default\">\n\t\t\t\t\t<div class=\"elementor-column elementor-col-100 elementor-top-column elementor-element elementor-element-1f4c74bd\" data-id=\"1f4c74bd\" data-element_type=\"column\" data-e-type=\"column\">\n\t\t\t<div class=\"elementor-widget-wrap elementor-element-populated\">\n\t\t\t\t\t\t<div class=\"elementor-element elementor-element-31dbd173 elementor-widget elementor-widget-text-editor\" data-id=\"31dbd173\" data-element_type=\"widget\" data-e-type=\"widget\" data-widget_type=\"text-editor.default\">\n\t\t\t\t<div class=\"elementor-widget-container\">\n\t\t\t\t\t\t\t\t\t<p><strong><img decoding=\"async\" class=\" wp-image-3365 alignright\" src=\"https:\/\/www.kampfsport-dagersheim.de\/wp-content\/uploads\/2023\/11\/DTV-Diespeck.jpg\" alt=\"\" width=\"150\" height=\"161\" \/>Jubil\u00e4umslehrgang 25 Jahre Taekwon-Do in Diespeck<\/strong><\/p><p><img decoding=\"async\" class=\" wp-image-3370 alignleft\" src=\"https:\/\/www.kampfsport-dagersheim.de\/wp-content\/uploads\/2023\/11\/Sigi-Cedric-0b-241x300.jpg\" alt=\"\" width=\"179\" height=\"223\" srcset=\"https:\/\/www.kampfsport-dagersheim.de\/wp-content\/uploads\/2023\/11\/Sigi-Cedric-0b-241x300.jpg 241w, https:\/\/www.kampfsport-dagersheim.de\/wp-content\/uploads\/2023\/11\/Sigi-Cedric-0b-823x1024.jpg 823w, https:\/\/www.kampfsport-dagersheim.de\/wp-content\/uploads\/2023\/11\/Sigi-Cedric-0b-768x956.jpg 768w, https:\/\/www.kampfsport-dagersheim.de\/wp-content\/uploads\/2023\/11\/Sigi-Cedric-0b.jpg 1021w\" sizes=\"(max-width: 179px) 100vw, 179px\" \/>Am 11. November 2023 fand beim TSV Diespeck ein Jubil\u00e4umslehrgang mit 4 hochkar\u00e4tigen Referenten statt. Soke Siegfried Lory 10. Dan Ju-Jitsu und Pr\u00e4sident des IFAK aus M\u00fcnchen, Frank Witte 7. Dan Kampjujutsu, Wolfgang Heindel 3. Dan Brazilian Jiu-Jitsu und Manuel Bauer 5. Dan Taekwon-Do.<\/p><p>\u00dcber 100 Teilnehmer aus Bayern, Hessen, Th\u00fcringen, Baden-W\u00fcrttemberg und Rheinland-Pfalz folgten der Einladung. Am Vormittag gab es f\u00fcr Kinder und Jugendliche eine Trainingseinheit Taekwon-Do mit Manuel Bauer. Nachmittags durften die Erwachsenen sich in zwei Gruppen aufteilen und zum einen Brazilian Jiu-Jitsu mit\u00a0<\/p><p><img decoding=\"async\" class=\" wp-image-3368 alignright\" src=\"https:\/\/www.kampfsport-dagersheim.de\/wp-content\/uploads\/2023\/11\/Witte2-283x300.jpg\" alt=\"\" width=\"5\" height=\"5\" srcset=\"https:\/\/www.kampfsport-dagersheim.de\/wp-content\/uploads\/2023\/11\/Witte2-283x300.jpg 283w, https:\/\/www.kampfsport-dagersheim.de\/wp-content\/uploads\/2023\/11\/Witte2-150x150.jpg 150w, https:\/\/www.kampfsport-dagersheim.de\/wp-content\/uploads\/2023\/11\/Witte2-768x814.jpg 768w, https:\/\/www.kampfsport-dagersheim.de\/wp-content\/uploads\/2023\/11\/Witte2-100x100.jpg 100w, https:\/\/www.kampfsport-dagersheim.de\/wp-content\/uploads\/2023\/11\/Witte2.jpg 850w\" sizes=\"(max-width: 5px) 100vw, 5px\" \/><img loading=\"lazy\" decoding=\"async\" class=\" wp-image-3368 alignright\" src=\"https:\/\/www.kampfsport-dagersheim.de\/wp-content\/uploads\/2023\/11\/Witte2-283x300.jpg\" alt=\"\" width=\"209\" height=\"222\" srcset=\"https:\/\/www.kampfsport-dagersheim.de\/wp-content\/uploads\/2023\/11\/Witte2-283x300.jpg 283w, https:\/\/www.kampfsport-dagersheim.de\/wp-content\/uploads\/2023\/11\/Witte2-768x814.jpg 768w, https:\/\/www.kampfsport-dagersheim.de\/wp-content\/uploads\/2023\/11\/Witte2.jpg 850w\" sizes=\"(max-width: 209px) 100vw, 209px\" \/>Wolfgang Heindel und zum anderen Kampjutsu mit Frank Witte trainieren.\u00a0<\/p><p>Im Anschluss folgte f\u00fcr alle die Ju-Jitsu-Trainingseinheit mit IFAK Pr\u00e4sident Soke Siegfried Lory.<\/p><p>Die Teilnehmer waren von den Referenten und dem Trainingsangebot begeistert. Hier war f\u00fcr jeden etwas dabei und jeder konnte etwas f\u00fcr sich mitnehmen. Auf jeden Fall hatten alle sehr viel Spa\u00df bei den Trainingseinheiten.<\/p><p><img loading=\"lazy\" decoding=\"async\" class=\" wp-image-3369 alignleft\" src=\"https:\/\/www.kampfsport-dagersheim.de\/wp-content\/uploads\/2023\/11\/BJJ-02b-300x264.jpg\" alt=\"\" width=\"221\" height=\"195\" srcset=\"https:\/\/www.kampfsport-dagersheim.de\/wp-content\/uploads\/2023\/11\/BJJ-02b-300x264.jpg 300w, https:\/\/www.kampfsport-dagersheim.de\/wp-content\/uploads\/2023\/11\/BJJ-02b-1024x902.jpg 1024w, https:\/\/www.kampfsport-dagersheim.de\/wp-content\/uploads\/2023\/11\/BJJ-02b-768x676.jpg 768w, https:\/\/www.kampfsport-dagersheim.de\/wp-content\/uploads\/2023\/11\/BJJ-02b.jpg 1223w\" sizes=\"(max-width: 221px) 100vw, 221px\" \/>Vielen Dank an den Ausrichter Holger Tanzberger und sein Team vom TSV Diespeck f\u00fcr die Organisation und den gelungenen Lehrgang.<\/p>\t\t\t\t\t\t\t\t<\/div>\n\t\t\t\t<\/div>\n\t\t\t\t\t<\/div>\n\t\t<\/div>\n\t\t\t\t\t<\/div>\n\t\t<\/section>\n\t\t\t\t<section class=\"elementor-section elementor-top-section elementor-element elementor-element-b674ab3 elementor-section-boxed elementor-section-height-default elementor-section-height-default\" data-id=\"b674ab3\" data-element_type=\"section\" data-e-type=\"section\">\n\t\t\t\t\t\t<div class=\"elementor-container elementor-column-gap-default\">\n\t\t\t\t\t<div class=\"elementor-column elementor-col-100 elementor-top-column elementor-element elementor-element-22004f1\" data-id=\"22004f1\" data-element_type=\"column\" data-e-type=\"column\">\n\t\t\t<div class=\"elementor-widget-wrap elementor-element-populated\">\n\t\t\t\t\t\t<div class=\"elementor-element elementor-element-71c2b65 elementor-widget elementor-widget-image\" data-id=\"71c2b65\" data-element_type=\"widget\" data-e-type=\"widget\" data-widget_type=\"image.default\">\n\t\t\t\t<div class=\"elementor-widget-container\">\n\t\t\t\t\t\t\t\t\t\t\t\t\t\t\t\t<a href=\"https:\/\/www.kampfsport-dagersheim.de\/wp-content\/uploads\/2023\/11\/Gruppenbild02.jpg\" data-elementor-open-lightbox=\"yes\" data-elementor-lightbox-title=\"Gruppenbild02\" data-e-action-hash=\"#elementor-action%3Aaction%3Dlightbox%26settings%3DeyJpZCI6MzM3MSwidXJsIjoiaHR0cHM6XC9cL3d3dy5rYW1wZnNwb3J0LWRhZ2Vyc2hlaW0uZGVcL3dwLWNvbnRlbnRcL3VwbG9hZHNcLzIwMjNcLzExXC9HcnVwcGVuYmlsZDAyLmpwZyJ9\">\n\t\t\t\t\t\t\t<img loading=\"lazy\" decoding=\"async\" width=\"525\" height=\"169\" src=\"https:\/\/www.kampfsport-dagersheim.de\/wp-content\/uploads\/2023\/11\/Gruppenbild02-1024x330.jpg\" class=\"attachment-large size-large wp-image-3371\" alt=\"\" srcset=\"https:\/\/www.kampfsport-dagersheim.de\/wp-content\/uploads\/2023\/11\/Gruppenbild02-1024x330.jpg 1024w, https:\/\/www.kampfsport-dagersheim.de\/wp-content\/uploads\/2023\/11\/Gruppenbild02-300x97.jpg 300w, https:\/\/www.kampfsport-dagersheim.de\/wp-content\/uploads\/2023\/11\/Gruppenbild02-768x248.jpg 768w, https:\/\/www.kampfsport-dagersheim.de\/wp-content\/uploads\/2023\/11\/Gruppenbild02-1536x495.jpg 1536w, https:\/\/www.kampfsport-dagersheim.de\/wp-content\/uploads\/2023\/11\/Gruppenbild02.jpg 2048w\" sizes=\"100vw\" \/>\t\t\t\t\t\t\t\t<\/a>\n\t\t\t\t\t\t\t\t\t\t\t\t\t\t\t<\/div>\n\t\t\t\t<\/div>\n\t\t\t\t\t<\/div>\n\t\t<\/div>\n\t\t\t\t\t<\/div>\n\t\t<\/section>\n\t\t\t\t<\/div>\n\t\t","protected":false},"excerpt":{"rendered":"<p>Jubil\u00e4umslehrgang 25 Jahre Taekwon-Do in Diespeck Am 11. November 2023 fand beim TSV Diespeck ein Jubil\u00e4umslehrgang mit 4 hochkar\u00e4tigen Referenten statt. Soke Siegfried Lory 10. Dan Ju-Jitsu und Pr\u00e4sident des IFAK aus M\u00fcnchen, Frank Witte 7. Dan Kampjujutsu, Wolfgang Heindel 3. Dan Brazilian Jiu-Jitsu und Manuel Bauer 5. Dan Taekwon-Do. \u00dcber 100 Teilnehmer aus Bayern, &hellip; <\/p>\n<p class=\"link-more\"><a href=\"https:\/\/www.kampfsport-dagersheim.de\/?page_id=3362\" class=\"more-link\"><span class=\"screen-reader-text\">\u201eJubil\u00e4umslehrgang beim DTV Diespeck 11.11.2023\u201c <\/span>weiterlesen<\/a><\/p>\n","protected":false},"author":1,"featured_media":0,"parent":0,"menu_order":0,"comment_status":"closed","ping_status":"closed","template":"","meta":{"footnotes":""},"class_list":["post-3362","page","type-page","status-publish","hentry"],"_links":{"self":[{"href":"https:\/\/www.kampfsport-dagersheim.de\/index.php?rest_route=\/wp\/v2\/pages\/3362","targetHints":{"allow":["GET"]}}],"collection":[{"href":"https:\/\/www.kampfsport-dagersheim.de\/index.php?rest_route=\/wp\/v2\/pages"}],"about":[{"href":"https:\/\/www.kampfsport-dagersheim.de\/index.php?rest_route=\/wp\/v2\/types\/page"}],"author":[{"embeddable":true,"href":"https:\/\/www.kampfsport-dagersheim.de\/index.php?rest_route=\/wp\/v2\/users\/1"}],"replies":[{"embeddable":true,"href":"https:\/\/www.kampfsport-dagersheim.de\/index.php?rest_route=%2Fwp%2Fv2%2Fcomments&post=3362"}],"version-history":[{"count":8,"href":"https:\/\/www.kampfsport-dagersheim.de\/index.php?rest_route=\/wp\/v2\/pages\/3362\/revisions"}],"predecessor-version":[{"id":3395,"href":"https:\/\/www.kampfsport-dagersheim.de\/index.php?rest_route=\/wp\/v2\/pages\/3362\/revisions\/3395"}],"wp:attachment":[{"href":"https:\/\/www.kampfsport-dagersheim.de\/index.php?rest_route=%2Fwp%2Fv2%2Fmedia&parent=3362"}],"curies":[{"name":"wp","href":"https:\/\/api.w.org\/{rel}","templated":true}]}}