{"id":3344,"date":"2023-11-05T12:29:36","date_gmt":"2023-11-05T11:29:36","guid":{"rendered":"http:\/\/www.kampfsport-dagersheim.de\/?page_id=3344"},"modified":"2023-11-05T12:39:33","modified_gmt":"2023-11-05T11:39:33","slug":"kickboxpruefung-2023","status":"publish","type":"page","link":"https:\/\/www.kampfsport-dagersheim.de\/?page_id=3344","title":{"rendered":"Kickboxpr\u00fcfung 2023"},"content":{"rendered":"\t\t<div data-elementor-type=\"wp-page\" data-elementor-id=\"3344\" class=\"elementor elementor-3344\">\n\t\t\t\t\t\t<section class=\"elementor-section elementor-top-section elementor-element elementor-element-190a079 elementor-section-boxed elementor-section-height-default elementor-section-height-default\" data-id=\"190a079\" data-element_type=\"section\" data-e-type=\"section\">\n\t\t\t\t\t\t<div class=\"elementor-container elementor-column-gap-default\">\n\t\t\t\t\t<div class=\"elementor-column elementor-col-100 elementor-top-column elementor-element elementor-element-7f625940\" data-id=\"7f625940\" data-element_type=\"column\" data-e-type=\"column\">\n\t\t\t<div class=\"elementor-widget-wrap elementor-element-populated\">\n\t\t\t\t\t\t<div class=\"elementor-element elementor-element-30e05727 elementor-widget elementor-widget-text-editor\" data-id=\"30e05727\" data-element_type=\"widget\" data-e-type=\"widget\" data-widget_type=\"text-editor.default\">\n\t\t\t\t<div class=\"elementor-widget-container\">\n\t\t\t\t\t\t\t\t\t<p><strong><img decoding=\"async\" class=\"size-medium wp-image-1420 alignright\" src=\"https:\/\/www.kampfsport-dagersheim.de\/wp-content\/uploads\/2020\/01\/newlogo2011-12CM-JuJitsu-IFAK-150-1-157x300.jpg\" alt=\"\" width=\"157\" height=\"300\" srcset=\"https:\/\/www.kampfsport-dagersheim.de\/wp-content\/uploads\/2020\/01\/newlogo2011-12CM-JuJitsu-IFAK-150-1-157x300.jpg 157w, https:\/\/www.kampfsport-dagersheim.de\/wp-content\/uploads\/2020\/01\/newlogo2011-12CM-JuJitsu-IFAK-150-1.jpg 159w\" sizes=\"(max-width: 157px) 100vw, 157px\" \/>Neue Graduierungen im Kickboxen<\/strong><\/p><p>Vor den Sommerferien stellten sich 4 Mitglieder der Kampfsportabteilung der G\u00fcrtelpr\u00fcfung im Kickboxen. Trainer Tobias Scheible hatte die 4 Pr\u00fcflinge bestens daf\u00fcr vorbereitet. Drei traten zur Pr\u00fcfung zum Gelbgurt und einer zum Braungurt an.<\/p><p>Neben der Pr\u00e4sentation von Grundtechniken und Technikkombinationen geh\u00f6ren auch Konditionstests und Sparringrunden zum Pr\u00fcfungsprogramm. Ebenso muss eine Auswahl an Selbstverteidigungstechniken mit Partner demonstriert werden.<\/p><p>Alle Pr\u00fcflinge haben die Pr\u00fcfer Sensei Tobias Scheible und Hanshi Matthias Weiss \u00fcberzeugt und ihre Pr\u00fcfung zum angestrebten G\u00fcrtelgrad erfolgreich abgelegt.<\/p><p><span style=\"text-decoration: underline;\">Die Pr\u00fcfung zum Gelbgurt, dem 5. Kyu bestanden:<\/span><br \/><img decoding=\"async\" class=\"size-full wp-image-363 alignnone\" src=\"https:\/\/www.kampfsport-dagersheim.de\/wp-content\/uploads\/2019\/12\/8Gelb50.jpg\" alt=\"\" width=\"87\" height=\"35\" \/><br \/><strong>Salina Conrads, Daniele Trumino und Fabian Zill<\/strong><\/p><p><span style=\"text-decoration: underline;\">Die Pr\u00fcfung zum Braungurt, dem 1. Kyu bestand:<\/span><br \/><img decoding=\"async\" class=\"size-full wp-image-355 alignnone\" src=\"https:\/\/www.kampfsport-dagersheim.de\/wp-content\/uploads\/2019\/12\/2Braun50.jpg\" alt=\"\" width=\"87\" height=\"35\" \/><br \/><strong>Fabian Epple<\/strong><\/p><p><strong>Herzlichen Gl\u00fcckwunsch.<\/strong><\/p><p>\u00a0<\/p>\t\t\t\t\t\t\t\t<\/div>\n\t\t\t\t<\/div>\n\t\t\t\t\t<\/div>\n\t\t<\/div>\n\t\t\t\t\t<\/div>\n\t\t<\/section>\n\t\t\t\t<section class=\"elementor-section elementor-top-section elementor-element elementor-element-94f1aba elementor-section-boxed elementor-section-height-default elementor-section-height-default\" data-id=\"94f1aba\" data-element_type=\"section\" data-e-type=\"section\">\n\t\t\t\t\t\t<div class=\"elementor-container elementor-column-gap-default\">\n\t\t\t\t\t<div class=\"elementor-column elementor-col-100 elementor-top-column elementor-element elementor-element-e0ce78b\" data-id=\"e0ce78b\" data-element_type=\"column\" data-e-type=\"column\">\n\t\t\t<div class=\"elementor-widget-wrap elementor-element-populated\">\n\t\t\t\t\t\t<div class=\"elementor-element elementor-element-a6cc9bb elementor-widget elementor-widget-image\" data-id=\"a6cc9bb\" data-element_type=\"widget\" data-e-type=\"widget\" data-widget_type=\"image.default\">\n\t\t\t\t<div class=\"elementor-widget-container\">\n\t\t\t\t\t\t\t\t\t\t\t\t\t\t\t\t<a href=\"https:\/\/www.kampfsport-dagersheim.de\/wp-content\/uploads\/2023\/11\/Kickbox-Gruppenbild-07-2023-scaled.jpg\" data-elementor-open-lightbox=\"yes\" data-elementor-lightbox-title=\"Kickbox-Gruppenbild-07-2023\" data-e-action-hash=\"#elementor-action%3Aaction%3Dlightbox%26settings%3DeyJpZCI6MzM0NywidXJsIjoiaHR0cHM6XC9cL3d3dy5rYW1wZnNwb3J0LWRhZ2Vyc2hlaW0uZGVcL3dwLWNvbnRlbnRcL3VwbG9hZHNcLzIwMjNcLzExXC9LaWNrYm94LUdydXBwZW5iaWxkLTA3LTIwMjMtc2NhbGVkLmpwZyJ9\">\n\t\t\t\t\t\t\t<img loading=\"lazy\" decoding=\"async\" width=\"525\" height=\"394\" src=\"https:\/\/www.kampfsport-dagersheim.de\/wp-content\/uploads\/2023\/11\/Kickbox-Gruppenbild-07-2023-1024x768.jpg\" class=\"attachment-large size-large wp-image-3347\" alt=\"\" srcset=\"https:\/\/www.kampfsport-dagersheim.de\/wp-content\/uploads\/2023\/11\/Kickbox-Gruppenbild-07-2023-1024x768.jpg 1024w, https:\/\/www.kampfsport-dagersheim.de\/wp-content\/uploads\/2023\/11\/Kickbox-Gruppenbild-07-2023-300x225.jpg 300w, https:\/\/www.kampfsport-dagersheim.de\/wp-content\/uploads\/2023\/11\/Kickbox-Gruppenbild-07-2023-768x576.jpg 768w, https:\/\/www.kampfsport-dagersheim.de\/wp-content\/uploads\/2023\/11\/Kickbox-Gruppenbild-07-2023-1536x1152.jpg 1536w, https:\/\/www.kampfsport-dagersheim.de\/wp-content\/uploads\/2023\/11\/Kickbox-Gruppenbild-07-2023-2048x1536.jpg 2048w\" sizes=\"100vw\" \/>\t\t\t\t\t\t\t\t<\/a>\n\t\t\t\t\t\t\t\t\t\t\t\t\t\t\t<\/div>\n\t\t\t\t<\/div>\n\t\t\t\t\t<\/div>\n\t\t<\/div>\n\t\t\t\t\t<\/div>\n\t\t<\/section>\n\t\t\t\t<\/div>\n\t\t","protected":false},"excerpt":{"rendered":"<p>Neue Graduierungen im Kickboxen Vor den Sommerferien stellten sich 4 Mitglieder der Kampfsportabteilung der G\u00fcrtelpr\u00fcfung im Kickboxen. Trainer Tobias Scheible hatte die 4 Pr\u00fcflinge bestens daf\u00fcr vorbereitet. Drei traten zur Pr\u00fcfung zum Gelbgurt und einer zum Braungurt an. Neben der Pr\u00e4sentation von Grundtechniken und Technikkombinationen geh\u00f6ren auch Konditionstests und Sparringrunden zum Pr\u00fcfungsprogramm. Ebenso muss eine &hellip; <\/p>\n<p class=\"link-more\"><a href=\"https:\/\/www.kampfsport-dagersheim.de\/?page_id=3344\" class=\"more-link\"><span class=\"screen-reader-text\">\u201eKickboxpr\u00fcfung 2023\u201c <\/span>weiterlesen<\/a><\/p>\n","protected":false},"author":1,"featured_media":0,"parent":0,"menu_order":0,"comment_status":"closed","ping_status":"closed","template":"","meta":{"footnotes":""},"class_list":["post-3344","page","type-page","status-publish","hentry"],"_links":{"self":[{"href":"https:\/\/www.kampfsport-dagersheim.de\/index.php?rest_route=\/wp\/v2\/pages\/3344","targetHints":{"allow":["GET"]}}],"collection":[{"href":"https:\/\/www.kampfsport-dagersheim.de\/index.php?rest_route=\/wp\/v2\/pages"}],"about":[{"href":"https:\/\/www.kampfsport-dagersheim.de\/index.php?rest_route=\/wp\/v2\/types\/page"}],"author":[{"embeddable":true,"href":"https:\/\/www.kampfsport-dagersheim.de\/index.php?rest_route=\/wp\/v2\/users\/1"}],"replies":[{"embeddable":true,"href":"https:\/\/www.kampfsport-dagersheim.de\/index.php?rest_route=%2Fwp%2Fv2%2Fcomments&post=3344"}],"version-history":[{"count":5,"href":"https:\/\/www.kampfsport-dagersheim.de\/index.php?rest_route=\/wp\/v2\/pages\/3344\/revisions"}],"predecessor-version":[{"id":3351,"href":"https:\/\/www.kampfsport-dagersheim.de\/index.php?rest_route=\/wp\/v2\/pages\/3344\/revisions\/3351"}],"wp:attachment":[{"href":"https:\/\/www.kampfsport-dagersheim.de\/index.php?rest_route=%2Fwp%2Fv2%2Fmedia&parent=3344"}],"curies":[{"name":"wp","href":"https:\/\/api.w.org\/{rel}","templated":true}]}}