{"id":3267,"date":"2023-09-24T16:09:24","date_gmt":"2023-09-24T14:09:24","guid":{"rendered":"http:\/\/www.kampfsport-dagersheim.de\/?page_id=3267"},"modified":"2023-09-24T16:42:32","modified_gmt":"2023-09-24T14:42:32","slug":"60-sportlerehrung-der-stadt-boeblingen-2023","status":"publish","type":"page","link":"https:\/\/www.kampfsport-dagersheim.de\/?page_id=3267","title":{"rendered":"60. Sportlerehrung der Stadt B\u00f6blingen 2023"},"content":{"rendered":"\t\t<div data-elementor-type=\"wp-page\" data-elementor-id=\"3267\" class=\"elementor elementor-3267\">\n\t\t\t\t\t\t<section class=\"elementor-section elementor-top-section elementor-element elementor-element-7103b3f8 elementor-section-boxed elementor-section-height-default elementor-section-height-default\" data-id=\"7103b3f8\" data-element_type=\"section\" data-e-type=\"section\">\n\t\t\t\t\t\t<div class=\"elementor-container elementor-column-gap-default\">\n\t\t\t\t\t<div class=\"elementor-column elementor-col-100 elementor-top-column elementor-element elementor-element-6c836a92\" data-id=\"6c836a92\" data-element_type=\"column\" data-e-type=\"column\">\n\t\t\t<div class=\"elementor-widget-wrap elementor-element-populated\">\n\t\t\t\t\t\t<div class=\"elementor-element elementor-element-64c0b137 elementor-widget elementor-widget-text-editor\" data-id=\"64c0b137\" data-element_type=\"widget\" data-e-type=\"widget\" data-widget_type=\"text-editor.default\">\n\t\t\t\t<div class=\"elementor-widget-container\">\n\t\t\t\t\t\t\t\t\t<p><strong><img fetchpriority=\"high\" decoding=\"async\" class=\" wp-image-3270 alignright\" src=\"https:\/\/www.kampfsport-dagersheim.de\/wp-content\/uploads\/2023\/09\/20230621_203242b-scaled-e1695565829460-160x300.jpg\" alt=\"\" width=\"236\" height=\"443\" srcset=\"https:\/\/www.kampfsport-dagersheim.de\/wp-content\/uploads\/2023\/09\/20230621_203242b-scaled-e1695565829460-160x300.jpg 160w, https:\/\/www.kampfsport-dagersheim.de\/wp-content\/uploads\/2023\/09\/20230621_203242b-scaled-e1695565829460-821x1536.jpg 821w\" sizes=\"(max-width: 236px) 100vw, 236px\" \/>Ehrenplakette der Stadt B\u00f6blingen in Silber f\u00fcr Abteilungsleiter Matthias Weiss<\/strong><\/p><p>Bei der 60. Sportlerehrung der Stadt B\u00f6blingen wurden 130 Sportler sowie verdiente Pers\u00f6nlichkeiten f\u00fcr ihre herausragenden Leistungen in 2022 geehrt. Darunter auch der Abteilungsleiter der Kampfsportabteilung des TSV Dagersheim Matthias Weiss. Er erhielt nach der Laudatio von Oberb\u00fcrgermeister Dr. Stefan Belz die silberne Plakette der Stadt B\u00f6blingen \u00fcberreicht.<\/p><p>Auszug aus der Laudatio zur Ehrung:<\/p><p>Herr Matthias Weiss ist seit 01.11.2000 Mitglied im TSV Dagersheim. In den Jahren 2004-2008 war Matthias Weiss der 1. Stellvertretende Vorstand und Finanzreferent im Hauptverein des TSV Dagersheim. Seit 2008 ist Herr Weiss ein sehr aktiver Abteilungsleiter der TSV-Kampfsportabteilung. Zus\u00e4tzlich ist er Ju Jitsu Cheftrainer f\u00fcr Erwachsene und Jugend im TSV. Hierbei ist insbesondere seine aktive Jugendarbeit hervorzuheben.<\/p><p>Aber auch \u00fcberregional engagiert sich Matthias Weiss als:<br \/>* Landestrainer und Pr\u00fcfer im IFAK<br \/>* 1. Vorstand im IFAK (Internationaler Fachverband f\u00fcr asiatische Kampfsportarten)<\/p><p>Dar\u00fcber hinaus ist er auch ein aktiver Kampfsportler und besitzt u.a. den:<br \/>* 9. Dan im Goshin Jitsu (IFAK) Im Jahr 2022 erhielt Herr Weiss den Ehrentitel Hanshi. W\u00f6rtlich bedeutet Hanshi vorbildlicher, modellhafter Gelehrter. Damit ist Herr Weiss Tr\u00e4ger des roten G\u00fcrtels, der h\u00f6chsten G\u00fcrtelfarbe der japanischen Kampfkunst.<br \/>* 7. Dan Ju Jistu (IFAK)<br \/>* 7. Dan Hanbo Jitsu (IFAK)<br \/>* 2. Dan Ju Jutsu (IKF\/WJJV)<br \/>* 1. Dan Kobudo (IKF)<br \/>* 1. Dan Bojutsu (IKF)<\/p><p>Mit seiner freundlichen und hilfsbereiten Art ist Matthias Weiss ein Vorbild f\u00fcr die Jugend und ein hoch anerkanntes Mitglied im TSV-Pr\u00e4sidium.<\/p>\t\t\t\t\t\t\t\t<\/div>\n\t\t\t\t<\/div>\n\t\t\t\t\t<\/div>\n\t\t<\/div>\n\t\t\t\t\t<\/div>\n\t\t<\/section>\n\t\t\t\t<section class=\"elementor-section elementor-top-section elementor-element elementor-element-3f8decd elementor-section-boxed elementor-section-height-default elementor-section-height-default\" data-id=\"3f8decd\" data-element_type=\"section\" data-e-type=\"section\">\n\t\t\t\t\t\t<div class=\"elementor-container elementor-column-gap-default\">\n\t\t\t\t\t<div class=\"elementor-column elementor-col-25 elementor-top-column elementor-element elementor-element-23b58e2\" data-id=\"23b58e2\" data-element_type=\"column\" data-e-type=\"column\">\n\t\t\t<div class=\"elementor-widget-wrap elementor-element-populated\">\n\t\t\t\t\t\t<div class=\"elementor-element elementor-element-e96bde9 elementor-widget elementor-widget-image\" data-id=\"e96bde9\" data-element_type=\"widget\" data-e-type=\"widget\" data-widget_type=\"image.default\">\n\t\t\t\t<div class=\"elementor-widget-container\">\n\t\t\t\t\t\t\t\t\t\t\t\t\t\t\t\t<a href=\"https:\/\/www.kampfsport-dagersheim.de\/wp-content\/uploads\/2023\/09\/20230622_001554-scaled.jpg\" data-elementor-open-lightbox=\"yes\" data-elementor-lightbox-title=\"20230622_001554\" data-e-action-hash=\"#elementor-action%3Aaction%3Dlightbox%26settings%3DeyJpZCI6MzI3MSwidXJsIjoiaHR0cHM6XC9cL3d3dy5rYW1wZnNwb3J0LWRhZ2Vyc2hlaW0uZGVcL3dwLWNvbnRlbnRcL3VwbG9hZHNcLzIwMjNcLzA5XC8yMDIzMDYyMl8wMDE1NTQtc2NhbGVkLmpwZyJ9\">\n\t\t\t\t\t\t\t<img decoding=\"async\" width=\"694\" height=\"1024\" src=\"https:\/\/www.kampfsport-dagersheim.de\/wp-content\/uploads\/2023\/09\/20230622_001554-694x1024.jpg\" class=\"attachment-large size-large wp-image-3271\" alt=\"\" srcset=\"https:\/\/www.kampfsport-dagersheim.de\/wp-content\/uploads\/2023\/09\/20230622_001554-694x1024.jpg 694w, https:\/\/www.kampfsport-dagersheim.de\/wp-content\/uploads\/2023\/09\/20230622_001554-203x300.jpg 203w, https:\/\/www.kampfsport-dagersheim.de\/wp-content\/uploads\/2023\/09\/20230622_001554-768x1133.jpg 768w, https:\/\/www.kampfsport-dagersheim.de\/wp-content\/uploads\/2023\/09\/20230622_001554-1041x1536.jpg 1041w, https:\/\/www.kampfsport-dagersheim.de\/wp-content\/uploads\/2023\/09\/20230622_001554-1388x2048.jpg 1388w, https:\/\/www.kampfsport-dagersheim.de\/wp-content\/uploads\/2023\/09\/20230622_001554-scaled.jpg 1735w\" sizes=\"100vw\" \/>\t\t\t\t\t\t\t\t<\/a>\n\t\t\t\t\t\t\t\t\t\t\t\t\t\t\t<\/div>\n\t\t\t\t<\/div>\n\t\t\t\t\t<\/div>\n\t\t<\/div>\n\t\t\t\t<div class=\"elementor-column elementor-col-25 elementor-top-column elementor-element elementor-element-61293a3\" data-id=\"61293a3\" data-element_type=\"column\" data-e-type=\"column\">\n\t\t\t<div class=\"elementor-widget-wrap elementor-element-populated\">\n\t\t\t\t\t\t<div class=\"elementor-element elementor-element-673d214 elementor-widget elementor-widget-image\" data-id=\"673d214\" data-element_type=\"widget\" data-e-type=\"widget\" data-widget_type=\"image.default\">\n\t\t\t\t<div class=\"elementor-widget-container\">\n\t\t\t\t\t\t\t\t\t\t\t\t\t\t\t\t<a href=\"https:\/\/www.kampfsport-dagersheim.de\/wp-content\/uploads\/2023\/09\/Plakette-scaled.jpg\" data-elementor-open-lightbox=\"yes\" data-elementor-lightbox-title=\"Plakette\" data-e-action-hash=\"#elementor-action%3Aaction%3Dlightbox%26settings%3DeyJpZCI6MzI3MiwidXJsIjoiaHR0cHM6XC9cL3d3dy5rYW1wZnNwb3J0LWRhZ2Vyc2hlaW0uZGVcL3dwLWNvbnRlbnRcL3VwbG9hZHNcLzIwMjNcLzA5XC9QbGFrZXR0ZS1zY2FsZWQuanBnIn0%3D\">\n\t\t\t\t\t\t\t<img decoding=\"async\" width=\"109\" height=\"300\" src=\"https:\/\/www.kampfsport-dagersheim.de\/wp-content\/uploads\/2023\/09\/Plakette-109x300.jpg\" class=\"attachment-medium size-medium wp-image-3272\" alt=\"\" srcset=\"https:\/\/www.kampfsport-dagersheim.de\/wp-content\/uploads\/2023\/09\/Plakette-109x300.jpg 109w, https:\/\/www.kampfsport-dagersheim.de\/wp-content\/uploads\/2023\/09\/Plakette-371x1024.jpg 371w, https:\/\/www.kampfsport-dagersheim.de\/wp-content\/uploads\/2023\/09\/Plakette-768x2119.jpg 768w, https:\/\/www.kampfsport-dagersheim.de\/wp-content\/uploads\/2023\/09\/Plakette-557x1536.jpg 557w, https:\/\/www.kampfsport-dagersheim.de\/wp-content\/uploads\/2023\/09\/Plakette-742x2048.jpg 742w, https:\/\/www.kampfsport-dagersheim.de\/wp-content\/uploads\/2023\/09\/Plakette-scaled.jpg 928w\" sizes=\"100vw\" \/>\t\t\t\t\t\t\t\t<\/a>\n\t\t\t\t\t\t\t\t\t\t\t\t\t\t\t<\/div>\n\t\t\t\t<\/div>\n\t\t\t\t\t<\/div>\n\t\t<\/div>\n\t\t\t\t<div class=\"elementor-column elementor-col-50 elementor-top-column elementor-element elementor-element-4d75e17\" data-id=\"4d75e17\" data-element_type=\"column\" data-e-type=\"column\">\n\t\t\t<div class=\"elementor-widget-wrap elementor-element-populated\">\n\t\t\t\t\t\t<div class=\"elementor-element elementor-element-f00b5dd elementor-widget elementor-widget-image\" data-id=\"f00b5dd\" data-element_type=\"widget\" data-e-type=\"widget\" data-widget_type=\"image.default\">\n\t\t\t\t<div class=\"elementor-widget-container\">\n\t\t\t\t\t\t\t\t\t\t\t\t<figure class=\"wp-caption\">\n\t\t\t\t\t\t\t\t\t\t\t<a href=\"https:\/\/www.kampfsport-dagersheim.de\/wp-content\/uploads\/2023\/09\/BerichtKreiszeitung.jpg\" data-elementor-open-lightbox=\"yes\" data-elementor-lightbox-title=\"BerichtKreiszeitung\" data-e-action-hash=\"#elementor-action%3Aaction%3Dlightbox%26settings%3DeyJpZCI6MzI3MywidXJsIjoiaHR0cHM6XC9cL3d3dy5rYW1wZnNwb3J0LWRhZ2Vyc2hlaW0uZGVcL3dwLWNvbnRlbnRcL3VwbG9hZHNcLzIwMjNcLzA5XC9CZXJpY2h0S3JlaXN6ZWl0dW5nLmpwZyJ9\">\n\t\t\t\t\t\t\t<img loading=\"lazy\" decoding=\"async\" width=\"740\" height=\"588\" src=\"https:\/\/www.kampfsport-dagersheim.de\/wp-content\/uploads\/2023\/09\/BerichtKreiszeitung-1024x813.jpg\" class=\"attachment-large size-large wp-image-3273\" alt=\"\" srcset=\"https:\/\/www.kampfsport-dagersheim.de\/wp-content\/uploads\/2023\/09\/BerichtKreiszeitung-1024x813.jpg 1024w, https:\/\/www.kampfsport-dagersheim.de\/wp-content\/uploads\/2023\/09\/BerichtKreiszeitung-300x238.jpg 300w, https:\/\/www.kampfsport-dagersheim.de\/wp-content\/uploads\/2023\/09\/BerichtKreiszeitung-768x610.jpg 768w, https:\/\/www.kampfsport-dagersheim.de\/wp-content\/uploads\/2023\/09\/BerichtKreiszeitung-1536x1220.jpg 1536w, https:\/\/www.kampfsport-dagersheim.de\/wp-content\/uploads\/2023\/09\/BerichtKreiszeitung-2048x1626.jpg 2048w\" sizes=\"100vw\" \/>\t\t\t\t\t\t\t\t<\/a>\n\t\t\t\t\t\t\t\t\t\t\t<figcaption class=\"widget-image-caption wp-caption-text\">Quelle: Kreiszeitung B\u00f6blingen Bote  23.06.2023<\/figcaption>\n\t\t\t\t\t\t\t\t\t\t<\/figure>\n\t\t\t\t\t\t\t\t\t<\/div>\n\t\t\t\t<\/div>\n\t\t\t\t\t<\/div>\n\t\t<\/div>\n\t\t\t\t\t<\/div>\n\t\t<\/section>\n\t\t\t\t<\/div>\n\t\t","protected":false},"excerpt":{"rendered":"<p>Ehrenplakette der Stadt B\u00f6blingen in Silber f\u00fcr Abteilungsleiter Matthias Weiss Bei der 60. Sportlerehrung der Stadt B\u00f6blingen wurden 130 Sportler sowie verdiente Pers\u00f6nlichkeiten f\u00fcr ihre herausragenden Leistungen in 2022 geehrt. Darunter auch der Abteilungsleiter der Kampfsportabteilung des TSV Dagersheim Matthias Weiss. Er erhielt nach der Laudatio von Oberb\u00fcrgermeister Dr. Stefan Belz die silberne Plakette der &hellip; <\/p>\n<p class=\"link-more\"><a href=\"https:\/\/www.kampfsport-dagersheim.de\/?page_id=3267\" class=\"more-link\"><span class=\"screen-reader-text\">\u201e60. Sportlerehrung der Stadt B\u00f6blingen 2023\u201c <\/span>weiterlesen<\/a><\/p>\n","protected":false},"author":1,"featured_media":0,"parent":0,"menu_order":0,"comment_status":"closed","ping_status":"closed","template":"","meta":{"footnotes":""},"class_list":["post-3267","page","type-page","status-publish","hentry"],"_links":{"self":[{"href":"https:\/\/www.kampfsport-dagersheim.de\/index.php?rest_route=\/wp\/v2\/pages\/3267","targetHints":{"allow":["GET"]}}],"collection":[{"href":"https:\/\/www.kampfsport-dagersheim.de\/index.php?rest_route=\/wp\/v2\/pages"}],"about":[{"href":"https:\/\/www.kampfsport-dagersheim.de\/index.php?rest_route=\/wp\/v2\/types\/page"}],"author":[{"embeddable":true,"href":"https:\/\/www.kampfsport-dagersheim.de\/index.php?rest_route=\/wp\/v2\/users\/1"}],"replies":[{"embeddable":true,"href":"https:\/\/www.kampfsport-dagersheim.de\/index.php?rest_route=%2Fwp%2Fv2%2Fcomments&post=3267"}],"version-history":[{"count":7,"href":"https:\/\/www.kampfsport-dagersheim.de\/index.php?rest_route=\/wp\/v2\/pages\/3267\/revisions"}],"predecessor-version":[{"id":3279,"href":"https:\/\/www.kampfsport-dagersheim.de\/index.php?rest_route=\/wp\/v2\/pages\/3267\/revisions\/3279"}],"wp:attachment":[{"href":"https:\/\/www.kampfsport-dagersheim.de\/index.php?rest_route=%2Fwp%2Fv2%2Fmedia&parent=3267"}],"curies":[{"name":"wp","href":"https:\/\/api.w.org\/{rel}","templated":true}]}}