{"id":3221,"date":"2023-08-01T08:58:55","date_gmt":"2023-08-01T06:58:55","guid":{"rendered":"http:\/\/www.kampfsport-dagersheim.de\/?page_id=3221"},"modified":"2023-08-01T09:09:42","modified_gmt":"2023-08-01T07:09:42","slug":"ehrungen-des-kvbw-2023","status":"publish","type":"page","link":"https:\/\/www.kampfsport-dagersheim.de\/?page_id=3221","title":{"rendered":"Ehrungen des KVBW 2023"},"content":{"rendered":"\t\t<div data-elementor-type=\"wp-page\" data-elementor-id=\"3221\" class=\"elementor elementor-3221\">\n\t\t\t\t\t\t<section class=\"elementor-section elementor-top-section elementor-element elementor-element-508d9ee4 elementor-section-boxed elementor-section-height-default elementor-section-height-default\" data-id=\"508d9ee4\" data-element_type=\"section\" data-e-type=\"section\">\n\t\t\t\t\t\t<div class=\"elementor-container elementor-column-gap-default\">\n\t\t\t\t\t<div class=\"elementor-column elementor-col-100 elementor-top-column elementor-element elementor-element-1e8dc52e\" data-id=\"1e8dc52e\" data-element_type=\"column\" data-e-type=\"column\">\n\t\t\t<div class=\"elementor-widget-wrap elementor-element-populated\">\n\t\t\t\t\t\t<div class=\"elementor-element elementor-element-75b7ce52 elementor-widget elementor-widget-text-editor\" data-id=\"75b7ce52\" data-element_type=\"widget\" data-e-type=\"widget\" data-widget_type=\"text-editor.default\">\n\t\t\t\t<div class=\"elementor-widget-container\">\n\t\t\t\t\t\t\t\t\t<p><strong>Shotokan Karatekas des TSV Dagersheim erhalten Ehrungen durch den<br \/>Karate Verband Baden-W\u00fcrttemberg<\/strong><\/p><p>Michael Klengel, Ansprechpartner und verantwortlicher Trainer f\u00fcr das Shotokan Karate in Dagersheim, nahm ein gem\u00fctliches Beisammensein am<br \/>27.07.2023 im Ristorante Da Pippo in Dagersheim zum Anlass, im Namen des\u00a0KVBW einige Ehrungen vorzunehmen.<\/p><p>In Anerkennung und W\u00fcrdigung besonderer sportlicher Leistungen und\u00a0Verdienste als Jugendtrainer im Verein sowie langj\u00e4hriger Mitgliedschaft im<br \/>Verband und im Verein wurden geehrt:<\/p><p><strong> Jens H\u00e4cker<\/strong><br \/>mit der Ehrenurkunde und Verbandsehrennadel in Bronze<\/p><p><strong>Christian Ogrinec<\/strong><br \/>mit der Ehrenurkunde und Verbandsehrennadel in Bronze<\/p>\t\t\t\t\t\t\t\t<\/div>\n\t\t\t\t<\/div>\n\t\t\t\t\t<\/div>\n\t\t<\/div>\n\t\t\t\t\t<\/div>\n\t\t<\/section>\n\t\t\t\t<section class=\"elementor-section elementor-top-section elementor-element elementor-element-a338491 elementor-section-boxed elementor-section-height-default elementor-section-height-default\" data-id=\"a338491\" data-element_type=\"section\" data-e-type=\"section\">\n\t\t\t\t\t\t<div class=\"elementor-container elementor-column-gap-default\">\n\t\t\t\t\t<div class=\"elementor-column elementor-col-100 elementor-top-column elementor-element elementor-element-acf5d05\" data-id=\"acf5d05\" data-element_type=\"column\" data-e-type=\"column\">\n\t\t\t<div class=\"elementor-widget-wrap elementor-element-populated\">\n\t\t\t\t\t\t<div class=\"elementor-element elementor-element-2b296d0 elementor-widget elementor-widget-image\" data-id=\"2b296d0\" data-element_type=\"widget\" data-e-type=\"widget\" data-widget_type=\"image.default\">\n\t\t\t\t<div class=\"elementor-widget-container\">\n\t\t\t\t\t\t\t\t\t\t\t\t<figure class=\"wp-caption\">\n\t\t\t\t\t\t\t\t\t\t\t<a href=\"https:\/\/www.kampfsport-dagersheim.de\/wp-content\/uploads\/2023\/08\/KVBW-Ehrungen.jpg\" data-elementor-open-lightbox=\"yes\" data-elementor-lightbox-title=\"KVBW-Ehrungen\" data-e-action-hash=\"#elementor-action%3Aaction%3Dlightbox%26settings%3DeyJpZCI6MzIyMywidXJsIjoiaHR0cHM6XC9cL3d3dy5rYW1wZnNwb3J0LWRhZ2Vyc2hlaW0uZGVcL3dwLWNvbnRlbnRcL3VwbG9hZHNcLzIwMjNcLzA4XC9LVkJXLUVocnVuZ2VuLmpwZyJ9\">\n\t\t\t\t\t\t\t<img fetchpriority=\"high\" decoding=\"async\" width=\"706\" height=\"874\" src=\"https:\/\/www.kampfsport-dagersheim.de\/wp-content\/uploads\/2023\/08\/KVBW-Ehrungen.jpg\" class=\"attachment-large size-large wp-image-3223\" alt=\"\" srcset=\"https:\/\/www.kampfsport-dagersheim.de\/wp-content\/uploads\/2023\/08\/KVBW-Ehrungen.jpg 706w, https:\/\/www.kampfsport-dagersheim.de\/wp-content\/uploads\/2023\/08\/KVBW-Ehrungen-242x300.jpg 242w\" sizes=\"100vw\" \/>\t\t\t\t\t\t\t\t<\/a>\n\t\t\t\t\t\t\t\t\t\t\t<figcaption class=\"widget-image-caption wp-caption-text\">von links nach rechts: Jens H\u00e4cker, Michael Erlenmaier (Trainer), Christian Ogrinec, Michael Klengel (Trainer)<\/figcaption>\n\t\t\t\t\t\t\t\t\t\t<\/figure>\n\t\t\t\t\t\t\t\t\t<\/div>\n\t\t\t\t<\/div>\n\t\t\t\t\t<\/div>\n\t\t<\/div>\n\t\t\t\t\t<\/div>\n\t\t<\/section>\n\t\t\t\t<section class=\"elementor-section elementor-top-section elementor-element elementor-element-cef4321 elementor-section-boxed elementor-section-height-default elementor-section-height-default\" data-id=\"cef4321\" data-element_type=\"section\" data-e-type=\"section\">\n\t\t\t\t\t\t<div class=\"elementor-container elementor-column-gap-default\">\n\t\t\t\t\t<div class=\"elementor-column elementor-col-100 elementor-top-column elementor-element elementor-element-f28b343\" data-id=\"f28b343\" data-element_type=\"column\" data-e-type=\"column\">\n\t\t\t<div class=\"elementor-widget-wrap elementor-element-populated\">\n\t\t\t\t\t\t<div class=\"elementor-element elementor-element-fe0175a elementor-widget elementor-widget-text-editor\" data-id=\"fe0175a\" data-element_type=\"widget\" data-e-type=\"widget\" data-widget_type=\"text-editor.default\">\n\t\t\t\t<div class=\"elementor-widget-container\">\n\t\t\t\t\t\t\t\t\t<p><em>Bericht und Bild: Michael Klengel, TSV Dagersheim \u2013 Abteilung Kampfsport \u2013 Gruppe Shotokan Karate, 30.07.2023<\/em><\/p>\t\t\t\t\t\t\t\t<\/div>\n\t\t\t\t<\/div>\n\t\t\t\t\t<\/div>\n\t\t<\/div>\n\t\t\t\t\t<\/div>\n\t\t<\/section>\n\t\t\t\t<\/div>\n\t\t","protected":false},"excerpt":{"rendered":"<p>Shotokan Karatekas des TSV Dagersheim erhalten Ehrungen durch denKarate Verband Baden-W\u00fcrttemberg Michael Klengel, Ansprechpartner und verantwortlicher Trainer f\u00fcr das Shotokan Karate in Dagersheim, nahm ein gem\u00fctliches Beisammensein am27.07.2023 im Ristorante Da Pippo in Dagersheim zum Anlass, im Namen des\u00a0KVBW einige Ehrungen vorzunehmen. In Anerkennung und W\u00fcrdigung besonderer sportlicher Leistungen und\u00a0Verdienste als Jugendtrainer im Verein sowie &hellip; <\/p>\n<p class=\"link-more\"><a href=\"https:\/\/www.kampfsport-dagersheim.de\/?page_id=3221\" class=\"more-link\"><span class=\"screen-reader-text\">\u201eEhrungen des KVBW 2023\u201c <\/span>weiterlesen<\/a><\/p>\n","protected":false},"author":1,"featured_media":0,"parent":0,"menu_order":0,"comment_status":"closed","ping_status":"closed","template":"","meta":{"footnotes":""},"class_list":["post-3221","page","type-page","status-publish","hentry"],"_links":{"self":[{"href":"https:\/\/www.kampfsport-dagersheim.de\/index.php?rest_route=\/wp\/v2\/pages\/3221","targetHints":{"allow":["GET"]}}],"collection":[{"href":"https:\/\/www.kampfsport-dagersheim.de\/index.php?rest_route=\/wp\/v2\/pages"}],"about":[{"href":"https:\/\/www.kampfsport-dagersheim.de\/index.php?rest_route=\/wp\/v2\/types\/page"}],"author":[{"embeddable":true,"href":"https:\/\/www.kampfsport-dagersheim.de\/index.php?rest_route=\/wp\/v2\/users\/1"}],"replies":[{"embeddable":true,"href":"https:\/\/www.kampfsport-dagersheim.de\/index.php?rest_route=%2Fwp%2Fv2%2Fcomments&post=3221"}],"version-history":[{"count":4,"href":"https:\/\/www.kampfsport-dagersheim.de\/index.php?rest_route=\/wp\/v2\/pages\/3221\/revisions"}],"predecessor-version":[{"id":3227,"href":"https:\/\/www.kampfsport-dagersheim.de\/index.php?rest_route=\/wp\/v2\/pages\/3221\/revisions\/3227"}],"wp:attachment":[{"href":"https:\/\/www.kampfsport-dagersheim.de\/index.php?rest_route=%2Fwp%2Fv2%2Fmedia&parent=3221"}],"curies":[{"name":"wp","href":"https:\/\/api.w.org\/{rel}","templated":true}]}}