{"id":3080,"date":"2023-06-04T17:36:46","date_gmt":"2023-06-04T15:36:46","guid":{"rendered":"http:\/\/www.kampfsport-dagersheim.de\/?page_id=3080"},"modified":"2023-06-04T20:19:17","modified_gmt":"2023-06-04T18:19:17","slug":"selbstverteidungslehrgang-mit-soke-siegfried-lory-in-kressbronn-01-04-2023","status":"publish","type":"page","link":"https:\/\/www.kampfsport-dagersheim.de\/?page_id=3080","title":{"rendered":"Lehrgang mit Soke Siegfried Lory in Kressbronn, 01.04.2023"},"content":{"rendered":"\t\t<div data-elementor-type=\"wp-page\" data-elementor-id=\"3080\" class=\"elementor elementor-3080\">\n\t\t\t\t\t\t<section class=\"elementor-section elementor-top-section elementor-element elementor-element-3928a73d elementor-section-boxed elementor-section-height-default elementor-section-height-default\" data-id=\"3928a73d\" data-element_type=\"section\" data-e-type=\"section\">\n\t\t\t\t\t\t<div class=\"elementor-container elementor-column-gap-default\">\n\t\t\t\t\t<div class=\"elementor-column elementor-col-100 elementor-top-column elementor-element elementor-element-5a45a0fc\" data-id=\"5a45a0fc\" data-element_type=\"column\" data-e-type=\"column\">\n\t\t\t<div class=\"elementor-widget-wrap elementor-element-populated\">\n\t\t\t\t\t\t<div class=\"elementor-element elementor-element-53e4035a elementor-widget elementor-widget-text-editor\" data-id=\"53e4035a\" data-element_type=\"widget\" data-e-type=\"widget\" data-widget_type=\"text-editor.default\">\n\t\t\t\t<div class=\"elementor-widget-container\">\n\t\t\t\t\t\t\t\t\t<p><strong><img decoding=\"async\" class=\"size-full wp-image-1466 alignright\" src=\"https:\/\/www.kampfsport-dagersheim.de\/wp-content\/uploads\/2020\/01\/Kressbronn-IFAK.jpg\" alt=\"\" width=\"269\" height=\"149\" \/>Gut besuchter Selbstverteidigungslehrgang in Kressbronn am Bodensee<\/strong><\/p><p>Am Samstag, den 01. April 2023, fand nach einer kleinen Unterbrechung wieder wie gewohnt ein Selbstverteidigungslehrgang bei der Abteilung Taekwondo des TV Kressbronn mit IFAK-Pr\u00e4sident Soke Siegfried Lory statt. Mit jahrzehntelanger Erfahrung in verschiedenen Kampfsportarten und als ehemaliger Justizbeamter gilt Soke Siegfried Lory als einer der erfahrensten Kampfsportler im Bereich effektiver Selbstverteidigung. Ausgerichtet wurde der Lehrgang von Uwe Gischas, der ordentlich die Werbetrommel ger\u00fchrt hat, sodass sich rund 60 Teilnehmer in der Seesporthalle versammelt haben.<\/p><p>Trainiert wurden einfache, effektive Techniken aus dem RSP (Realistische Selbstverteidigung f\u00fcr die Praxis) gegen verschiedenste Angriffe, die in einer realen Angriffssituation vorkommen k\u00f6nnen. Dabei wurden Kontakt- und Distanzangriffe sowie Angriffe mit dem Stock und die Verteidigung in der Bodenlage behandelt. Damit wurde den Teilnehmern ein abwechslungsreiches und vielf\u00e4ltiges Programm geboten, das sowohl f\u00fcr Anf\u00e4nger als auch f\u00fcr Fortgeschrittene geeignet war.<\/p><p>Cedric Weiss durfte nicht nur die Abteilung Kampfsport des TSV Dagersheim bei dem Lehrgang vertreten, sondern auch IFAK-Pr\u00e4sident Soke Siegfried Lory tatkr\u00e4ftig beim Unterrichten der zahlreichen Techniken unterst\u00fctzen. Die Teilnehmer hatten sehr viel Spa\u00df und konnten sich einige neue Techniken aneignen und die bekannten verfeinern. Vielen Dank f\u00fcr die Ausrichtung und Organisation an Uwe Gischas und sein Team.<\/p><p>\u00a0<\/p>\t\t\t\t\t\t\t\t<\/div>\n\t\t\t\t<\/div>\n\t\t\t\t\t<\/div>\n\t\t<\/div>\n\t\t\t\t\t<\/div>\n\t\t<\/section>\n\t\t\t\t<section class=\"elementor-section elementor-top-section elementor-element elementor-element-ddbc2b3 elementor-section-boxed elementor-section-height-default elementor-section-height-default\" data-id=\"ddbc2b3\" data-element_type=\"section\" data-e-type=\"section\">\n\t\t\t\t\t\t<div class=\"elementor-container elementor-column-gap-default\">\n\t\t\t\t\t<div class=\"elementor-column elementor-col-100 elementor-top-column elementor-element elementor-element-69cbc77\" data-id=\"69cbc77\" data-element_type=\"column\" data-e-type=\"column\">\n\t\t\t<div class=\"elementor-widget-wrap elementor-element-populated\">\n\t\t\t\t\t\t<div class=\"elementor-element elementor-element-9797e0a elementor-widget elementor-widget-image\" data-id=\"9797e0a\" data-element_type=\"widget\" data-e-type=\"widget\" data-widget_type=\"image.default\">\n\t\t\t\t<div class=\"elementor-widget-container\">\n\t\t\t\t\t\t\t\t\t\t\t\t\t\t\t\t<a href=\"https:\/\/www.kampfsport-dagersheim.de\/wp-content\/uploads\/2023\/06\/Gruppenbild-Kressbronn_01042023-scaled.jpg\" data-elementor-open-lightbox=\"yes\" data-elementor-lightbox-title=\"Gruppenbild-Kressbronn_01042023\" data-e-action-hash=\"#elementor-action%3Aaction%3Dlightbox%26settings%3DeyJpZCI6MzA5MywidXJsIjoiaHR0cHM6XC9cL3d3dy5rYW1wZnNwb3J0LWRhZ2Vyc2hlaW0uZGVcL3dwLWNvbnRlbnRcL3VwbG9hZHNcLzIwMjNcLzA2XC9HcnVwcGVuYmlsZC1LcmVzc2Jyb25uXzAxMDQyMDIzLXNjYWxlZC5qcGcifQ%3D%3D\">\n\t\t\t\t\t\t\t<img fetchpriority=\"high\" decoding=\"async\" width=\"525\" height=\"295\" src=\"https:\/\/www.kampfsport-dagersheim.de\/wp-content\/uploads\/2023\/06\/Gruppenbild-Kressbronn_01042023-1024x576.jpg\" class=\"attachment-large size-large wp-image-3093\" alt=\"\" srcset=\"https:\/\/www.kampfsport-dagersheim.de\/wp-content\/uploads\/2023\/06\/Gruppenbild-Kressbronn_01042023-1024x576.jpg 1024w, https:\/\/www.kampfsport-dagersheim.de\/wp-content\/uploads\/2023\/06\/Gruppenbild-Kressbronn_01042023-300x169.jpg 300w, https:\/\/www.kampfsport-dagersheim.de\/wp-content\/uploads\/2023\/06\/Gruppenbild-Kressbronn_01042023-768x432.jpg 768w, https:\/\/www.kampfsport-dagersheim.de\/wp-content\/uploads\/2023\/06\/Gruppenbild-Kressbronn_01042023-1536x864.jpg 1536w, https:\/\/www.kampfsport-dagersheim.de\/wp-content\/uploads\/2023\/06\/Gruppenbild-Kressbronn_01042023-2048x1152.jpg 2048w\" sizes=\"100vw\" \/>\t\t\t\t\t\t\t\t<\/a>\n\t\t\t\t\t\t\t\t\t\t\t\t\t\t\t<\/div>\n\t\t\t\t<\/div>\n\t\t\t\t\t<\/div>\n\t\t<\/div>\n\t\t\t\t\t<\/div>\n\t\t<\/section>\n\t\t\t\t<\/div>\n\t\t","protected":false},"excerpt":{"rendered":"<p>Gut besuchter Selbstverteidigungslehrgang in Kressbronn am Bodensee Am Samstag, den 01. April 2023, fand nach einer kleinen Unterbrechung wieder wie gewohnt ein Selbstverteidigungslehrgang bei der Abteilung Taekwondo des TV Kressbronn mit IFAK-Pr\u00e4sident Soke Siegfried Lory statt. Mit jahrzehntelanger Erfahrung in verschiedenen Kampfsportarten und als ehemaliger Justizbeamter gilt Soke Siegfried Lory als einer der erfahrensten Kampfsportler &hellip; <\/p>\n<p class=\"link-more\"><a href=\"https:\/\/www.kampfsport-dagersheim.de\/?page_id=3080\" class=\"more-link\"><span class=\"screen-reader-text\">\u201eLehrgang mit Soke Siegfried Lory in Kressbronn, 01.04.2023\u201c <\/span>weiterlesen<\/a><\/p>\n","protected":false},"author":1,"featured_media":0,"parent":0,"menu_order":0,"comment_status":"closed","ping_status":"closed","template":"","meta":{"footnotes":""},"class_list":["post-3080","page","type-page","status-publish","hentry"],"_links":{"self":[{"href":"https:\/\/www.kampfsport-dagersheim.de\/index.php?rest_route=\/wp\/v2\/pages\/3080","targetHints":{"allow":["GET"]}}],"collection":[{"href":"https:\/\/www.kampfsport-dagersheim.de\/index.php?rest_route=\/wp\/v2\/pages"}],"about":[{"href":"https:\/\/www.kampfsport-dagersheim.de\/index.php?rest_route=\/wp\/v2\/types\/page"}],"author":[{"embeddable":true,"href":"https:\/\/www.kampfsport-dagersheim.de\/index.php?rest_route=\/wp\/v2\/users\/1"}],"replies":[{"embeddable":true,"href":"https:\/\/www.kampfsport-dagersheim.de\/index.php?rest_route=%2Fwp%2Fv2%2Fcomments&post=3080"}],"version-history":[{"count":12,"href":"https:\/\/www.kampfsport-dagersheim.de\/index.php?rest_route=\/wp\/v2\/pages\/3080\/revisions"}],"predecessor-version":[{"id":3096,"href":"https:\/\/www.kampfsport-dagersheim.de\/index.php?rest_route=\/wp\/v2\/pages\/3080\/revisions\/3096"}],"wp:attachment":[{"href":"https:\/\/www.kampfsport-dagersheim.de\/index.php?rest_route=%2Fwp%2Fv2%2Fmedia&parent=3080"}],"curies":[{"name":"wp","href":"https:\/\/api.w.org\/{rel}","templated":true}]}}