{"id":3043,"date":"2023-05-28T20:18:21","date_gmt":"2023-05-28T18:18:21","guid":{"rendered":"http:\/\/www.kampfsport-dagersheim.de\/?page_id=3043"},"modified":"2023-05-28T20:30:05","modified_gmt":"2023-05-28T18:30:05","slug":"ikf-lizenzseminar-2023","status":"publish","type":"page","link":"https:\/\/www.kampfsport-dagersheim.de\/?page_id=3043","title":{"rendered":"IKF Lizenzseminar 2023"},"content":{"rendered":"\t\t<div data-elementor-type=\"wp-page\" data-elementor-id=\"3043\" class=\"elementor elementor-3043\">\n\t\t\t\t\t\t<section class=\"elementor-section elementor-top-section elementor-element elementor-element-2e2fd887 elementor-section-boxed elementor-section-height-default elementor-section-height-default\" data-id=\"2e2fd887\" data-element_type=\"section\" data-e-type=\"section\">\n\t\t\t\t\t\t<div class=\"elementor-container elementor-column-gap-default\">\n\t\t\t\t\t<div class=\"elementor-column elementor-col-100 elementor-top-column elementor-element elementor-element-75ba9d76\" data-id=\"75ba9d76\" data-element_type=\"column\" data-e-type=\"column\">\n\t\t\t<div class=\"elementor-widget-wrap elementor-element-populated\">\n\t\t\t\t\t\t<div class=\"elementor-element elementor-element-3e41e7ae elementor-widget elementor-widget-text-editor\" data-id=\"3e41e7ae\" data-element_type=\"widget\" data-e-type=\"widget\" data-widget_type=\"text-editor.default\">\n\t\t\t\t<div class=\"elementor-widget-container\">\n\t\t\t\t\t\t\t\t\t<p><strong><img fetchpriority=\"high\" decoding=\"async\" class=\"size-full wp-image-425 alignright\" src=\"https:\/\/www.kampfsport-dagersheim.de\/wp-content\/uploads\/2019\/12\/IKF-Logo-300.jpg\" alt=\"\" width=\"233\" height=\"301\" \/>3. Vlado Schmidt Gedenklehrgang und IKF Lizenzseminar in Feistritz im Rosental\/K\u00e4rnten<\/strong><\/p><p>Vom 18. bis 21. Mai 2023 kamen rund 40 Kampfsportler aus Deutschland, \u00d6sterreich und der Slowakei zum 3. Vlado Schmidt Gedenklehrgang der International Kobudo Ferderation IKF zu Soke G\u00fcnter Painter nach K\u00e4rnten.<\/p><p>Die Themen f\u00fcr die vier Tage waren IKF Ju Jutsu, Kobudo und Bojutsu. Die beiden Trainer, International President IKF Soke G\u00fcnter Painter 9. Dan und International Technical Director IKF Michael Brandner 4. Dan hatten ein vielseitiges Programm vorbereitet. Dieses reichte von Grundlagen im IKF Ju Jutsu, Kobudo und Bojutsu \u00fcber Ju Jutsu Bodentechniken und Vielf\u00e4ltigkeitsprinzipien im IKF Ausbildungsprogramm bis zur Verteidigung mit Alltagsgegenst\u00e4nden aus dem IKF Kobudo. Ein rundum gelungenes IKF Lizenzseminar, das allen viel Spa\u00df gemacht hatte und bei dem alle neben dem vielseitigen Training auch die Kochkunst der K\u00e4rntner K\u00fcche genie\u00dfen konnten.<\/p><p><img decoding=\"async\" class=\"size-medium wp-image-3048 alignright\" src=\"https:\/\/www.kampfsport-dagersheim.de\/wp-content\/uploads\/2023\/05\/IMG_20230521_131404_577-207x300.jpg\" alt=\"\" width=\"207\" height=\"300\" srcset=\"https:\/\/www.kampfsport-dagersheim.de\/wp-content\/uploads\/2023\/05\/IMG_20230521_131404_577-207x300.jpg 207w, https:\/\/www.kampfsport-dagersheim.de\/wp-content\/uploads\/2023\/05\/IMG_20230521_131404_577-708x1024.jpg 708w, https:\/\/www.kampfsport-dagersheim.de\/wp-content\/uploads\/2023\/05\/IMG_20230521_131404_577-768x1111.jpg 768w, https:\/\/www.kampfsport-dagersheim.de\/wp-content\/uploads\/2023\/05\/IMG_20230521_131404_577-1062x1536.jpg 1062w, https:\/\/www.kampfsport-dagersheim.de\/wp-content\/uploads\/2023\/05\/IMG_20230521_131404_577-1416x2048.jpg 1416w, https:\/\/www.kampfsport-dagersheim.de\/wp-content\/uploads\/2023\/05\/IMG_20230521_131404_577.jpg 1552w\" sizes=\"(max-width: 207px) 100vw, 207px\" \/><img decoding=\"async\" class=\"size-medium wp-image-3047 alignright\" src=\"https:\/\/www.kampfsport-dagersheim.de\/wp-content\/uploads\/2023\/05\/IMG_20230521_131005_878-196x300.jpg\" alt=\"\" width=\"196\" height=\"300\" srcset=\"https:\/\/www.kampfsport-dagersheim.de\/wp-content\/uploads\/2023\/05\/IMG_20230521_131005_878-196x300.jpg 196w, https:\/\/www.kampfsport-dagersheim.de\/wp-content\/uploads\/2023\/05\/IMG_20230521_131005_878-669x1024.jpg 669w, https:\/\/www.kampfsport-dagersheim.de\/wp-content\/uploads\/2023\/05\/IMG_20230521_131005_878-768x1176.jpg 768w, https:\/\/www.kampfsport-dagersheim.de\/wp-content\/uploads\/2023\/05\/IMG_20230521_131005_878-1003x1536.jpg 1003w, https:\/\/www.kampfsport-dagersheim.de\/wp-content\/uploads\/2023\/05\/IMG_20230521_131005_878-1338x2048.jpg 1338w, https:\/\/www.kampfsport-dagersheim.de\/wp-content\/uploads\/2023\/05\/IMG_20230521_131005_878-scaled.jpg 1672w\" sizes=\"(max-width: 196px) 100vw, 196px\" \/>F\u00fcr den Dagersheimer\u00a0Kampfsport-Abteilungsleiter gab es eine besondere Auszeichnung. Matthias Weiss erhielt von IKF Pr\u00e4sident Soke G\u00fcnter Painter den Titel Shihan f\u00fcr Ju Jutsu und Bojutsu, Lehrer der Lehrer, \u00fcberreicht. Eine ganz besondere Ehre. Zudem hat Matthias Weiss neben der IKF Trainerlizenz f\u00fcr Ju Jutsu, Kobudo und Bojutsu nun auch die Pr\u00fcferlizenz f\u00fcr Kobudo und Bojutsu der International Kobudo Federation IKF erhalten.<\/p><p>\u00a0<\/p><p>\u00a0<\/p>\t\t\t\t\t\t\t\t<\/div>\n\t\t\t\t<\/div>\n\t\t\t\t\t<\/div>\n\t\t<\/div>\n\t\t\t\t\t<\/div>\n\t\t<\/section>\n\t\t\t\t<section class=\"elementor-section elementor-top-section elementor-element elementor-element-c4cdc79 elementor-section-boxed elementor-section-height-default elementor-section-height-default\" data-id=\"c4cdc79\" data-element_type=\"section\" data-e-type=\"section\">\n\t\t\t\t\t\t<div class=\"elementor-container elementor-column-gap-default\">\n\t\t\t\t\t<div class=\"elementor-column elementor-col-50 elementor-top-column elementor-element elementor-element-e13fbef\" data-id=\"e13fbef\" data-element_type=\"column\" data-e-type=\"column\">\n\t\t\t<div class=\"elementor-widget-wrap elementor-element-populated\">\n\t\t\t\t\t\t<div class=\"elementor-element elementor-element-999602c elementor-widget elementor-widget-image\" data-id=\"999602c\" data-element_type=\"widget\" data-e-type=\"widget\" data-widget_type=\"image.default\">\n\t\t\t\t<div class=\"elementor-widget-container\">\n\t\t\t\t\t\t\t\t\t\t\t\t\t\t\t\t<a href=\"https:\/\/www.kampfsport-dagersheim.de\/wp-content\/uploads\/2023\/05\/IKF-LG_Gruppenbild-01-18052023-scaled.jpg\" data-elementor-open-lightbox=\"yes\" data-elementor-lightbox-title=\"IKF-LG_Gruppenbild-01-18052023\" data-e-action-hash=\"#elementor-action%3Aaction%3Dlightbox%26settings%3DeyJpZCI6MzA1MCwidXJsIjoiaHR0cHM6XC9cL3d3dy5rYW1wZnNwb3J0LWRhZ2Vyc2hlaW0uZGVcL3dwLWNvbnRlbnRcL3VwbG9hZHNcLzIwMjNcLzA1XC9JS0YtTEdfR3J1cHBlbmJpbGQtMDEtMTgwNTIwMjMtc2NhbGVkLmpwZyJ9\">\n\t\t\t\t\t\t\t<img loading=\"lazy\" decoding=\"async\" width=\"740\" height=\"447\" src=\"https:\/\/www.kampfsport-dagersheim.de\/wp-content\/uploads\/2023\/05\/IKF-LG_Gruppenbild-01-18052023-1024x619.jpg\" class=\"attachment-large size-large wp-image-3050\" alt=\"\" srcset=\"https:\/\/www.kampfsport-dagersheim.de\/wp-content\/uploads\/2023\/05\/IKF-LG_Gruppenbild-01-18052023-1024x619.jpg 1024w, https:\/\/www.kampfsport-dagersheim.de\/wp-content\/uploads\/2023\/05\/IKF-LG_Gruppenbild-01-18052023-300x181.jpg 300w, https:\/\/www.kampfsport-dagersheim.de\/wp-content\/uploads\/2023\/05\/IKF-LG_Gruppenbild-01-18052023-768x464.jpg 768w, https:\/\/www.kampfsport-dagersheim.de\/wp-content\/uploads\/2023\/05\/IKF-LG_Gruppenbild-01-18052023-1536x928.jpg 1536w, https:\/\/www.kampfsport-dagersheim.de\/wp-content\/uploads\/2023\/05\/IKF-LG_Gruppenbild-01-18052023-2048x1238.jpg 2048w\" sizes=\"100vw\" \/>\t\t\t\t\t\t\t\t<\/a>\n\t\t\t\t\t\t\t\t\t\t\t\t\t\t\t<\/div>\n\t\t\t\t<\/div>\n\t\t\t\t\t<\/div>\n\t\t<\/div>\n\t\t\t\t<div class=\"elementor-column elementor-col-50 elementor-top-column elementor-element elementor-element-d6f1748\" data-id=\"d6f1748\" data-element_type=\"column\" data-e-type=\"column\">\n\t\t\t<div class=\"elementor-widget-wrap elementor-element-populated\">\n\t\t\t\t\t\t<div class=\"elementor-element elementor-element-70ebcc3 elementor-widget elementor-widget-image\" data-id=\"70ebcc3\" data-element_type=\"widget\" data-e-type=\"widget\" data-widget_type=\"image.default\">\n\t\t\t\t<div class=\"elementor-widget-container\">\n\t\t\t\t\t\t\t\t\t\t\t\t\t\t\t\t<a href=\"https:\/\/www.kampfsport-dagersheim.de\/wp-content\/uploads\/2023\/05\/IKF-LG_Gruppenbild-02-18052023-scaled.jpg\" data-elementor-open-lightbox=\"yes\" data-elementor-lightbox-title=\"IKF-LG_Gruppenbild-02-18052023\" data-e-action-hash=\"#elementor-action%3Aaction%3Dlightbox%26settings%3DeyJpZCI6MzA1MSwidXJsIjoiaHR0cHM6XC9cL3d3dy5rYW1wZnNwb3J0LWRhZ2Vyc2hlaW0uZGVcL3dwLWNvbnRlbnRcL3VwbG9hZHNcLzIwMjNcLzA1XC9JS0YtTEdfR3J1cHBlbmJpbGQtMDItMTgwNTIwMjMtc2NhbGVkLmpwZyJ9\">\n\t\t\t\t\t\t\t<img loading=\"lazy\" decoding=\"async\" width=\"740\" height=\"447\" src=\"https:\/\/www.kampfsport-dagersheim.de\/wp-content\/uploads\/2023\/05\/IKF-LG_Gruppenbild-02-18052023-1024x619.jpg\" class=\"attachment-large size-large wp-image-3051\" alt=\"\" srcset=\"https:\/\/www.kampfsport-dagersheim.de\/wp-content\/uploads\/2023\/05\/IKF-LG_Gruppenbild-02-18052023-1024x619.jpg 1024w, https:\/\/www.kampfsport-dagersheim.de\/wp-content\/uploads\/2023\/05\/IKF-LG_Gruppenbild-02-18052023-300x181.jpg 300w, https:\/\/www.kampfsport-dagersheim.de\/wp-content\/uploads\/2023\/05\/IKF-LG_Gruppenbild-02-18052023-768x464.jpg 768w, https:\/\/www.kampfsport-dagersheim.de\/wp-content\/uploads\/2023\/05\/IKF-LG_Gruppenbild-02-18052023-1536x928.jpg 1536w, https:\/\/www.kampfsport-dagersheim.de\/wp-content\/uploads\/2023\/05\/IKF-LG_Gruppenbild-02-18052023-2048x1238.jpg 2048w\" sizes=\"100vw\" \/>\t\t\t\t\t\t\t\t<\/a>\n\t\t\t\t\t\t\t\t\t\t\t\t\t\t\t<\/div>\n\t\t\t\t<\/div>\n\t\t\t\t\t<\/div>\n\t\t<\/div>\n\t\t\t\t\t<\/div>\n\t\t<\/section>\n\t\t\t\t<\/div>\n\t\t","protected":false},"excerpt":{"rendered":"<p>3. Vlado Schmidt Gedenklehrgang und IKF Lizenzseminar in Feistritz im Rosental\/K\u00e4rnten Vom 18. bis 21. Mai 2023 kamen rund 40 Kampfsportler aus Deutschland, \u00d6sterreich und der Slowakei zum 3. Vlado Schmidt Gedenklehrgang der International Kobudo Ferderation IKF zu Soke G\u00fcnter Painter nach K\u00e4rnten. Die Themen f\u00fcr die vier Tage waren IKF Ju Jutsu, Kobudo und &hellip; <\/p>\n<p class=\"link-more\"><a href=\"https:\/\/www.kampfsport-dagersheim.de\/?page_id=3043\" class=\"more-link\"><span class=\"screen-reader-text\">\u201eIKF Lizenzseminar 2023\u201c <\/span>weiterlesen<\/a><\/p>\n","protected":false},"author":1,"featured_media":0,"parent":0,"menu_order":0,"comment_status":"closed","ping_status":"closed","template":"","meta":{"footnotes":""},"class_list":["post-3043","page","type-page","status-publish","hentry"],"_links":{"self":[{"href":"https:\/\/www.kampfsport-dagersheim.de\/index.php?rest_route=\/wp\/v2\/pages\/3043","targetHints":{"allow":["GET"]}}],"collection":[{"href":"https:\/\/www.kampfsport-dagersheim.de\/index.php?rest_route=\/wp\/v2\/pages"}],"about":[{"href":"https:\/\/www.kampfsport-dagersheim.de\/index.php?rest_route=\/wp\/v2\/types\/page"}],"author":[{"embeddable":true,"href":"https:\/\/www.kampfsport-dagersheim.de\/index.php?rest_route=\/wp\/v2\/users\/1"}],"replies":[{"embeddable":true,"href":"https:\/\/www.kampfsport-dagersheim.de\/index.php?rest_route=%2Fwp%2Fv2%2Fcomments&post=3043"}],"version-history":[{"count":5,"href":"https:\/\/www.kampfsport-dagersheim.de\/index.php?rest_route=\/wp\/v2\/pages\/3043\/revisions"}],"predecessor-version":[{"id":3054,"href":"https:\/\/www.kampfsport-dagersheim.de\/index.php?rest_route=\/wp\/v2\/pages\/3043\/revisions\/3054"}],"wp:attachment":[{"href":"https:\/\/www.kampfsport-dagersheim.de\/index.php?rest_route=%2Fwp%2Fv2%2Fmedia&parent=3043"}],"curies":[{"name":"wp","href":"https:\/\/api.w.org\/{rel}","templated":true}]}}