{"id":3034,"date":"2023-05-28T20:10:31","date_gmt":"2023-05-28T18:10:31","guid":{"rendered":"http:\/\/www.kampfsport-dagersheim.de\/?page_id=3034"},"modified":"2023-05-28T20:17:28","modified_gmt":"2023-05-28T18:17:28","slug":"ju-jitsu-guertelpruefung-26-05-2023","status":"publish","type":"page","link":"https:\/\/www.kampfsport-dagersheim.de\/?page_id=3034","title":{"rendered":"Ju Jitsu G\u00fcrtelpr\u00fcfung, 26.05.2023"},"content":{"rendered":"\t\t<div data-elementor-type=\"wp-page\" data-elementor-id=\"3034\" class=\"elementor elementor-3034\">\n\t\t\t\t\t\t<section class=\"elementor-section elementor-top-section elementor-element elementor-element-4ba93449 elementor-section-boxed elementor-section-height-default elementor-section-height-default\" data-id=\"4ba93449\" data-element_type=\"section\" data-e-type=\"section\">\n\t\t\t\t\t\t<div class=\"elementor-container elementor-column-gap-default\">\n\t\t\t\t\t<div class=\"elementor-column elementor-col-100 elementor-top-column elementor-element elementor-element-327b7c49\" data-id=\"327b7c49\" data-element_type=\"column\" data-e-type=\"column\">\n\t\t\t<div class=\"elementor-widget-wrap elementor-element-populated\">\n\t\t\t\t\t\t<div class=\"elementor-element elementor-element-6765da86 elementor-widget elementor-widget-text-editor\" data-id=\"6765da86\" data-element_type=\"widget\" data-e-type=\"widget\" data-widget_type=\"text-editor.default\">\n\t\t\t\t<div class=\"elementor-widget-container\">\n\t\t\t\t\t\t\t\t\t<p><strong><img decoding=\"async\" class=\"size-medium wp-image-1420 alignright\" src=\"https:\/\/www.kampfsport-dagersheim.de\/wp-content\/uploads\/2020\/01\/newlogo2011-12CM-JuJitsu-IFAK-150-1-157x300.jpg\" alt=\"\" width=\"157\" height=\"300\" srcset=\"https:\/\/www.kampfsport-dagersheim.de\/wp-content\/uploads\/2020\/01\/newlogo2011-12CM-JuJitsu-IFAK-150-1-157x300.jpg 157w, https:\/\/www.kampfsport-dagersheim.de\/wp-content\/uploads\/2020\/01\/newlogo2011-12CM-JuJitsu-IFAK-150-1.jpg 159w\" sizes=\"(max-width: 157px) 100vw, 157px\" \/>Weitere G\u00fcrtelpr\u00fcfung im Ju Jitsu vor den Pfingstferien<\/strong><\/p><p>Nach unserer gro\u00dfen G\u00fcrtelpr\u00fcfung vom 13.05.2023 traten am Freitag, den 26.05.2023, vier weitere Ju Jitsukas unserer Kampfsportabteilung zur Pr\u00fcfung zum n\u00e4chsten G\u00fcrtelgrad an. Die Teilnehmer wurden von ihren Trainern bestens auf die Pr\u00fcfung vorbereitet.<\/p><p>Gemeinsam durften die Pr\u00fcflinge die Grundtechniken und die Fallschule, entsprechend ihrem angestrebten G\u00fcrtelgrad, nach Ansage demonstrieren. Danach wurden alle vier dann mit ihren Pr\u00fcfungspartnern im Technikprogramm des entsprechenden G\u00fcrtelgrades gepr\u00fcft. Hierbei mussten sie Hebel-, Wurf-, Transport- und Festlegetechniken in der Verteidigungssituation zeigen. Genauso bei der anschlie\u00dfenden Hebel-Kata mit festgelegter Reihenfolge von unterschiedlichen Hebeltechniken.<\/p><p>Alle Pr\u00fcflinge haben mit Erfolg bestanden und erhielten ihre neuen Urkunden und G\u00fcrtel von Abteilungsleiter und Pr\u00fcfer Hanshi Matthias Weiss \u00fcberreicht.<\/p><p>Die Pr\u00fcfung zum Wei\u00dfgelbgurt bestand:<br \/><img decoding=\"async\" class=\"alignnone size-full wp-image-366\" src=\"https:\/\/www.kampfsport-dagersheim.de\/wp-content\/uploads\/2019\/12\/9weiss-gelb50.jpg\" alt=\"\" width=\"87\" height=\"35\" \/><br \/>Oskar Daniels<\/p><p>Die Pr\u00fcfung zum 0rangegurt bestanden:<br \/><img decoding=\"async\" class=\"alignnone size-full wp-image-361\" src=\"https:\/\/www.kampfsport-dagersheim.de\/wp-content\/uploads\/2019\/12\/7Orange50.jpg\" alt=\"\" width=\"87\" height=\"35\" \/><br \/>Jakob Daniels und Sophie Daniels<\/p><p>Die Pr\u00fcfung zum Braungurt bestand:<br \/><img loading=\"lazy\" decoding=\"async\" class=\"alignnone size-full wp-image-355\" src=\"https:\/\/www.kampfsport-dagersheim.de\/wp-content\/uploads\/2019\/12\/2Braun50.jpg\" alt=\"\" width=\"87\" height=\"35\" \/><br \/>Paulina Maier<\/p><p>Herzlichen Gl\u00fcckwunsch!<\/p><p>\u00a0<\/p>\t\t\t\t\t\t\t\t<\/div>\n\t\t\t\t<\/div>\n\t\t\t\t\t<\/div>\n\t\t<\/div>\n\t\t\t\t\t<\/div>\n\t\t<\/section>\n\t\t\t\t<section class=\"elementor-section elementor-top-section elementor-element elementor-element-75aa378 elementor-section-boxed elementor-section-height-default elementor-section-height-default\" data-id=\"75aa378\" data-element_type=\"section\" data-e-type=\"section\">\n\t\t\t\t\t\t<div class=\"elementor-container elementor-column-gap-default\">\n\t\t\t\t\t<div class=\"elementor-column elementor-col-50 elementor-top-column elementor-element elementor-element-39c99c7\" data-id=\"39c99c7\" data-element_type=\"column\" data-e-type=\"column\">\n\t\t\t<div class=\"elementor-widget-wrap elementor-element-populated\">\n\t\t\t\t\t\t<div class=\"elementor-element elementor-element-ff3d835 elementor-widget elementor-widget-image\" data-id=\"ff3d835\" data-element_type=\"widget\" data-e-type=\"widget\" data-widget_type=\"image.default\">\n\t\t\t\t<div class=\"elementor-widget-container\">\n\t\t\t\t\t\t\t\t\t\t\t\t\t\t\t\t<a href=\"https:\/\/www.kampfsport-dagersheim.de\/wp-content\/uploads\/2023\/05\/Gruppenbild-26052023-01.jpg\" data-elementor-open-lightbox=\"yes\" data-elementor-lightbox-title=\"Gruppenbild-26052023-01\" data-e-action-hash=\"#elementor-action%3Aaction%3Dlightbox%26settings%3DeyJpZCI6MzAzNywidXJsIjoiaHR0cHM6XC9cL3d3dy5rYW1wZnNwb3J0LWRhZ2Vyc2hlaW0uZGVcL3dwLWNvbnRlbnRcL3VwbG9hZHNcLzIwMjNcLzA1XC9HcnVwcGVuYmlsZC0yNjA1MjAyMy0wMS5qcGcifQ%3D%3D\">\n\t\t\t\t\t\t\t<img loading=\"lazy\" decoding=\"async\" width=\"740\" height=\"530\" src=\"https:\/\/www.kampfsport-dagersheim.de\/wp-content\/uploads\/2023\/05\/Gruppenbild-26052023-01-1024x734.jpg\" class=\"attachment-large size-large wp-image-3037\" alt=\"\" srcset=\"https:\/\/www.kampfsport-dagersheim.de\/wp-content\/uploads\/2023\/05\/Gruppenbild-26052023-01-1024x734.jpg 1024w, https:\/\/www.kampfsport-dagersheim.de\/wp-content\/uploads\/2023\/05\/Gruppenbild-26052023-01-300x215.jpg 300w, https:\/\/www.kampfsport-dagersheim.de\/wp-content\/uploads\/2023\/05\/Gruppenbild-26052023-01-768x550.jpg 768w, https:\/\/www.kampfsport-dagersheim.de\/wp-content\/uploads\/2023\/05\/Gruppenbild-26052023-01-1536x1101.jpg 1536w, https:\/\/www.kampfsport-dagersheim.de\/wp-content\/uploads\/2023\/05\/Gruppenbild-26052023-01-2048x1468.jpg 2048w\" sizes=\"100vw\" \/>\t\t\t\t\t\t\t\t<\/a>\n\t\t\t\t\t\t\t\t\t\t\t\t\t\t\t<\/div>\n\t\t\t\t<\/div>\n\t\t\t\t\t<\/div>\n\t\t<\/div>\n\t\t\t\t<div class=\"elementor-column elementor-col-50 elementor-top-column elementor-element elementor-element-a7bca55\" data-id=\"a7bca55\" data-element_type=\"column\" data-e-type=\"column\">\n\t\t\t<div class=\"elementor-widget-wrap elementor-element-populated\">\n\t\t\t\t\t\t<div class=\"elementor-element elementor-element-a44903c elementor-widget elementor-widget-image\" data-id=\"a44903c\" data-element_type=\"widget\" data-e-type=\"widget\" data-widget_type=\"image.default\">\n\t\t\t\t<div class=\"elementor-widget-container\">\n\t\t\t\t\t\t\t\t\t\t\t\t\t\t\t\t<a href=\"https:\/\/www.kampfsport-dagersheim.de\/wp-content\/uploads\/2023\/05\/Gruppenbild-26052023-02-scaled.jpg\" data-elementor-open-lightbox=\"yes\" data-elementor-lightbox-title=\"Gruppenbild-26052023-02\" data-e-action-hash=\"#elementor-action%3Aaction%3Dlightbox%26settings%3DeyJpZCI6MzAzOCwidXJsIjoiaHR0cHM6XC9cL3d3dy5rYW1wZnNwb3J0LWRhZ2Vyc2hlaW0uZGVcL3dwLWNvbnRlbnRcL3VwbG9hZHNcLzIwMjNcLzA1XC9HcnVwcGVuYmlsZC0yNjA1MjAyMy0wMi1zY2FsZWQuanBnIn0%3D\">\n\t\t\t\t\t\t\t<img loading=\"lazy\" decoding=\"async\" width=\"740\" height=\"528\" src=\"https:\/\/www.kampfsport-dagersheim.de\/wp-content\/uploads\/2023\/05\/Gruppenbild-26052023-02-1024x731.jpg\" class=\"attachment-large size-large wp-image-3038\" alt=\"\" srcset=\"https:\/\/www.kampfsport-dagersheim.de\/wp-content\/uploads\/2023\/05\/Gruppenbild-26052023-02-1024x731.jpg 1024w, https:\/\/www.kampfsport-dagersheim.de\/wp-content\/uploads\/2023\/05\/Gruppenbild-26052023-02-300x214.jpg 300w, https:\/\/www.kampfsport-dagersheim.de\/wp-content\/uploads\/2023\/05\/Gruppenbild-26052023-02-768x548.jpg 768w, https:\/\/www.kampfsport-dagersheim.de\/wp-content\/uploads\/2023\/05\/Gruppenbild-26052023-02-1536x1096.jpg 1536w, https:\/\/www.kampfsport-dagersheim.de\/wp-content\/uploads\/2023\/05\/Gruppenbild-26052023-02-2048x1462.jpg 2048w\" sizes=\"100vw\" \/>\t\t\t\t\t\t\t\t<\/a>\n\t\t\t\t\t\t\t\t\t\t\t\t\t\t\t<\/div>\n\t\t\t\t<\/div>\n\t\t\t\t\t<\/div>\n\t\t<\/div>\n\t\t\t\t\t<\/div>\n\t\t<\/section>\n\t\t\t\t<\/div>\n\t\t","protected":false},"excerpt":{"rendered":"<p>Weitere G\u00fcrtelpr\u00fcfung im Ju Jitsu vor den Pfingstferien Nach unserer gro\u00dfen G\u00fcrtelpr\u00fcfung vom 13.05.2023 traten am Freitag, den 26.05.2023, vier weitere Ju Jitsukas unserer Kampfsportabteilung zur Pr\u00fcfung zum n\u00e4chsten G\u00fcrtelgrad an. Die Teilnehmer wurden von ihren Trainern bestens auf die Pr\u00fcfung vorbereitet. Gemeinsam durften die Pr\u00fcflinge die Grundtechniken und die Fallschule, entsprechend ihrem angestrebten G\u00fcrtelgrad, &hellip; <\/p>\n<p class=\"link-more\"><a href=\"https:\/\/www.kampfsport-dagersheim.de\/?page_id=3034\" class=\"more-link\"><span class=\"screen-reader-text\">\u201eJu Jitsu G\u00fcrtelpr\u00fcfung, 26.05.2023\u201c <\/span>weiterlesen<\/a><\/p>\n","protected":false},"author":1,"featured_media":0,"parent":0,"menu_order":0,"comment_status":"closed","ping_status":"closed","template":"","meta":{"footnotes":""},"class_list":["post-3034","page","type-page","status-publish","hentry"],"_links":{"self":[{"href":"https:\/\/www.kampfsport-dagersheim.de\/index.php?rest_route=\/wp\/v2\/pages\/3034","targetHints":{"allow":["GET"]}}],"collection":[{"href":"https:\/\/www.kampfsport-dagersheim.de\/index.php?rest_route=\/wp\/v2\/pages"}],"about":[{"href":"https:\/\/www.kampfsport-dagersheim.de\/index.php?rest_route=\/wp\/v2\/types\/page"}],"author":[{"embeddable":true,"href":"https:\/\/www.kampfsport-dagersheim.de\/index.php?rest_route=\/wp\/v2\/users\/1"}],"replies":[{"embeddable":true,"href":"https:\/\/www.kampfsport-dagersheim.de\/index.php?rest_route=%2Fwp%2Fv2%2Fcomments&post=3034"}],"version-history":[{"count":5,"href":"https:\/\/www.kampfsport-dagersheim.de\/index.php?rest_route=\/wp\/v2\/pages\/3034\/revisions"}],"predecessor-version":[{"id":3042,"href":"https:\/\/www.kampfsport-dagersheim.de\/index.php?rest_route=\/wp\/v2\/pages\/3034\/revisions\/3042"}],"wp:attachment":[{"href":"https:\/\/www.kampfsport-dagersheim.de\/index.php?rest_route=%2Fwp%2Fv2%2Fmedia&parent=3034"}],"curies":[{"name":"wp","href":"https:\/\/api.w.org\/{rel}","templated":true}]}}