{"id":3016,"date":"2023-05-23T21:18:42","date_gmt":"2023-05-23T19:18:42","guid":{"rendered":"http:\/\/www.kampfsport-dagersheim.de\/?page_id=3016"},"modified":"2023-05-23T21:19:33","modified_gmt":"2023-05-23T19:19:33","slug":"erfolgreiche-ju-jitsu-guertelpruefung-13-mai-2023","status":"publish","type":"page","link":"https:\/\/www.kampfsport-dagersheim.de\/?page_id=3016","title":{"rendered":"Erfolgreiche Ju Jitsu G\u00fcrtelpr\u00fcfung, 13. Mai 2023"},"content":{"rendered":"\t\t<div data-elementor-type=\"wp-page\" data-elementor-id=\"3016\" class=\"elementor elementor-3016\">\n\t\t\t\t\t\t<section class=\"elementor-section elementor-top-section elementor-element elementor-element-615cee14 elementor-section-boxed elementor-section-height-default elementor-section-height-default\" data-id=\"615cee14\" data-element_type=\"section\" data-e-type=\"section\">\n\t\t\t\t\t\t<div class=\"elementor-container elementor-column-gap-default\">\n\t\t\t\t\t<div class=\"elementor-column elementor-col-100 elementor-top-column elementor-element elementor-element-2fb1af1\" data-id=\"2fb1af1\" data-element_type=\"column\" data-e-type=\"column\">\n\t\t\t<div class=\"elementor-widget-wrap elementor-element-populated\">\n\t\t\t\t\t\t<div class=\"elementor-element elementor-element-322a4353 elementor-widget elementor-widget-text-editor\" data-id=\"322a4353\" data-element_type=\"widget\" data-e-type=\"widget\" data-widget_type=\"text-editor.default\">\n\t\t\t\t<div class=\"elementor-widget-container\">\n\t\t\t\t\t\t\t\t\t<p><strong><img decoding=\"async\" class=\"size-medium wp-image-1388 alignright\" src=\"https:\/\/www.kampfsport-dagersheim.de\/wp-content\/uploads\/2020\/01\/newlogo2011-12CM-JuJitsu-IFAK-150-149x300.jpg\" alt=\"\" width=\"149\" height=\"300\" srcset=\"https:\/\/www.kampfsport-dagersheim.de\/wp-content\/uploads\/2020\/01\/newlogo2011-12CM-JuJitsu-IFAK-150-149x300.jpg 149w, https:\/\/www.kampfsport-dagersheim.de\/wp-content\/uploads\/2020\/01\/newlogo2011-12CM-JuJitsu-IFAK-150.jpg 152w\" sizes=\"(max-width: 149px) 100vw, 149px\" \/>Erfolgreiche Pr\u00fcfung bei den Dagersheimer Ju Jitsukas der Abteilung Kampfsport<\/strong><\/p><p>Am Samstag, den 13.05.2023, traten 22 unserer Ju Jitsukas zur Pr\u00fcfung zum n\u00e4chsten G\u00fcrtelgrad an. Die Teilnehmer wurden von ihren Trainern Cedric Weiss und Nina Hinkelmann, Florian und Michael Erdemann und Matthias Weiss bestens auf die Pr\u00fcfung vorbereitet.<\/p><p>Zuerst durften sich die drei j\u00fcngsten Pr\u00fcflinge ihrer ersten Pr\u00fcfung zum wei\u00dfgelben G\u00fcrtel stellen. Sie mussten im ersten Teil ihre Grundtechniken und die Fallschule zeigen. Danach kam der Hauptteil der Pr\u00fcfung mit Verteidigungen gegen verschiedene Angriffe. Hier vor allem gegen Kontaktangriffe, wie Handgelenkfassen, Umklammerung, W\u00fcrgeangriff und Schwitzkasten. Aber auch die Verteidigung gegen Distanzangriffe, wie beispielsweise Fu\u00dftritte, haben die 3 Kids erfolgreich gemeistert.<\/p><p>Danach wurden die weiteren 19 Teilnehmer von Gelbgurt bis Braungurt gepr\u00fcft. Hier durfte die Gruppe gemeinsam die Grundschule, die Bewegungslehre und die Fallschule nach Ansage der Trainer Cedric Weiss und Florian Erdemann demonstrieren. Im Anschluss mussten die Pr\u00fcflinge ihre Verteidigungstechniken gegen Kontakt-, Distanz- und Waffenangriffe zeigen. Hier mussten entsprechend dem angestrebten G\u00fcrtelgrad bestimmte Hebel-, Wurf-, Transport- und Festlegetechniken gezeigt werden. Danach durften alle gemeinsam die Hebel-Kata demonstrieren. Bei der Hebel-Kata werden unterschiedliche Hebeltechniken in einer festgelegten Reihenfolge mit Partner gezeigt.<\/p><p>Alle Teilnehmer haben ihre Pr\u00fcfung mit Erfolg absolviert und durften im Anschluss, unter dem Beifall der Eltern, ihre Urkunden und neuen G\u00fcrtel von Pr\u00fcfer und Abteilungsleiter Hanshi Matthias Weiss entgegennehmen.<\/p><p>Die Pr\u00fcfung zum Wei\u00dfgelbgurt bestanden:<br \/><img decoding=\"async\" class=\"alignnone size-full wp-image-366\" src=\"https:\/\/www.kampfsport-dagersheim.de\/wp-content\/uploads\/2019\/12\/9weiss-gelb50.jpg\" alt=\"\" width=\"87\" height=\"35\" \/><br \/>Lena Alickaj, Suna Tasci und Umay Tasci<\/p><p>Die Pr\u00fcfung zum Gelbgurt bestanden:<br \/><img decoding=\"async\" class=\"alignnone size-full wp-image-363\" src=\"https:\/\/www.kampfsport-dagersheim.de\/wp-content\/uploads\/2019\/12\/8Gelb50.jpg\" alt=\"\" width=\"87\" height=\"35\" \/><br \/>Pia Laier und Daniele Trumino<\/p><p>Die Pr\u00fcfung zum 0rangegurt bestanden:<br \/><img loading=\"lazy\" decoding=\"async\" class=\"alignnone size-full wp-image-361\" src=\"https:\/\/www.kampfsport-dagersheim.de\/wp-content\/uploads\/2019\/12\/7Orange50.jpg\" alt=\"\" width=\"87\" height=\"35\" \/><br \/>Alan Alickaj, Matthias Catherine, Jon Elshani, Lukas Kevric, Olivia Kevric, Seraphinia Wandrey und Franka Wei\u00df<\/p><p>Die Pr\u00fcfung zum Gr\u00fcngurt bestanden:<br \/><img loading=\"lazy\" decoding=\"async\" class=\"alignnone size-full wp-image-360\" src=\"https:\/\/www.kampfsport-dagersheim.de\/wp-content\/uploads\/2019\/12\/6Gruen50.jpg\" alt=\"\" width=\"87\" height=\"35\" \/><br \/>Jan Ebersohn, Jannes Durban, Emma Greiner, Celina Hasenclever und Svenja Widmaier<\/p><p>Die Pr\u00fcfung zum Blaugurt bestanden:<br \/><img loading=\"lazy\" decoding=\"async\" class=\"alignnone size-full wp-image-357\" src=\"https:\/\/www.kampfsport-dagersheim.de\/wp-content\/uploads\/2019\/12\/4Blau50.jpg\" alt=\"\" width=\"87\" height=\"35\" \/><br \/>Fabian Epple und Leon H\u00e4rtkorn<\/p><p>Die Pr\u00fcfung zum Braungurt bestanden:<br \/><img loading=\"lazy\" decoding=\"async\" class=\"alignnone size-full wp-image-355\" src=\"https:\/\/www.kampfsport-dagersheim.de\/wp-content\/uploads\/2019\/12\/2Braun50.jpg\" alt=\"\" width=\"87\" height=\"35\" \/><br \/>Sophie Ebersohn und Julius Schwarz<\/p><p>Herzlichen Gl\u00fcckwunsch!<\/p>\t\t\t\t\t\t\t\t<\/div>\n\t\t\t\t<\/div>\n\t\t\t\t\t<\/div>\n\t\t<\/div>\n\t\t\t\t\t<\/div>\n\t\t<\/section>\n\t\t\t\t<section class=\"elementor-section elementor-top-section elementor-element elementor-element-cb74731 elementor-section-boxed elementor-section-height-default elementor-section-height-default\" data-id=\"cb74731\" data-element_type=\"section\" data-e-type=\"section\">\n\t\t\t\t\t\t<div class=\"elementor-container elementor-column-gap-default\">\n\t\t\t\t\t<div class=\"elementor-column elementor-col-33 elementor-top-column elementor-element elementor-element-76a4299\" data-id=\"76a4299\" data-element_type=\"column\" data-e-type=\"column\">\n\t\t\t<div class=\"elementor-widget-wrap elementor-element-populated\">\n\t\t\t\t\t\t<div class=\"elementor-element elementor-element-b9b83f1 elementor-widget elementor-widget-image\" data-id=\"b9b83f1\" data-element_type=\"widget\" data-e-type=\"widget\" data-widget_type=\"image.default\">\n\t\t\t\t<div class=\"elementor-widget-container\">\n\t\t\t\t\t\t\t\t\t\t\t\t\t\t\t\t<a href=\"https:\/\/www.kampfsport-dagersheim.de\/wp-content\/uploads\/2023\/05\/20230513_weissgelb01-scaled.jpg\" data-elementor-open-lightbox=\"yes\" data-elementor-lightbox-title=\"20230513_weissgelb01\" data-e-action-hash=\"#elementor-action%3Aaction%3Dlightbox%26settings%3DeyJpZCI6MzAxOSwidXJsIjoiaHR0cHM6XC9cL3d3dy5rYW1wZnNwb3J0LWRhZ2Vyc2hlaW0uZGVcL3dwLWNvbnRlbnRcL3VwbG9hZHNcLzIwMjNcLzA1XC8yMDIzMDUxM193ZWlzc2dlbGIwMS1zY2FsZWQuanBnIn0%3D\">\n\t\t\t\t\t\t\t<img loading=\"lazy\" decoding=\"async\" width=\"740\" height=\"542\" src=\"https:\/\/www.kampfsport-dagersheim.de\/wp-content\/uploads\/2023\/05\/20230513_weissgelb01-1024x750.jpg\" class=\"attachment-large size-large wp-image-3019\" alt=\"\" srcset=\"https:\/\/www.kampfsport-dagersheim.de\/wp-content\/uploads\/2023\/05\/20230513_weissgelb01-1024x750.jpg 1024w, https:\/\/www.kampfsport-dagersheim.de\/wp-content\/uploads\/2023\/05\/20230513_weissgelb01-300x220.jpg 300w, https:\/\/www.kampfsport-dagersheim.de\/wp-content\/uploads\/2023\/05\/20230513_weissgelb01-768x563.jpg 768w, https:\/\/www.kampfsport-dagersheim.de\/wp-content\/uploads\/2023\/05\/20230513_weissgelb01-1536x1125.jpg 1536w, https:\/\/www.kampfsport-dagersheim.de\/wp-content\/uploads\/2023\/05\/20230513_weissgelb01-2048x1500.jpg 2048w\" sizes=\"100vw\" \/>\t\t\t\t\t\t\t\t<\/a>\n\t\t\t\t\t\t\t\t\t\t\t\t\t\t\t<\/div>\n\t\t\t\t<\/div>\n\t\t\t\t\t<\/div>\n\t\t<\/div>\n\t\t\t\t<div class=\"elementor-column elementor-col-66 elementor-top-column elementor-element elementor-element-467d392\" data-id=\"467d392\" data-element_type=\"column\" data-e-type=\"column\">\n\t\t\t<div class=\"elementor-widget-wrap elementor-element-populated\">\n\t\t\t\t\t\t<div class=\"elementor-element elementor-element-2f8daa9 elementor-widget elementor-widget-image\" data-id=\"2f8daa9\" data-element_type=\"widget\" data-e-type=\"widget\" data-widget_type=\"image.default\">\n\t\t\t\t<div class=\"elementor-widget-container\">\n\t\t\t\t\t\t\t\t\t\t\t\t\t\t\t\t<a href=\"https:\/\/www.kampfsport-dagersheim.de\/wp-content\/uploads\/2023\/05\/20230513_Gelb-bis-Braun_01-scaled.jpg\" data-elementor-open-lightbox=\"yes\" data-elementor-lightbox-title=\"20230513_Gelb-bis-Braun_01\" data-e-action-hash=\"#elementor-action%3Aaction%3Dlightbox%26settings%3DeyJpZCI6MzAyMCwidXJsIjoiaHR0cHM6XC9cL3d3dy5rYW1wZnNwb3J0LWRhZ2Vyc2hlaW0uZGVcL3dwLWNvbnRlbnRcL3VwbG9hZHNcLzIwMjNcLzA1XC8yMDIzMDUxM19HZWxiLWJpcy1CcmF1bl8wMS1zY2FsZWQuanBnIn0%3D\">\n\t\t\t\t\t\t\t<img loading=\"lazy\" decoding=\"async\" width=\"740\" height=\"364\" src=\"https:\/\/www.kampfsport-dagersheim.de\/wp-content\/uploads\/2023\/05\/20230513_Gelb-bis-Braun_01-1024x504.jpg\" class=\"attachment-large size-large wp-image-3020\" alt=\"\" srcset=\"https:\/\/www.kampfsport-dagersheim.de\/wp-content\/uploads\/2023\/05\/20230513_Gelb-bis-Braun_01-1024x504.jpg 1024w, https:\/\/www.kampfsport-dagersheim.de\/wp-content\/uploads\/2023\/05\/20230513_Gelb-bis-Braun_01-300x148.jpg 300w, https:\/\/www.kampfsport-dagersheim.de\/wp-content\/uploads\/2023\/05\/20230513_Gelb-bis-Braun_01-768x378.jpg 768w, https:\/\/www.kampfsport-dagersheim.de\/wp-content\/uploads\/2023\/05\/20230513_Gelb-bis-Braun_01-1536x756.jpg 1536w, https:\/\/www.kampfsport-dagersheim.de\/wp-content\/uploads\/2023\/05\/20230513_Gelb-bis-Braun_01-2048x1008.jpg 2048w\" sizes=\"100vw\" \/>\t\t\t\t\t\t\t\t<\/a>\n\t\t\t\t\t\t\t\t\t\t\t\t\t\t\t<\/div>\n\t\t\t\t<\/div>\n\t\t\t\t\t<\/div>\n\t\t<\/div>\n\t\t\t\t\t<\/div>\n\t\t<\/section>\n\t\t\t\t<section class=\"elementor-section elementor-top-section elementor-element elementor-element-9b1c32d elementor-section-boxed elementor-section-height-default elementor-section-height-default\" data-id=\"9b1c32d\" data-element_type=\"section\" data-e-type=\"section\">\n\t\t\t\t\t\t<div class=\"elementor-container elementor-column-gap-default\">\n\t\t\t\t\t<div class=\"elementor-column elementor-col-33 elementor-top-column elementor-element elementor-element-85df136\" data-id=\"85df136\" data-element_type=\"column\" data-e-type=\"column\">\n\t\t\t<div class=\"elementor-widget-wrap elementor-element-populated\">\n\t\t\t\t\t\t<div class=\"elementor-element elementor-element-3a78c49 elementor-widget elementor-widget-image\" data-id=\"3a78c49\" data-element_type=\"widget\" data-e-type=\"widget\" data-widget_type=\"image.default\">\n\t\t\t\t<div class=\"elementor-widget-container\">\n\t\t\t\t\t\t\t\t\t\t\t\t\t\t\t\t<a href=\"https:\/\/www.kampfsport-dagersheim.de\/wp-content\/uploads\/2023\/05\/20230513_weissgelb02.jpg\" data-elementor-open-lightbox=\"yes\" data-elementor-lightbox-title=\"20230513_weissgelb02\" data-e-action-hash=\"#elementor-action%3Aaction%3Dlightbox%26settings%3DeyJpZCI6MzAyMSwidXJsIjoiaHR0cHM6XC9cL3d3dy5rYW1wZnNwb3J0LWRhZ2Vyc2hlaW0uZGVcL3dwLWNvbnRlbnRcL3VwbG9hZHNcLzIwMjNcLzA1XC8yMDIzMDUxM193ZWlzc2dlbGIwMi5qcGcifQ%3D%3D\">\n\t\t\t\t\t\t\t<img loading=\"lazy\" decoding=\"async\" width=\"740\" height=\"595\" src=\"https:\/\/www.kampfsport-dagersheim.de\/wp-content\/uploads\/2023\/05\/20230513_weissgelb02-1024x824.jpg\" class=\"attachment-large size-large wp-image-3021\" alt=\"\" srcset=\"https:\/\/www.kampfsport-dagersheim.de\/wp-content\/uploads\/2023\/05\/20230513_weissgelb02-1024x824.jpg 1024w, https:\/\/www.kampfsport-dagersheim.de\/wp-content\/uploads\/2023\/05\/20230513_weissgelb02-300x241.jpg 300w, https:\/\/www.kampfsport-dagersheim.de\/wp-content\/uploads\/2023\/05\/20230513_weissgelb02-768x618.jpg 768w, https:\/\/www.kampfsport-dagersheim.de\/wp-content\/uploads\/2023\/05\/20230513_weissgelb02-1536x1236.jpg 1536w, https:\/\/www.kampfsport-dagersheim.de\/wp-content\/uploads\/2023\/05\/20230513_weissgelb02.jpg 1988w\" sizes=\"100vw\" \/>\t\t\t\t\t\t\t\t<\/a>\n\t\t\t\t\t\t\t\t\t\t\t\t\t\t\t<\/div>\n\t\t\t\t<\/div>\n\t\t\t\t\t<\/div>\n\t\t<\/div>\n\t\t\t\t<div class=\"elementor-column elementor-col-66 elementor-top-column elementor-element elementor-element-9125d0d\" data-id=\"9125d0d\" data-element_type=\"column\" data-e-type=\"column\">\n\t\t\t<div class=\"elementor-widget-wrap elementor-element-populated\">\n\t\t\t\t\t\t<div class=\"elementor-element elementor-element-e20b5e3 elementor-widget elementor-widget-image\" data-id=\"e20b5e3\" data-element_type=\"widget\" data-e-type=\"widget\" data-widget_type=\"image.default\">\n\t\t\t\t<div class=\"elementor-widget-container\">\n\t\t\t\t\t\t\t\t\t\t\t\t\t\t\t\t<a href=\"https:\/\/www.kampfsport-dagersheim.de\/wp-content\/uploads\/2023\/05\/20230513_Gelb-bis-Braun_02-scaled.jpg\" data-elementor-open-lightbox=\"yes\" data-elementor-lightbox-title=\"20230513_Gelb-bis-Braun_02\" data-e-action-hash=\"#elementor-action%3Aaction%3Dlightbox%26settings%3DeyJpZCI6MzAyMiwidXJsIjoiaHR0cHM6XC9cL3d3dy5rYW1wZnNwb3J0LWRhZ2Vyc2hlaW0uZGVcL3dwLWNvbnRlbnRcL3VwbG9hZHNcLzIwMjNcLzA1XC8yMDIzMDUxM19HZWxiLWJpcy1CcmF1bl8wMi1zY2FsZWQuanBnIn0%3D\">\n\t\t\t\t\t\t\t<img loading=\"lazy\" decoding=\"async\" width=\"740\" height=\"323\" src=\"https:\/\/www.kampfsport-dagersheim.de\/wp-content\/uploads\/2023\/05\/20230513_Gelb-bis-Braun_02-1024x447.jpg\" class=\"attachment-large size-large wp-image-3022\" alt=\"\" srcset=\"https:\/\/www.kampfsport-dagersheim.de\/wp-content\/uploads\/2023\/05\/20230513_Gelb-bis-Braun_02-1024x447.jpg 1024w, https:\/\/www.kampfsport-dagersheim.de\/wp-content\/uploads\/2023\/05\/20230513_Gelb-bis-Braun_02-300x131.jpg 300w, https:\/\/www.kampfsport-dagersheim.de\/wp-content\/uploads\/2023\/05\/20230513_Gelb-bis-Braun_02-768x336.jpg 768w, https:\/\/www.kampfsport-dagersheim.de\/wp-content\/uploads\/2023\/05\/20230513_Gelb-bis-Braun_02-1536x671.jpg 1536w, https:\/\/www.kampfsport-dagersheim.de\/wp-content\/uploads\/2023\/05\/20230513_Gelb-bis-Braun_02-2048x895.jpg 2048w\" sizes=\"100vw\" \/>\t\t\t\t\t\t\t\t<\/a>\n\t\t\t\t\t\t\t\t\t\t\t\t\t\t\t<\/div>\n\t\t\t\t<\/div>\n\t\t\t\t\t<\/div>\n\t\t<\/div>\n\t\t\t\t\t<\/div>\n\t\t<\/section>\n\t\t\t\t<\/div>\n\t\t","protected":false},"excerpt":{"rendered":"<p>Erfolgreiche Pr\u00fcfung bei den Dagersheimer Ju Jitsukas der Abteilung Kampfsport Am Samstag, den 13.05.2023, traten 22 unserer Ju Jitsukas zur Pr\u00fcfung zum n\u00e4chsten G\u00fcrtelgrad an. Die Teilnehmer wurden von ihren Trainern Cedric Weiss und Nina Hinkelmann, Florian und Michael Erdemann und Matthias Weiss bestens auf die Pr\u00fcfung vorbereitet. Zuerst durften sich die drei j\u00fcngsten Pr\u00fcflinge &hellip; <\/p>\n<p class=\"link-more\"><a href=\"https:\/\/www.kampfsport-dagersheim.de\/?page_id=3016\" class=\"more-link\"><span class=\"screen-reader-text\">\u201eErfolgreiche Ju Jitsu G\u00fcrtelpr\u00fcfung, 13. Mai 2023\u201c <\/span>weiterlesen<\/a><\/p>\n","protected":false},"author":1,"featured_media":0,"parent":0,"menu_order":0,"comment_status":"closed","ping_status":"closed","template":"","meta":{"footnotes":""},"class_list":["post-3016","page","type-page","status-publish","hentry"],"_links":{"self":[{"href":"https:\/\/www.kampfsport-dagersheim.de\/index.php?rest_route=\/wp\/v2\/pages\/3016","targetHints":{"allow":["GET"]}}],"collection":[{"href":"https:\/\/www.kampfsport-dagersheim.de\/index.php?rest_route=\/wp\/v2\/pages"}],"about":[{"href":"https:\/\/www.kampfsport-dagersheim.de\/index.php?rest_route=\/wp\/v2\/types\/page"}],"author":[{"embeddable":true,"href":"https:\/\/www.kampfsport-dagersheim.de\/index.php?rest_route=\/wp\/v2\/users\/1"}],"replies":[{"embeddable":true,"href":"https:\/\/www.kampfsport-dagersheim.de\/index.php?rest_route=%2Fwp%2Fv2%2Fcomments&post=3016"}],"version-history":[{"count":5,"href":"https:\/\/www.kampfsport-dagersheim.de\/index.php?rest_route=\/wp\/v2\/pages\/3016\/revisions"}],"predecessor-version":[{"id":3025,"href":"https:\/\/www.kampfsport-dagersheim.de\/index.php?rest_route=\/wp\/v2\/pages\/3016\/revisions\/3025"}],"wp:attachment":[{"href":"https:\/\/www.kampfsport-dagersheim.de\/index.php?rest_route=%2Fwp%2Fv2%2Fmedia&parent=3016"}],"curies":[{"name":"wp","href":"https:\/\/api.w.org\/{rel}","templated":true}]}}