{"id":2966,"date":"2023-05-09T09:16:39","date_gmt":"2023-05-09T07:16:39","guid":{"rendered":"http:\/\/www.kampfsport-dagersheim.de\/?page_id=2966"},"modified":"2023-05-09T09:26:08","modified_gmt":"2023-05-09T07:26:08","slug":"mitgliederversammlung-2023","status":"publish","type":"page","link":"https:\/\/www.kampfsport-dagersheim.de\/?page_id=2966","title":{"rendered":"Mitgliederversammlung 2023"},"content":{"rendered":"\t\t<div data-elementor-type=\"wp-page\" data-elementor-id=\"2966\" class=\"elementor elementor-2966\">\n\t\t\t\t\t\t<section class=\"elementor-section elementor-top-section elementor-element elementor-element-b55b761 elementor-section-boxed elementor-section-height-default elementor-section-height-default\" data-id=\"b55b761\" data-element_type=\"section\" data-e-type=\"section\">\n\t\t\t\t\t\t<div class=\"elementor-container elementor-column-gap-default\">\n\t\t\t\t\t<div class=\"elementor-column elementor-col-100 elementor-top-column elementor-element elementor-element-6dcb2dc\" data-id=\"6dcb2dc\" data-element_type=\"column\" data-e-type=\"column\">\n\t\t\t<div class=\"elementor-widget-wrap elementor-element-populated\">\n\t\t\t\t\t\t<div class=\"elementor-element elementor-element-1e9e12e elementor-widget elementor-widget-text-editor\" data-id=\"1e9e12e\" data-element_type=\"widget\" data-e-type=\"widget\" data-widget_type=\"text-editor.default\">\n\t\t\t\t<div class=\"elementor-widget-container\">\n\t\t\t\t\t\t\t\t\t<p><strong>Mitgliederversammlung vom 03.04.2023<\/strong><\/p><p><img decoding=\"async\" class=\"wp-image-154 alignright\" src=\"https:\/\/www.kampfsport-dagersheim.de\/wp-content\/uploads\/2019\/12\/cropped-newlogo2011-12CM-JuJitsu-500-1.jpg\" alt=\"\" width=\"177\" height=\"177\" srcset=\"https:\/\/www.kampfsport-dagersheim.de\/wp-content\/uploads\/2019\/12\/cropped-newlogo2011-12CM-JuJitsu-500-1.jpg 250w, https:\/\/www.kampfsport-dagersheim.de\/wp-content\/uploads\/2019\/12\/cropped-newlogo2011-12CM-JuJitsu-500-1-150x150.jpg 150w, https:\/\/www.kampfsport-dagersheim.de\/wp-content\/uploads\/2019\/12\/cropped-newlogo2011-12CM-JuJitsu-500-1-100x100.jpg 100w\" sizes=\"(max-width: 177px) 100vw, 177px\" \/><\/p><p>Am Montag, den 03.04.2023, fand unsere diesj\u00e4hrige Mitgliederv<span style=\"color: var( --e-global-color-text ); font-family: var( --e-global-typography-text-font-family ), Sans-serif; font-weight: var( --e-global-typography-text-font-weight ); font-size: 1rem;\">ersammlung statt. Dieses Jahr fand die Versammlung wieder virtuell \u00fcber Zoom statt. Die Entwicklung des Mitgliederstandes ist gegen\u00fcber dem Vorjahr insgesamt leicht gestiegen. In Sachen Finanzen ist die Entwicklung stabil, wir konnten in 2022 unsere R\u00fccklagen weiter ausbauen.<\/span><\/p><p>Im Bericht des Abteilungsleiters konnte f\u00fcr das Jahr 2022 wieder auf viele Aktivit\u00e4ten und Ereignisse wie Lehrg\u00e4nge und G\u00fcrtelpr\u00fcfungen in der Abteilung zur\u00fcckgeblickt werden.<\/p><p>Bei den Wahlen wurden Dieter Kustos als Stellvertretender Abteilungsleiter, Jens H\u00e4cker als Schriftf\u00fchrer wieder auf 2 Jahre gew\u00e4hlt. Ebenso wurden die beiden Kassenpr\u00fcfer Robert K\u00f6hler und Sascha Klengel auf 2 weitere Jahre gew\u00e4hlt. Als Delegierte wurden Tobias Scheible und\u00a0 Bernd Schmidt, bei den Ersatzdelegierten Florian Erdemann und Florian Klein, f\u00fcr 2 weitere Jahre gew\u00e4hlt.<\/p><p>Hier die aktuellen Funktionen der Abteilung Kampfsport:<\/p><table><tbody><tr><td>Abteilungsleiter<\/td><td>Matthias Weiss<\/td><\/tr><tr><td>Stellvertr. Abteilungsleiter<\/td><td>Dieter Kustos<\/td><\/tr><tr><td>Kassier<\/td><td>Michael Klengel<\/td><\/tr><tr><td>Schriftf\u00fchrer<\/td><td>Jens H\u00e4cker<\/td><\/tr><tr><td>Kassenpr\u00fcfer<\/td><td>Sascha Klengel und Robert K\u00f6hler<\/td><\/tr><tr><td>Delegierte<\/td><td>Tobias Scheible, Bernd Schmidt, Cedric Weiss und Anja Ziegerer<\/td><\/tr><tr><td>Ersatzdelegierte<\/td><td>Florian Erdemann und Florian Klein<\/td><\/tr><\/tbody><\/table>\t\t\t\t\t\t\t\t<\/div>\n\t\t\t\t<\/div>\n\t\t\t\t\t<\/div>\n\t\t<\/div>\n\t\t\t\t\t<\/div>\n\t\t<\/section>\n\t\t\t\t<\/div>\n\t\t","protected":false},"excerpt":{"rendered":"<p>Mitgliederversammlung vom 03.04.2023 Am Montag, den 03.04.2023, fand unsere diesj\u00e4hrige Mitgliederversammlung statt. Dieses Jahr fand die Versammlung wieder virtuell \u00fcber Zoom statt. Die Entwicklung des Mitgliederstandes ist gegen\u00fcber dem Vorjahr insgesamt leicht gestiegen. In Sachen Finanzen ist die Entwicklung stabil, wir konnten in 2022 unsere R\u00fccklagen weiter ausbauen. Im Bericht des Abteilungsleiters konnte f\u00fcr das &hellip; <\/p>\n<p class=\"link-more\"><a href=\"https:\/\/www.kampfsport-dagersheim.de\/?page_id=2966\" class=\"more-link\"><span class=\"screen-reader-text\">\u201eMitgliederversammlung 2023\u201c <\/span>weiterlesen<\/a><\/p>\n","protected":false},"author":1,"featured_media":0,"parent":0,"menu_order":0,"comment_status":"closed","ping_status":"closed","template":"","meta":{"footnotes":""},"class_list":["post-2966","page","type-page","status-publish","hentry"],"_links":{"self":[{"href":"https:\/\/www.kampfsport-dagersheim.de\/index.php?rest_route=\/wp\/v2\/pages\/2966","targetHints":{"allow":["GET"]}}],"collection":[{"href":"https:\/\/www.kampfsport-dagersheim.de\/index.php?rest_route=\/wp\/v2\/pages"}],"about":[{"href":"https:\/\/www.kampfsport-dagersheim.de\/index.php?rest_route=\/wp\/v2\/types\/page"}],"author":[{"embeddable":true,"href":"https:\/\/www.kampfsport-dagersheim.de\/index.php?rest_route=\/wp\/v2\/users\/1"}],"replies":[{"embeddable":true,"href":"https:\/\/www.kampfsport-dagersheim.de\/index.php?rest_route=%2Fwp%2Fv2%2Fcomments&post=2966"}],"version-history":[{"count":7,"href":"https:\/\/www.kampfsport-dagersheim.de\/index.php?rest_route=\/wp\/v2\/pages\/2966\/revisions"}],"predecessor-version":[{"id":2973,"href":"https:\/\/www.kampfsport-dagersheim.de\/index.php?rest_route=\/wp\/v2\/pages\/2966\/revisions\/2973"}],"wp:attachment":[{"href":"https:\/\/www.kampfsport-dagersheim.de\/index.php?rest_route=%2Fwp%2Fv2%2Fmedia&parent=2966"}],"curies":[{"name":"wp","href":"https:\/\/api.w.org\/{rel}","templated":true}]}}