{"id":2894,"date":"2023-03-19T19:13:44","date_gmt":"2023-03-19T18:13:44","guid":{"rendered":"http:\/\/www.kampfsport-dagersheim.de\/?page_id=2894"},"modified":"2023-03-19T19:14:11","modified_gmt":"2023-03-19T18:14:11","slug":"rsp-lehrgang-des-ifak-in-muenchen-04-03-2023","status":"publish","type":"page","link":"https:\/\/www.kampfsport-dagersheim.de\/?page_id=2894","title":{"rendered":"RSP Lehrgang des IFAK in M\u00fcnchen, 04.03.2023"},"content":{"rendered":"\t\t<div data-elementor-type=\"wp-page\" data-elementor-id=\"2894\" class=\"elementor elementor-2894\">\n\t\t\t\t\t\t<section class=\"elementor-section elementor-top-section elementor-element elementor-element-1759ce1 elementor-section-boxed elementor-section-height-default elementor-section-height-default\" data-id=\"1759ce1\" data-element_type=\"section\" data-e-type=\"section\">\n\t\t\t\t\t\t<div class=\"elementor-container elementor-column-gap-default\">\n\t\t\t\t\t<div class=\"elementor-column elementor-col-100 elementor-top-column elementor-element elementor-element-79d39550\" data-id=\"79d39550\" data-element_type=\"column\" data-e-type=\"column\">\n\t\t\t<div class=\"elementor-widget-wrap elementor-element-populated\">\n\t\t\t\t\t\t<div class=\"elementor-element elementor-element-4c7c6a9b elementor-widget elementor-widget-text-editor\" data-id=\"4c7c6a9b\" data-element_type=\"widget\" data-e-type=\"widget\" data-widget_type=\"text-editor.default\">\n\t\t\t\t<div class=\"elementor-widget-container\">\n\t\t\t\t\t\t\t\t\t<p><strong><img decoding=\"async\" class=\"wp-image-1284 alignright\" src=\"https:\/\/www.kampfsport-dagersheim.de\/wp-content\/uploads\/2020\/01\/RSP-580-300x300.jpg\" alt=\"\" width=\"137\" height=\"137\" srcset=\"https:\/\/www.kampfsport-dagersheim.de\/wp-content\/uploads\/2020\/01\/RSP-580-300x300.jpg 300w, https:\/\/www.kampfsport-dagersheim.de\/wp-content\/uploads\/2020\/01\/RSP-580-150x150.jpg 150w, https:\/\/www.kampfsport-dagersheim.de\/wp-content\/uploads\/2020\/01\/RSP-580-100x100.jpg 100w, https:\/\/www.kampfsport-dagersheim.de\/wp-content\/uploads\/2020\/01\/RSP-580.jpg 580w\" sizes=\"(max-width: 137px) 100vw, 137px\" \/>Lehrgang Realistische Selbstverteidigung f\u00fcr die Praxis (RSP)<br \/>mit IFAK-Pr\u00e4sident Soke Siegfried Lory, 10. Dan <\/strong><\/p><p>Am Samstag, den 04. M\u00e4rz 2023, fand in M\u00fcnchen ein RSP-Lehrgang mit Soke Siegfried Lory, 10. Dan, statt. RSP steht f\u00fcr <strong>R<\/strong>ealistische <strong>S<\/strong>elbstverteidigung f\u00fcr die <strong>P<\/strong>raxis und wurde von Siegfried Lory entwickelt. Es ist ein Selbstverteidigungsstil mit meist kurzen, effektiven Techniken.<\/p><p>Auch dieses Jahr fand der internationale Lehrgang in M\u00fcnchen gro\u00dfen Anklang. Rund 60 Teilnehmer kamen aus ganz Deutschland, Ungarn und der Slowakei angereist. Es wurden Verteidigungstechniken gegen unbewaffnete und bewaffnete Angreifer trainiert. Der letzte Teil des Lehrgangs bestand aus der Verteidigung in der Bodenlage.<\/p><p>Im Anschluss fand der Lehrgangsausklang beim gem\u00fctlichen Zusammensein im nahegelegenen Gasthaus Linde statt. Der n\u00e4chste Lehrgang bei Soke Siegfried Lory in M\u00fcnchen findet am 16. Oktober 2023 statt. Hier dann mit den Lehrgangsthemen Hanbo Jitsu und Ju Jitsu.<\/p><p>\u00a0<\/p>\t\t\t\t\t\t\t\t<\/div>\n\t\t\t\t<\/div>\n\t\t\t\t\t<\/div>\n\t\t<\/div>\n\t\t\t\t\t<\/div>\n\t\t<\/section>\n\t\t\t\t<section class=\"elementor-section elementor-top-section elementor-element elementor-element-4c3f253 elementor-section-boxed elementor-section-height-default elementor-section-height-default\" data-id=\"4c3f253\" data-element_type=\"section\" data-e-type=\"section\">\n\t\t\t\t\t\t<div class=\"elementor-container elementor-column-gap-default\">\n\t\t\t\t\t<div class=\"elementor-column elementor-col-100 elementor-top-column elementor-element elementor-element-629a56f\" data-id=\"629a56f\" data-element_type=\"column\" data-e-type=\"column\">\n\t\t\t<div class=\"elementor-widget-wrap elementor-element-populated\">\n\t\t\t\t\t\t<div class=\"elementor-element elementor-element-80b3322 elementor-widget elementor-widget-image\" data-id=\"80b3322\" data-element_type=\"widget\" data-e-type=\"widget\" data-widget_type=\"image.default\">\n\t\t\t\t<div class=\"elementor-widget-container\">\n\t\t\t\t\t\t\t\t\t\t\t\t\t\t\t\t<a href=\"https:\/\/www.kampfsport-dagersheim.de\/wp-content\/uploads\/2023\/03\/Gruppenbild-scaled.jpg\" data-elementor-open-lightbox=\"yes\" data-elementor-lightbox-title=\"Gruppenbild\" data-e-action-hash=\"#elementor-action%3Aaction%3Dlightbox%26settings%3DeyJpZCI6Mjg5NywidXJsIjoiaHR0cHM6XC9cL3d3dy5rYW1wZnNwb3J0LWRhZ2Vyc2hlaW0uZGVcL3dwLWNvbnRlbnRcL3VwbG9hZHNcLzIwMjNcLzAzXC9HcnVwcGVuYmlsZC1zY2FsZWQuanBnIn0%3D\">\n\t\t\t\t\t\t\t<img fetchpriority=\"high\" decoding=\"async\" width=\"740\" height=\"349\" src=\"https:\/\/www.kampfsport-dagersheim.de\/wp-content\/uploads\/2023\/03\/Gruppenbild-1024x483.jpg\" class=\"attachment-large size-large wp-image-2897\" alt=\"\" srcset=\"https:\/\/www.kampfsport-dagersheim.de\/wp-content\/uploads\/2023\/03\/Gruppenbild-1024x483.jpg 1024w, https:\/\/www.kampfsport-dagersheim.de\/wp-content\/uploads\/2023\/03\/Gruppenbild-300x141.jpg 300w, https:\/\/www.kampfsport-dagersheim.de\/wp-content\/uploads\/2023\/03\/Gruppenbild-768x362.jpg 768w, https:\/\/www.kampfsport-dagersheim.de\/wp-content\/uploads\/2023\/03\/Gruppenbild-1536x724.jpg 1536w, https:\/\/www.kampfsport-dagersheim.de\/wp-content\/uploads\/2023\/03\/Gruppenbild-2048x966.jpg 2048w\" sizes=\"100vw\" \/>\t\t\t\t\t\t\t\t<\/a>\n\t\t\t\t\t\t\t\t\t\t\t\t\t\t\t<\/div>\n\t\t\t\t<\/div>\n\t\t\t\t\t<\/div>\n\t\t<\/div>\n\t\t\t\t\t<\/div>\n\t\t<\/section>\n\t\t\t\t<\/div>\n\t\t","protected":false},"excerpt":{"rendered":"<p>Lehrgang Realistische Selbstverteidigung f\u00fcr die Praxis (RSP)mit IFAK-Pr\u00e4sident Soke Siegfried Lory, 10. Dan Am Samstag, den 04. M\u00e4rz 2023, fand in M\u00fcnchen ein RSP-Lehrgang mit Soke Siegfried Lory, 10. Dan, statt. RSP steht f\u00fcr Realistische Selbstverteidigung f\u00fcr die Praxis und wurde von Siegfried Lory entwickelt. Es ist ein Selbstverteidigungsstil mit meist kurzen, effektiven Techniken. Auch &hellip; <\/p>\n<p class=\"link-more\"><a href=\"https:\/\/www.kampfsport-dagersheim.de\/?page_id=2894\" class=\"more-link\"><span class=\"screen-reader-text\">\u201eRSP Lehrgang des IFAK in M\u00fcnchen, 04.03.2023\u201c <\/span>weiterlesen<\/a><\/p>\n","protected":false},"author":1,"featured_media":0,"parent":0,"menu_order":0,"comment_status":"closed","ping_status":"closed","template":"","meta":{"footnotes":""},"class_list":["post-2894","page","type-page","status-publish","hentry"],"_links":{"self":[{"href":"https:\/\/www.kampfsport-dagersheim.de\/index.php?rest_route=\/wp\/v2\/pages\/2894","targetHints":{"allow":["GET"]}}],"collection":[{"href":"https:\/\/www.kampfsport-dagersheim.de\/index.php?rest_route=\/wp\/v2\/pages"}],"about":[{"href":"https:\/\/www.kampfsport-dagersheim.de\/index.php?rest_route=\/wp\/v2\/types\/page"}],"author":[{"embeddable":true,"href":"https:\/\/www.kampfsport-dagersheim.de\/index.php?rest_route=\/wp\/v2\/users\/1"}],"replies":[{"embeddable":true,"href":"https:\/\/www.kampfsport-dagersheim.de\/index.php?rest_route=%2Fwp%2Fv2%2Fcomments&post=2894"}],"version-history":[{"count":5,"href":"https:\/\/www.kampfsport-dagersheim.de\/index.php?rest_route=\/wp\/v2\/pages\/2894\/revisions"}],"predecessor-version":[{"id":2900,"href":"https:\/\/www.kampfsport-dagersheim.de\/index.php?rest_route=\/wp\/v2\/pages\/2894\/revisions\/2900"}],"wp:attachment":[{"href":"https:\/\/www.kampfsport-dagersheim.de\/index.php?rest_route=%2Fwp%2Fv2%2Fmedia&parent=2894"}],"curies":[{"name":"wp","href":"https:\/\/api.w.org\/{rel}","templated":true}]}}