{"id":2793,"date":"2023-01-29T16:54:04","date_gmt":"2023-01-29T15:54:04","guid":{"rendered":"http:\/\/www.kampfsport-dagersheim.de\/?page_id=2793"},"modified":"2023-01-29T17:42:45","modified_gmt":"2023-01-29T16:42:45","slug":"ifak-schwarzgurtpruefungen-in-penzberg-oberbayern-2023","status":"publish","type":"page","link":"https:\/\/www.kampfsport-dagersheim.de\/?page_id=2793","title":{"rendered":"IFAK Schwarzgurtpr\u00fcfungen in Penzberg\/Oberbayern 2023"},"content":{"rendered":"\t\t<div data-elementor-type=\"wp-page\" data-elementor-id=\"2793\" class=\"elementor elementor-2793\">\n\t\t\t\t\t\t<section class=\"elementor-section elementor-top-section elementor-element elementor-element-692d8ecd elementor-section-boxed elementor-section-height-default elementor-section-height-default\" data-id=\"692d8ecd\" data-element_type=\"section\" data-e-type=\"section\">\n\t\t\t\t\t\t<div class=\"elementor-container elementor-column-gap-default\">\n\t\t\t\t\t<div class=\"elementor-column elementor-col-100 elementor-top-column elementor-element elementor-element-201239bc\" data-id=\"201239bc\" data-element_type=\"column\" data-e-type=\"column\">\n\t\t\t<div class=\"elementor-widget-wrap elementor-element-populated\">\n\t\t\t\t\t\t<div class=\"elementor-element elementor-element-4860b5dd elementor-widget elementor-widget-text-editor\" data-id=\"4860b5dd\" data-element_type=\"widget\" data-e-type=\"widget\" data-widget_type=\"text-editor.default\">\n\t\t\t\t<div class=\"elementor-widget-container\">\n\t\t\t\t\t\t\t\t\t<p><strong><img decoding=\"async\" class=\"size-full wp-image-426 alignright\" src=\"https:\/\/www.kampfsport-dagersheim.de\/wp-content\/uploads\/2019\/12\/IFAK2018-200b.jpg\" alt=\"\" width=\"200\" height=\"198\" srcset=\"https:\/\/www.kampfsport-dagersheim.de\/wp-content\/uploads\/2019\/12\/IFAK2018-200b.jpg 200w, https:\/\/www.kampfsport-dagersheim.de\/wp-content\/uploads\/2019\/12\/IFAK2018-200b-150x150.jpg 150w, https:\/\/www.kampfsport-dagersheim.de\/wp-content\/uploads\/2019\/12\/IFAK2018-200b-100x100.jpg 100w\" sizes=\"(max-width: 200px) 100vw, 200px\" \/>Erfolgreiche Dan-Pr\u00fcfungen im Hanbo Jitsu und Ju Jitsu<\/strong><\/p><p>Am Samstag, den 28.01.2023 fand in Penzberg\/Oberbayern bei Shihan Walter Krieg 7. Dan ein Lehrgang mit anschlie\u00dfenden Pr\u00fcfungen statt. Referent und Leiter der Pr\u00fcfungskommission war Gro\u00dfmeister Soke Siegfried Lory 10. Dan, Pr\u00e4sident des Internationalen Fachverbandes f\u00fcr asiatische Kampfsportarten IFAK. Bei den Dan-Pr\u00fcfungen im Hanbo Jitsu und im Ju Jitsu traten insgesamt vier Teilnehmer zur Pr\u00fcfung zum n\u00e4chsten Meistergrad an, darunter zwei Schwarzgurte der Kampfsportabteilung des TSV Dagersheim. Die Pr\u00fcfungskommission bestand neben Soke Siegfried Lory 10. Dan aus Hanshi Matthias Weiss 9. Dan, Shihan Martin Adam 6. Dan, Shihan Manuel Matthes 6. Dan und Sensei Cedric Weiss, 3. Dan.<\/p><p>Bei den Pr\u00fcfungen in der waffenlosen Selbstverteidigung Ju Jitsu und der Verteidigung mit Stockwaffen, dem Hanbo Jitsu, mussten die Pr\u00fcflinge ein umfangreiches Programm gegen unterschiedliche Angriffe demonstrieren. Hauptaugenmerk liegt bei Schwarzgurtpr\u00fcfungen bei den gef\u00e4hrlichen Angriffen. Hierzu z\u00e4hlen unter anderem Messer- oder Stockangriffe, Pistolenbedrohung oder W\u00fcrgeangriffe. Robert K\u00f6hler wurde bei der Pr\u00fcfung im Hanbo Jitsu von Cedric Weiss 3. Dan als Angreifer unterst\u00fctzt, Florian Erdemann beim Ju Jitsu von seinem Bruder Michael Erdemann 1. Dan. Die Pr\u00fcflinge \u00fcberzeugten jeweils mit ihren gezeigten Leistungen und konnten im Anschluss die Urkunden stolz von Soke Siegfried Lory 10. Dan entgegennehmen.<\/p><p><strong>Herzlichen Gl\u00fcckwunsch zur neuen Graduierung:<\/strong><\/p><p><img decoding=\"async\" class=\"size-full wp-image-353 alignleft\" src=\"https:\/\/www.kampfsport-dagersheim.de\/wp-content\/uploads\/2019\/12\/0Schwarz-3-50.jpg\" alt=\"\" width=\"87\" height=\"35\" \/><strong><img decoding=\"async\" class=\" wp-image-2797 alignright\" src=\"https:\/\/www.kampfsport-dagersheim.de\/wp-content\/uploads\/2023\/01\/Florian-295x300.jpg\" alt=\"\" width=\"196\" height=\"199\" srcset=\"https:\/\/www.kampfsport-dagersheim.de\/wp-content\/uploads\/2023\/01\/Florian-295x300.jpg 295w, https:\/\/www.kampfsport-dagersheim.de\/wp-content\/uploads\/2023\/01\/Florian-1008x1024.jpg 1008w, https:\/\/www.kampfsport-dagersheim.de\/wp-content\/uploads\/2023\/01\/Florian-768x780.jpg 768w, https:\/\/www.kampfsport-dagersheim.de\/wp-content\/uploads\/2023\/01\/Florian-1513x1536.jpg 1513w, https:\/\/www.kampfsport-dagersheim.de\/wp-content\/uploads\/2023\/01\/Florian.jpg 1616w\" sizes=\"(max-width: 196px) 100vw, 196px\" \/><img loading=\"lazy\" decoding=\"async\" class=\" wp-image-2803 alignright\" src=\"https:\/\/www.kampfsport-dagersheim.de\/wp-content\/uploads\/2023\/01\/Robert-300x291.jpg\" alt=\"\" width=\"204\" height=\"198\" srcset=\"https:\/\/www.kampfsport-dagersheim.de\/wp-content\/uploads\/2023\/01\/Robert-300x291.jpg 300w, https:\/\/www.kampfsport-dagersheim.de\/wp-content\/uploads\/2023\/01\/Robert-1024x995.jpg 1024w, https:\/\/www.kampfsport-dagersheim.de\/wp-content\/uploads\/2023\/01\/Robert-768x746.jpg 768w, https:\/\/www.kampfsport-dagersheim.de\/wp-content\/uploads\/2023\/01\/Robert-1536x1492.jpg 1536w, https:\/\/www.kampfsport-dagersheim.de\/wp-content\/uploads\/2023\/01\/Robert.jpg 1973w\" sizes=\"(max-width: 204px) 100vw, 204px\" \/>Robert<\/strong> <strong>K\u00f6hler zum 3. Dan Hanbo Jitsu<\/strong><\/p><p><img loading=\"lazy\" decoding=\"async\" class=\"size-full wp-image-354 alignleft\" src=\"https:\/\/www.kampfsport-dagersheim.de\/wp-content\/uploads\/2019\/12\/0Schwarz-2-50.jpg\" alt=\"\" width=\"87\" height=\"35\" \/><strong>Florian Erdemann zum 2. Dan Ju Jitsu<\/strong><\/p>\t\t\t\t\t\t\t\t<\/div>\n\t\t\t\t<\/div>\n\t\t\t\t\t<\/div>\n\t\t<\/div>\n\t\t\t\t\t<\/div>\n\t\t<\/section>\n\t\t\t\t<section class=\"elementor-section elementor-top-section elementor-element elementor-element-247eca2 elementor-section-boxed elementor-section-height-default elementor-section-height-default\" data-id=\"247eca2\" data-element_type=\"section\" data-e-type=\"section\">\n\t\t\t\t\t\t<div class=\"elementor-container elementor-column-gap-default\">\n\t\t\t\t\t<div class=\"elementor-column elementor-col-33 elementor-top-column elementor-element elementor-element-57e60ec\" data-id=\"57e60ec\" data-element_type=\"column\" data-e-type=\"column\">\n\t\t\t<div class=\"elementor-widget-wrap elementor-element-populated\">\n\t\t\t\t\t\t\t<\/div>\n\t\t<\/div>\n\t\t\t\t<div class=\"elementor-column elementor-col-33 elementor-top-column elementor-element elementor-element-e8ea139\" data-id=\"e8ea139\" data-element_type=\"column\" data-e-type=\"column\">\n\t\t\t<div class=\"elementor-widget-wrap\">\n\t\t\t\t\t\t\t<\/div>\n\t\t<\/div>\n\t\t\t\t<div class=\"elementor-column elementor-col-33 elementor-top-column elementor-element elementor-element-0da22ce\" data-id=\"0da22ce\" data-element_type=\"column\" data-e-type=\"column\">\n\t\t\t<div class=\"elementor-widget-wrap elementor-element-populated\">\n\t\t\t\t\t\t\t<\/div>\n\t\t<\/div>\n\t\t\t\t\t<\/div>\n\t\t<\/section>\n\t\t\t\t<section class=\"elementor-section elementor-top-section elementor-element elementor-element-58a7b6d elementor-section-boxed elementor-section-height-default elementor-section-height-default\" data-id=\"58a7b6d\" data-element_type=\"section\" data-e-type=\"section\">\n\t\t\t\t\t\t<div class=\"elementor-container elementor-column-gap-default\">\n\t\t\t\t\t<div class=\"elementor-column elementor-col-50 elementor-top-column elementor-element elementor-element-92b7d71\" data-id=\"92b7d71\" data-element_type=\"column\" data-e-type=\"column\">\n\t\t\t<div class=\"elementor-widget-wrap elementor-element-populated\">\n\t\t\t\t\t\t<div class=\"elementor-element elementor-element-1109c5b elementor-widget elementor-widget-image\" data-id=\"1109c5b\" data-element_type=\"widget\" data-e-type=\"widget\" data-widget_type=\"image.default\">\n\t\t\t\t<div class=\"elementor-widget-container\">\n\t\t\t\t\t\t\t\t\t\t\t\t<figure class=\"wp-caption\">\n\t\t\t\t\t\t\t\t\t\t\t<a href=\"https:\/\/www.kampfsport-dagersheim.de\/wp-content\/uploads\/2023\/01\/PrueflingeDagersheim_02-scaled.jpg\" data-elementor-open-lightbox=\"yes\" data-elementor-lightbox-title=\"PrueflingeDagersheim_02\" data-e-action-hash=\"#elementor-action%3Aaction%3Dlightbox%26settings%3DeyJpZCI6MjgwMiwidXJsIjoiaHR0cHM6XC9cL3d3dy5rYW1wZnNwb3J0LWRhZ2Vyc2hlaW0uZGVcL3dwLWNvbnRlbnRcL3VwbG9hZHNcLzIwMjNcLzAxXC9QcnVlZmxpbmdlRGFnZXJzaGVpbV8wMi1zY2FsZWQuanBnIn0%3D\">\n\t\t\t\t\t\t\t<img loading=\"lazy\" decoding=\"async\" width=\"525\" height=\"554\" src=\"https:\/\/www.kampfsport-dagersheim.de\/wp-content\/uploads\/2023\/01\/PrueflingeDagersheim_02-970x1024.jpg\" class=\"attachment-large size-large wp-image-2802\" alt=\"\" srcset=\"https:\/\/www.kampfsport-dagersheim.de\/wp-content\/uploads\/2023\/01\/PrueflingeDagersheim_02-970x1024.jpg 970w, https:\/\/www.kampfsport-dagersheim.de\/wp-content\/uploads\/2023\/01\/PrueflingeDagersheim_02-284x300.jpg 284w, https:\/\/www.kampfsport-dagersheim.de\/wp-content\/uploads\/2023\/01\/PrueflingeDagersheim_02-768x811.jpg 768w, https:\/\/www.kampfsport-dagersheim.de\/wp-content\/uploads\/2023\/01\/PrueflingeDagersheim_02-1455x1536.jpg 1455w, https:\/\/www.kampfsport-dagersheim.de\/wp-content\/uploads\/2023\/01\/PrueflingeDagersheim_02-1940x2048.jpg 1940w\" sizes=\"100vw\" \/>\t\t\t\t\t\t\t\t<\/a>\n\t\t\t\t\t\t\t\t\t\t\t<figcaption class=\"widget-image-caption wp-caption-text\"><\/figcaption>\n\t\t\t\t\t\t\t\t\t\t<\/figure>\n\t\t\t\t\t\t\t\t\t<\/div>\n\t\t\t\t<\/div>\n\t\t\t\t\t<\/div>\n\t\t<\/div>\n\t\t\t\t<div class=\"elementor-column elementor-col-50 elementor-top-column elementor-element elementor-element-969f5d5\" data-id=\"969f5d5\" data-element_type=\"column\" data-e-type=\"column\">\n\t\t\t<div class=\"elementor-widget-wrap elementor-element-populated\">\n\t\t\t\t\t\t<div class=\"elementor-element elementor-element-1f1dfc6 elementor-widget elementor-widget-image\" data-id=\"1f1dfc6\" data-element_type=\"widget\" data-e-type=\"widget\" data-widget_type=\"image.default\">\n\t\t\t\t<div class=\"elementor-widget-container\">\n\t\t\t\t\t\t\t\t\t\t\t\t\t\t\t\t<a href=\"https:\/\/www.kampfsport-dagersheim.de\/wp-content\/uploads\/2023\/01\/Gruppenbild-DagersheimerBudokas_02-scaled.jpg\" data-elementor-open-lightbox=\"yes\" data-elementor-lightbox-title=\"Gruppenbild-DagersheimerBudokas_02\" data-e-action-hash=\"#elementor-action%3Aaction%3Dlightbox%26settings%3DeyJpZCI6Mjc5OSwidXJsIjoiaHR0cHM6XC9cL3d3dy5rYW1wZnNwb3J0LWRhZ2Vyc2hlaW0uZGVcL3dwLWNvbnRlbnRcL3VwbG9hZHNcLzIwMjNcLzAxXC9HcnVwcGVuYmlsZC1EYWdlcnNoZWltZXJCdWRva2FzXzAyLXNjYWxlZC5qcGcifQ%3D%3D\">\n\t\t\t\t\t\t\t<img loading=\"lazy\" decoding=\"async\" width=\"525\" height=\"315\" src=\"https:\/\/www.kampfsport-dagersheim.de\/wp-content\/uploads\/2023\/01\/Gruppenbild-DagersheimerBudokas_02-1024x615.jpg\" class=\"attachment-large size-large wp-image-2799\" alt=\"\" srcset=\"https:\/\/www.kampfsport-dagersheim.de\/wp-content\/uploads\/2023\/01\/Gruppenbild-DagersheimerBudokas_02-1024x615.jpg 1024w, https:\/\/www.kampfsport-dagersheim.de\/wp-content\/uploads\/2023\/01\/Gruppenbild-DagersheimerBudokas_02-300x180.jpg 300w, https:\/\/www.kampfsport-dagersheim.de\/wp-content\/uploads\/2023\/01\/Gruppenbild-DagersheimerBudokas_02-768x462.jpg 768w, https:\/\/www.kampfsport-dagersheim.de\/wp-content\/uploads\/2023\/01\/Gruppenbild-DagersheimerBudokas_02-1536x923.jpg 1536w, https:\/\/www.kampfsport-dagersheim.de\/wp-content\/uploads\/2023\/01\/Gruppenbild-DagersheimerBudokas_02-2048x1231.jpg 2048w, https:\/\/www.kampfsport-dagersheim.de\/wp-content\/uploads\/2023\/01\/Gruppenbild-DagersheimerBudokas_02-2000x1200.jpg 2000w\" sizes=\"100vw\" \/>\t\t\t\t\t\t\t\t<\/a>\n\t\t\t\t\t\t\t\t\t\t\t\t\t\t\t<\/div>\n\t\t\t\t<\/div>\n\t\t\t\t\t<\/div>\n\t\t<\/div>\n\t\t\t\t\t<\/div>\n\t\t<\/section>\n\t\t\t\t<section class=\"elementor-section elementor-top-section elementor-element elementor-element-8d84fa1 elementor-section-boxed elementor-section-height-default elementor-section-height-default\" data-id=\"8d84fa1\" data-element_type=\"section\" data-e-type=\"section\">\n\t\t\t\t\t\t<div class=\"elementor-container elementor-column-gap-default\">\n\t\t\t\t\t<div class=\"elementor-column elementor-col-100 elementor-top-column elementor-element elementor-element-1f3444e\" data-id=\"1f3444e\" data-element_type=\"column\" data-e-type=\"column\">\n\t\t\t<div class=\"elementor-widget-wrap elementor-element-populated\">\n\t\t\t\t\t\t<div class=\"elementor-element elementor-element-49794cb elementor-widget elementor-widget-image\" data-id=\"49794cb\" data-element_type=\"widget\" data-e-type=\"widget\" data-widget_type=\"image.default\">\n\t\t\t\t<div class=\"elementor-widget-container\">\n\t\t\t\t\t\t\t\t\t\t\t\t<figure class=\"wp-caption\">\n\t\t\t\t\t\t\t\t\t\t\t<a href=\"https:\/\/www.kampfsport-dagersheim.de\/wp-content\/uploads\/2023\/01\/Gruppenbild-Lehrgang_02-scaled.jpg\" data-elementor-open-lightbox=\"yes\" data-elementor-lightbox-title=\"Gruppenbild-Lehrgang_02\" data-e-action-hash=\"#elementor-action%3Aaction%3Dlightbox%26settings%3DeyJpZCI6MjgwMCwidXJsIjoiaHR0cHM6XC9cL3d3dy5rYW1wZnNwb3J0LWRhZ2Vyc2hlaW0uZGVcL3dwLWNvbnRlbnRcL3VwbG9hZHNcLzIwMjNcLzAxXC9HcnVwcGVuYmlsZC1MZWhyZ2FuZ18wMi1zY2FsZWQuanBnIn0%3D\">\n\t\t\t\t\t\t\t<img loading=\"lazy\" decoding=\"async\" width=\"525\" height=\"237\" src=\"https:\/\/www.kampfsport-dagersheim.de\/wp-content\/uploads\/2023\/01\/Gruppenbild-Lehrgang_02-1024x463.jpg\" class=\"attachment-large size-large wp-image-2800\" alt=\"\" srcset=\"https:\/\/www.kampfsport-dagersheim.de\/wp-content\/uploads\/2023\/01\/Gruppenbild-Lehrgang_02-1024x463.jpg 1024w, https:\/\/www.kampfsport-dagersheim.de\/wp-content\/uploads\/2023\/01\/Gruppenbild-Lehrgang_02-300x136.jpg 300w, https:\/\/www.kampfsport-dagersheim.de\/wp-content\/uploads\/2023\/01\/Gruppenbild-Lehrgang_02-768x347.jpg 768w, https:\/\/www.kampfsport-dagersheim.de\/wp-content\/uploads\/2023\/01\/Gruppenbild-Lehrgang_02-1536x694.jpg 1536w, https:\/\/www.kampfsport-dagersheim.de\/wp-content\/uploads\/2023\/01\/Gruppenbild-Lehrgang_02-2048x925.jpg 2048w\" sizes=\"100vw\" \/>\t\t\t\t\t\t\t\t<\/a>\n\t\t\t\t\t\t\t\t\t\t\t<figcaption class=\"widget-image-caption wp-caption-text\">Gruppenbild Lehrgang mit Soke Siegfried Lory, 28.01.2023 in Penzberg<\/figcaption>\n\t\t\t\t\t\t\t\t\t\t<\/figure>\n\t\t\t\t\t\t\t\t\t<\/div>\n\t\t\t\t<\/div>\n\t\t\t\t\t<\/div>\n\t\t<\/div>\n\t\t\t\t\t<\/div>\n\t\t<\/section>\n\t\t\t\t<\/div>\n\t\t","protected":false},"excerpt":{"rendered":"<p>Erfolgreiche Dan-Pr\u00fcfungen im Hanbo Jitsu und Ju Jitsu Am Samstag, den 28.01.2023 fand in Penzberg\/Oberbayern bei Shihan Walter Krieg 7. Dan ein Lehrgang mit anschlie\u00dfenden Pr\u00fcfungen statt. Referent und Leiter der Pr\u00fcfungskommission war Gro\u00dfmeister Soke Siegfried Lory 10. Dan, Pr\u00e4sident des Internationalen Fachverbandes f\u00fcr asiatische Kampfsportarten IFAK. Bei den Dan-Pr\u00fcfungen im Hanbo Jitsu und im &hellip; <\/p>\n<p class=\"link-more\"><a href=\"https:\/\/www.kampfsport-dagersheim.de\/?page_id=2793\" class=\"more-link\"><span class=\"screen-reader-text\">\u201eIFAK Schwarzgurtpr\u00fcfungen in Penzberg\/Oberbayern 2023\u201c <\/span>weiterlesen<\/a><\/p>\n","protected":false},"author":1,"featured_media":0,"parent":0,"menu_order":0,"comment_status":"closed","ping_status":"closed","template":"","meta":{"footnotes":""},"class_list":["post-2793","page","type-page","status-publish","hentry"],"_links":{"self":[{"href":"https:\/\/www.kampfsport-dagersheim.de\/index.php?rest_route=\/wp\/v2\/pages\/2793","targetHints":{"allow":["GET"]}}],"collection":[{"href":"https:\/\/www.kampfsport-dagersheim.de\/index.php?rest_route=\/wp\/v2\/pages"}],"about":[{"href":"https:\/\/www.kampfsport-dagersheim.de\/index.php?rest_route=\/wp\/v2\/types\/page"}],"author":[{"embeddable":true,"href":"https:\/\/www.kampfsport-dagersheim.de\/index.php?rest_route=\/wp\/v2\/users\/1"}],"replies":[{"embeddable":true,"href":"https:\/\/www.kampfsport-dagersheim.de\/index.php?rest_route=%2Fwp%2Fv2%2Fcomments&post=2793"}],"version-history":[{"count":11,"href":"https:\/\/www.kampfsport-dagersheim.de\/index.php?rest_route=\/wp\/v2\/pages\/2793\/revisions"}],"predecessor-version":[{"id":2828,"href":"https:\/\/www.kampfsport-dagersheim.de\/index.php?rest_route=\/wp\/v2\/pages\/2793\/revisions\/2828"}],"wp:attachment":[{"href":"https:\/\/www.kampfsport-dagersheim.de\/index.php?rest_route=%2Fwp%2Fv2%2Fmedia&parent=2793"}],"curies":[{"name":"wp","href":"https:\/\/api.w.org\/{rel}","templated":true}]}}