{"id":2763,"date":"2022-12-23T18:25:54","date_gmt":"2022-12-23T17:25:54","guid":{"rendered":"http:\/\/www.kampfsport-dagersheim.de\/?page_id=2763"},"modified":"2022-12-23T18:30:18","modified_gmt":"2022-12-23T17:30:18","slug":"ju-jitsu-guertelpruefung-dezember-2022","status":"publish","type":"page","link":"https:\/\/www.kampfsport-dagersheim.de\/?page_id=2763","title":{"rendered":"Ju Jitsu G\u00fcrtelpr\u00fcfung Dezember 2022"},"content":{"rendered":"\t\t<div data-elementor-type=\"wp-page\" data-elementor-id=\"2763\" class=\"elementor elementor-2763\">\n\t\t\t\t\t\t<section class=\"elementor-section elementor-top-section elementor-element elementor-element-6d72348a elementor-section-boxed elementor-section-height-default elementor-section-height-default\" data-id=\"6d72348a\" data-element_type=\"section\" data-e-type=\"section\">\n\t\t\t\t\t\t<div class=\"elementor-container elementor-column-gap-default\">\n\t\t\t\t\t<div class=\"elementor-column elementor-col-100 elementor-top-column elementor-element elementor-element-42c752c3\" data-id=\"42c752c3\" data-element_type=\"column\" data-e-type=\"column\">\n\t\t\t<div class=\"elementor-widget-wrap elementor-element-populated\">\n\t\t\t\t\t\t<div class=\"elementor-element elementor-element-6c152009 elementor-widget elementor-widget-text-editor\" data-id=\"6c152009\" data-element_type=\"widget\" data-e-type=\"widget\" data-widget_type=\"text-editor.default\">\n\t\t\t\t<div class=\"elementor-widget-container\">\n\t\t\t\t\t\t\t\t\t<p><img decoding=\"async\" class=\"size-medium wp-image-1420 alignright\" src=\"https:\/\/www.kampfsport-dagersheim.de\/wp-content\/uploads\/2020\/01\/newlogo2011-12CM-JuJitsu-IFAK-150-1-157x300.jpg\" alt=\"\" width=\"157\" height=\"300\" srcset=\"https:\/\/www.kampfsport-dagersheim.de\/wp-content\/uploads\/2020\/01\/newlogo2011-12CM-JuJitsu-IFAK-150-1-157x300.jpg 157w, https:\/\/www.kampfsport-dagersheim.de\/wp-content\/uploads\/2020\/01\/newlogo2011-12CM-JuJitsu-IFAK-150-1.jpg 159w\" sizes=\"(max-width: 157px) 100vw, 157px\" \/><strong>Pr\u00fcfungen im Ju Jitsu erfolgreich abgelegt<\/strong><\/p><p>Am 19.12.2022 stellten sich 3 Ju Jitsukas der Kampfsportabteilung ihrer Pr\u00fcfung zum n\u00e4chsten G\u00fcrtelgrad. Alle waren gut vorbereitet und konnten ihr Trainingsjahr 2022 mit einer erfolgreich bestandenen Pr\u00fcfung abschlie\u00dfen.<\/p><p>Neben der Grundschule, bei der die Bewegungslehre sowie Block-, Schlag- und Tritttechniken gepr\u00fcft werden, besteht der Hauptteil der Pr\u00fcfung im Ju Jitsu aus dem Technikteil. Hier werden bei der Verteidigung gegen unterschiedliche Angriffe die Techniken entsprechend des G\u00fcrtelgrades gezeigt. Dabei werden bei den Verteidigungen gegen unbewaffnete und bewaffnete Angreifer verschiedene Hebel-, Wurf-, Transport- und Festlegetechniken verlangt. Alle 3 haben mit ihren Leistungen \u00fcberzeugt und die Pr\u00fcfung mit Erfolg abgelegt. Bei Fynn war es mit der Pr\u00fcfung zum Braungurt die letzte Sch\u00fclerpr\u00fcfung. Als n\u00e4chstes folgt die Meisterpr\u00fcfung zum Schwarzgurt.<\/p><p>Die Pr\u00fcfung zum 5. Kyu Gelbgurt bestanden:<br \/><img decoding=\"async\" class=\"alignnone size-full wp-image-363\" src=\"https:\/\/www.kampfsport-dagersheim.de\/wp-content\/uploads\/2019\/12\/8Gelb50.jpg\" alt=\"\" width=\"87\" height=\"35\" \/><br \/>Matthias Catherine<br \/>Franka Wei\u00df<\/p><p>Die Pr\u00fcfung zum 1. Kyu Braungurt bestand:<br \/><img decoding=\"async\" class=\"alignnone size-full wp-image-355\" src=\"https:\/\/www.kampfsport-dagersheim.de\/wp-content\/uploads\/2019\/12\/2Braun50.jpg\" alt=\"\" width=\"87\" height=\"35\" \/><br \/>Fynn Straub<\/p><p>Herzlichen Gl\u00fcckwunsch<\/p><p>\u00a0<\/p><p>\u00a0<\/p>\t\t\t\t\t\t\t\t<\/div>\n\t\t\t\t<\/div>\n\t\t\t\t\t<\/div>\n\t\t<\/div>\n\t\t\t\t\t<\/div>\n\t\t<\/section>\n\t\t\t\t<section class=\"elementor-section elementor-top-section elementor-element elementor-element-002ad95 elementor-section-boxed elementor-section-height-default elementor-section-height-default\" data-id=\"002ad95\" data-element_type=\"section\" data-e-type=\"section\">\n\t\t\t\t\t\t<div class=\"elementor-container elementor-column-gap-default\">\n\t\t\t\t\t<div class=\"elementor-column elementor-col-100 elementor-top-column elementor-element elementor-element-21e8ab6\" data-id=\"21e8ab6\" data-element_type=\"column\" data-e-type=\"column\">\n\t\t\t<div class=\"elementor-widget-wrap elementor-element-populated\">\n\t\t\t\t\t\t<div class=\"elementor-element elementor-element-50fd31f elementor-widget elementor-widget-image\" data-id=\"50fd31f\" data-element_type=\"widget\" data-e-type=\"widget\" data-widget_type=\"image.default\">\n\t\t\t\t<div class=\"elementor-widget-container\">\n\t\t\t\t\t\t\t\t\t\t\t\t<figure class=\"wp-caption\">\n\t\t\t\t\t\t\t\t\t\t\t<a href=\"https:\/\/www.kampfsport-dagersheim.de\/wp-content\/uploads\/2022\/12\/Gruppenbild-01-scaled.jpg\" data-elementor-open-lightbox=\"yes\" data-elementor-lightbox-title=\"Gruppenbild-01\" data-e-action-hash=\"#elementor-action%3Aaction%3Dlightbox%26settings%3DeyJpZCI6Mjc2NiwidXJsIjoiaHR0cHM6XC9cL3d3dy5rYW1wZnNwb3J0LWRhZ2Vyc2hlaW0uZGVcL3dwLWNvbnRlbnRcL3VwbG9hZHNcLzIwMjJcLzEyXC9HcnVwcGVuYmlsZC0wMS1zY2FsZWQuanBnIn0%3D\">\n\t\t\t\t\t\t\t<img loading=\"lazy\" decoding=\"async\" width=\"740\" height=\"495\" src=\"https:\/\/www.kampfsport-dagersheim.de\/wp-content\/uploads\/2022\/12\/Gruppenbild-01-1024x685.jpg\" class=\"attachment-large size-large wp-image-2766\" alt=\"\" srcset=\"https:\/\/www.kampfsport-dagersheim.de\/wp-content\/uploads\/2022\/12\/Gruppenbild-01-1024x685.jpg 1024w, https:\/\/www.kampfsport-dagersheim.de\/wp-content\/uploads\/2022\/12\/Gruppenbild-01-300x201.jpg 300w, https:\/\/www.kampfsport-dagersheim.de\/wp-content\/uploads\/2022\/12\/Gruppenbild-01-768x513.jpg 768w, https:\/\/www.kampfsport-dagersheim.de\/wp-content\/uploads\/2022\/12\/Gruppenbild-01-1536x1027.jpg 1536w, https:\/\/www.kampfsport-dagersheim.de\/wp-content\/uploads\/2022\/12\/Gruppenbild-01-2048x1369.jpg 2048w\" sizes=\"100vw\" \/>\t\t\t\t\t\t\t\t<\/a>\n\t\t\t\t\t\t\t\t\t\t\t<figcaption class=\"widget-image-caption wp-caption-text\">v.l. Trainer und Pr\u00fcfer Hanshi Matthias Weiss, Pr\u00fcfungspartner Markus M\u00fcller, Fynn Straub, Matthias Catherine, Franka Wei\u00df, Trainer und Pr\u00fcfer Sensei Cedric Weiss<\/figcaption>\n\t\t\t\t\t\t\t\t\t\t<\/figure>\n\t\t\t\t\t\t\t\t\t<\/div>\n\t\t\t\t<\/div>\n\t\t\t\t\t<\/div>\n\t\t<\/div>\n\t\t\t\t\t<\/div>\n\t\t<\/section>\n\t\t\t\t<\/div>\n\t\t","protected":false},"excerpt":{"rendered":"<p>Pr\u00fcfungen im Ju Jitsu erfolgreich abgelegt Am 19.12.2022 stellten sich 3 Ju Jitsukas der Kampfsportabteilung ihrer Pr\u00fcfung zum n\u00e4chsten G\u00fcrtelgrad. Alle waren gut vorbereitet und konnten ihr Trainingsjahr 2022 mit einer erfolgreich bestandenen Pr\u00fcfung abschlie\u00dfen. Neben der Grundschule, bei der die Bewegungslehre sowie Block-, Schlag- und Tritttechniken gepr\u00fcft werden, besteht der Hauptteil der Pr\u00fcfung im &hellip; <\/p>\n<p class=\"link-more\"><a href=\"https:\/\/www.kampfsport-dagersheim.de\/?page_id=2763\" class=\"more-link\"><span class=\"screen-reader-text\">\u201eJu Jitsu G\u00fcrtelpr\u00fcfung Dezember 2022\u201c <\/span>weiterlesen<\/a><\/p>\n","protected":false},"author":1,"featured_media":0,"parent":0,"menu_order":0,"comment_status":"closed","ping_status":"closed","template":"","meta":{"footnotes":""},"class_list":["post-2763","page","type-page","status-publish","hentry"],"_links":{"self":[{"href":"https:\/\/www.kampfsport-dagersheim.de\/index.php?rest_route=\/wp\/v2\/pages\/2763","targetHints":{"allow":["GET"]}}],"collection":[{"href":"https:\/\/www.kampfsport-dagersheim.de\/index.php?rest_route=\/wp\/v2\/pages"}],"about":[{"href":"https:\/\/www.kampfsport-dagersheim.de\/index.php?rest_route=\/wp\/v2\/types\/page"}],"author":[{"embeddable":true,"href":"https:\/\/www.kampfsport-dagersheim.de\/index.php?rest_route=\/wp\/v2\/users\/1"}],"replies":[{"embeddable":true,"href":"https:\/\/www.kampfsport-dagersheim.de\/index.php?rest_route=%2Fwp%2Fv2%2Fcomments&post=2763"}],"version-history":[{"count":5,"href":"https:\/\/www.kampfsport-dagersheim.de\/index.php?rest_route=\/wp\/v2\/pages\/2763\/revisions"}],"predecessor-version":[{"id":2770,"href":"https:\/\/www.kampfsport-dagersheim.de\/index.php?rest_route=\/wp\/v2\/pages\/2763\/revisions\/2770"}],"wp:attachment":[{"href":"https:\/\/www.kampfsport-dagersheim.de\/index.php?rest_route=%2Fwp%2Fv2%2Fmedia&parent=2763"}],"curies":[{"name":"wp","href":"https:\/\/api.w.org\/{rel}","templated":true}]}}