{"id":2723,"date":"2022-12-05T14:57:15","date_gmt":"2022-12-05T13:57:15","guid":{"rendered":"http:\/\/www.kampfsport-dagersheim.de\/?page_id=2723"},"modified":"2022-12-05T15:20:30","modified_gmt":"2022-12-05T14:20:30","slug":"ikf-seminar-jujutsu-kobudo-feistritz-i-r-nov-2022","status":"publish","type":"page","link":"https:\/\/www.kampfsport-dagersheim.de\/?page_id=2723","title":{"rendered":"IKF SEMINAR JUJUTSU\/KOBUDO FEISTRITZ I.R., NOV 2022"},"content":{"rendered":"\t\t<div data-elementor-type=\"wp-page\" data-elementor-id=\"2723\" class=\"elementor elementor-2723\">\n\t\t\t\t\t\t<section class=\"elementor-section elementor-top-section elementor-element elementor-element-5e7185ec elementor-section-boxed elementor-section-height-default elementor-section-height-default\" data-id=\"5e7185ec\" data-element_type=\"section\" data-e-type=\"section\">\n\t\t\t\t\t\t<div class=\"elementor-container elementor-column-gap-default\">\n\t\t\t\t\t<div class=\"elementor-column elementor-col-100 elementor-top-column elementor-element elementor-element-6bfef09f\" data-id=\"6bfef09f\" data-element_type=\"column\" data-e-type=\"column\">\n\t\t\t<div class=\"elementor-widget-wrap elementor-element-populated\">\n\t\t\t\t\t\t<div class=\"elementor-element elementor-element-62acd7c8 elementor-widget elementor-widget-text-editor\" data-id=\"62acd7c8\" data-element_type=\"widget\" data-e-type=\"widget\" data-widget_type=\"text-editor.default\">\n\t\t\t\t<div class=\"elementor-widget-container\">\n\t\t\t\t\t\t\t\t\t<p><img decoding=\"async\" class=\"size-full wp-image-401 alignright\" src=\"https:\/\/www.kampfsport-dagersheim.de\/wp-content\/uploads\/2019\/12\/ikf_logo.gif\" alt=\"\" width=\"200\" height=\"200\" \/><strong>IKF Seminar Jujutsu\/Kobudo in Feistritz i.R.<\/strong><\/p><p>Von 5.-6. November 2022 fand in \u00d6sterreich, in Feistritz im Rosental, der IKF Herbstlehrgang statt. Ausrichter und Referent war IKF-Pr\u00e4sident Soke G\u00fcnter Painter 9. Dan Jujutsu 9. Dan Kobudo. Die Teilnehmer kamen aus ganz \u00d6sterreich, Slowenien, der Slowakei und aus Deutschland. Darunter auch zwei Teilnehmer der Kampfsportabteilung des TSV Dagersheim.<\/p><p>Bei diesem Lehrgang stand das Thema Mehrkampf (Techniken und Trainingsaufbau) auf dem Plan. Nach der Einf\u00fchrung in das Thema Mehrkampf wurden einzelne Techniken\u00a0<\/p><p><img decoding=\"async\" class=\" wp-image-2732 alignright\" src=\"https:\/\/www.kampfsport-dagersheim.de\/wp-content\/uploads\/2022\/12\/Matthias-Guenter-Cedric-300x300.webp\" alt=\"\" width=\"216\" height=\"216\" srcset=\"https:\/\/www.kampfsport-dagersheim.de\/wp-content\/uploads\/2022\/12\/Matthias-Guenter-Cedric-300x300.webp 300w, https:\/\/www.kampfsport-dagersheim.de\/wp-content\/uploads\/2022\/12\/Matthias-Guenter-Cedric-1024x1024.webp 1024w, https:\/\/www.kampfsport-dagersheim.de\/wp-content\/uploads\/2022\/12\/Matthias-Guenter-Cedric-150x150.webp 150w, https:\/\/www.kampfsport-dagersheim.de\/wp-content\/uploads\/2022\/12\/Matthias-Guenter-Cedric-768x768.webp 768w, https:\/\/www.kampfsport-dagersheim.de\/wp-content\/uploads\/2022\/12\/Matthias-Guenter-Cedric-100x100.webp 100w, https:\/\/www.kampfsport-dagersheim.de\/wp-content\/uploads\/2022\/12\/Matthias-Guenter-Cedric.webp 1440w\" sizes=\"(max-width: 216px) 100vw, 216px\" \/><\/p><p>mit Drills trainiert. Im Anschluss wurden diese dann in kleinen Gruppen mit mehreren Partnern angewandt, um die Abl\u00e4ufe weiter zu automatisieren. Somit war der Samstag ein schwei\u00dftreibender, aber sehr lehrreicher Lehrgangstag, der sehr viel Spa\u00df gemacht hatte. Am Abend durften wir uns beim gemeinsamen Essen bei Gastfhof Stefaner wieder st\u00e4rken. Am Sonntag ging es weiter mit dem Thema Mehrkampf. Weitere Techniken und Kombinationen wurden trainiert und dann auch wieder in kleinen Gruppen angewandt.<\/p><p>Vielen Dank an Soke G\u00fcnter Painter f\u00fcr die Lehrgangseinheiten und die gute Organisation. Wir kommen gerne wieder.<\/p>\t\t\t\t\t\t\t\t<\/div>\n\t\t\t\t<\/div>\n\t\t\t\t\t<\/div>\n\t\t<\/div>\n\t\t\t\t\t<\/div>\n\t\t<\/section>\n\t\t\t\t<section class=\"elementor-section elementor-top-section elementor-element elementor-element-f2eff50 elementor-section-boxed elementor-section-height-default elementor-section-height-default\" data-id=\"f2eff50\" data-element_type=\"section\" data-e-type=\"section\">\n\t\t\t\t\t\t<div class=\"elementor-container elementor-column-gap-default\">\n\t\t\t\t\t<div class=\"elementor-column elementor-col-50 elementor-top-column elementor-element elementor-element-1336675\" data-id=\"1336675\" data-element_type=\"column\" data-e-type=\"column\">\n\t\t\t<div class=\"elementor-widget-wrap elementor-element-populated\">\n\t\t\t\t\t\t<div class=\"elementor-element elementor-element-3ba5fc9 elementor-widget elementor-widget-image\" data-id=\"3ba5fc9\" data-element_type=\"widget\" data-e-type=\"widget\" data-widget_type=\"image.default\">\n\t\t\t\t<div class=\"elementor-widget-container\">\n\t\t\t\t\t\t\t\t\t\t\t\t<figure class=\"wp-caption\">\n\t\t\t\t\t\t\t\t\t\t\t<a href=\"https:\/\/www.kampfsport-dagersheim.de\/wp-content\/uploads\/2022\/12\/GruppeSamstag-01.jpg\" data-elementor-open-lightbox=\"yes\" data-elementor-lightbox-title=\"GruppeSamstag-01\" data-e-action-hash=\"#elementor-action%3Aaction%3Dlightbox%26settings%3DeyJpZCI6MjcyOCwidXJsIjoiaHR0cHM6XC9cL3d3dy5rYW1wZnNwb3J0LWRhZ2Vyc2hlaW0uZGVcL3dwLWNvbnRlbnRcL3VwbG9hZHNcLzIwMjJcLzEyXC9HcnVwcGVTYW1zdGFnLTAxLmpwZyJ9\">\n\t\t\t\t\t\t\t<img fetchpriority=\"high\" decoding=\"async\" width=\"740\" height=\"327\" src=\"https:\/\/www.kampfsport-dagersheim.de\/wp-content\/uploads\/2022\/12\/GruppeSamstag-01-1024x452.jpg\" class=\"attachment-large size-large wp-image-2728\" alt=\"\" srcset=\"https:\/\/www.kampfsport-dagersheim.de\/wp-content\/uploads\/2022\/12\/GruppeSamstag-01-1024x452.jpg 1024w, https:\/\/www.kampfsport-dagersheim.de\/wp-content\/uploads\/2022\/12\/GruppeSamstag-01-300x132.jpg 300w, https:\/\/www.kampfsport-dagersheim.de\/wp-content\/uploads\/2022\/12\/GruppeSamstag-01-768x339.jpg 768w, https:\/\/www.kampfsport-dagersheim.de\/wp-content\/uploads\/2022\/12\/GruppeSamstag-01.jpg 1051w\" sizes=\"100vw\" \/>\t\t\t\t\t\t\t\t<\/a>\n\t\t\t\t\t\t\t\t\t\t\t<figcaption class=\"widget-image-caption wp-caption-text\">Samstag 5. Nov 2022<\/figcaption>\n\t\t\t\t\t\t\t\t\t\t<\/figure>\n\t\t\t\t\t\t\t\t\t<\/div>\n\t\t\t\t<\/div>\n\t\t\t\t\t<\/div>\n\t\t<\/div>\n\t\t\t\t<div class=\"elementor-column elementor-col-50 elementor-top-column elementor-element elementor-element-167deed\" data-id=\"167deed\" data-element_type=\"column\" data-e-type=\"column\">\n\t\t\t<div class=\"elementor-widget-wrap elementor-element-populated\">\n\t\t\t\t\t\t<div class=\"elementor-element elementor-element-85406f9 elementor-widget elementor-widget-image\" data-id=\"85406f9\" data-element_type=\"widget\" data-e-type=\"widget\" data-widget_type=\"image.default\">\n\t\t\t\t<div class=\"elementor-widget-container\">\n\t\t\t\t\t\t\t\t\t\t\t\t\t\t\t\t<a href=\"https:\/\/www.kampfsport-dagersheim.de\/wp-content\/uploads\/2022\/12\/GruppeSamstag-02.jpg\" data-elementor-open-lightbox=\"yes\" data-elementor-lightbox-title=\"GruppeSamstag-02\" data-e-action-hash=\"#elementor-action%3Aaction%3Dlightbox%26settings%3DeyJpZCI6MjcyOSwidXJsIjoiaHR0cHM6XC9cL3d3dy5rYW1wZnNwb3J0LWRhZ2Vyc2hlaW0uZGVcL3dwLWNvbnRlbnRcL3VwbG9hZHNcLzIwMjJcLzEyXC9HcnVwcGVTYW1zdGFnLTAyLmpwZyJ9\">\n\t\t\t\t\t\t\t<img loading=\"lazy\" decoding=\"async\" width=\"740\" height=\"346\" src=\"https:\/\/www.kampfsport-dagersheim.de\/wp-content\/uploads\/2022\/12\/GruppeSamstag-02-1024x479.jpg\" class=\"attachment-large size-large wp-image-2729\" alt=\"\" srcset=\"https:\/\/www.kampfsport-dagersheim.de\/wp-content\/uploads\/2022\/12\/GruppeSamstag-02-1024x479.jpg 1024w, https:\/\/www.kampfsport-dagersheim.de\/wp-content\/uploads\/2022\/12\/GruppeSamstag-02-300x140.jpg 300w, https:\/\/www.kampfsport-dagersheim.de\/wp-content\/uploads\/2022\/12\/GruppeSamstag-02-768x359.jpg 768w, https:\/\/www.kampfsport-dagersheim.de\/wp-content\/uploads\/2022\/12\/GruppeSamstag-02.jpg 1041w\" sizes=\"100vw\" \/>\t\t\t\t\t\t\t\t<\/a>\n\t\t\t\t\t\t\t\t\t\t\t\t\t\t\t<\/div>\n\t\t\t\t<\/div>\n\t\t\t\t\t<\/div>\n\t\t<\/div>\n\t\t\t\t\t<\/div>\n\t\t<\/section>\n\t\t\t\t<section class=\"elementor-section elementor-top-section elementor-element elementor-element-7eaa064 elementor-section-boxed elementor-section-height-default elementor-section-height-default\" data-id=\"7eaa064\" data-element_type=\"section\" data-e-type=\"section\">\n\t\t\t\t\t\t<div class=\"elementor-container elementor-column-gap-default\">\n\t\t\t\t\t<div class=\"elementor-column elementor-col-50 elementor-top-column elementor-element elementor-element-d6519cf\" data-id=\"d6519cf\" data-element_type=\"column\" data-e-type=\"column\">\n\t\t\t<div class=\"elementor-widget-wrap elementor-element-populated\">\n\t\t\t\t\t\t<div class=\"elementor-element elementor-element-74484d5 elementor-widget elementor-widget-image\" data-id=\"74484d5\" data-element_type=\"widget\" data-e-type=\"widget\" data-widget_type=\"image.default\">\n\t\t\t\t<div class=\"elementor-widget-container\">\n\t\t\t\t\t\t\t\t\t\t\t\t<figure class=\"wp-caption\">\n\t\t\t\t\t\t\t\t\t\t\t<a href=\"https:\/\/www.kampfsport-dagersheim.de\/wp-content\/uploads\/2022\/12\/GruppeSonntag-01-scaled.jpg\" data-elementor-open-lightbox=\"yes\" data-elementor-lightbox-title=\"GruppeSonntag-01\" data-e-action-hash=\"#elementor-action%3Aaction%3Dlightbox%26settings%3DeyJpZCI6MjczMCwidXJsIjoiaHR0cHM6XC9cL3d3dy5rYW1wZnNwb3J0LWRhZ2Vyc2hlaW0uZGVcL3dwLWNvbnRlbnRcL3VwbG9hZHNcLzIwMjJcLzEyXC9HcnVwcGVTb25udGFnLTAxLXNjYWxlZC5qcGcifQ%3D%3D\">\n\t\t\t\t\t\t\t<img loading=\"lazy\" decoding=\"async\" width=\"740\" height=\"356\" src=\"https:\/\/www.kampfsport-dagersheim.de\/wp-content\/uploads\/2022\/12\/GruppeSonntag-01-1024x493.jpg\" class=\"attachment-large size-large wp-image-2730\" alt=\"\" srcset=\"https:\/\/www.kampfsport-dagersheim.de\/wp-content\/uploads\/2022\/12\/GruppeSonntag-01-1024x493.jpg 1024w, https:\/\/www.kampfsport-dagersheim.de\/wp-content\/uploads\/2022\/12\/GruppeSonntag-01-300x145.jpg 300w, https:\/\/www.kampfsport-dagersheim.de\/wp-content\/uploads\/2022\/12\/GruppeSonntag-01-768x370.jpg 768w, https:\/\/www.kampfsport-dagersheim.de\/wp-content\/uploads\/2022\/12\/GruppeSonntag-01-1536x740.jpg 1536w, https:\/\/www.kampfsport-dagersheim.de\/wp-content\/uploads\/2022\/12\/GruppeSonntag-01-2048x987.jpg 2048w\" sizes=\"100vw\" \/>\t\t\t\t\t\t\t\t<\/a>\n\t\t\t\t\t\t\t\t\t\t\t<figcaption class=\"widget-image-caption wp-caption-text\">Sonntag 6. Nov 2022<\/figcaption>\n\t\t\t\t\t\t\t\t\t\t<\/figure>\n\t\t\t\t\t\t\t\t\t<\/div>\n\t\t\t\t<\/div>\n\t\t\t\t\t<\/div>\n\t\t<\/div>\n\t\t\t\t<div class=\"elementor-column elementor-col-50 elementor-top-column elementor-element elementor-element-9c7c097\" data-id=\"9c7c097\" data-element_type=\"column\" data-e-type=\"column\">\n\t\t\t<div class=\"elementor-widget-wrap elementor-element-populated\">\n\t\t\t\t\t\t<div class=\"elementor-element elementor-element-f3bbf6c elementor-widget elementor-widget-image\" data-id=\"f3bbf6c\" data-element_type=\"widget\" data-e-type=\"widget\" data-widget_type=\"image.default\">\n\t\t\t\t<div class=\"elementor-widget-container\">\n\t\t\t\t\t\t\t\t\t\t\t\t\t\t\t\t<a href=\"https:\/\/www.kampfsport-dagersheim.de\/wp-content\/uploads\/2022\/12\/GruppeSonntag-02-scaled.jpg\" data-elementor-open-lightbox=\"yes\" data-elementor-lightbox-title=\"GruppeSonntag-02\" data-e-action-hash=\"#elementor-action%3Aaction%3Dlightbox%26settings%3DeyJpZCI6MjczMSwidXJsIjoiaHR0cHM6XC9cL3d3dy5rYW1wZnNwb3J0LWRhZ2Vyc2hlaW0uZGVcL3dwLWNvbnRlbnRcL3VwbG9hZHNcLzIwMjJcLzEyXC9HcnVwcGVTb25udGFnLTAyLXNjYWxlZC5qcGcifQ%3D%3D\">\n\t\t\t\t\t\t\t<img loading=\"lazy\" decoding=\"async\" width=\"740\" height=\"361\" src=\"https:\/\/www.kampfsport-dagersheim.de\/wp-content\/uploads\/2022\/12\/GruppeSonntag-02-1024x500.jpg\" class=\"attachment-large size-large wp-image-2731\" alt=\"\" srcset=\"https:\/\/www.kampfsport-dagersheim.de\/wp-content\/uploads\/2022\/12\/GruppeSonntag-02-1024x500.jpg 1024w, https:\/\/www.kampfsport-dagersheim.de\/wp-content\/uploads\/2022\/12\/GruppeSonntag-02-300x147.jpg 300w, https:\/\/www.kampfsport-dagersheim.de\/wp-content\/uploads\/2022\/12\/GruppeSonntag-02-768x375.jpg 768w, https:\/\/www.kampfsport-dagersheim.de\/wp-content\/uploads\/2022\/12\/GruppeSonntag-02-1536x750.jpg 1536w, https:\/\/www.kampfsport-dagersheim.de\/wp-content\/uploads\/2022\/12\/GruppeSonntag-02-2048x1000.jpg 2048w\" sizes=\"100vw\" \/>\t\t\t\t\t\t\t\t<\/a>\n\t\t\t\t\t\t\t\t\t\t\t\t\t\t\t<\/div>\n\t\t\t\t<\/div>\n\t\t\t\t\t<\/div>\n\t\t<\/div>\n\t\t\t\t\t<\/div>\n\t\t<\/section>\n\t\t\t\t<section class=\"elementor-section elementor-top-section elementor-element elementor-element-0a2c0aa elementor-section-boxed elementor-section-height-default elementor-section-height-default\" data-id=\"0a2c0aa\" data-element_type=\"section\" data-e-type=\"section\">\n\t\t\t\t\t\t<div class=\"elementor-container elementor-column-gap-default\">\n\t\t\t\t\t<div class=\"elementor-column elementor-col-100 elementor-top-column elementor-element elementor-element-39dfc90\" data-id=\"39dfc90\" data-element_type=\"column\" data-e-type=\"column\">\n\t\t\t<div class=\"elementor-widget-wrap\">\n\t\t\t\t\t\t\t<\/div>\n\t\t<\/div>\n\t\t\t\t\t<\/div>\n\t\t<\/section>\n\t\t\t\t<\/div>\n\t\t","protected":false},"excerpt":{"rendered":"<p>IKF Seminar Jujutsu\/Kobudo in Feistritz i.R. Von 5.-6. November 2022 fand in \u00d6sterreich, in Feistritz im Rosental, der IKF Herbstlehrgang statt. Ausrichter und Referent war IKF-Pr\u00e4sident Soke G\u00fcnter Painter 9. Dan Jujutsu 9. Dan Kobudo. Die Teilnehmer kamen aus ganz \u00d6sterreich, Slowenien, der Slowakei und aus Deutschland. Darunter auch zwei Teilnehmer der Kampfsportabteilung des TSV &hellip; <\/p>\n<p class=\"link-more\"><a href=\"https:\/\/www.kampfsport-dagersheim.de\/?page_id=2723\" class=\"more-link\"><span class=\"screen-reader-text\">\u201eIKF SEMINAR JUJUTSU\/KOBUDO FEISTRITZ I.R., NOV 2022\u201c <\/span>weiterlesen<\/a><\/p>\n","protected":false},"author":1,"featured_media":2725,"parent":0,"menu_order":0,"comment_status":"closed","ping_status":"closed","template":"","meta":{"footnotes":""},"class_list":["post-2723","page","type-page","status-publish","has-post-thumbnail","hentry"],"_links":{"self":[{"href":"https:\/\/www.kampfsport-dagersheim.de\/index.php?rest_route=\/wp\/v2\/pages\/2723","targetHints":{"allow":["GET"]}}],"collection":[{"href":"https:\/\/www.kampfsport-dagersheim.de\/index.php?rest_route=\/wp\/v2\/pages"}],"about":[{"href":"https:\/\/www.kampfsport-dagersheim.de\/index.php?rest_route=\/wp\/v2\/types\/page"}],"author":[{"embeddable":true,"href":"https:\/\/www.kampfsport-dagersheim.de\/index.php?rest_route=\/wp\/v2\/users\/1"}],"replies":[{"embeddable":true,"href":"https:\/\/www.kampfsport-dagersheim.de\/index.php?rest_route=%2Fwp%2Fv2%2Fcomments&post=2723"}],"version-history":[{"count":8,"href":"https:\/\/www.kampfsport-dagersheim.de\/index.php?rest_route=\/wp\/v2\/pages\/2723\/revisions"}],"predecessor-version":[{"id":2744,"href":"https:\/\/www.kampfsport-dagersheim.de\/index.php?rest_route=\/wp\/v2\/pages\/2723\/revisions\/2744"}],"wp:featuredmedia":[{"embeddable":true,"href":"https:\/\/www.kampfsport-dagersheim.de\/index.php?rest_route=\/wp\/v2\/media\/2725"}],"wp:attachment":[{"href":"https:\/\/www.kampfsport-dagersheim.de\/index.php?rest_route=%2Fwp%2Fv2%2Fmedia&parent=2723"}],"curies":[{"name":"wp","href":"https:\/\/api.w.org\/{rel}","templated":true}]}}