{"id":2703,"date":"2022-12-04T20:44:43","date_gmt":"2022-12-04T19:44:43","guid":{"rendered":"http:\/\/www.kampfsport-dagersheim.de\/?page_id=2703"},"modified":"2022-12-04T21:04:21","modified_gmt":"2022-12-04T20:04:21","slug":"19-20-11-2022-dan-vorbereitungslehrgang-des-ldk","status":"publish","type":"page","link":"https:\/\/www.kampfsport-dagersheim.de\/?page_id=2703","title":{"rendered":"19.\/20.11.2022  Dan-Vorbereitungslehrgang des LDK"},"content":{"rendered":"\t\t<div data-elementor-type=\"wp-page\" data-elementor-id=\"2703\" class=\"elementor elementor-2703\">\n\t\t\t\t\t\t<section class=\"elementor-section elementor-top-section elementor-element elementor-element-578db135 elementor-section-boxed elementor-section-height-default elementor-section-height-default\" data-id=\"578db135\" data-element_type=\"section\" data-e-type=\"section\">\n\t\t\t\t\t\t<div class=\"elementor-container elementor-column-gap-default\">\n\t\t\t\t\t<div class=\"elementor-column elementor-col-100 elementor-top-column elementor-element elementor-element-735d2ead\" data-id=\"735d2ead\" data-element_type=\"column\" data-e-type=\"column\">\n\t\t\t<div class=\"elementor-widget-wrap elementor-element-populated\">\n\t\t\t\t\t\t<div class=\"elementor-element elementor-element-7f74c60f elementor-widget elementor-widget-text-editor\" data-id=\"7f74c60f\" data-element_type=\"widget\" data-e-type=\"widget\" data-widget_type=\"text-editor.default\">\n\t\t\t\t<div class=\"elementor-widget-container\">\n\t\t\t\t\t\t\t\t\t<p><img decoding=\"async\" class=\" wp-image-1456 alignright\" src=\"https:\/\/www.kampfsport-dagersheim.de\/wp-content\/uploads\/2020\/01\/LDK-300x297.jpg\" alt=\"\" width=\"187\" height=\"185\" srcset=\"https:\/\/www.kampfsport-dagersheim.de\/wp-content\/uploads\/2020\/01\/LDK-300x297.jpg 300w, https:\/\/www.kampfsport-dagersheim.de\/wp-content\/uploads\/2020\/01\/LDK-100x100.jpg 100w, https:\/\/www.kampfsport-dagersheim.de\/wp-content\/uploads\/2020\/01\/LDK.jpg 358w\" sizes=\"(max-width: 187px) 100vw, 187px\" \/><strong>DAN-Vorbereitungslehrgang des LDK in Altdorf<\/strong><\/p><p>Am Wochenende 19.\/20. November fand in Altdorf der letzte Lehrgang des LDK f\u00fcr diese Jahr statt. Referent war LDK-Vorstand Dr. Danimir Cerkez, 7. Dan Ju Jutsu.<\/p><p>Am Samstag lag der Schwerpunkt auf dem Mehrkampf, der Verteidigung gegen mehrere Angreifer. Bei dem Lehrgang am Sonntag ging Danimir auf Wurftechniken ein. Hier speziell auf die K\u00f6rperw\u00fcrfe. Dabei ist er die Details der korrekten Ausf\u00fchrung der K\u00f6rperw\u00fcrfe eingegangen. Wieder ein sehr gelungener und gut organisierter Lehrgang. Alle Teilnehmer, ob Sch\u00fcler- oder Dan-Grade, konnten viel mitnehmen.<\/p><p>Danke auf an das Team der Ju Jutsu Abteilung des TV Altdorf f\u00fcr die gute Organisation und Verpflegung.<\/p><p>\u00a0<\/p><p>\u00a0<\/p>\t\t\t\t\t\t\t\t<\/div>\n\t\t\t\t<\/div>\n\t\t\t\t\t<\/div>\n\t\t<\/div>\n\t\t\t\t\t<\/div>\n\t\t<\/section>\n\t\t\t\t<section class=\"elementor-section elementor-top-section elementor-element elementor-element-20af7b7 elementor-section-boxed elementor-section-height-default elementor-section-height-default\" data-id=\"20af7b7\" data-element_type=\"section\" data-e-type=\"section\">\n\t\t\t\t\t\t<div class=\"elementor-container elementor-column-gap-default\">\n\t\t\t\t\t<div class=\"elementor-column elementor-col-50 elementor-top-column elementor-element elementor-element-cb14a31\" data-id=\"cb14a31\" data-element_type=\"column\" data-e-type=\"column\">\n\t\t\t<div class=\"elementor-widget-wrap elementor-element-populated\">\n\t\t\t\t\t\t<div class=\"elementor-element elementor-element-677d7e6 elementor-widget elementor-widget-image\" data-id=\"677d7e6\" data-element_type=\"widget\" data-e-type=\"widget\" data-widget_type=\"image.default\">\n\t\t\t\t<div class=\"elementor-widget-container\">\n\t\t\t\t\t\t\t\t\t\t\t\t\t\t\t\t<a href=\"https:\/\/www.kampfsport-dagersheim.de\/wp-content\/uploads\/2022\/12\/20221119_162534-scaled.jpg\" data-elementor-open-lightbox=\"yes\" data-elementor-lightbox-title=\"20221119_162534\" data-e-action-hash=\"#elementor-action%3Aaction%3Dlightbox%26settings%3DeyJpZCI6MjcwNiwidXJsIjoiaHR0cHM6XC9cL3d3dy5rYW1wZnNwb3J0LWRhZ2Vyc2hlaW0uZGVcL3dwLWNvbnRlbnRcL3VwbG9hZHNcLzIwMjJcLzEyXC8yMDIyMTExOV8xNjI1MzQtc2NhbGVkLmpwZyJ9\">\n\t\t\t\t\t\t\t<img fetchpriority=\"high\" decoding=\"async\" width=\"740\" height=\"555\" src=\"https:\/\/www.kampfsport-dagersheim.de\/wp-content\/uploads\/2022\/12\/20221119_162534-1024x768.jpg\" class=\"attachment-large size-large wp-image-2706\" alt=\"\" srcset=\"https:\/\/www.kampfsport-dagersheim.de\/wp-content\/uploads\/2022\/12\/20221119_162534-1024x768.jpg 1024w, https:\/\/www.kampfsport-dagersheim.de\/wp-content\/uploads\/2022\/12\/20221119_162534-300x225.jpg 300w, https:\/\/www.kampfsport-dagersheim.de\/wp-content\/uploads\/2022\/12\/20221119_162534-768x576.jpg 768w, https:\/\/www.kampfsport-dagersheim.de\/wp-content\/uploads\/2022\/12\/20221119_162534-1536x1152.jpg 1536w, https:\/\/www.kampfsport-dagersheim.de\/wp-content\/uploads\/2022\/12\/20221119_162534-2048x1536.jpg 2048w\" sizes=\"100vw\" \/>\t\t\t\t\t\t\t\t<\/a>\n\t\t\t\t\t\t\t\t\t\t\t\t\t\t\t<\/div>\n\t\t\t\t<\/div>\n\t\t\t\t\t<\/div>\n\t\t<\/div>\n\t\t\t\t<div class=\"elementor-column elementor-col-50 elementor-top-column elementor-element elementor-element-bdc8709\" data-id=\"bdc8709\" data-element_type=\"column\" data-e-type=\"column\">\n\t\t\t<div class=\"elementor-widget-wrap elementor-element-populated\">\n\t\t\t\t\t\t<div class=\"elementor-element elementor-element-4e198de elementor-widget elementor-widget-image\" data-id=\"4e198de\" data-element_type=\"widget\" data-e-type=\"widget\" data-widget_type=\"image.default\">\n\t\t\t\t<div class=\"elementor-widget-container\">\n\t\t\t\t\t\t\t\t\t\t\t\t\t\t\t\t<a href=\"https:\/\/www.kampfsport-dagersheim.de\/wp-content\/uploads\/2022\/12\/20221120_130407-scaled.jpg\" data-elementor-open-lightbox=\"yes\" data-elementor-lightbox-title=\"20221120_130407\" data-e-action-hash=\"#elementor-action%3Aaction%3Dlightbox%26settings%3DeyJpZCI6MjcwNywidXJsIjoiaHR0cHM6XC9cL3d3dy5rYW1wZnNwb3J0LWRhZ2Vyc2hlaW0uZGVcL3dwLWNvbnRlbnRcL3VwbG9hZHNcLzIwMjJcLzEyXC8yMDIyMTEyMF8xMzA0MDctc2NhbGVkLmpwZyJ9\">\n\t\t\t\t\t\t\t<img decoding=\"async\" width=\"740\" height=\"555\" src=\"https:\/\/www.kampfsport-dagersheim.de\/wp-content\/uploads\/2022\/12\/20221120_130407-1024x768.jpg\" class=\"attachment-large size-large wp-image-2707\" alt=\"\" srcset=\"https:\/\/www.kampfsport-dagersheim.de\/wp-content\/uploads\/2022\/12\/20221120_130407-1024x768.jpg 1024w, https:\/\/www.kampfsport-dagersheim.de\/wp-content\/uploads\/2022\/12\/20221120_130407-300x225.jpg 300w, https:\/\/www.kampfsport-dagersheim.de\/wp-content\/uploads\/2022\/12\/20221120_130407-768x576.jpg 768w, https:\/\/www.kampfsport-dagersheim.de\/wp-content\/uploads\/2022\/12\/20221120_130407-1536x1152.jpg 1536w, https:\/\/www.kampfsport-dagersheim.de\/wp-content\/uploads\/2022\/12\/20221120_130407-2048x1536.jpg 2048w\" sizes=\"100vw\" \/>\t\t\t\t\t\t\t\t<\/a>\n\t\t\t\t\t\t\t\t\t\t\t\t\t\t\t<\/div>\n\t\t\t\t<\/div>\n\t\t\t\t\t<\/div>\n\t\t<\/div>\n\t\t\t\t\t<\/div>\n\t\t<\/section>\n\t\t\t\t<\/div>\n\t\t","protected":false},"excerpt":{"rendered":"<p>DAN-Vorbereitungslehrgang des LDK in Altdorf Am Wochenende 19.\/20. November fand in Altdorf der letzte Lehrgang des LDK f\u00fcr diese Jahr statt. Referent war LDK-Vorstand Dr. Danimir Cerkez, 7. Dan Ju Jutsu. Am Samstag lag der Schwerpunkt auf dem Mehrkampf, der Verteidigung gegen mehrere Angreifer. Bei dem Lehrgang am Sonntag ging Danimir auf Wurftechniken ein. Hier &hellip; <\/p>\n<p class=\"link-more\"><a href=\"https:\/\/www.kampfsport-dagersheim.de\/?page_id=2703\" class=\"more-link\"><span class=\"screen-reader-text\">\u201e19.\/20.11.2022  Dan-Vorbereitungslehrgang des LDK\u201c <\/span>weiterlesen<\/a><\/p>\n","protected":false},"author":1,"featured_media":0,"parent":0,"menu_order":0,"comment_status":"closed","ping_status":"closed","template":"","meta":{"footnotes":""},"class_list":["post-2703","page","type-page","status-publish","hentry"],"_links":{"self":[{"href":"https:\/\/www.kampfsport-dagersheim.de\/index.php?rest_route=\/wp\/v2\/pages\/2703","targetHints":{"allow":["GET"]}}],"collection":[{"href":"https:\/\/www.kampfsport-dagersheim.de\/index.php?rest_route=\/wp\/v2\/pages"}],"about":[{"href":"https:\/\/www.kampfsport-dagersheim.de\/index.php?rest_route=\/wp\/v2\/types\/page"}],"author":[{"embeddable":true,"href":"https:\/\/www.kampfsport-dagersheim.de\/index.php?rest_route=\/wp\/v2\/users\/1"}],"replies":[{"embeddable":true,"href":"https:\/\/www.kampfsport-dagersheim.de\/index.php?rest_route=%2Fwp%2Fv2%2Fcomments&post=2703"}],"version-history":[{"count":7,"href":"https:\/\/www.kampfsport-dagersheim.de\/index.php?rest_route=\/wp\/v2\/pages\/2703\/revisions"}],"predecessor-version":[{"id":2722,"href":"https:\/\/www.kampfsport-dagersheim.de\/index.php?rest_route=\/wp\/v2\/pages\/2703\/revisions\/2722"}],"wp:attachment":[{"href":"https:\/\/www.kampfsport-dagersheim.de\/index.php?rest_route=%2Fwp%2Fv2%2Fmedia&parent=2703"}],"curies":[{"name":"wp","href":"https:\/\/api.w.org\/{rel}","templated":true}]}}