{"id":2696,"date":"2022-12-04T20:40:50","date_gmt":"2022-12-04T19:40:50","guid":{"rendered":"http:\/\/www.kampfsport-dagersheim.de\/?page_id=2696"},"modified":"2022-12-04T20:43:32","modified_gmt":"2022-12-04T19:43:32","slug":"24-25-09-2022-ju-jutsu-techniklehrgang-des-ldk","status":"publish","type":"page","link":"https:\/\/www.kampfsport-dagersheim.de\/?page_id=2696","title":{"rendered":"24.\/25.09.2022 Ju Jutsu Techniklehrgang des LDK"},"content":{"rendered":"\t\t<div data-elementor-type=\"wp-page\" data-elementor-id=\"2696\" class=\"elementor elementor-2696\">\n\t\t\t\t\t\t<section class=\"elementor-section elementor-top-section elementor-element elementor-element-3b693728 elementor-section-boxed elementor-section-height-default elementor-section-height-default\" data-id=\"3b693728\" data-element_type=\"section\" data-e-type=\"section\">\n\t\t\t\t\t\t<div class=\"elementor-container elementor-column-gap-default\">\n\t\t\t\t\t<div class=\"elementor-column elementor-col-100 elementor-top-column elementor-element elementor-element-322c458a\" data-id=\"322c458a\" data-element_type=\"column\" data-e-type=\"column\">\n\t\t\t<div class=\"elementor-widget-wrap elementor-element-populated\">\n\t\t\t\t\t\t<div class=\"elementor-element elementor-element-7d3a1ef4 elementor-widget elementor-widget-text-editor\" data-id=\"7d3a1ef4\" data-element_type=\"widget\" data-e-type=\"widget\" data-widget_type=\"text-editor.default\">\n\t\t\t\t<div class=\"elementor-widget-container\">\n\t\t\t\t\t\t\t\t\t<p><img decoding=\"async\" class=\" wp-image-1456 alignright\" src=\"https:\/\/www.kampfsport-dagersheim.de\/wp-content\/uploads\/2020\/01\/LDK-300x297.jpg\" alt=\"\" width=\"145\" height=\"144\" srcset=\"https:\/\/www.kampfsport-dagersheim.de\/wp-content\/uploads\/2020\/01\/LDK-300x297.jpg 300w, https:\/\/www.kampfsport-dagersheim.de\/wp-content\/uploads\/2020\/01\/LDK-150x150.jpg 150w, https:\/\/www.kampfsport-dagersheim.de\/wp-content\/uploads\/2020\/01\/LDK-100x100.jpg 100w, https:\/\/www.kampfsport-dagersheim.de\/wp-content\/uploads\/2020\/01\/LDK.jpg 358w\" sizes=\"(max-width: 145px) 100vw, 145px\" \/><strong>Ju Jutsu Technik-Lehrgang des LDK in Hildrizhausen<\/strong><\/p><p>Am 24. und 25. September fand in Hildrizhausen ein Ju Jutsu Technik-Lehrgang mit Dr. Danimir Cerkez 7. Dan, Leiter des Landes-Dan-Kollegium e.V. statt. Auf Wunsch der Pr\u00fcflinge der bevorstehenden WJJV-Dan-Pr\u00fcfungen im Ju-Jutsu, ging Danimir am Samstag auf ausgew\u00e4hlte Techniken ein. Am Sonntag lag der Schwerpunkt des Lehrganges auf den Beintechniken.<\/p><p>Vielen Dank an den Referenten Danimir und den Ausrichter, das Team der Ju-Jutsu Abteilung des TSV Hildrizhausen, f\u00fcr die gute Organisation und Verpflegung.<\/p><p>\u00a0<\/p>\t\t\t\t\t\t\t\t<\/div>\n\t\t\t\t<\/div>\n\t\t\t\t\t<\/div>\n\t\t<\/div>\n\t\t\t\t\t<\/div>\n\t\t<\/section>\n\t\t\t\t<section class=\"elementor-section elementor-top-section elementor-element elementor-element-de53e88 elementor-section-boxed elementor-section-height-default elementor-section-height-default\" data-id=\"de53e88\" data-element_type=\"section\" data-e-type=\"section\">\n\t\t\t\t\t\t<div class=\"elementor-container elementor-column-gap-default\">\n\t\t\t\t\t<div class=\"elementor-column elementor-col-100 elementor-top-column elementor-element elementor-element-7a64e42\" data-id=\"7a64e42\" data-element_type=\"column\" data-e-type=\"column\">\n\t\t\t<div class=\"elementor-widget-wrap elementor-element-populated\">\n\t\t\t\t\t\t<div class=\"elementor-element elementor-element-6a37445 elementor-widget elementor-widget-image\" data-id=\"6a37445\" data-element_type=\"widget\" data-e-type=\"widget\" data-widget_type=\"image.default\">\n\t\t\t\t<div class=\"elementor-widget-container\">\n\t\t\t\t\t\t\t\t\t\t\t\t\t\t\t<img fetchpriority=\"high\" decoding=\"async\" width=\"740\" height=\"416\" src=\"https:\/\/www.kampfsport-dagersheim.de\/wp-content\/uploads\/2022\/12\/01_20220925_130640-1024x576.jpg\" class=\"attachment-large size-large wp-image-2698\" alt=\"\" srcset=\"https:\/\/www.kampfsport-dagersheim.de\/wp-content\/uploads\/2022\/12\/01_20220925_130640-1024x576.jpg 1024w, https:\/\/www.kampfsport-dagersheim.de\/wp-content\/uploads\/2022\/12\/01_20220925_130640-300x169.jpg 300w, https:\/\/www.kampfsport-dagersheim.de\/wp-content\/uploads\/2022\/12\/01_20220925_130640-768x432.jpg 768w, https:\/\/www.kampfsport-dagersheim.de\/wp-content\/uploads\/2022\/12\/01_20220925_130640-1536x864.jpg 1536w, https:\/\/www.kampfsport-dagersheim.de\/wp-content\/uploads\/2022\/12\/01_20220925_130640-2048x1152.jpg 2048w\" sizes=\"100vw\" \/>\t\t\t\t\t\t\t\t\t\t\t\t\t\t\t<\/div>\n\t\t\t\t<\/div>\n\t\t\t\t\t<\/div>\n\t\t<\/div>\n\t\t\t\t\t<\/div>\n\t\t<\/section>\n\t\t\t\t<\/div>\n\t\t","protected":false},"excerpt":{"rendered":"<p>Ju Jutsu Technik-Lehrgang des LDK in Hildrizhausen Am 24. und 25. September fand in Hildrizhausen ein Ju Jutsu Technik-Lehrgang mit Dr. Danimir Cerkez 7. Dan, Leiter des Landes-Dan-Kollegium e.V. statt. Auf Wunsch der Pr\u00fcflinge der bevorstehenden WJJV-Dan-Pr\u00fcfungen im Ju-Jutsu, ging Danimir am Samstag auf ausgew\u00e4hlte Techniken ein. Am Sonntag lag der Schwerpunkt des Lehrganges auf &hellip; <\/p>\n<p class=\"link-more\"><a href=\"https:\/\/www.kampfsport-dagersheim.de\/?page_id=2696\" class=\"more-link\"><span class=\"screen-reader-text\">\u201e24.\/25.09.2022 Ju Jutsu Techniklehrgang des LDK\u201c <\/span>weiterlesen<\/a><\/p>\n","protected":false},"author":1,"featured_media":0,"parent":0,"menu_order":0,"comment_status":"closed","ping_status":"closed","template":"","meta":{"footnotes":""},"class_list":["post-2696","page","type-page","status-publish","hentry"],"_links":{"self":[{"href":"https:\/\/www.kampfsport-dagersheim.de\/index.php?rest_route=\/wp\/v2\/pages\/2696","targetHints":{"allow":["GET"]}}],"collection":[{"href":"https:\/\/www.kampfsport-dagersheim.de\/index.php?rest_route=\/wp\/v2\/pages"}],"about":[{"href":"https:\/\/www.kampfsport-dagersheim.de\/index.php?rest_route=\/wp\/v2\/types\/page"}],"author":[{"embeddable":true,"href":"https:\/\/www.kampfsport-dagersheim.de\/index.php?rest_route=\/wp\/v2\/users\/1"}],"replies":[{"embeddable":true,"href":"https:\/\/www.kampfsport-dagersheim.de\/index.php?rest_route=%2Fwp%2Fv2%2Fcomments&post=2696"}],"version-history":[{"count":4,"href":"https:\/\/www.kampfsport-dagersheim.de\/index.php?rest_route=\/wp\/v2\/pages\/2696\/revisions"}],"predecessor-version":[{"id":2702,"href":"https:\/\/www.kampfsport-dagersheim.de\/index.php?rest_route=\/wp\/v2\/pages\/2696\/revisions\/2702"}],"wp:attachment":[{"href":"https:\/\/www.kampfsport-dagersheim.de\/index.php?rest_route=%2Fwp%2Fv2%2Fmedia&parent=2696"}],"curies":[{"name":"wp","href":"https:\/\/api.w.org\/{rel}","templated":true}]}}