{"id":2572,"date":"2022-10-24T16:07:42","date_gmt":"2022-10-24T14:07:42","guid":{"rendered":"http:\/\/www.kampfsport-dagersheim.de\/?page_id=2572"},"modified":"2023-06-29T21:38:18","modified_gmt":"2023-06-29T19:38:18","slug":"15-10-2022-ifak-lehrgang-ju-jiutsu-und-hanbo-jutsu-mit-soke-siegfried-lory-10-dan","status":"publish","type":"page","link":"https:\/\/www.kampfsport-dagersheim.de\/?page_id=2572","title":{"rendered":"15.10.2022 IFAK Lehrgang Ju-Jiutsu und Hanbo-Jutsu mit Soke Siegfried Lory 10. Dan"},"content":{"rendered":"\t\t<div data-elementor-type=\"wp-page\" data-elementor-id=\"2572\" class=\"elementor elementor-2572\">\n\t\t\t\t\t\t<section class=\"elementor-section elementor-top-section elementor-element elementor-element-3f64818a elementor-section-boxed elementor-section-height-default elementor-section-height-default\" data-id=\"3f64818a\" data-element_type=\"section\" data-e-type=\"section\">\n\t\t\t\t\t\t<div class=\"elementor-container elementor-column-gap-default\">\n\t\t\t\t\t<div class=\"elementor-column elementor-col-100 elementor-top-column elementor-element elementor-element-6459ac72\" data-id=\"6459ac72\" data-element_type=\"column\" data-e-type=\"column\">\n\t\t\t<div class=\"elementor-widget-wrap elementor-element-populated\">\n\t\t\t\t\t\t<div class=\"elementor-element elementor-element-441d5d96 elementor-widget elementor-widget-text-editor\" data-id=\"441d5d96\" data-element_type=\"widget\" data-e-type=\"widget\" data-widget_type=\"text-editor.default\">\n\t\t\t\t<div class=\"elementor-widget-container\">\n\t\t\t\t\t\t\t\t\t<p><strong><img decoding=\"async\" class=\"size-full wp-image-426 alignright\" src=\"https:\/\/www.kampfsport-dagersheim.de\/wp-content\/uploads\/2019\/12\/IFAK2018-200b.jpg\" alt=\"\" width=\"200\" height=\"198\" srcset=\"https:\/\/www.kampfsport-dagersheim.de\/wp-content\/uploads\/2019\/12\/IFAK2018-200b.jpg 200w, https:\/\/www.kampfsport-dagersheim.de\/wp-content\/uploads\/2019\/12\/IFAK2018-200b-150x150.jpg 150w, https:\/\/www.kampfsport-dagersheim.de\/wp-content\/uploads\/2019\/12\/IFAK2018-200b-100x100.jpg 100w\" sizes=\"(max-width: 200px) 100vw, 200px\" \/>Erfolgreiche DAN-Pr\u00fcfungen im Ju-Jitsu und Hanbo-Jitsu in M\u00fcnchen<\/strong><\/p><p>Am 15.10.2022 fand in M\u00fcnchen ein gro\u00dfer Lehrgang im Hanbo-Jitsu und Ju-Jitsu mit IFAK Pr\u00e4sident Soke Siegfried Lory statt. Zum Lehrgang kamen rund 80 Teilnehmer, nicht nur aus ganz Deutschland, sondern auch einige von IFAK-Schulen aus Ungarn und der Slowakei.<\/p><p>Dabei wurden auch einige DAN-Pr\u00fcfungen in beiden Disziplinen erfolgreich abgelegt. F\u00fcr die Dagersheimer Kampfsportabteilung waren 4 Pr\u00fcflinge angemeldet, die ihre Meisterpr\u00fcfungen bei Soke Siegfried Lory und den Gro\u00dfmeistern aus der IFAK-Vorstandschaft erfolgreich ablegten.<\/p><p>Ju-Jitsu ist die waffenlose Selbstverteidigung, bei der neben Schlag-, Block- und Tritttechniken auch Hebel-, Wurf-, Transport- und Festlegetechniken zum Einsatz kommen. Hanbo-Jitsu ist die Selbstverteidigung mit Stockwaffen, wie Hanbo, Spazierstock, Tonfa oder Kubotan. Soke Siegfried Lory gibt als Referent seine Kenntnisse und F\u00e4higkeiten aus verschiedenen Kampfsportarten und auch seine langj\u00e4hrigen Erfahrungen als Justizbeamter weiter.<\/p><p><strong>Herzlichen Gl\u00fcckwunsch zu den erfolgreichen DAN-Pr\u00fcfungen:<\/strong><\/p><p><img decoding=\"async\" class=\"size-full wp-image-350 alignleft\" src=\"https:\/\/www.kampfsport-dagersheim.de\/wp-content\/uploads\/2019\/12\/0Rot-Schwarz50.jpg\" alt=\"\" width=\"87\" height=\"35\" \/>Bernd Schmidt zum 2. Dan Hanbo-Jitsu und 4. Dan Ju-Jitsu, somit auch zum Titel Renshi<\/p><p><img decoding=\"async\" class=\"size-full wp-image-353 alignleft\" src=\"https:\/\/www.kampfsport-dagersheim.de\/wp-content\/uploads\/2019\/12\/0Schwarz-3-50.jpg\" alt=\"\" width=\"87\" height=\"35\" \/>Cedric Weiss zum 3. Dan Hanbo-Jistu und 3. Dan Ju-Jitsu<\/p><p><img loading=\"lazy\" decoding=\"async\" class=\"size-full wp-image-352 alignleft\" src=\"https:\/\/www.kampfsport-dagersheim.de\/wp-content\/uploads\/2019\/12\/0Schwarz50.jpg\" alt=\"\" width=\"87\" height=\"35\" \/>Michael Erdemann zum 1. Dan Ju-Jitsu<\/p><p><img loading=\"lazy\" decoding=\"async\" class=\"size-full wp-image-352 alignleft\" src=\"https:\/\/www.kampfsport-dagersheim.de\/wp-content\/uploads\/2019\/12\/0Schwarz50.jpg\" alt=\"\" width=\"87\" height=\"35\" \/>Peter von Zameck zum 1. Dan Ju-Jitsu<\/p>\t\t\t\t\t\t\t\t<\/div>\n\t\t\t\t<\/div>\n\t\t\t\t\t<\/div>\n\t\t<\/div>\n\t\t\t\t\t<\/div>\n\t\t<\/section>\n\t\t\t\t<section class=\"elementor-section elementor-top-section elementor-element elementor-element-4642fdb elementor-section-boxed elementor-section-height-default elementor-section-height-default\" data-id=\"4642fdb\" data-element_type=\"section\" data-e-type=\"section\">\n\t\t\t\t\t\t<div class=\"elementor-container elementor-column-gap-default\">\n\t\t\t\t\t<div class=\"elementor-column elementor-col-100 elementor-top-column elementor-element elementor-element-719c805\" data-id=\"719c805\" data-element_type=\"column\" data-e-type=\"column\">\n\t\t\t<div class=\"elementor-widget-wrap elementor-element-populated\">\n\t\t\t\t\t\t<div class=\"elementor-element elementor-element-f85a7fd elementor-widget elementor-widget-image\" data-id=\"f85a7fd\" data-element_type=\"widget\" data-e-type=\"widget\" data-widget_type=\"image.default\">\n\t\t\t\t<div class=\"elementor-widget-container\">\n\t\t\t\t\t\t\t\t\t\t\t\t<figure class=\"wp-caption\">\n\t\t\t\t\t\t\t\t\t\t\t<a href=\"https:\/\/www.kampfsport-dagersheim.de\/wp-content\/uploads\/2022\/10\/Erfolgreiche-Dan-Pruefungen-15-10-2022-scaled.jpg\" data-elementor-open-lightbox=\"yes\" data-elementor-lightbox-title=\"Erfolgreiche Dan-Pr\u00fcfungen 15-10-2022\" data-e-action-hash=\"#elementor-action%3Aaction%3Dlightbox%26settings%3DeyJpZCI6MjU4OCwidXJsIjoiaHR0cHM6XC9cL3d3dy5rYW1wZnNwb3J0LWRhZ2Vyc2hlaW0uZGVcL3dwLWNvbnRlbnRcL3VwbG9hZHNcLzIwMjJcLzEwXC9FcmZvbGdyZWljaGUtRGFuLVBydWVmdW5nZW4tMTUtMTAtMjAyMi1zY2FsZWQuanBnIn0%3D\">\n\t\t\t\t\t\t\t<img loading=\"lazy\" decoding=\"async\" width=\"740\" height=\"611\" src=\"https:\/\/www.kampfsport-dagersheim.de\/wp-content\/uploads\/2022\/10\/Erfolgreiche-Dan-Pruefungen-15-10-2022-1024x845.jpg\" class=\"attachment-large size-large wp-image-2588\" alt=\"\" srcset=\"https:\/\/www.kampfsport-dagersheim.de\/wp-content\/uploads\/2022\/10\/Erfolgreiche-Dan-Pruefungen-15-10-2022-1024x845.jpg 1024w, https:\/\/www.kampfsport-dagersheim.de\/wp-content\/uploads\/2022\/10\/Erfolgreiche-Dan-Pruefungen-15-10-2022-300x248.jpg 300w, https:\/\/www.kampfsport-dagersheim.de\/wp-content\/uploads\/2022\/10\/Erfolgreiche-Dan-Pruefungen-15-10-2022-768x634.jpg 768w, https:\/\/www.kampfsport-dagersheim.de\/wp-content\/uploads\/2022\/10\/Erfolgreiche-Dan-Pruefungen-15-10-2022-1536x1268.jpg 1536w, https:\/\/www.kampfsport-dagersheim.de\/wp-content\/uploads\/2022\/10\/Erfolgreiche-Dan-Pruefungen-15-10-2022-2048x1690.jpg 2048w\" sizes=\"100vw\" \/>\t\t\t\t\t\t\t\t<\/a>\n\t\t\t\t\t\t\t\t\t\t\t<figcaption class=\"widget-image-caption wp-caption-text\">(v.l.) Hanshi Matthias Weiss 9. Dan 1. Vorstand IFAK, Sensei Michael Erdemann 1. Dan, Sensei Cedric Weiss 3. Dan Pressewart IFAK, Soke Siegfried Lory 10. Dan IFAK Pr\u00e4sident, Renshi Bernd Schmidt 4. Dan, Sensei Peter von Zameck 1. Dan<\/figcaption>\n\t\t\t\t\t\t\t\t\t\t<\/figure>\n\t\t\t\t\t\t\t\t\t<\/div>\n\t\t\t\t<\/div>\n\t\t\t\t<div class=\"elementor-element elementor-element-8cece04 elementor-widget elementor-widget-image\" data-id=\"8cece04\" data-element_type=\"widget\" data-e-type=\"widget\" data-widget_type=\"image.default\">\n\t\t\t\t<div class=\"elementor-widget-container\">\n\t\t\t\t\t\t\t\t\t\t\t\t\t\t\t\t<a href=\"https:\/\/www.kampfsport-dagersheim.de\/wp-content\/uploads\/2022\/10\/Gruppenbild-IFAK-Lehrgang-Ju-Jitsu-und-Hanbo-Jitsu-15-10-2022-scaled.jpg\" data-elementor-open-lightbox=\"yes\" data-elementor-lightbox-title=\"RemasterDirector_V0\" data-e-action-hash=\"#elementor-action%3Aaction%3Dlightbox%26settings%3DeyJpZCI6MjU4OSwidXJsIjoiaHR0cHM6XC9cL3d3dy5rYW1wZnNwb3J0LWRhZ2Vyc2hlaW0uZGVcL3dwLWNvbnRlbnRcL3VwbG9hZHNcLzIwMjJcLzEwXC9HcnVwcGVuYmlsZC1JRkFLLUxlaHJnYW5nLUp1LUppdHN1LXVuZC1IYW5iby1KaXRzdS0xNS0xMC0yMDIyLXNjYWxlZC5qcGcifQ%3D%3D\">\n\t\t\t\t\t\t\t<img loading=\"lazy\" decoding=\"async\" width=\"740\" height=\"298\" src=\"https:\/\/www.kampfsport-dagersheim.de\/wp-content\/uploads\/2022\/10\/Gruppenbild-IFAK-Lehrgang-Ju-Jitsu-und-Hanbo-Jitsu-15-10-2022-1024x412.jpg\" class=\"attachment-large size-large wp-image-2589\" alt=\"\" srcset=\"https:\/\/www.kampfsport-dagersheim.de\/wp-content\/uploads\/2022\/10\/Gruppenbild-IFAK-Lehrgang-Ju-Jitsu-und-Hanbo-Jitsu-15-10-2022-1024x412.jpg 1024w, https:\/\/www.kampfsport-dagersheim.de\/wp-content\/uploads\/2022\/10\/Gruppenbild-IFAK-Lehrgang-Ju-Jitsu-und-Hanbo-Jitsu-15-10-2022-300x121.jpg 300w, https:\/\/www.kampfsport-dagersheim.de\/wp-content\/uploads\/2022\/10\/Gruppenbild-IFAK-Lehrgang-Ju-Jitsu-und-Hanbo-Jitsu-15-10-2022-768x309.jpg 768w, https:\/\/www.kampfsport-dagersheim.de\/wp-content\/uploads\/2022\/10\/Gruppenbild-IFAK-Lehrgang-Ju-Jitsu-und-Hanbo-Jitsu-15-10-2022-1536x619.jpg 1536w, https:\/\/www.kampfsport-dagersheim.de\/wp-content\/uploads\/2022\/10\/Gruppenbild-IFAK-Lehrgang-Ju-Jitsu-und-Hanbo-Jitsu-15-10-2022-2048x825.jpg 2048w\" sizes=\"100vw\" \/>\t\t\t\t\t\t\t\t<\/a>\n\t\t\t\t\t\t\t\t\t\t\t\t\t\t\t<\/div>\n\t\t\t\t<\/div>\n\t\t\t\t\t<\/div>\n\t\t<\/div>\n\t\t\t\t\t<\/div>\n\t\t<\/section>\n\t\t\t\t<section class=\"elementor-section elementor-top-section elementor-element elementor-element-64b04d0 elementor-section-boxed elementor-section-height-default elementor-section-height-default\" data-id=\"64b04d0\" data-element_type=\"section\" data-e-type=\"section\">\n\t\t\t\t\t\t<div class=\"elementor-container elementor-column-gap-default\">\n\t\t\t\t\t<div class=\"elementor-column elementor-col-50 elementor-top-column elementor-element elementor-element-fd1af44\" data-id=\"fd1af44\" data-element_type=\"column\" data-e-type=\"column\">\n\t\t\t<div class=\"elementor-widget-wrap\">\n\t\t\t\t\t\t\t<\/div>\n\t\t<\/div>\n\t\t\t\t<div class=\"elementor-column elementor-col-50 elementor-top-column elementor-element elementor-element-ac099f5\" data-id=\"ac099f5\" data-element_type=\"column\" data-e-type=\"column\">\n\t\t\t<div class=\"elementor-widget-wrap\">\n\t\t\t\t\t\t\t<\/div>\n\t\t<\/div>\n\t\t\t\t\t<\/div>\n\t\t<\/section>\n\t\t\t\t<\/div>\n\t\t","protected":false},"excerpt":{"rendered":"<p>Erfolgreiche DAN-Pr\u00fcfungen im Ju-Jitsu und Hanbo-Jitsu in M\u00fcnchen Am 15.10.2022 fand in M\u00fcnchen ein gro\u00dfer Lehrgang im Hanbo-Jitsu und Ju-Jitsu mit IFAK Pr\u00e4sident Soke Siegfried Lory statt. Zum Lehrgang kamen rund 80 Teilnehmer, nicht nur aus ganz Deutschland, sondern auch einige von IFAK-Schulen aus Ungarn und der Slowakei. Dabei wurden auch einige DAN-Pr\u00fcfungen in beiden &hellip; <\/p>\n<p class=\"link-more\"><a href=\"https:\/\/www.kampfsport-dagersheim.de\/?page_id=2572\" class=\"more-link\"><span class=\"screen-reader-text\">\u201e15.10.2022 IFAK Lehrgang Ju-Jiutsu und Hanbo-Jutsu mit Soke Siegfried Lory 10. Dan\u201c <\/span>weiterlesen<\/a><\/p>\n","protected":false},"author":1,"featured_media":0,"parent":0,"menu_order":0,"comment_status":"closed","ping_status":"closed","template":"","meta":{"footnotes":""},"class_list":["post-2572","page","type-page","status-publish","hentry"],"_links":{"self":[{"href":"https:\/\/www.kampfsport-dagersheim.de\/index.php?rest_route=\/wp\/v2\/pages\/2572","targetHints":{"allow":["GET"]}}],"collection":[{"href":"https:\/\/www.kampfsport-dagersheim.de\/index.php?rest_route=\/wp\/v2\/pages"}],"about":[{"href":"https:\/\/www.kampfsport-dagersheim.de\/index.php?rest_route=\/wp\/v2\/types\/page"}],"author":[{"embeddable":true,"href":"https:\/\/www.kampfsport-dagersheim.de\/index.php?rest_route=\/wp\/v2\/users\/1"}],"replies":[{"embeddable":true,"href":"https:\/\/www.kampfsport-dagersheim.de\/index.php?rest_route=%2Fwp%2Fv2%2Fcomments&post=2572"}],"version-history":[{"count":10,"href":"https:\/\/www.kampfsport-dagersheim.de\/index.php?rest_route=\/wp\/v2\/pages\/2572\/revisions"}],"predecessor-version":[{"id":3219,"href":"https:\/\/www.kampfsport-dagersheim.de\/index.php?rest_route=\/wp\/v2\/pages\/2572\/revisions\/3219"}],"wp:attachment":[{"href":"https:\/\/www.kampfsport-dagersheim.de\/index.php?rest_route=%2Fwp%2Fv2%2Fmedia&parent=2572"}],"curies":[{"name":"wp","href":"https:\/\/api.w.org\/{rel}","templated":true}]}}